{"id":1485,"date":"2017-04-21T17:06:28","date_gmt":"2017-04-21T17:06:28","guid":{"rendered":"https:\/\/humanidades.uprrp.edu\/lenguas\/?page_id=1485"},"modified":"2017-04-22T04:31:06","modified_gmt":"2017-04-22T04:31:06","slug":"jose-r-benitez-melendez","status":"publish","type":"page","link":"https:\/\/humanidades.uprrp.edu\/lenguas\/index.php\/estudiantes-2\/egresados\/jose-r-benitez-melendez\/","title":{"rendered":"Jos\u00e9 R. Ben\u00edtez Mel\u00e9ndez"},"content":{"rendered":"<table width=\"636\">\n<tbody>\n<tr>\n<td colspan=\"2\" rowspan=\"7\" width=\"324\">\u00a0<a href=\"https:\/\/humanidades.uprrp.edu\/lenguas\/index.php\/estudiantes-2\/egresados\/jose-r-benitez-melendez\/benitez-jose3\/#main\" rel=\"attachment wp-att-1501\"><img loading=\"lazy\" decoding=\"async\" class=\"aligncenter size-full wp-image-1501\" src=\"https:\/\/humanidades.uprrp.edu\/lenguas\/wp-content\/uploads\/2017\/04\/Benitez-Jose3-e1492798124811.png\" alt=\"\" width=\"316\" height=\"328\" \/><\/a><\/td>\n<td width=\"312\">Caguas, Puerto Rico<\/td>\n<\/tr>\n<tr>\n<td width=\"312\">Maestro de idiomas<\/td>\n<\/tr>\n<tr>\n<td width=\"312\"><u>Experiencia<\/u>: Milton Academy | FEG Kindergaden | Darrow School<\/td>\n<\/tr>\n<tr>\n<td width=\"312\">M.A., Estudios Mediterr\u00e1neos (Middlebury College, Vermont &#8211; 2012)<\/td>\n<\/tr>\n<tr>\n<td width=\"312\">B.A., Educaci\u00f3n en Espa\u00f1ol Secundario y Lenguas Modernas (UPR-R\u00edo Piedras &#8211; 2009)<\/td>\n<\/tr>\n<tr>\n<td width=\"312\">Franc\u00e9s | Italiano | Alem\u00e1n<\/td>\n<\/tr>\n<tr>\n<td width=\"312\">joserbenitezmelendez@gmail.com<\/td>\n<\/tr>\n<tr>\n<td width=\"162\"><strong>Tesis de M.A.<\/strong><\/td>\n<td colspan=\"2\" width=\"474\">\u00abInvestigaci\u00f3n sobre algunas palabras de origen espa\u00f1ol en el dialecto siciliano\u00bb<\/td>\n<\/tr>\n<tr>\n<td width=\"162\"><strong>\u00bfPor qu\u00e9 estudiaste lenguas extranjeras?<\/strong><\/td>\n<td colspan=\"2\" width=\"474\">Despu\u00e9s de tomar mi primer curso de franc\u00e9s en la UPR, mi profesor me sirvi\u00f3 como modelo a seguir. Para la misma \u00e9poca trabajaba en una tienda de ropa en el Viejo San Juan. Al ver las conexiones que hac\u00eda con personas de otros pa\u00edses y c\u00f3mo pod\u00eda relacionarme con ellos y a su vez aprender sobre su cultura.<\/td>\n<\/tr>\n<tr>\n<td width=\"162\"><strong>\u00bfC\u00f3mo te adaptaste al mercado laboral?<\/strong><\/td>\n<td colspan=\"2\" width=\"474\">La combinaci\u00f3n de mi primera concentraci\u00f3n en educaci\u00f3n y lenguas me ayud\u00f3 a conseguir trabajo facilmente en el extranjero. Primero trabaj\u00e9 en Ruman\u00eda dando clases de ingl\u00e9s a ni\u00f1os de preescolar. Esta experiencia me sirvi\u00f3 para incrementar mi conocimiento sobre el aprendizaje de los m\u00e1s peque\u00f1os. Luego trabaj\u00e9 en Italia. Dada la gran demanda que hab\u00eda en EE. UU. de maestros de espa\u00f1ol decid\u00ed solicitar una posici\u00f3n y para mi gran sorpresa las ofertas eran demasiadas, puesto que muchas escuelas buscaban personas que pudieran ense\u00f1ar m\u00e1s de un idioma. Esto me ha permitido crear y participar de viajes estudiantiles a distintas partes: Ecuador, Francia, Espa\u00f1a e Italia.<\/td>\n<\/tr>\n<tr>\n<td width=\"162\"><strong>\u00bfC\u00f3mo utilizas las lenguas aprendidas en tu trabajo o diario vivir?<\/strong><\/td>\n<td colspan=\"2\" width=\"474\">Las lenguas son mi instrumento de trabajo. Las uso para comunicarme en mi diario vivir sea impartiendo mis clases, conversando con mis compa\u00f1eros, en reuniones y en di\u00e1logo con los padres de los estudiantes. Vivo una vida que me permite hablar al menos 5 lenguas diarias.<\/td>\n<\/tr>\n<\/tbody>\n<\/table>\n<p style=\"text-align: right;\">Abril 2017<\/p>\n","protected":false},"excerpt":{"rendered":"<p>\u00a0 Caguas, Puerto Rico Maestro de idiomas Experiencia: Milton Academy | FEG Kindergaden | Darrow School M.A., Estudios Mediterr\u00e1neos (Middlebury College, Vermont &#8211; 2012) B.A., Educaci\u00f3n en Espa\u00f1ol Secundario y Lenguas Modernas (UPR-R\u00edo Piedras &#8211; 2009) Franc\u00e9s | Italiano | Alem\u00e1n joserbenitezmelendez@gmail.com Tesis de M.A. \u00abInvestigaci\u00f3n sobre algunas palabras de origen espa\u00f1ol en el dialecto [&hellip;]<\/p>\n","protected":false},"author":2,"featured_media":0,"parent":238,"menu_order":0,"comment_status":"closed","ping_status":"closed","template":"full-width.php","meta":{"footnotes":""},"class_list":["post-1485","page","type-page","status-publish","hentry"],"_links":{"self":[{"href":"https:\/\/humanidades.uprrp.edu\/lenguas\/index.php\/wp-json\/wp\/v2\/pages\/1485","targetHints":{"allow":["GET"]}}],"collection":[{"href":"https:\/\/humanidades.uprrp.edu\/lenguas\/index.php\/wp-json\/wp\/v2\/pages"}],"about":[{"href":"https:\/\/humanidades.uprrp.edu\/lenguas\/index.php\/wp-json\/wp\/v2\/types\/page"}],"author":[{"embeddable":true,"href":"https:\/\/humanidades.uprrp.edu\/lenguas\/index.php\/wp-json\/wp\/v2\/users\/2"}],"replies":[{"embeddable":true,"href":"https:\/\/humanidades.uprrp.edu\/lenguas\/index.php\/wp-json\/wp\/v2\/comments?post=1485"}],"version-history":[{"count":9,"href":"https:\/\/humanidades.uprrp.edu\/lenguas\/index.php\/wp-json\/wp\/v2\/pages\/1485\/revisions"}],"predecessor-version":[{"id":1533,"href":"https:\/\/humanidades.uprrp.edu\/lenguas\/index.php\/wp-json\/wp\/v2\/pages\/1485\/revisions\/1533"}],"up":[{"embeddable":true,"href":"https:\/\/humanidades.uprrp.edu\/lenguas\/index.php\/wp-json\/wp\/v2\/pages\/238"}],"wp:attachment":[{"href":"https:\/\/humanidades.uprrp.edu\/lenguas\/index.php\/wp-json\/wp\/v2\/media?parent=1485"}],"curies":[{"name":"wp","href":"https:\/\/api.w.org\/{rel}","templated":true}]}}