{"id":1466,"date":"2017-04-19T14:43:52","date_gmt":"2017-04-19T14:43:52","guid":{"rendered":"https:\/\/humanidades.uprrp.edu\/lenguas\/?page_id=1466"},"modified":"2019-04-09T12:49:30","modified_gmt":"2019-04-09T12:49:30","slug":"primera-experiencia-laboral-fac-huma","status":"publish","type":"page","link":"https:\/\/humanidades.uprrp.edu\/lenguas\/index.php\/noticias\/primera-experiencia-laboral-fac-huma\/","title":{"rendered":"Primera experiencia laboral &#8211; Humanidades"},"content":{"rendered":"<h2><strong>ABRE CONVOCATORIA AGOSTO 2017<br \/>\nPROGRAMA INTERNADO UPR<br \/>\nPRIMERA EXPERIENCIA LABORAL EN LA FACULTAD DE HUMANIDADES\u00a0<\/strong><\/h2>\n<p>La experiencia de trabajo supervisado ser\u00e1 de 20 horas semanales, por 15 semanas, en una agencia de gobierno, una agencia privada o en una fundaci\u00f3n en Puerto Rico, y por el cual recibir\u00e1s un estipendio mensual. La experiencia se da como un curso electivo identificado como INTD 4994 HU1 y tambi\u00e9n pueden participar estudiantes graduados mediante el curso INTD 6995 HU1. El internado equivale a una carga acad\u00e9mica completa. El Proyecto Internado UPR est\u00e1 adscrito al Decanato de Asuntos Acad\u00e9micos.<\/p>\n<p>PARA SOLICITAR PULSA EL ENLACE:<br \/>\n<a href=\"https:\/\/docs.google.com\/forms\/d\/e\/1FAIpQLSde0UUuh6dEiY3iPYx7Pfe1JMO3-39Vdd6WuzUzt9nlgAGKLg\/viewform\">Primera Experiencia Laboral en la Facultad de Humanidades<\/a><\/p>\n<p>ULTIMO DIA PARA SOLICITAR 21 DE ABRIL 2017.<br \/>\nREQUISITOS:<br \/>\n1. Tiene que ser la primera experiencia laboral en tu disciplina acad\u00e9mica.<br \/>\n2. Ser estudiante subgraduado o graduado de primera concentraci\u00f3n en HUMANIDADES y que hayas aprobado el 60% de los cr\u00e9ditos requeridos en tu programa de estudios. As\u00ed mismo, debes contar con un promedio acad\u00e9mico superior al m\u00ednimo requerido de 2.50 y mantiener progreso acad\u00e9mico.<br \/>\n3. Adem\u00e1s, se requiere la aprobaci\u00f3n del coordinador del Programa de Internado.<br \/>\n4. Deber\u00e1s presentar evidencia de que completaste el documento de FAFSA para el a\u00f1o acad\u00e9mico 2017-2018 en l\u00ednea,\u00a0<a href=\"https:\/\/fafsa.ed.gov\/index.htm\">https:\/\/fafsa.ed.gov\/index.htm<\/a>, en o antes del 10 de abril de 2017. (Correcci\u00f3n: favor de ignorar esta fecha)<\/p>\n<hr \/>\n<h2><strong>Precisi\u00f3n del DLE<\/strong><\/h2>\n<p>Aunque en este momento, nuestros tutores trabajan como voluntarios, esta primera experiencia incluye la opci\u00f3n de trabajar como tutor en el <a href=\"https:\/\/humanidades.uprrp.edu\/lenguas\/index.php\/estudiantes-2\/centro-de-tutorias\/\">Centro de tutor\u00edas<\/a> del Departamento de Lenguas Extranjeras:<\/p>\n<p>&nbsp;<\/p>\n","protected":false},"excerpt":{"rendered":"<p>ABRE CONVOCATORIA AGOSTO 2017 PROGRAMA INTERNADO UPR PRIMERA EXPERIENCIA LABORAL EN LA FACULTAD DE HUMANIDADES\u00a0 La experiencia de trabajo supervisado ser\u00e1 de 20 horas semanales, por 15 semanas, en una agencia de gobierno, una agencia privada o en una fundaci\u00f3n en Puerto Rico, y por el cual recibir\u00e1s un estipendio mensual. La experiencia se da [&hellip;]<\/p>\n","protected":false},"author":2,"featured_media":0,"parent":1396,"menu_order":3,"comment_status":"closed","ping_status":"closed","template":"full-width.php","meta":{"footnotes":""},"class_list":["post-1466","page","type-page","status-publish","hentry"],"_links":{"self":[{"href":"https:\/\/humanidades.uprrp.edu\/lenguas\/index.php\/wp-json\/wp\/v2\/pages\/1466","targetHints":{"allow":["GET"]}}],"collection":[{"href":"https:\/\/humanidades.uprrp.edu\/lenguas\/index.php\/wp-json\/wp\/v2\/pages"}],"about":[{"href":"https:\/\/humanidades.uprrp.edu\/lenguas\/index.php\/wp-json\/wp\/v2\/types\/page"}],"author":[{"embeddable":true,"href":"https:\/\/humanidades.uprrp.edu\/lenguas\/index.php\/wp-json\/wp\/v2\/users\/2"}],"replies":[{"embeddable":true,"href":"https:\/\/humanidades.uprrp.edu\/lenguas\/index.php\/wp-json\/wp\/v2\/comments?post=1466"}],"version-history":[{"count":3,"href":"https:\/\/humanidades.uprrp.edu\/lenguas\/index.php\/wp-json\/wp\/v2\/pages\/1466\/revisions"}],"predecessor-version":[{"id":1475,"href":"https:\/\/humanidades.uprrp.edu\/lenguas\/index.php\/wp-json\/wp\/v2\/pages\/1466\/revisions\/1475"}],"up":[{"embeddable":true,"href":"https:\/\/humanidades.uprrp.edu\/lenguas\/index.php\/wp-json\/wp\/v2\/pages\/1396"}],"wp:attachment":[{"href":"https:\/\/humanidades.uprrp.edu\/lenguas\/index.php\/wp-json\/wp\/v2\/media?parent=1466"}],"curies":[{"name":"wp","href":"https:\/\/api.w.org\/{rel}","templated":true}]}}