{"id":1391,"date":"2017-04-04T16:07:24","date_gmt":"2017-04-04T16:07:24","guid":{"rendered":"https:\/\/humanidades.uprrp.edu\/lenguas\/?page_id=1391"},"modified":"2020-05-14T13:46:10","modified_gmt":"2020-05-14T13:46:10","slug":"sierra-gonzalez-edwin-a","status":"publish","type":"page","link":"https:\/\/humanidades.uprrp.edu\/lenguas\/index.php\/estudiantes-2\/egresados\/sierra-gonzalez-edwin-a\/","title":{"rendered":"Edwin A. Sierra Gonz\u00e1lez"},"content":{"rendered":"<table width=\"636\">\n<tbody>\n<tr>\n<td colspan=\"2\" rowspan=\"9\" width=\"324\"><img loading=\"lazy\" decoding=\"async\" class=\"aligncenter wp-image-1426 size-large\" src=\"https:\/\/humanidades.uprrp.edu\/lenguas\/wp-content\/uploads\/2017\/04\/Sierra-Edwin-e1492004202284-671x1024.jpg\" alt=\"\" width=\"671\" height=\"1024\" srcset=\"https:\/\/humanidades.uprrp.edu\/lenguas\/wp-content\/uploads\/2017\/04\/Sierra-Edwin-e1492004202284-671x1024.jpg 671w, https:\/\/humanidades.uprrp.edu\/lenguas\/wp-content\/uploads\/2017\/04\/Sierra-Edwin-e1492004202284-197x300.jpg 197w, https:\/\/humanidades.uprrp.edu\/lenguas\/wp-content\/uploads\/2017\/04\/Sierra-Edwin-e1492004202284-768x1172.jpg 768w, https:\/\/humanidades.uprrp.edu\/lenguas\/wp-content\/uploads\/2017\/04\/Sierra-Edwin-e1492004202284-266x406.jpg 266w, https:\/\/humanidades.uprrp.edu\/lenguas\/wp-content\/uploads\/2017\/04\/Sierra-Edwin-e1492004202284.jpg 1060w\" sizes=\"auto, (max-width: 671px) 100vw, 671px\" \/><\/td>\n<td width=\"312\">San Juan, Puerto Rico<\/td>\n<\/tr>\n<tr>\n<td width=\"312\">Historiador | Profesor y Facilitador en L\u00ednea de Humanidades e Historia | Traductor | Int\u00e9rprete | Columnista<\/td>\n<\/tr>\n<tr>\n<td width=\"312\"><u>Experiencia<\/u>: EDIC College, ASPIRA de Puerto Rico, 4Mar Inteligencia Emocional y Liderazgo Espa\u00f1a | El Nuevo D\u00eda | Di\u00e1logo, Informe Fracto, M\u00e9xico<\/td>\n<\/tr>\n<tr>\n<td width=\"312\">Cert. Posgrado: Habilidades Sociales e Inteligencia Emocional (Univ. Pablo de Olavide, Sevilla &#8211; 2016)<\/td>\n<\/tr>\n<tr>\n<td width=\"312\">Certificaci\u00f3n Profesional como Facilitador en L\u00ednea y Dise\u00f1ador de cursos virtuales, DECEP, UPR, R\u00edo Piedras, 2019.<\/td>\n<\/tr>\n<tr>\n<td width=\"312\">M.A., Historia de Europa, el Mundo Mediterr\u00e1neo y Atl\u00e1ntico (Univ. Pablo de Olavide, Sevilla &#8211; 2015)<\/td>\n<\/tr>\n<tr>\n<td width=\"312\">B.A., Historia de Am\u00e9rica, Lenguas Modernas y Drama, MCL , (UPR-R\u00edo Piedras &#8211; 2012)<\/td>\n<\/tr>\n<tr>\n<td width=\"312\">Franc\u00e9s | Portugu\u00e9s<\/td>\n<\/tr>\n<tr>\n<td width=\"312\">e.sierragonzalez86@gmail.com<\/td>\n<\/tr>\n<tr>\n<td width=\"162\"><strong>Tesis de M.A.<\/strong><\/td>\n<td colspan=\"2\" width=\"474\">\u00abLas Antillas: Otra libertad ante la independencia continental: Puerto Rico, 1790-1840\u00bb<\/td>\n<\/tr>\n<tr>\n<td width=\"162\"><strong>\u00bfPor qu\u00e9 estudiaste lenguas extranjeras?<\/strong><\/td>\n<td colspan=\"2\" width=\"474\">Desde que adquir\u00ed sentido de conciencia he vivido fascinado por los idiomas. Como historiador y educador, afanoso de entender el mundo, comprend\u00ed que aprendiendo idiomas podr\u00eda sumergirme en otros mundos: el franc\u00f3fono y el lus\u00f3fono, tan allegados a nosotros. M\u00e1s all\u00e1 del ingl\u00e9s, nuestra realidad antillana y caribe\u00f1a, regi\u00f3n tan variada ling\u00fc\u00edsticamente, nos previene e invita a que nos abramos sobre los l\u00edmites tradicionalmente aceptados. Yo supe desde que planeaba mis estudios que el aprender otros idiomas me abrir\u00eda un sinn\u00famero de puertas y oportunidades. As\u00ed ha sido.<\/td>\n<\/tr>\n<tr>\n<td width=\"162\"><strong>\u00bfC\u00f3mo te adaptaste al mercado laboral?<\/strong><\/td>\n<td colspan=\"2\" width=\"474\">Adaptarse no siempre es f\u00e1cil. Desde que comenc\u00e9 estudios ven\u00edan las voces de crisis y dem\u00e1s y por ello no me qued\u00e9 con una sola especialidad. A\u00fan despu\u00e9s de terminar, segu\u00ed encontrando cosas que me apasionaban e iba tras ellas, como la inteligencia emocional y sus ramas. Aprend\u00ed a redise\u00f1arme y a buscar la necesidad y la oportunidad laboral dentro de lo que hago y amo. Los idiomas son una fuente inagotable de conocimiento del que todo el mundo requiere en alg\u00fan momento. Somos un puente que interconecta ideas, conocimiento, emociones&#8230; la idea es saber d\u00f3nde somos necesarios e irremplazables e ir tras ello. Si depende, depende de nosotros.<\/td>\n<\/tr>\n<tr>\n<td width=\"162\"><strong>\u00bfC\u00f3mo utilizas las lenguas aprendidas en tu trabajo o diario vivir?<\/strong><\/td>\n<td colspan=\"2\" width=\"474\">El franc\u00e9s y el portugu\u00e9s se han vuelto parte de mi vida, como el espa\u00f1ol e ingl\u00e9s. Vivir poco m\u00e1s de tres a\u00f1os en Europa, por mis estudios de maestr\u00eda, donde las fronteras se han borrado y las lenguas se entremezclan con sus ciudadanos me ha hecho un alumno y ciudadano sumamente competitivo y abierto. De mi clase de maestr\u00eda era el \u00fanico con estudios en idiomas y eso me permiti\u00f3 desenvolverme con profesores del programa graduado provenientes de Francia, Italia, Portugal, Estados Unidos y Brasil, as\u00ed como en los coloquios y conferencias con otros profesores y colegas. Para un historiador es important\u00edsimo el uso de fuentes originales y el hecho de yo poder accesar a ellas sin intermediarios ha enriquecido mi proceso creativo e investigativo ya que no interviene un tercero, sino que es una conversaci\u00f3n directa entre el documento y yo. De igual forma, la educaci\u00f3n y la formaci\u00f3n se mueven hacia un contexto transdisciplinario y activo que mezcla y refuerza saberes en una combinaci\u00f3n poderosa. Saber idiomas me ha permitido desarrollar clases integradas que captan la curiosidad del alumno y lo lleva mas all\u00e1 de los saberes b\u00e1sicos y tradicionales. Hoy en d\u00eda las empresas y centros educativos buscan prefesionales capaces de tender puentes, con conocimientos que rebasan lo t\u00e9cnico, pues los mecanismos se aprenden, pero las habilidades hay que cultivarlas. Eso he hecho y sigo haciendo.<\/td>\n<\/tr>\n<\/tbody>\n<\/table>\n<p style=\"text-align: right;\"><strong><span style=\"color: #0000ff;\">Mayo\u00a02020<\/span><\/strong><\/p>\n","protected":false},"excerpt":{"rendered":"<p>San Juan, Puerto Rico Historiador | Profesor y Facilitador en L\u00ednea de Humanidades e Historia | Traductor | Int\u00e9rprete | Columnista Experiencia: EDIC College, ASPIRA de Puerto Rico, 4Mar Inteligencia Emocional y Liderazgo Espa\u00f1a | El Nuevo D\u00eda | Di\u00e1logo, Informe Fracto, M\u00e9xico Cert. Posgrado: Habilidades Sociales e Inteligencia Emocional (Univ. Pablo de Olavide, Sevilla [&hellip;]<\/p>\n","protected":false},"author":2,"featured_media":0,"parent":238,"menu_order":0,"comment_status":"closed","ping_status":"closed","template":"full-width.php","meta":{"footnotes":""},"class_list":["post-1391","page","type-page","status-publish","hentry"],"_links":{"self":[{"href":"https:\/\/humanidades.uprrp.edu\/lenguas\/index.php\/wp-json\/wp\/v2\/pages\/1391","targetHints":{"allow":["GET"]}}],"collection":[{"href":"https:\/\/humanidades.uprrp.edu\/lenguas\/index.php\/wp-json\/wp\/v2\/pages"}],"about":[{"href":"https:\/\/humanidades.uprrp.edu\/lenguas\/index.php\/wp-json\/wp\/v2\/types\/page"}],"author":[{"embeddable":true,"href":"https:\/\/humanidades.uprrp.edu\/lenguas\/index.php\/wp-json\/wp\/v2\/users\/2"}],"replies":[{"embeddable":true,"href":"https:\/\/humanidades.uprrp.edu\/lenguas\/index.php\/wp-json\/wp\/v2\/comments?post=1391"}],"version-history":[{"count":7,"href":"https:\/\/humanidades.uprrp.edu\/lenguas\/index.php\/wp-json\/wp\/v2\/pages\/1391\/revisions"}],"predecessor-version":[{"id":2782,"href":"https:\/\/humanidades.uprrp.edu\/lenguas\/index.php\/wp-json\/wp\/v2\/pages\/1391\/revisions\/2782"}],"up":[{"embeddable":true,"href":"https:\/\/humanidades.uprrp.edu\/lenguas\/index.php\/wp-json\/wp\/v2\/pages\/238"}],"wp:attachment":[{"href":"https:\/\/humanidades.uprrp.edu\/lenguas\/index.php\/wp-json\/wp\/v2\/media?parent=1391"}],"curies":[{"name":"wp","href":"https:\/\/api.w.org\/{rel}","templated":true}]}}