{"id":1385,"date":"2017-04-04T16:06:15","date_gmt":"2017-04-04T16:06:15","guid":{"rendered":"https:\/\/humanidades.uprrp.edu\/lenguas\/?page_id=1385"},"modified":"2017-04-22T04:33:19","modified_gmt":"2017-04-22T04:33:19","slug":"machin-eddie-f","status":"publish","type":"page","link":"https:\/\/humanidades.uprrp.edu\/lenguas\/index.php\/estudiantes-2\/egresados\/machin-eddie-f\/","title":{"rendered":"Eddie Freddie Machin"},"content":{"rendered":"<table width=\"636\">\n<tbody>\n<tr>\n<td colspan=\"2\" rowspan=\"8\" width=\"324\">\u00a0<a href=\"https:\/\/humanidades.uprrp.edu\/lenguas\/index.php\/estudiantes-2\/egresados\/machin-eddie-f\/machin-eddie-freddie-2\/#main\" rel=\"attachment wp-att-1456\"><img loading=\"lazy\" decoding=\"async\" class=\"aligncenter size-full wp-image-1456\" src=\"https:\/\/humanidades.uprrp.edu\/lenguas\/wp-content\/uploads\/2017\/04\/Machin-Eddie-Freddie-1-e1492058942178.jpg\" alt=\"\" width=\"595\" height=\"768\" srcset=\"https:\/\/humanidades.uprrp.edu\/lenguas\/wp-content\/uploads\/2017\/04\/Machin-Eddie-Freddie-1-e1492058942178.jpg 595w, https:\/\/humanidades.uprrp.edu\/lenguas\/wp-content\/uploads\/2017\/04\/Machin-Eddie-Freddie-1-e1492058942178-232x300.jpg 232w, https:\/\/humanidades.uprrp.edu\/lenguas\/wp-content\/uploads\/2017\/04\/Machin-Eddie-Freddie-1-e1492058942178-315x406.jpg 315w\" sizes=\"auto, (max-width: 595px) 100vw, 595px\" \/><\/a><\/td>\n<td width=\"312\">San Juan, Puerto Rico<\/td>\n<\/tr>\n<tr>\n<td width=\"312\">Operaciones de contenido y control de calidad | Editor | Experiencia del usuario<\/td>\n<\/tr>\n<tr>\n<td width=\"312\"><u>Experiencia<\/u>: Apple Inc. | Facebook | Netflix<\/td>\n<\/tr>\n<tr>\n<td width=\"312\">Curso, Introducci\u00f3n Localizaci\u00f3n de Software\u00a0 (Univ. de Washington-Seattle &#8211; 2011)<\/td>\n<\/tr>\n<tr>\n<td width=\"312\">Diplm. Grad., Espa\u00f1ol (Univ. de Auckland, Nueva Zelanda &#8211; 2011)<\/td>\n<\/tr>\n<tr>\n<td width=\"312\">B.A., Lenguas Modernas (UPR-R\u00edo Piedras &#8211; 2008)<\/td>\n<\/tr>\n<tr>\n<td width=\"312\">Franc\u00e9s | Alem\u00e1n | Italiano | Portugu\u00e9s<\/td>\n<\/tr>\n<tr>\n<td width=\"312\">eddie.machin@gmail.com<\/td>\n<\/tr>\n<tr>\n<td width=\"162\"><strong>\u00bfPor qu\u00e9 estudiaste lenguas extranjeras?<\/strong><\/td>\n<td colspan=\"2\" width=\"474\">Decid\u00ed ignorar toda expresi\u00f3n negativa sobre las humanidades y tomar un enfoque cultural para satisfacer mi apetito por el conocimiento sobre el mundo y las culturas extranjeras. Mi intuici\u00f3n me dec\u00eda que aprender nuevas lenguas me podr\u00eda abrir puertas en un futuro y, a su vez, ayudarme a expandir y descentralizar mi pensamiento de la realidad que conoc\u00eda.<\/td>\n<\/tr>\n<tr>\n<td width=\"162\"><strong>\u00bfC\u00f3mo te adaptaste al mercado laboral?<\/strong><\/td>\n<td colspan=\"2\" width=\"474\">La combinaci\u00f3n de mi preparaci\u00f3n en lenguas con \u00e9nfasis en localizaci\u00f3n, medios, tecnolog\u00eda y calidad de la experiencia del usuario, me abri\u00f3 puertas de manera casi inmediata en el Silicon Valley. Comenc\u00e9 en el campo de la localizaci\u00f3n de video juegos al mercado espa\u00f1ol con proyectos temporeros. A la vez, llegu\u00e9 en el justo momento cuando Netflix expand\u00eda sus servicios a Latinoam\u00e9rica, y fui seleccionado para trabajar temporeramente con el cat\u00e1logo que saldr\u00eda el d\u00eda de lanzamiento del servicio. Ya adentro, mi buen desempe\u00f1o me abri\u00f3 oportunidades para adquirir nuevas destrezas de tecnolog\u00eda y transformar esa oportunidad de contrato temporero en una oferta de trabajo permanente. Desde entonces las oportunidades en el campo de la tecnolog\u00eda nunca faltan y todas llegan gracias a mi conocimiento de lenguas extranjeras.<\/td>\n<\/tr>\n<tr>\n<td width=\"162\"><strong>\u00bfC\u00f3mo utilizas las lenguas aprendidas en tu trabajo o diario vivir?<\/strong><\/td>\n<td colspan=\"2\" width=\"474\">Trabajo en empresas multinacionales, lo cual me expone a distintas lenguas extranjeras. Las destrezas que adquir\u00ed en el Departamento de Lenguas Extranjeras de la UPR las aplico a diario, desde la identificaci\u00f3n lingu\u00edstica de distintos archivos digitales y la correcci\u00f3n de errores gramaticales en metadata, hasta la regulaci\u00f3n de la experiencia del usuario en distintos mercados de Am\u00e9rica Latina, Europa y alrededor del mundo.<\/td>\n<\/tr>\n<\/tbody>\n<\/table>\n<p style=\"text-align: right;\">Abril 2017<\/p>\n","protected":false},"excerpt":{"rendered":"<p>\u00a0 San Juan, Puerto Rico Operaciones de contenido y control de calidad | Editor | Experiencia del usuario Experiencia: Apple Inc. | Facebook | Netflix Curso, Introducci\u00f3n Localizaci\u00f3n de Software\u00a0 (Univ. de Washington-Seattle &#8211; 2011) Diplm. Grad., Espa\u00f1ol (Univ. de Auckland, Nueva Zelanda &#8211; 2011) B.A., Lenguas Modernas (UPR-R\u00edo Piedras &#8211; 2008) Franc\u00e9s | Alem\u00e1n [&hellip;]<\/p>\n","protected":false},"author":2,"featured_media":0,"parent":238,"menu_order":0,"comment_status":"closed","ping_status":"closed","template":"full-width.php","meta":{"footnotes":""},"class_list":["post-1385","page","type-page","status-publish","hentry"],"_links":{"self":[{"href":"https:\/\/humanidades.uprrp.edu\/lenguas\/index.php\/wp-json\/wp\/v2\/pages\/1385","targetHints":{"allow":["GET"]}}],"collection":[{"href":"https:\/\/humanidades.uprrp.edu\/lenguas\/index.php\/wp-json\/wp\/v2\/pages"}],"about":[{"href":"https:\/\/humanidades.uprrp.edu\/lenguas\/index.php\/wp-json\/wp\/v2\/types\/page"}],"author":[{"embeddable":true,"href":"https:\/\/humanidades.uprrp.edu\/lenguas\/index.php\/wp-json\/wp\/v2\/users\/2"}],"replies":[{"embeddable":true,"href":"https:\/\/humanidades.uprrp.edu\/lenguas\/index.php\/wp-json\/wp\/v2\/comments?post=1385"}],"version-history":[{"count":9,"href":"https:\/\/humanidades.uprrp.edu\/lenguas\/index.php\/wp-json\/wp\/v2\/pages\/1385\/revisions"}],"predecessor-version":[{"id":1539,"href":"https:\/\/humanidades.uprrp.edu\/lenguas\/index.php\/wp-json\/wp\/v2\/pages\/1385\/revisions\/1539"}],"up":[{"embeddable":true,"href":"https:\/\/humanidades.uprrp.edu\/lenguas\/index.php\/wp-json\/wp\/v2\/pages\/238"}],"wp:attachment":[{"href":"https:\/\/humanidades.uprrp.edu\/lenguas\/index.php\/wp-json\/wp\/v2\/media?parent=1385"}],"curies":[{"name":"wp","href":"https:\/\/api.w.org\/{rel}","templated":true}]}}