{"id":1378,"date":"2017-04-04T16:04:39","date_gmt":"2017-04-04T16:04:39","guid":{"rendered":"https:\/\/humanidades.uprrp.edu\/lenguas\/?page_id=1378"},"modified":"2017-04-22T04:31:50","modified_gmt":"2017-04-22T04:31:50","slug":"izquierdo-vega-marina","status":"publish","type":"page","link":"https:\/\/humanidades.uprrp.edu\/lenguas\/index.php\/estudiantes-2\/egresados\/izquierdo-vega-marina\/","title":{"rendered":"Marina Izquierdo Vega"},"content":{"rendered":"<table width=\"636\">\n<tbody>\n<tr>\n<td colspan=\"2\" rowspan=\"8\" width=\"324\">\u00a0<a href=\"https:\/\/humanidades.uprrp.edu\/lenguas\/index.php\/estudiantes-2\/egresados\/izquierdo-vega-marina\/izquierdo-marina\/#main\" rel=\"attachment wp-att-1410\"><img loading=\"lazy\" decoding=\"async\" class=\"aligncenter size-full wp-image-1410\" src=\"https:\/\/humanidades.uprrp.edu\/lenguas\/wp-content\/uploads\/2017\/04\/Izquierdo-Marina-e1492001020774.jpg\" alt=\"\" width=\"847\" height=\"946\" srcset=\"https:\/\/humanidades.uprrp.edu\/lenguas\/wp-content\/uploads\/2017\/04\/Izquierdo-Marina-e1492001020774.jpg 847w, https:\/\/humanidades.uprrp.edu\/lenguas\/wp-content\/uploads\/2017\/04\/Izquierdo-Marina-e1492001020774-269x300.jpg 269w, https:\/\/humanidades.uprrp.edu\/lenguas\/wp-content\/uploads\/2017\/04\/Izquierdo-Marina-e1492001020774-768x858.jpg 768w, https:\/\/humanidades.uprrp.edu\/lenguas\/wp-content\/uploads\/2017\/04\/Izquierdo-Marina-e1492001020774-364x406.jpg 364w\" sizes=\"auto, (max-width: 847px) 100vw, 847px\" \/><\/a><\/td>\n<td width=\"312\">San Juan, Puerto Rico<\/td>\n<\/tr>\n<tr>\n<td width=\"312\">Profesora de Espa\u00f1ol como Lengua Extranjera<\/td>\n<\/tr>\n<tr>\n<td width=\"312\"><u>Experiencia<\/u>: Via Lingua Italy &#8211; Tribeca NY<\/td>\n<\/tr>\n<tr>\n<td width=\"312\">M.A, Ense\u00f1anza de Espa\u00f1ol como Lengua Extranjera (Univ. de Barcelona &#8211; 2017)<\/td>\n<\/tr>\n<tr>\n<td width=\"312\">Cert., Ingl\u00e9s como Lengua Extranjera &#8211; TEFL (Via Lingua, Florencia &#8211; 2012)<\/td>\n<\/tr>\n<tr>\n<td width=\"312\">B.A., Lenguas Modernas (UPR-R\u00edo Piedras &#8211; 2011)<\/td>\n<\/tr>\n<tr>\n<td width=\"312\">Italiano | Franc\u00e9s<\/td>\n<\/tr>\n<tr>\n<td width=\"312\">marina.izquierdo@gmail.com<\/td>\n<\/tr>\n<tr>\n<td width=\"162\"><strong>\u00bfPor qu\u00e9 estudiaste lenguas extranjeras?<\/strong><\/td>\n<td colspan=\"2\" width=\"474\">Decid\u00ed estudiar lenguas extranjeras ya que siempre viv\u00ed fascinada con los viajes y el maravilloso intercambio cultural que se da cuando conoces otro idioma que no es el propio, te adue\u00f1as de \u00e9l y lo utilizas para comunicarte con otros en el extranjero. El Departamento de Lenguas Extranjeras en la Universidad de Puerto Rico es el \u00fanico que pod\u00eda brindarme las herramientas necesarias para llegar a donde yo deseaba.<\/td>\n<\/tr>\n<tr>\n<td width=\"162\"><strong>\u00bfC\u00f3mo te adaptaste al mercado laboral?<\/strong><\/td>\n<td colspan=\"2\" width=\"474\">Actualmente vivo en Nueva York. El mercado laboral en la ciudad es uno muy competitivo, por lo que ser multiling\u00fce es una\u00a0 ventaja sobre otros candidatos que no lo son. En un principio no pensaba ser docente de lenguas pero al ver las grandes oportunidades que se me\u00a0 presentaron decid\u00ed seguir por ese camino que hasta ahora ha sido muy gratificante y me ha brindado oportunidades de trabajo en Italia y Estados Unidos.<\/td>\n<\/tr>\n<tr>\n<td width=\"162\"><strong>\u00bfC\u00f3mo utilizas las lenguas aprendidas en tu trabajo o diario vivir?<\/strong><\/td>\n<td colspan=\"2\" width=\"474\">En la actualidad utilizo las lenguas aprendidas a diario. El conocimiento que tengo en las cuatro lenguas que domino: italiano, franc\u00e9s, ingl\u00e9s y espa\u00f1ol me ha permitido trabajar y ayudar a personas multiling\u00fces en diferentes contextos y en diferentes partes del mundo.<br \/>\nEn New York he trabajado como traductora asistiendo a extranjeros en diversos hospitales. Como docente de espa\u00f1ol he tenido la oportunidad de trabajar con diversos grupos de estudiantes a los cuales puedo ayudar mejor gracias a las herramientas obtenidas en la UPR.<br \/>\nEn mi diario vivir utilizo el italiano como lengua principal de comunicaci\u00f3n en mi hogar. El franc\u00e9s lo utilizo m\u00e1s bien en contextos did\u00e1cticos. Ambos idiomas aprendidos en la Universidad de Puerto Rico han sido claves en mi desarrollo profesional y personal.<\/td>\n<\/tr>\n<\/tbody>\n<\/table>\n<p style=\"text-align: right;\">Abril 2017<\/p>\n","protected":false},"excerpt":{"rendered":"<p>\u00a0 San Juan, Puerto Rico Profesora de Espa\u00f1ol como Lengua Extranjera Experiencia: Via Lingua Italy &#8211; Tribeca NY M.A, Ense\u00f1anza de Espa\u00f1ol como Lengua Extranjera (Univ. de Barcelona &#8211; 2017) Cert., Ingl\u00e9s como Lengua Extranjera &#8211; TEFL (Via Lingua, Florencia &#8211; 2012) B.A., Lenguas Modernas (UPR-R\u00edo Piedras &#8211; 2011) Italiano | Franc\u00e9s marina.izquierdo@gmail.com \u00bfPor qu\u00e9 [&hellip;]<\/p>\n","protected":false},"author":2,"featured_media":0,"parent":238,"menu_order":0,"comment_status":"closed","ping_status":"closed","template":"full-width.php","meta":{"footnotes":""},"class_list":["post-1378","page","type-page","status-publish","hentry"],"_links":{"self":[{"href":"https:\/\/humanidades.uprrp.edu\/lenguas\/index.php\/wp-json\/wp\/v2\/pages\/1378","targetHints":{"allow":["GET"]}}],"collection":[{"href":"https:\/\/humanidades.uprrp.edu\/lenguas\/index.php\/wp-json\/wp\/v2\/pages"}],"about":[{"href":"https:\/\/humanidades.uprrp.edu\/lenguas\/index.php\/wp-json\/wp\/v2\/types\/page"}],"author":[{"embeddable":true,"href":"https:\/\/humanidades.uprrp.edu\/lenguas\/index.php\/wp-json\/wp\/v2\/users\/2"}],"replies":[{"embeddable":true,"href":"https:\/\/humanidades.uprrp.edu\/lenguas\/index.php\/wp-json\/wp\/v2\/comments?post=1378"}],"version-history":[{"count":8,"href":"https:\/\/humanidades.uprrp.edu\/lenguas\/index.php\/wp-json\/wp\/v2\/pages\/1378\/revisions"}],"predecessor-version":[{"id":1535,"href":"https:\/\/humanidades.uprrp.edu\/lenguas\/index.php\/wp-json\/wp\/v2\/pages\/1378\/revisions\/1535"}],"up":[{"embeddable":true,"href":"https:\/\/humanidades.uprrp.edu\/lenguas\/index.php\/wp-json\/wp\/v2\/pages\/238"}],"wp:attachment":[{"href":"https:\/\/humanidades.uprrp.edu\/lenguas\/index.php\/wp-json\/wp\/v2\/media?parent=1378"}],"curies":[{"name":"wp","href":"https:\/\/api.w.org\/{rel}","templated":true}]}}