{"id":1313,"date":"2017-03-15T17:53:56","date_gmt":"2017-03-15T17:53:56","guid":{"rendered":"https:\/\/humanidades.uprrp.edu\/lenguas\/?page_id=1313"},"modified":"2025-10-06T15:39:18","modified_gmt":"2025-10-06T15:39:18","slug":"portugues","status":"publish","type":"page","link":"https:\/\/humanidades.uprrp.edu\/lenguas\/index.php\/docencia\/personal-docente\/portugues\/","title":{"rendered":"Portugu\u00e9s"},"content":{"rendered":"<p><span style=\"color: #666699;\"><strong>P\u00e1gina actualizada el 6 octubre 2025<\/strong><\/span><\/p>\n<table>\n<tbody>\n<tr>\n<td colspan=\"2\" width=\"865\">\n<h3 style=\"text-align: center;\"><strong>Con plaza<\/strong><\/h3>\n<\/td>\n<\/tr>\n<tr>\n<td rowspan=\"5\" width=\"271\"><a href=\"https:\/\/humanidades.uprrp.edu\/lenguas\/index.php\/docencia\/personal-docente\/portugues\/gomides-camilo2\/#main\" rel=\"attachment wp-att-1635\"><img loading=\"lazy\" decoding=\"async\" class=\"aligncenter size-medium wp-image-1635\" src=\"https:\/\/humanidades.uprrp.edu\/lenguas\/wp-content\/uploads\/2017\/03\/Gomides-Camilo2-272x300.jpg\" alt=\"\" width=\"272\" height=\"300\" srcset=\"https:\/\/humanidades.uprrp.edu\/lenguas\/wp-content\/uploads\/2017\/03\/Gomides-Camilo2-272x300.jpg 272w, https:\/\/humanidades.uprrp.edu\/lenguas\/wp-content\/uploads\/2017\/03\/Gomides-Camilo2-368x406.jpg 368w, https:\/\/humanidades.uprrp.edu\/lenguas\/wp-content\/uploads\/2017\/03\/Gomides-Camilo2.jpg 748w\" sizes=\"auto, (max-width: 272px) 100vw, 272px\" \/><\/a><\/td>\n<td width=\"594\"><strong>Camilo Gomides<\/strong>, Catedr\u00e1tico<\/td>\n<\/tr>\n<tr>\n<td width=\"594\">Ph.D., Tulane University, 2003<\/td>\n<\/tr>\n<tr>\n<td width=\"594\">Literatura brasile\u00f1a, literatura latinoamericana siglo XX, cine brasile\u00f1o y latinoamericano. Ecocr\u00edtica, interrelaciones entre humanidades y ciencia, literatura de la selva<\/td>\n<\/tr>\n<tr>\n<td width=\"594\">camilo.gomides@upr.edu<\/td>\n<\/tr>\n<tr>\n<td width=\"594\">P 203\u00a0 LW 11:30-1:00 y 2:30-4:00 o por cita previa\u00a0 [x89712]<\/td>\n<\/tr>\n<tr>\n<td rowspan=\"5\" width=\"271\"><img loading=\"lazy\" decoding=\"async\" class=\"aligncenter size-medium wp-image-3340\" src=\"https:\/\/humanidades.uprrp.edu\/lenguas\/wp-content\/uploads\/2023\/10\/Perez-Marilu2-258x300.jpg\" alt=\"\" width=\"258\" height=\"300\" srcset=\"https:\/\/humanidades.uprrp.edu\/lenguas\/wp-content\/uploads\/2023\/10\/Perez-Marilu2-258x300.jpg 258w, https:\/\/humanidades.uprrp.edu\/lenguas\/wp-content\/uploads\/2023\/10\/Perez-Marilu2-349x406.jpg 349w, https:\/\/humanidades.uprrp.edu\/lenguas\/wp-content\/uploads\/2023\/10\/Perez-Marilu2.jpg 709w\" sizes=\"auto, (max-width: 258px) 100vw, 258px\" \/><\/td>\n<td width=\"594\"><strong>Maril\u00fa P\u00e9rez<\/strong>, Catedr\u00e1tica<\/td>\n<\/tr>\n<tr>\n<td width=\"594\">Ph.D., Indiana University, 2002<\/td>\n<\/tr>\n<tr>\n<td width=\"594\">Literatura en lengua portuguesa, <em>Film Studies<\/em>, Literatura infantil<\/td>\n<\/tr>\n<tr>\n<td width=\"594\">marilu.perez1@upr.edu<\/td>\n<\/tr>\n<tr>\n<td width=\"594\">P 203, por cita previa<br \/>\nAhora Decana Asociada de Estudiantes\u00a0\u00a0 [x86097]<\/td>\n<\/tr>\n<tr>\n<td rowspan=\"5\" width=\"271\"><img loading=\"lazy\" decoding=\"async\" class=\"aligncenter size-medium wp-image-3459\" src=\"https:\/\/humanidades.uprrp.edu\/lenguas\/wp-content\/uploads\/2025\/09\/Lolita-Villanua-Perfil-261x300.jpg\" alt=\"\" width=\"261\" height=\"300\" srcset=\"https:\/\/humanidades.uprrp.edu\/lenguas\/wp-content\/uploads\/2025\/09\/Lolita-Villanua-Perfil-261x300.jpg 261w, https:\/\/humanidades.uprrp.edu\/lenguas\/wp-content\/uploads\/2025\/09\/Lolita-Villanua-Perfil-890x1024.jpg 890w, https:\/\/humanidades.uprrp.edu\/lenguas\/wp-content\/uploads\/2025\/09\/Lolita-Villanua-Perfil-768x884.jpg 768w, https:\/\/humanidades.uprrp.edu\/lenguas\/wp-content\/uploads\/2025\/09\/Lolita-Villanua-Perfil-1335x1536.jpg 1335w, https:\/\/humanidades.uprrp.edu\/lenguas\/wp-content\/uploads\/2025\/09\/Lolita-Villanua-Perfil-353x406.jpg 353w, https:\/\/humanidades.uprrp.edu\/lenguas\/wp-content\/uploads\/2025\/09\/Lolita-Villanua-Perfil.jpg 1611w\" sizes=\"auto, (max-width: 261px) 100vw, 261px\" \/><\/td>\n<td width=\"594\"><strong>Mar\u00eda D. \u201cLolita\u201d Villan\u00faa Vega<\/strong>, Catedr\u00e1tica<\/td>\n<\/tr>\n<tr>\n<td width=\"594\">Ph.D. Brown University, 2012<\/td>\n<\/tr>\n<tr>\n<td width=\"594\">Estudios luso-brasile\u00f1os, Literatura brasile\u00f1a contempor\u00e1nea<\/td>\n<\/tr>\n<tr>\n<td width=\"594\">maria.villanua@upr.edu<\/td>\n<\/tr>\n<tr>\n<td width=\"594\">[x89714]<br \/>\ncontactar a trav\u00e9s de correo electr\u00f3nico<\/td>\n<\/tr>\n<tr>\n<td colspan=\"2\" width=\"865\">\n<h3 style=\"text-align: center;\"><strong>Por contrato regular con el Instituto Cam\u00f5es<\/strong><\/h3>\n<\/td>\n<\/tr>\n<tr>\n<td rowspan=\"5\" width=\"271\"><\/td>\n<td width=\"594\"><strong>TBD<\/strong>, Instructor\/Lector del Instituto Cam\u00f5es<\/td>\n<\/tr>\n<tr>\n<td width=\"594\"><\/td>\n<\/tr>\n<tr>\n<td width=\"594\"><\/td>\n<\/tr>\n<tr>\n<td width=\"594\"><\/td>\n<\/tr>\n<tr>\n<td width=\"594\"><\/td>\n<\/tr>\n<tr>\n<td colspan=\"2\" width=\"865\">\n<h3 style=\"text-align: center;\"><strong>Por contrato regular<\/strong><\/h3>\n<\/td>\n<\/tr>\n<tr>\n<td rowspan=\"5\" width=\"271\"><img loading=\"lazy\" decoding=\"async\" class=\"aligncenter size-medium wp-image-1925\" src=\"https:\/\/humanidades.uprrp.edu\/lenguas\/wp-content\/uploads\/2017\/03\/Quinones-Gabriel2-243x300.jpg\" alt=\"\" width=\"243\" height=\"300\" srcset=\"https:\/\/humanidades.uprrp.edu\/lenguas\/wp-content\/uploads\/2017\/03\/Quinones-Gabriel2-243x300.jpg 243w, https:\/\/humanidades.uprrp.edu\/lenguas\/wp-content\/uploads\/2017\/03\/Quinones-Gabriel2-329x406.jpg 329w, https:\/\/humanidades.uprrp.edu\/lenguas\/wp-content\/uploads\/2017\/03\/Quinones-Gabriel2.jpg 395w\" sizes=\"auto, (max-width: 243px) 100vw, 243px\" \/><\/td>\n<td width=\"594\"><a href=\"https:\/\/www.blogger.com\/profile\/00030565963880756266\"><strong>Gabriel Qui\u00f1ones<\/strong><\/a>, Catedr\u00e1tico Auxiliar<br \/>\nDirector de la Escuela de Samba Acad\u00eamicos de Porto Rico; Coordinador du Groupe de Chansons Francophones<\/td>\n<\/tr>\n<tr>\n<td width=\"594\">Posdoctorado en Educaci\u00f3n, Universidad Virtual de Estudios Superiores, Guadalajra, 2020; <span data-olk-copy-source=\"MessageBody\"> DEA Ling\u00fc\u00edstica Portuguesa, Universidade Aberta, 2021;<\/span> PhD Ense\u00f1anza del Portugu\u00e9s, Bircham International U, 2018; M.A. Fran\u00e7ais Langue \u00c9trang\u00e8re, Universit\u00e9 des Antilles et de la Guyane, 2016; Certificados de Maestro K-12 para franc\u00e9s y portugu\u00e9s, Depto de Educaci\u00f3n de PR, 2013<\/td>\n<\/tr>\n<tr>\n<td width=\"594\"><span data-olk-copy-source=\"MessageBody\">Did\u00e1ctica del portugu\u00e9s, m\u00fasica brasile\u00f1a, ling\u00fc\u00edstica del portugu\u00e9s, socioling\u00fc\u00edstica brasile\u00f1a, religiones afrobrasile\u00f1as<\/span><\/td>\n<\/tr>\n<tr>\n<td width=\"594\">gabriel.quinones17@upr.edu<\/td>\n<\/tr>\n<tr>\n<td width=\"594\">\u00a0LPM 312 N\u00a0 LaV\u00a0 \u00a01:00-2:00\u00a0 \u00a0[x89699]<\/td>\n<\/tr>\n<tr>\n<td rowspan=\"5\" width=\"271\"><img loading=\"lazy\" decoding=\"async\" class=\"aligncenter wp-image-379\" src=\"https:\/\/humanidades.uprrp.edu\/lenguas\/wp-content\/uploads\/2016\/07\/dos-santos-analucia-3.png\" alt=\"Dos Santos Analucia 3\" width=\"247\" height=\"308\" \/><\/td>\n<td width=\"594\"><strong><a title=\"Dos Santos Analucia - resume\" href=\"https:\/\/humanidades.uprrp.edu\/lenguas\/wp-content\/uploads\/2016\/08\/dos-santos-analucia-resume.pdf\">Analucia Dos Santos<\/a><\/strong>, Asistente de idioma<\/td>\n<\/tr>\n<tr>\n<td width=\"594\">MA Ling\u00fc\u00edstica, UPRRP, 2020;\u00a0BA Ingl\u00e9s y portugu\u00e9s, UNG Universidade de Guarulhos, Brasil<\/td>\n<\/tr>\n<tr>\n<td width=\"594\"><\/td>\n<\/tr>\n<tr>\n<td width=\"594\">analucia.dos@upr.edu<\/td>\n<\/tr>\n<tr>\n<td width=\"594\">P 207 A\u00a0 o\u00a0 LPM 312<br \/>\nLaV\u00a0 \u00a010:30-11:00;\u00a0 \u00a01:00-1:30<\/td>\n<\/tr>\n<tr>\n<td rowspan=\"5\" width=\"271\"><img loading=\"lazy\" decoding=\"async\" class=\"aligncenter wp-image-533\" src=\"https:\/\/humanidades.uprrp.edu\/lenguas\/wp-content\/uploads\/2016\/09\/nogueira-mariana.jpg\" alt=\"nogueira-mariana\" width=\"247\" height=\"269\" \/><\/td>\n<td width=\"594\"><strong><a title=\"Nogueira Mariana - mini CV 2016\" href=\"https:\/\/humanidades.uprrp.edu\/lenguas\/wp-content\/uploads\/2016\/08\/nogueira-mariana-mini-cv-2016.pdf\">Mariana Magalh\u00e3es Nogueira<\/a><\/strong>, Asistente de Idioma<\/td>\n<\/tr>\n<tr>\n<td width=\"594\">Maestr\u00eda en Psicolog\u00eda industrial y organizacional, UPRRP 2013; MKBA Gesti\u00f3n del conocimiento e inteligencia empresarial, Universidad Federal de R\u00edo de Janeiro, 2001<\/td>\n<\/tr>\n<tr>\n<td width=\"594\"><\/td>\n<\/tr>\n<tr>\n<td width=\"594\">mariana.nogueira@upr.edu<\/td>\n<\/tr>\n<tr>\n<td width=\"594\">P 207 C<br \/>\nLaV\u00a0 \u00a010:00-11:00<\/td>\n<\/tr>\n<tr>\n<td colspan=\"2\" width=\"865\">\n<h3 style=\"text-align: center;\">Colaboradores de otros departamentos\/facultades<\/h3>\n<\/td>\n<\/tr>\n<tr>\n<td rowspan=\"5\" width=\"271\"><img loading=\"lazy\" decoding=\"async\" class=\"aligncenter wp-image-1990\" src=\"https:\/\/humanidades.uprrp.edu\/lenguas\/wp-content\/uploads\/2017\/03\/Paes-e1535553556733.png\" alt=\"\" width=\"247\" height=\"344\" \/><\/td>\n<td width=\"594\"><strong>Fernando Paes de Carvalho<\/strong>, Catedr\u00e1tico<\/td>\n<\/tr>\n<tr>\n<td width=\"594\">Ph.D., Universidad Polit\u00e9cnica de Valencia, Espa\u00f1a, 2016;\u00a0M.F.A., Universidad Nacional Aut\u00f3noma de M\u00e9xico, 2005.<\/td>\n<\/tr>\n<tr>\n<td width=\"594\">Artes Visuales, Arte y Cultura de Brasil, Filosof\u00eda del Arte,\u00a0Historia y cr\u00edtica del arte. Arte contempor\u00e1neo internacional.<\/td>\n<\/tr>\n<tr>\n<td width=\"594\">fernando.paes@upr.edu<\/td>\n<\/tr>\n<tr>\n<td width=\"594\"><\/td>\n<\/tr>\n<\/tbody>\n<\/table>\n","protected":false},"excerpt":{"rendered":"<p>P\u00e1gina actualizada el 6 octubre 2025 Con plaza Camilo Gomides, Catedr\u00e1tico Ph.D., Tulane University, 2003 Literatura brasile\u00f1a, literatura latinoamericana siglo XX, cine brasile\u00f1o y latinoamericano. Ecocr\u00edtica, interrelaciones entre humanidades y ciencia, literatura de la selva camilo.gomides@upr.edu P 203\u00a0 LW 11:30-1:00 y 2:30-4:00 o por cita previa\u00a0 [x89712] Maril\u00fa P\u00e9rez, Catedr\u00e1tica Ph.D., Indiana University, 2002 Literatura [&hellip;]<\/p>\n","protected":false},"author":2,"featured_media":0,"parent":8,"menu_order":0,"comment_status":"closed","ping_status":"closed","template":"full-width.php","meta":{"footnotes":""},"class_list":["post-1313","page","type-page","status-publish","hentry"],"_links":{"self":[{"href":"https:\/\/humanidades.uprrp.edu\/lenguas\/index.php\/wp-json\/wp\/v2\/pages\/1313","targetHints":{"allow":["GET"]}}],"collection":[{"href":"https:\/\/humanidades.uprrp.edu\/lenguas\/index.php\/wp-json\/wp\/v2\/pages"}],"about":[{"href":"https:\/\/humanidades.uprrp.edu\/lenguas\/index.php\/wp-json\/wp\/v2\/types\/page"}],"author":[{"embeddable":true,"href":"https:\/\/humanidades.uprrp.edu\/lenguas\/index.php\/wp-json\/wp\/v2\/users\/2"}],"replies":[{"embeddable":true,"href":"https:\/\/humanidades.uprrp.edu\/lenguas\/index.php\/wp-json\/wp\/v2\/comments?post=1313"}],"version-history":[{"count":50,"href":"https:\/\/humanidades.uprrp.edu\/lenguas\/index.php\/wp-json\/wp\/v2\/pages\/1313\/revisions"}],"predecessor-version":[{"id":3491,"href":"https:\/\/humanidades.uprrp.edu\/lenguas\/index.php\/wp-json\/wp\/v2\/pages\/1313\/revisions\/3491"}],"up":[{"embeddable":true,"href":"https:\/\/humanidades.uprrp.edu\/lenguas\/index.php\/wp-json\/wp\/v2\/pages\/8"}],"wp:attachment":[{"href":"https:\/\/humanidades.uprrp.edu\/lenguas\/index.php\/wp-json\/wp\/v2\/media?parent=1313"}],"curies":[{"name":"wp","href":"https:\/\/api.w.org\/{rel}","templated":true}]}}