{"id":1308,"date":"2017-03-15T17:52:13","date_gmt":"2017-03-15T17:52:13","guid":{"rendered":"https:\/\/humanidades.uprrp.edu\/lenguas\/?page_id=1308"},"modified":"2023-09-11T13:56:40","modified_gmt":"2023-09-11T13:56:40","slug":"italiano","status":"publish","type":"page","link":"https:\/\/humanidades.uprrp.edu\/lenguas\/index.php\/docencia\/personal-docente\/italiano\/","title":{"rendered":"Italiano"},"content":{"rendered":"<p><span style=\"color: #666699;\"><strong>P\u00e1gina actualizada el 11 septiembre 2023<\/strong><\/span><\/p>\n<table>\n<tbody>\n<tr>\n<td colspan=\"2\" width=\"865\">\n<h3 style=\"text-align: center;\"><strong>Con plaza<\/strong><\/h3>\n<\/td>\n<\/tr>\n<tr>\n<td rowspan=\"5\" width=\"271\"><img loading=\"lazy\" decoding=\"async\" class=\"aligncenter size-medium wp-image-976\" src=\"https:\/\/humanidades.uprrp.edu\/lenguas\/wp-content\/uploads\/2014\/09\/DAgostino_giovanni_jardin-2-1-e1486917311146-233x300.jpg\" alt=\"\" width=\"233\" height=\"300\" srcset=\"https:\/\/humanidades.uprrp.edu\/lenguas\/wp-content\/uploads\/2014\/09\/DAgostino_giovanni_jardin-2-1-e1486917311146-233x300.jpg 233w, https:\/\/humanidades.uprrp.edu\/lenguas\/wp-content\/uploads\/2014\/09\/DAgostino_giovanni_jardin-2-1-e1486917311146-768x989.jpg 768w, https:\/\/humanidades.uprrp.edu\/lenguas\/wp-content\/uploads\/2014\/09\/DAgostino_giovanni_jardin-2-1-e1486917311146-795x1024.jpg 795w, https:\/\/humanidades.uprrp.edu\/lenguas\/wp-content\/uploads\/2014\/09\/DAgostino_giovanni_jardin-2-1-e1486917311146-315x406.jpg 315w, https:\/\/humanidades.uprrp.edu\/lenguas\/wp-content\/uploads\/2014\/09\/DAgostino_giovanni_jardin-2-1-e1486917311146.jpg 916w\" sizes=\"auto, (max-width: 233px) 100vw, 233px\" \/><\/td>\n<td width=\"594\"><strong>Giovanni R. D\u2019Agostino<\/strong>, Catedr\u00e1tico<\/td>\n<\/tr>\n<tr>\n<td width=\"594\">Ph.D. University of Toronto, 2000<\/td>\n<\/tr>\n<tr>\n<td width=\"594\">Literatura italiana de los siglos XVIII y XIX, Dante, narratolog\u00eda, traducci\u00f3n. El teatro de Camillo Federici, intra e intertextualidad en la Divina Comedia, cine italiano<\/td>\n<\/tr>\n<tr>\n<td width=\"594\">giovanni.dagostino@upr.edu<\/td>\n<\/tr>\n<tr>\n<td width=\"594\">LPM 312 E,\u00a0 MJ 2:30-4:00<br \/>\ny por cita previa: W 10:15-[x89701]<\/td>\n<\/tr>\n<tr>\n<td rowspan=\"5\" width=\"271\"><img loading=\"lazy\" decoding=\"async\" class=\"aligncenter size-medium wp-image-3286\" src=\"https:\/\/humanidades.uprrp.edu\/lenguas\/wp-content\/uploads\/2023\/08\/Lettieri-Marco2-230x300.jpg\" alt=\"\" width=\"230\" height=\"300\" srcset=\"https:\/\/humanidades.uprrp.edu\/lenguas\/wp-content\/uploads\/2023\/08\/Lettieri-Marco2-230x300.jpg 230w, https:\/\/humanidades.uprrp.edu\/lenguas\/wp-content\/uploads\/2023\/08\/Lettieri-Marco2-786x1024.jpg 786w, https:\/\/humanidades.uprrp.edu\/lenguas\/wp-content\/uploads\/2023\/08\/Lettieri-Marco2-768x1000.jpg 768w, https:\/\/humanidades.uprrp.edu\/lenguas\/wp-content\/uploads\/2023\/08\/Lettieri-Marco2-1179x1536.jpg 1179w, https:\/\/humanidades.uprrp.edu\/lenguas\/wp-content\/uploads\/2023\/08\/Lettieri-Marco2-312x406.jpg 312w, https:\/\/humanidades.uprrp.edu\/lenguas\/wp-content\/uploads\/2023\/08\/Lettieri-Marco2.jpg 1533w\" sizes=\"auto, (max-width: 230px) 100vw, 230px\" \/><\/td>\n<td width=\"594\"><strong>Marco Lettieri<\/strong>, Catedr\u00e1tico Auxiliar<\/td>\n<\/tr>\n<tr>\n<td width=\"594\">Ph.D. University of Toronto, 2019<\/td>\n<\/tr>\n<tr>\n<td width=\"594\">Pedagog\u00eda, ling\u00fc\u00edstica y dida\u0301ctica del italiano, estudios de manuscritos iluminados del Renacimiento, cine italiano y estudios culturales sobre los problemas del crimen organizado<\/td>\n<\/tr>\n<tr>\n<td width=\"594\">marcogildo.lettieri@upr.edu<\/td>\n<\/tr>\n<tr>\n<td width=\"594\">martes, 2:00-3:30 PM y jueves, 2:00-3:30 PM (por Zoom, con cita)<\/td>\n<\/tr>\n<tr>\n<td colspan=\"2\" width=\"865\">\n<h3 style=\"text-align: center;\"><strong>Por\u00a0ayudant\u00eda<\/strong><\/h3>\n<\/td>\n<\/tr>\n<tr>\n<td rowspan=\"5\" width=\"271\"><img loading=\"lazy\" decoding=\"async\" class=\"aligncenter size-large wp-image-2640\" src=\"https:\/\/humanidades.uprrp.edu\/lenguas\/wp-content\/uploads\/2017\/03\/Pensato-Tommaso2-799x1024.jpg\" alt=\"\" width=\"700\" height=\"897\" srcset=\"https:\/\/humanidades.uprrp.edu\/lenguas\/wp-content\/uploads\/2017\/03\/Pensato-Tommaso2-799x1024.jpg 799w, https:\/\/humanidades.uprrp.edu\/lenguas\/wp-content\/uploads\/2017\/03\/Pensato-Tommaso2-234x300.jpg 234w, https:\/\/humanidades.uprrp.edu\/lenguas\/wp-content\/uploads\/2017\/03\/Pensato-Tommaso2-768x984.jpg 768w, https:\/\/humanidades.uprrp.edu\/lenguas\/wp-content\/uploads\/2017\/03\/Pensato-Tommaso2-317x406.jpg 317w, https:\/\/humanidades.uprrp.edu\/lenguas\/wp-content\/uploads\/2017\/03\/Pensato-Tommaso2.jpg 1249w\" sizes=\"auto, (max-width: 700px) 100vw, 700px\" \/><\/td>\n<td width=\"594\"><strong>Tommaso Pensato<\/strong>,\u00a0Instructor<\/td>\n<\/tr>\n<tr>\n<td width=\"594\">Doctorante en Ling\u00fc\u00edstica Hispanica, UPRRP;\u00a0M.A. en Comunicaci\u00f3n, UPRRP, 2017<\/td>\n<\/tr>\n<tr>\n<td width=\"594\"><\/td>\n<\/tr>\n<tr>\n<td width=\"594\">tommaso.pensato@upr.edu<\/td>\n<\/tr>\n<tr>\n<td width=\"594\"><\/td>\n<\/tr>\n<tr>\n<td colspan=\"2\" width=\"865\">\n<h3 style=\"text-align: center;\"><strong>Por contrato regular<\/strong><\/h3>\n<\/td>\n<\/tr>\n<tr>\n<td rowspan=\"5\" width=\"271\"><img loading=\"lazy\" decoding=\"async\" class=\"aligncenter size-medium wp-image-2516\" src=\"https:\/\/humanidades.uprrp.edu\/lenguas\/wp-content\/uploads\/2017\/03\/Moreno-Ileana2-227x300.jpg\" alt=\"\" width=\"227\" height=\"300\" srcset=\"https:\/\/humanidades.uprrp.edu\/lenguas\/wp-content\/uploads\/2017\/03\/Moreno-Ileana2-227x300.jpg 227w, https:\/\/humanidades.uprrp.edu\/lenguas\/wp-content\/uploads\/2017\/03\/Moreno-Ileana2-768x1016.jpg 768w, https:\/\/humanidades.uprrp.edu\/lenguas\/wp-content\/uploads\/2017\/03\/Moreno-Ileana2-774x1024.jpg 774w, https:\/\/humanidades.uprrp.edu\/lenguas\/wp-content\/uploads\/2017\/03\/Moreno-Ileana2-307x406.jpg 307w, https:\/\/humanidades.uprrp.edu\/lenguas\/wp-content\/uploads\/2017\/03\/Moreno-Ileana2.jpg 1621w\" sizes=\"auto, (max-width: 227px) 100vw, 227px\" \/><\/td>\n<td width=\"594\"><strong>Ileana Moreno-Viqueira<\/strong>, Catedr\u00e1tica Auxiliar<\/td>\n<\/tr>\n<tr>\n<td width=\"594\">PhD, Columbia U, 2013; M.A., Columbia U, 1996<\/td>\n<\/tr>\n<tr>\n<td width=\"594\">Lengua y literatura italianas. Literatura\u00a0y ciencia.<\/td>\n<\/tr>\n<tr>\n<td width=\"594\">ileana.moreno@upr.edu<\/td>\n<\/tr>\n<tr>\n<td width=\"594\">Oficina: LaV 1:00-1:00 o por cita previa<\/td>\n<\/tr>\n<tr>\n<td rowspan=\"5\" width=\"271\"><img loading=\"lazy\" decoding=\"async\" class=\"aligncenter size-medium wp-image-466\" src=\"https:\/\/humanidades.uprrp.edu\/lenguas\/wp-content\/uploads\/2016\/08\/vera-velissa-208x300.jpg\" alt=\"\" width=\"208\" height=\"300\" srcset=\"https:\/\/humanidades.uprrp.edu\/lenguas\/wp-content\/uploads\/2016\/08\/vera-velissa-208x300.jpg 208w, https:\/\/humanidades.uprrp.edu\/lenguas\/wp-content\/uploads\/2016\/08\/vera-velissa.jpg 295w\" sizes=\"auto, (max-width: 208px) 100vw, 208px\" \/><\/td>\n<td width=\"594\"><strong>Velissa\u00a0Rivera<\/strong>, Instructora<\/td>\n<\/tr>\n<tr>\n<td width=\"594\">M.A., Middlebury College, 2006<\/td>\n<\/tr>\n<tr>\n<td width=\"594\">Lengua y literatura italianas. Literatura italiana del 900<\/td>\n<\/tr>\n<tr>\n<td width=\"594\">vvera@mariareina.com<\/td>\n<\/tr>\n<tr>\n<td width=\"594\"><\/td>\n<\/tr>\n<tr>\n<td rowspan=\"5\" width=\"271\"><img loading=\"lazy\" decoding=\"async\" class=\"aligncenter size-medium wp-image-1933\" src=\"https:\/\/humanidades.uprrp.edu\/lenguas\/wp-content\/uploads\/2017\/03\/Holt-Anna-225x300.jpg\" alt=\"\" width=\"225\" height=\"300\" srcset=\"https:\/\/humanidades.uprrp.edu\/lenguas\/wp-content\/uploads\/2017\/03\/Holt-Anna-225x300.jpg 225w, https:\/\/humanidades.uprrp.edu\/lenguas\/wp-content\/uploads\/2017\/03\/Holt-Anna-304x406.jpg 304w, https:\/\/humanidades.uprrp.edu\/lenguas\/wp-content\/uploads\/2017\/03\/Holt-Anna.jpg 686w\" sizes=\"auto, (max-width: 225px) 100vw, 225px\" \/><\/td>\n<td width=\"594\"><strong>Anna Holt<\/strong>, Asistente de idioma<\/td>\n<\/tr>\n<tr>\n<td width=\"594\">B.S. in Elementary Education, Florida College, 2004<\/td>\n<\/tr>\n<tr>\n<td width=\"594\"><\/td>\n<\/tr>\n<tr>\n<td width=\"594\">anna.holt@upr.edu<\/td>\n<\/tr>\n<tr>\n<td width=\"594\"><\/td>\n<\/tr>\n<\/tbody>\n<\/table>\n","protected":false},"excerpt":{"rendered":"<p>P\u00e1gina actualizada el 11 septiembre 2023 Con plaza Giovanni R. D\u2019Agostino, Catedr\u00e1tico Ph.D. University of Toronto, 2000 Literatura italiana de los siglos XVIII y XIX, Dante, narratolog\u00eda, traducci\u00f3n. El teatro de Camillo Federici, intra e intertextualidad en la Divina Comedia, cine italiano giovanni.dagostino@upr.edu LPM 312 E,\u00a0 MJ 2:30-4:00 y por cita previa: W 10:15-[x89701] Marco [&hellip;]<\/p>\n","protected":false},"author":2,"featured_media":0,"parent":8,"menu_order":0,"comment_status":"closed","ping_status":"closed","template":"full-width.php","meta":{"footnotes":""},"class_list":["post-1308","page","type-page","status-publish","hentry"],"_links":{"self":[{"href":"https:\/\/humanidades.uprrp.edu\/lenguas\/index.php\/wp-json\/wp\/v2\/pages\/1308","targetHints":{"allow":["GET"]}}],"collection":[{"href":"https:\/\/humanidades.uprrp.edu\/lenguas\/index.php\/wp-json\/wp\/v2\/pages"}],"about":[{"href":"https:\/\/humanidades.uprrp.edu\/lenguas\/index.php\/wp-json\/wp\/v2\/types\/page"}],"author":[{"embeddable":true,"href":"https:\/\/humanidades.uprrp.edu\/lenguas\/index.php\/wp-json\/wp\/v2\/users\/2"}],"replies":[{"embeddable":true,"href":"https:\/\/humanidades.uprrp.edu\/lenguas\/index.php\/wp-json\/wp\/v2\/comments?post=1308"}],"version-history":[{"count":38,"href":"https:\/\/humanidades.uprrp.edu\/lenguas\/index.php\/wp-json\/wp\/v2\/pages\/1308\/revisions"}],"predecessor-version":[{"id":3300,"href":"https:\/\/humanidades.uprrp.edu\/lenguas\/index.php\/wp-json\/wp\/v2\/pages\/1308\/revisions\/3300"}],"up":[{"embeddable":true,"href":"https:\/\/humanidades.uprrp.edu\/lenguas\/index.php\/wp-json\/wp\/v2\/pages\/8"}],"wp:attachment":[{"href":"https:\/\/humanidades.uprrp.edu\/lenguas\/index.php\/wp-json\/wp\/v2\/media?parent=1308"}],"curies":[{"name":"wp","href":"https:\/\/api.w.org\/{rel}","templated":true}]}}