{"id":1302,"date":"2017-03-15T17:46:49","date_gmt":"2017-03-15T17:46:49","guid":{"rendered":"https:\/\/humanidades.uprrp.edu\/lenguas\/?page_id=1302"},"modified":"2025-10-16T18:07:11","modified_gmt":"2025-10-16T18:07:11","slug":"chino","status":"publish","type":"page","link":"https:\/\/humanidades.uprrp.edu\/lenguas\/index.php\/docencia\/personal-docente\/chino\/","title":{"rendered":"Chino"},"content":{"rendered":"\n<p><span style=\"color: #333399;\"><strong>P\u00e1gina actualizada el 16 octubre 2025<\/strong><\/span><\/p>\n\n\n\n<figure class=\"wp-block-table\"><table class=\"has-fixed-layout\"><tbody><tr><td colspan=\"2\">\n<h3 style=\"text-align: center;\">Con plaza<\/h3>\n<\/td><\/tr><tr><td rowspan=\"5\"><figure><img loading=\"lazy\" decoding=\"async\" class=\"alignnone size-full wp-image-397\" src=\"https:\/\/humanidades.uprrp.edu\/lenguas\/wp-content\/uploads\/2016\/08\/deng-meili.jpg\" alt=\"Deng Meili\" width=\"420\" height=\"534\" srcset=\"https:\/\/humanidades.uprrp.edu\/lenguas\/wp-content\/uploads\/2016\/08\/deng-meili.jpg 420w, https:\/\/humanidades.uprrp.edu\/lenguas\/wp-content\/uploads\/2016\/08\/deng-meili-236x300.jpg 236w\" sizes=\"auto, (max-width: 420px) 100vw, 420px\" \/><\/figure><\/td><td><strong>Meili Deng<\/strong>, Catedr\u00e1tica Asociada<\/td><\/tr><tr><td>Doctorado en ling\u00fc\u00edstica, UPRRP, 2017;&nbsp;M.A., Beijing, 2007<\/td><\/tr><tr><td>Did\u00e1ctica del chino como lengua extranjera; Ling\u00fc\u00edstica hisp\u00e1nica. Comparaciones ling\u00fc\u00edsticas entre el chino y el espa\u00f1ol; Adquisici\u00f3n de la lengua china.<\/td><\/tr><tr><td>meili.deng@upr.edu<\/td><\/tr><tr><td>LPM 313A&nbsp; martes, jueves y viernes 8:30-10:00 y por acuerdo<\/td><\/tr><tr><td colspan=\"2\">\n<h3 style=\"text-align: center;\">Por contrato regular<\/h3>\n<\/td><\/tr><tr><td rowspan=\"5\"><figure><img loading=\"lazy\" decoding=\"async\" class=\"aligncenter wp-image-3319 size-medium\" src=\"https:\/\/humanidades.uprrp.edu\/lenguas\/wp-content\/uploads\/2023\/09\/Ma-Ziwei2-243x300.jpg\" alt=\"\" width=\"243\" height=\"300\" srcset=\"https:\/\/humanidades.uprrp.edu\/lenguas\/wp-content\/uploads\/2023\/09\/Ma-Ziwei2-243x300.jpg 243w, https:\/\/humanidades.uprrp.edu\/lenguas\/wp-content\/uploads\/2023\/09\/Ma-Ziwei2-329x406.jpg 329w, https:\/\/humanidades.uprrp.edu\/lenguas\/wp-content\/uploads\/2023\/09\/Ma-Ziwei2.jpg 531w\" sizes=\"auto, (max-width: 243px) 100vw, 243px\" \/><\/figure><\/td><td><strong>Ziwei Ma<\/strong>, Instructora<\/td><\/tr><tr><td>Master&#8217;s in Teaching Chinese to Speakers of Other Languages, Northwest<br>Normal U, 2023; B.A. en espa\u00f1ol, Shandong U, 2020<\/td><\/tr><tr><td>Did\u00e1ctica del chino como lengua extranjera; adquisici\u00f3n del chino como segunda lengua<\/td><\/tr><tr><td>ziwei.ma@upr.edu<\/td><\/tr><tr><td>&nbsp;LPM 313-C&nbsp; &nbsp;LMWJ 2:30-3:30<\/td><\/tr><tr><td rowspan=\"5\"><figure><img loading=\"lazy\" decoding=\"async\" class=\"aligncenter size-medium wp-image-1864\" src=\"https:\/\/humanidades.uprrp.edu\/lenguas\/wp-content\/uploads\/2017\/03\/Li-Jie2-239x300.jpg\" alt=\"\" width=\"239\" height=\"300\" srcset=\"https:\/\/humanidades.uprrp.edu\/lenguas\/wp-content\/uploads\/2017\/03\/Li-Jie2-239x300.jpg 239w, https:\/\/humanidades.uprrp.edu\/lenguas\/wp-content\/uploads\/2017\/03\/Li-Jie2-323x406.jpg 323w, https:\/\/humanidades.uprrp.edu\/lenguas\/wp-content\/uploads\/2017\/03\/Li-Jie2.jpg 446w\" sizes=\"auto, (max-width: 239px) 100vw, 239px\" \/><\/figure><\/td><td><strong>Jie Li<\/strong>, Asistente de idioma<\/td><\/tr><tr><td>Certificado de Ense\u00f1anza del Chino, Universidad de Beijing, 2014;&nbsp;BA en Derecho, Universidad Normal de Guangxi, 2010<\/td><\/tr><tr><td>DE LICENCIA. Regresar\u00e1 en enero 2026<\/td><\/tr><tr><td>jie.li@upr.edu<\/td><\/tr><tr><td>&nbsp;LPM 316<\/td><\/tr><\/tbody><\/table><\/figure>\n\n\n\n<figure class=\"wp-block-table\"><table class=\"has-fixed-layout\"><tbody><tr><td><img loading=\"lazy\" decoding=\"async\" width=\"250\" height=\"285\" class=\"wp-image-3500\" style=\"width: 250px;\" src=\"https:\/\/humanidades.uprrp.edu\/lenguas\/wp-content\/uploads\/2025\/10\/Xingyu-Mu2.png\" alt=\"\" srcset=\"https:\/\/humanidades.uprrp.edu\/lenguas\/wp-content\/uploads\/2025\/10\/Xingyu-Mu2.png 620w, https:\/\/humanidades.uprrp.edu\/lenguas\/wp-content\/uploads\/2025\/10\/Xingyu-Mu2-263x300.png 263w, https:\/\/humanidades.uprrp.edu\/lenguas\/wp-content\/uploads\/2025\/10\/Xingyu-Mu2-357x406.png 357w\" sizes=\"auto, (max-width: 250px) 100vw, 250px\" \/><\/td><td><strong>Xingyu Mu<\/strong>, Asistente de idioma<br><br>M\u00e1ster en Ense\u00f1anza del Chino como Lengua Extranjera, Shenyang U (en curso); B.A. en Ingl\u00e9s, Shenyang U, 2022<br><br><a href=\"mailto:zihan.hu@upr.edu\">xingyu.mu@upr.edu<\/a><br>LPM 305<\/td><\/tr><tr><td><img loading=\"lazy\" decoding=\"async\" width=\"250\" height=\"311\" class=\"wp-image-3501\" style=\"width: 250px;\" src=\"https:\/\/humanidades.uprrp.edu\/lenguas\/wp-content\/uploads\/2025\/10\/Zihan-Hu2.jpg\" alt=\"\" srcset=\"https:\/\/humanidades.uprrp.edu\/lenguas\/wp-content\/uploads\/2025\/10\/Zihan-Hu2.jpg 977w, https:\/\/humanidades.uprrp.edu\/lenguas\/wp-content\/uploads\/2025\/10\/Zihan-Hu2-241x300.jpg 241w, https:\/\/humanidades.uprrp.edu\/lenguas\/wp-content\/uploads\/2025\/10\/Zihan-Hu2-822x1024.jpg 822w, https:\/\/humanidades.uprrp.edu\/lenguas\/wp-content\/uploads\/2025\/10\/Zihan-Hu2-768x957.jpg 768w, https:\/\/humanidades.uprrp.edu\/lenguas\/wp-content\/uploads\/2025\/10\/Zihan-Hu2-326x406.jpg 326w\" sizes=\"auto, (max-width: 250px) 100vw, 250px\" \/><\/td><td><strong>Zihan Hu<\/strong>, asistente de idioma<br><br>Maestr\u00eda en Ense\u00f1anza del Chino como Lengua Internacional, Universidad de Estudios Extranjeros de Beijing, 2025; Licenciatura en Administraci\u00f3n, Universidad de Arquitectura de Beijing, 2018<br><br><a href=\"mailto:zihan.hu@upr.edu\">zihan.hu@upr.edu<\/a><br>LMP 307<\/td><\/tr><tr><td><img loading=\"lazy\" decoding=\"async\" width=\"250\" height=\"290\" class=\"wp-image-3509\" style=\"width: 250px;\" src=\"https:\/\/humanidades.uprrp.edu\/lenguas\/wp-content\/uploads\/2025\/10\/Caijie-Ding2.jpg\" alt=\"\" srcset=\"https:\/\/humanidades.uprrp.edu\/lenguas\/wp-content\/uploads\/2025\/10\/Caijie-Ding2.jpg 582w, https:\/\/humanidades.uprrp.edu\/lenguas\/wp-content\/uploads\/2025\/10\/Caijie-Ding2-258x300.jpg 258w, https:\/\/humanidades.uprrp.edu\/lenguas\/wp-content\/uploads\/2025\/10\/Caijie-Ding2-350x406.jpg 350w\" sizes=\"auto, (max-width: 250px) 100vw, 250px\" \/><\/td><td><strong>Caijie Ding<\/strong>, Asistente de idioma<br><br>M\u00e1ster en Ense\u00f1anza del Chino como Lengua Extranjera, Lanzhou U (en curso); B.A. en Ingl\u00e9s, Lanzhou University of Technology, 2022<br><br><a href=\"mailto:caijie.ding@upr.edu\">caijie.ding@upr.edu<\/a><br>LPM310<\/td><\/tr><tr><td><img loading=\"lazy\" decoding=\"async\" width=\"250\" height=\"303\" class=\"wp-image-3506\" style=\"width: 250px;\" src=\"https:\/\/humanidades.uprrp.edu\/lenguas\/wp-content\/uploads\/2025\/10\/Saiyi-Jia2.png\" alt=\"\" srcset=\"https:\/\/humanidades.uprrp.edu\/lenguas\/wp-content\/uploads\/2025\/10\/Saiyi-Jia2.png 533w, https:\/\/humanidades.uprrp.edu\/lenguas\/wp-content\/uploads\/2025\/10\/Saiyi-Jia2-248x300.png 248w, https:\/\/humanidades.uprrp.edu\/lenguas\/wp-content\/uploads\/2025\/10\/Saiyi-Jia2-336x406.png 336w\" sizes=\"auto, (max-width: 250px) 100vw, 250px\" \/><\/td><td><strong>Saiyi Jia<\/strong>, Asistente de idioma<br><br>M\u00e1ster en Ense\u00f1anza del Chino como Lengua Extranjera, Xi&#8217;an Shiyou U (en curso); B.A. en Ingl\u00e9s, Langfang Normal U, 2023<br><br><a href=\"mailto:caijie.ding@upr.edu\">saiyi.jia@upr.edu<\/a><br>LPM307<\/td><\/tr><\/tbody><\/table><\/figure>\n\n\n\n<!--more-->\n","protected":false},"excerpt":{"rendered":"<p>P\u00e1gina actualizada el 16 octubre 2025 Con plaza Meili Deng, Catedr\u00e1tica Asociada Doctorado en ling\u00fc\u00edstica, UPRRP, 2017;&nbsp;M.A., Beijing, 2007 Did\u00e1ctica del chino como lengua extranjera; Ling\u00fc\u00edstica hisp\u00e1nica. Comparaciones ling\u00fc\u00edsticas entre el chino y el espa\u00f1ol; Adquisici\u00f3n de la lengua china. meili.deng@upr.edu LPM 313A&nbsp; martes, jueves y viernes 8:30-10:00 y por acuerdo Por contrato regular Ziwei [&hellip;]<\/p>\n","protected":false},"author":2,"featured_media":0,"parent":8,"menu_order":0,"comment_status":"closed","ping_status":"closed","template":"full-width.php","meta":{"footnotes":""},"class_list":["post-1302","page","type-page","status-publish","hentry"],"_links":{"self":[{"href":"https:\/\/humanidades.uprrp.edu\/lenguas\/index.php\/wp-json\/wp\/v2\/pages\/1302","targetHints":{"allow":["GET"]}}],"collection":[{"href":"https:\/\/humanidades.uprrp.edu\/lenguas\/index.php\/wp-json\/wp\/v2\/pages"}],"about":[{"href":"https:\/\/humanidades.uprrp.edu\/lenguas\/index.php\/wp-json\/wp\/v2\/types\/page"}],"author":[{"embeddable":true,"href":"https:\/\/humanidades.uprrp.edu\/lenguas\/index.php\/wp-json\/wp\/v2\/users\/2"}],"replies":[{"embeddable":true,"href":"https:\/\/humanidades.uprrp.edu\/lenguas\/index.php\/wp-json\/wp\/v2\/comments?post=1302"}],"version-history":[{"count":37,"href":"https:\/\/humanidades.uprrp.edu\/lenguas\/index.php\/wp-json\/wp\/v2\/pages\/1302\/revisions"}],"predecessor-version":[{"id":3510,"href":"https:\/\/humanidades.uprrp.edu\/lenguas\/index.php\/wp-json\/wp\/v2\/pages\/1302\/revisions\/3510"}],"up":[{"embeddable":true,"href":"https:\/\/humanidades.uprrp.edu\/lenguas\/index.php\/wp-json\/wp\/v2\/pages\/8"}],"wp:attachment":[{"href":"https:\/\/humanidades.uprrp.edu\/lenguas\/index.php\/wp-json\/wp\/v2\/media?parent=1302"}],"curies":[{"name":"wp","href":"https:\/\/api.w.org\/{rel}","templated":true}]}}