{"id":1299,"date":"2017-03-15T17:45:36","date_gmt":"2017-03-15T17:45:36","guid":{"rendered":"https:\/\/humanidades.uprrp.edu\/lenguas\/?page_id=1299"},"modified":"2024-01-17T02:44:23","modified_gmt":"2024-01-17T02:44:23","slug":"arabe","status":"publish","type":"page","link":"https:\/\/humanidades.uprrp.edu\/lenguas\/index.php\/docencia\/personal-docente\/arabe\/","title":{"rendered":"\u00c1rabe"},"content":{"rendered":"<p><span style=\"color: #333399;\"><strong>P\u00e1gina actualizada el 16 enero 2024<\/strong><\/span><\/p>\n<table>\n<tbody>\n<tr>\n<td colspan=\"2\" width=\"865\">\n<h3 style=\"text-align: center;\">Por contrato regular<\/h3>\n<\/td>\n<\/tr>\n<tr>\n<td rowspan=\"5\" width=\"271\"><img loading=\"lazy\" decoding=\"async\" class=\"aligncenter size-medium wp-image-436\" src=\"https:\/\/humanidades.uprrp.edu\/lenguas\/wp-content\/uploads\/2016\/08\/sebbana-abdelouakil-2-249x300.jpg\" alt=\"\" width=\"249\" height=\"300\" srcset=\"https:\/\/humanidades.uprrp.edu\/lenguas\/wp-content\/uploads\/2016\/08\/sebbana-abdelouakil-2-249x300.jpg 249w, https:\/\/humanidades.uprrp.edu\/lenguas\/wp-content\/uploads\/2016\/08\/sebbana-abdelouakil-2.jpg 370w\" sizes=\"auto, (max-width: 249px) 100vw, 249px\" \/><\/td>\n<td width=\"594\"><strong>Abdelouakil Sebbana<\/strong>, Instructor<\/td>\n<\/tr>\n<tr>\n<td width=\"594\">Arquitecto D.P.L.G, \u00c9cole Nationale Sup\u00e9rieure des Beaux-Arts, UP6 Par\u00eds<\/td>\n<\/tr>\n<tr>\n<td width=\"594\">Arquitectura en general, lenguas y filosof\u00eda. An\u00e1lisis del discurso, Filosof\u00eda del idioma \u00e1rabe, La literatura \u00e1rabe en espa\u00f1ol, La presencia \u00e1rabe en Am\u00e9rica Latina, Espacio y m\u00fasica<\/td>\n<\/tr>\n<tr>\n<td width=\"594\">abdelouakil@gmail.com<\/td>\n<\/tr>\n<tr>\n<td width=\"594\"><\/td>\n<\/tr>\n<\/tbody>\n<\/table>\n","protected":false},"excerpt":{"rendered":"<p>P\u00e1gina actualizada el 16 enero 2024 Por contrato regular Abdelouakil Sebbana, Instructor Arquitecto D.P.L.G, \u00c9cole Nationale Sup\u00e9rieure des Beaux-Arts, UP6 Par\u00eds Arquitectura en general, lenguas y filosof\u00eda. An\u00e1lisis del discurso, Filosof\u00eda del idioma \u00e1rabe, La literatura \u00e1rabe en espa\u00f1ol, La presencia \u00e1rabe en Am\u00e9rica Latina, Espacio y m\u00fasica abdelouakil@gmail.com<\/p>\n","protected":false},"author":2,"featured_media":0,"parent":8,"menu_order":0,"comment_status":"closed","ping_status":"closed","template":"full-width.php","meta":{"footnotes":""},"class_list":["post-1299","page","type-page","status-publish","hentry"],"_links":{"self":[{"href":"https:\/\/humanidades.uprrp.edu\/lenguas\/index.php\/wp-json\/wp\/v2\/pages\/1299","targetHints":{"allow":["GET"]}}],"collection":[{"href":"https:\/\/humanidades.uprrp.edu\/lenguas\/index.php\/wp-json\/wp\/v2\/pages"}],"about":[{"href":"https:\/\/humanidades.uprrp.edu\/lenguas\/index.php\/wp-json\/wp\/v2\/types\/page"}],"author":[{"embeddable":true,"href":"https:\/\/humanidades.uprrp.edu\/lenguas\/index.php\/wp-json\/wp\/v2\/users\/2"}],"replies":[{"embeddable":true,"href":"https:\/\/humanidades.uprrp.edu\/lenguas\/index.php\/wp-json\/wp\/v2\/comments?post=1299"}],"version-history":[{"count":7,"href":"https:\/\/humanidades.uprrp.edu\/lenguas\/index.php\/wp-json\/wp\/v2\/pages\/1299\/revisions"}],"predecessor-version":[{"id":3354,"href":"https:\/\/humanidades.uprrp.edu\/lenguas\/index.php\/wp-json\/wp\/v2\/pages\/1299\/revisions\/3354"}],"up":[{"embeddable":true,"href":"https:\/\/humanidades.uprrp.edu\/lenguas\/index.php\/wp-json\/wp\/v2\/pages\/8"}],"wp:attachment":[{"href":"https:\/\/humanidades.uprrp.edu\/lenguas\/index.php\/wp-json\/wp\/v2\/media?parent=1299"}],"curies":[{"name":"wp","href":"https:\/\/api.w.org\/{rel}","templated":true}]}}