{"id":1295,"date":"2017-03-15T17:44:06","date_gmt":"2017-03-15T17:44:06","guid":{"rendered":"https:\/\/humanidades.uprrp.edu\/lenguas\/?page_id=1295"},"modified":"2025-09-09T14:48:27","modified_gmt":"2025-09-09T14:48:27","slug":"aleman","status":"publish","type":"page","link":"https:\/\/humanidades.uprrp.edu\/lenguas\/index.php\/docencia\/personal-docente\/aleman\/","title":{"rendered":"Alem\u00e1n"},"content":{"rendered":"<p><strong><span style=\"color: #333399;\">P\u00e1gina actualizada el 9 septiembre 2025<\/span><\/strong><\/p>\n<table style=\"height: 1546px;\" width=\"887\">\n<tbody>\n<tr>\n<td colspan=\"2\" width=\"865\">\n<h3 style=\"text-align: center;\">Con plaza<\/h3>\n<\/td>\n<\/tr>\n<tr>\n<td rowspan=\"5\" width=\"271\"><img loading=\"lazy\" decoding=\"async\" class=\"aligncenter size-medium wp-image-1903\" src=\"https:\/\/humanidades.uprrp.edu\/lenguas\/wp-content\/uploads\/2014\/09\/Andersen-Sven3-244x300.jpg\" alt=\"\" width=\"244\" height=\"300\" srcset=\"https:\/\/humanidades.uprrp.edu\/lenguas\/wp-content\/uploads\/2014\/09\/Andersen-Sven3-244x300.jpg 244w, https:\/\/humanidades.uprrp.edu\/lenguas\/wp-content\/uploads\/2014\/09\/Andersen-Sven3-330x406.jpg 330w, https:\/\/humanidades.uprrp.edu\/lenguas\/wp-content\/uploads\/2014\/09\/Andersen-Sven3.jpg 384w\" sizes=\"auto, (max-width: 244px) 100vw, 244px\" \/><\/td>\n<td width=\"594\"><strong>Sven-Ole Andersen<\/strong>, Catedr\u00e1tico Asociado<\/td>\n<\/tr>\n<tr>\n<td width=\"594\">Ph.D. University of Florida, 2011<\/td>\n<\/tr>\n<tr>\n<td width=\"594\">Literatura del XIX, la edad de Goethe, cine contempor\u00e1neo, medios de informaci\u00f3n<\/td>\n<\/tr>\n<tr>\n<td width=\"594\">sven.andersen@upr.edu<\/td>\n<\/tr>\n<tr>\n<td width=\"594\">P 204,\u00a0 LaV 10:00-11:00 o por cita previa\u00a0 [x89690]<\/td>\n<\/tr>\n<tr>\n<td colspan=\"2\" width=\"865\">\n<h3 style=\"text-align: center;\">Por contrato regular<\/h3>\n<\/td>\n<\/tr>\n<tr>\n<td rowspan=\"5\" width=\"271\"><\/td>\n<td width=\"594\"><\/td>\n<\/tr>\n<tr>\n<td width=\"594\"><\/td>\n<\/tr>\n<tr>\n<td width=\"594\"><\/td>\n<\/tr>\n<tr>\n<td width=\"594\"><\/td>\n<\/tr>\n<tr>\n<td width=\"594\"><\/td>\n<\/tr>\n<tr>\n<td width=\"271\">Cf. Ruso<\/td>\n<td width=\"594\"><strong>Tinna Stoyanova<\/strong>, Catedr\u00e1tica auxiliar<\/td>\n<\/tr>\n<tr>\n<td colspan=\"2\" width=\"865\">\n<h3 style=\"text-align: center;\">Por\u00a0ayudant\u00eda<\/h3>\n<\/td>\n<\/tr>\n<tr>\n<td style=\"text-align: center;\" rowspan=\"5\" width=\"271\"><img loading=\"lazy\" decoding=\"async\" class=\"aligncenter size-medium wp-image-3401\" src=\"https:\/\/humanidades.uprrp.edu\/lenguas\/wp-content\/uploads\/2024\/09\/Umana-Abigail-213x300.jpg\" alt=\"\" width=\"213\" height=\"300\" srcset=\"https:\/\/humanidades.uprrp.edu\/lenguas\/wp-content\/uploads\/2024\/09\/Umana-Abigail-213x300.jpg 213w, https:\/\/humanidades.uprrp.edu\/lenguas\/wp-content\/uploads\/2024\/09\/Umana-Abigail.jpg 222w\" sizes=\"auto, (max-width: 213px) 100vw, 213px\" \/><\/td>\n<td width=\"594\"><strong>Abigail Uma\u00f1a<\/strong>,\u00a0Asistente de idioma<\/td>\n<\/tr>\n<tr>\n<td width=\"594\">\n<div class=\"x_elementToProof\">BA en Administraci\u00f3n de Empresas (UPR, en curso); Certificaci\u00f3n Centro Goethe de Costa Rica (2022); Migros Klubschule, Suiza (2020)<\/div>\n<\/td>\n<\/tr>\n<tr>\n<td width=\"594\"><\/td>\n<\/tr>\n<tr>\n<td width=\"594\">abigail.umana@upr.edu<\/td>\n<\/tr>\n<tr>\n<td width=\"594\">DLE por cita previa<\/td>\n<\/tr>\n<\/tbody>\n<\/table>\n","protected":false},"excerpt":{"rendered":"<p>P\u00e1gina actualizada el 9 septiembre 2025 Con plaza Sven-Ole Andersen, Catedr\u00e1tico Asociado Ph.D. University of Florida, 2011 Literatura del XIX, la edad de Goethe, cine contempor\u00e1neo, medios de informaci\u00f3n sven.andersen@upr.edu P 204,\u00a0 LaV 10:00-11:00 o por cita previa\u00a0 [x89690] Por contrato regular Cf. Ruso Tinna Stoyanova, Catedr\u00e1tica auxiliar Por\u00a0ayudant\u00eda Abigail Uma\u00f1a,\u00a0Asistente de idioma BA en [&hellip;]<\/p>\n","protected":false},"author":2,"featured_media":0,"parent":8,"menu_order":0,"comment_status":"closed","ping_status":"closed","template":"full-width.php","meta":{"footnotes":""},"class_list":["post-1295","page","type-page","status-publish","hentry"],"_links":{"self":[{"href":"https:\/\/humanidades.uprrp.edu\/lenguas\/index.php\/wp-json\/wp\/v2\/pages\/1295","targetHints":{"allow":["GET"]}}],"collection":[{"href":"https:\/\/humanidades.uprrp.edu\/lenguas\/index.php\/wp-json\/wp\/v2\/pages"}],"about":[{"href":"https:\/\/humanidades.uprrp.edu\/lenguas\/index.php\/wp-json\/wp\/v2\/types\/page"}],"author":[{"embeddable":true,"href":"https:\/\/humanidades.uprrp.edu\/lenguas\/index.php\/wp-json\/wp\/v2\/users\/2"}],"replies":[{"embeddable":true,"href":"https:\/\/humanidades.uprrp.edu\/lenguas\/index.php\/wp-json\/wp\/v2\/comments?post=1295"}],"version-history":[{"count":36,"href":"https:\/\/humanidades.uprrp.edu\/lenguas\/index.php\/wp-json\/wp\/v2\/pages\/1295\/revisions"}],"predecessor-version":[{"id":3476,"href":"https:\/\/humanidades.uprrp.edu\/lenguas\/index.php\/wp-json\/wp\/v2\/pages\/1295\/revisions\/3476"}],"up":[{"embeddable":true,"href":"https:\/\/humanidades.uprrp.edu\/lenguas\/index.php\/wp-json\/wp\/v2\/pages\/8"}],"wp:attachment":[{"href":"https:\/\/humanidades.uprrp.edu\/lenguas\/index.php\/wp-json\/wp\/v2\/media?parent=1295"}],"curies":[{"name":"wp","href":"https:\/\/api.w.org\/{rel}","templated":true}]}}