{"id":1254,"date":"2017-03-14T17:37:29","date_gmt":"2017-03-14T17:37:29","guid":{"rendered":"https:\/\/humanidades.uprrp.edu\/lenguas\/?page_id=1254"},"modified":"2017-03-15T17:40:07","modified_gmt":"2017-03-15T17:40:07","slug":"intercambio-para-corea-del-sur","status":"publish","type":"page","link":"https:\/\/humanidades.uprrp.edu\/lenguas\/index.php\/intercambio\/universidades-germanofonas\/intercambio-para-corea-del-sur\/","title":{"rendered":"Intercambio para Corea del Sur"},"content":{"rendered":"<h3><strong>Universidad Yonsei<\/strong><\/h3>\n<p>Es una universidad privada de investigaci\u00f3n, ubicada en las ciudades Se\u00fal, Wonju y Songdo, en Corea del Sur. Fundada en 1885, es una de las universidades m\u00e1s antiguas de ese pa\u00eds. Forma parte de las universidades SKY, un acr\u00f3nimo hist\u00f3rico usado en Corea del Sur para referirse a las universidades de Se\u00fal, Corea (Korea) y Yonsei, las cuales son las tres de mayor prestigio en ese pa\u00eds.<\/p>\n<ul>\n<li><a href=\"https:\/\/drive.google.com\/open?id=0Bw7H21T0R4IxYXluWWJVXzBhWnc\"><strong>Viaje Estudiantil.\u00a0<\/strong><\/a><\/li>\n<\/ul>\n","protected":false},"excerpt":{"rendered":"<p>Universidad Yonsei Es una universidad privada de investigaci\u00f3n, ubicada en las ciudades Se\u00fal, Wonju y Songdo, en Corea del Sur. Fundada en 1885, es una de las universidades m\u00e1s antiguas de ese pa\u00eds. Forma parte de las universidades SKY, un acr\u00f3nimo hist\u00f3rico usado en Corea del Sur para referirse a las universidades de Se\u00fal, Corea [&hellip;]<\/p>\n","protected":false},"author":2,"featured_media":0,"parent":556,"menu_order":0,"comment_status":"closed","ping_status":"closed","template":"","meta":{"footnotes":""},"class_list":["post-1254","page","type-page","status-publish","hentry"],"_links":{"self":[{"href":"https:\/\/humanidades.uprrp.edu\/lenguas\/index.php\/wp-json\/wp\/v2\/pages\/1254","targetHints":{"allow":["GET"]}}],"collection":[{"href":"https:\/\/humanidades.uprrp.edu\/lenguas\/index.php\/wp-json\/wp\/v2\/pages"}],"about":[{"href":"https:\/\/humanidades.uprrp.edu\/lenguas\/index.php\/wp-json\/wp\/v2\/types\/page"}],"author":[{"embeddable":true,"href":"https:\/\/humanidades.uprrp.edu\/lenguas\/index.php\/wp-json\/wp\/v2\/users\/2"}],"replies":[{"embeddable":true,"href":"https:\/\/humanidades.uprrp.edu\/lenguas\/index.php\/wp-json\/wp\/v2\/comments?post=1254"}],"version-history":[{"count":5,"href":"https:\/\/humanidades.uprrp.edu\/lenguas\/index.php\/wp-json\/wp\/v2\/pages\/1254\/revisions"}],"predecessor-version":[{"id":1293,"href":"https:\/\/humanidades.uprrp.edu\/lenguas\/index.php\/wp-json\/wp\/v2\/pages\/1254\/revisions\/1293"}],"up":[{"embeddable":true,"href":"https:\/\/humanidades.uprrp.edu\/lenguas\/index.php\/wp-json\/wp\/v2\/pages\/556"}],"wp:attachment":[{"href":"https:\/\/humanidades.uprrp.edu\/lenguas\/index.php\/wp-json\/wp\/v2\/media?parent=1254"}],"curies":[{"name":"wp","href":"https:\/\/api.w.org\/{rel}","templated":true}]}}