{"id":1246,"date":"2017-03-14T17:24:53","date_gmt":"2017-03-14T17:24:53","guid":{"rendered":"https:\/\/humanidades.uprrp.edu\/lenguas\/?page_id=1246"},"modified":"2017-03-15T17:38:53","modified_gmt":"2017-03-15T17:38:53","slug":"universidad-estatal-de-san-petersburgo-rusia","status":"publish","type":"page","link":"https:\/\/humanidades.uprrp.edu\/lenguas\/index.php\/intercambio\/universidades-germanofonas\/universidad-estatal-de-san-petersburgo-rusia\/","title":{"rendered":"Universidad Estatal de San Petersburgo (Rusia)"},"content":{"rendered":"<p>Es una instituci\u00f3n de educaci\u00f3n superior rusa, propiedad del estado cuya sede se encuentra en la ciudad de San Petersburgo. Se encuentra conformada por veinte facultades especializadas, trece institutos de investigaci\u00f3n, Canada College, Facultad de Estudios Militares, y una c\u00e1tedra de Cultura F\u00edsica y Deportes. Posee un cuadro docente de 4\u00a0055 profesores (2004), y unos 39\u00a0000 estudiantes. La universidad posee dos campus principales: en la isla Vas\u00edlievski y en Peterhof.<\/p>\n<ul>\n<li><a href=\"https:\/\/drive.google.com\/open?id=0Bw7H21T0R4IxV0JDbzMycHN0cHc\"><strong>Viaje Estudiantil.<\/strong><\/a><\/li>\n<\/ul>\n","protected":false},"excerpt":{"rendered":"<p>Es una instituci\u00f3n de educaci\u00f3n superior rusa, propiedad del estado cuya sede se encuentra en la ciudad de San Petersburgo. Se encuentra conformada por veinte facultades especializadas, trece institutos de investigaci\u00f3n, Canada College, Facultad de Estudios Militares, y una c\u00e1tedra de Cultura F\u00edsica y Deportes. Posee un cuadro docente de 4\u00a0055 profesores (2004), y unos [&hellip;]<\/p>\n","protected":false},"author":2,"featured_media":0,"parent":556,"menu_order":0,"comment_status":"closed","ping_status":"closed","template":"","meta":{"footnotes":""},"class_list":["post-1246","page","type-page","status-publish","hentry"],"_links":{"self":[{"href":"https:\/\/humanidades.uprrp.edu\/lenguas\/index.php\/wp-json\/wp\/v2\/pages\/1246","targetHints":{"allow":["GET"]}}],"collection":[{"href":"https:\/\/humanidades.uprrp.edu\/lenguas\/index.php\/wp-json\/wp\/v2\/pages"}],"about":[{"href":"https:\/\/humanidades.uprrp.edu\/lenguas\/index.php\/wp-json\/wp\/v2\/types\/page"}],"author":[{"embeddable":true,"href":"https:\/\/humanidades.uprrp.edu\/lenguas\/index.php\/wp-json\/wp\/v2\/users\/2"}],"replies":[{"embeddable":true,"href":"https:\/\/humanidades.uprrp.edu\/lenguas\/index.php\/wp-json\/wp\/v2\/comments?post=1246"}],"version-history":[{"count":2,"href":"https:\/\/humanidades.uprrp.edu\/lenguas\/index.php\/wp-json\/wp\/v2\/pages\/1246\/revisions"}],"predecessor-version":[{"id":1291,"href":"https:\/\/humanidades.uprrp.edu\/lenguas\/index.php\/wp-json\/wp\/v2\/pages\/1246\/revisions\/1291"}],"up":[{"embeddable":true,"href":"https:\/\/humanidades.uprrp.edu\/lenguas\/index.php\/wp-json\/wp\/v2\/pages\/556"}],"wp:attachment":[{"href":"https:\/\/humanidades.uprrp.edu\/lenguas\/index.php\/wp-json\/wp\/v2\/media?parent=1246"}],"curies":[{"name":"wp","href":"https:\/\/api.w.org\/{rel}","templated":true}]}}