{"id":12,"date":"2014-09-18T03:52:18","date_gmt":"2014-09-18T02:52:18","guid":{"rendered":"http:\/\/lenguasuprrp.wordpress.com\/?page_id=12"},"modified":"2021-07-01T21:33:35","modified_gmt":"2021-07-01T21:33:35","slug":"aleman","status":"publish","type":"page","link":"https:\/\/humanidades.uprrp.edu\/lenguas\/index.php\/curriculo\/cursos\/aleman\/","title":{"rendered":"Cursos de alem\u00e1n"},"content":{"rendered":"<p><span style=\"color: #666699;\"><strong>P\u00e1gina actualizada el\u00a01 julio 2021<\/strong><\/span><\/p>\n<h2><strong>Cursos medulares<\/strong><\/h2>\n<p><strong><a href=\"https:\/\/drive.google.com\/file\/d\/1aNfmdo90O4Uki26d7TKSigyj_5pLv1CD\/view?usp=sharing\">ALEM 3001 Alem\u00e1n Intensivo I<\/a>\u00a0<\/strong>(5 horas &#8211; 3 crs.)<br \/>\nCurso dirigido a estudiantes sin conocimientos previos de la lengua. Est\u00e1 enfocado en el desarrollo de la competencia comunicativa a trav\u00e9s de la pr\u00e1ctica de las cuatro destrezas funcionales de la lengua meta (la comprensi\u00f3n auditiva, la expresi\u00f3n oral, la lectura, la expresi\u00f3n escrita) y del contacto con la cultura. Enfatiza en el estudio cuidadoso de los modismos alemanes, as\u00ed como otros registros expresivos en este idioma.\u00a0Curso presencial, en l\u00ednea e h\u00edbrido.<br \/>\nCorrequisito: <strong>ALEM 3001L \u2013 Laboratorio de Alem\u00e1n intensivo I <\/strong>(2.5 horas &#8211; 0 crs.)<\/p>\n<p><strong><a href=\"https:\/\/drive.google.com\/file\/d\/1xgzqBfDLT1Iou7g-eDW8PdTX6N81Txsx\/view?usp=sharing\">ALEM 3002 Alem\u00e1n Intensivo II<\/a><\/strong> (5 horas &#8211; 3 crs.)<br \/>\n(Prerrequisito: ALEM 3001) Continuaci\u00f3n del curso ALEM 3001. Se enfoca el desarrollo de la competencia comunicativa a trav\u00e9s de la pr\u00e1ctica de las cuatro destrezas funcionales de la lengua alemana (la comprensi\u00f3n auditiva, la expresi\u00f3n oral, la lectura, la expresi\u00f3n escrita) y del contacto con la cultura. Curso presencial, en l\u00ednea e h\u00edbrido.<br \/>\nCorrequisito:<strong> ALEM 3002L \u2013 Laboratorio de Alem\u00e1n intensivo II <\/strong>(2.5 horas &#8211; 0 crs.)<\/p>\n<p><strong><a href=\"https:\/\/drive.google.com\/file\/d\/1FUot7ag4-F99e6GQbq9mSklXHV4sBixW\/view?usp=sharing\">ALEM 3035 Alem\u00e1n intermedio<\/a><\/strong>\u00a0(3 crs.)<br \/>\n(Prerrequisito: ALEM 3002) Continuac\u00edon del aprendizaje de estructuras ling\u00fc\u00edsticas, ampliaci\u00f3n de vocabulario, comprensi\u00f3n de textos y pr\u00e1ctica de destrezas de comunicaci\u00f3n oral y escrita en alem\u00e1n. Curso presencial, en l\u00ednea e h\u00edbrido.<\/p>\n<p><strong><a href=\"https:\/\/drive.google.com\/file\/d\/1EnTxZ3AcG6IZ2UD8VGyn_a88W11K4T-_\/view?usp=sharing\">ALEM 4016 T\u00e9cnicas de expresi\u00f3n oral<\/a>\u00a0<\/strong>(3 crs.)<br \/>\n(Prerrequisito: ALEM 3035) Estudio de las destrezas de comunicaci\u00f3n verbal en lengua alemana, en situaciones de la vida cotidiana, acad\u00e9mica y profesional, tales como: la auto-presentaci\u00f3n, la rese\u00f1a, la presentaci\u00f3n de documentos, el informe argumentativo y el debate, a partir de documentos multimedia. Se abordar\u00e1n los registros de lengua y sus variaciones dialectales, las estrategias retoricas y culturales, el vocabulario y los elementos gramaticales requeridos en cada situaci\u00f3n o genero discursivo estudiado. Se escoger\u00e1n materiales de actualidad relacionados con el \u00e1mbito ling\u00fc\u00edstico germano-alem\u00e1n.\u00a0Curso presencial, en l\u00ednea e h\u00edbrido.<\/p>\n<p><a href=\"https:\/\/drive.google.com\/file\/d\/1goi2DSKrLL_ilD1Q-HpJ2c5jshjkGdVN\/view?usp=sharing\"><strong>ALEM 4009 Gram\u00e1tica avanzada y composici\u00f3n<\/strong><\/a>\u00a0(3 crs.)<br \/>\n(Prerrequisito: ALEM 3035) Pr\u00e1ctica avanzada de gram\u00e1tica y composici\u00f3n, con \u00e9nfasis en an\u00e1lisis estil\u00edstico y sint\u00e1ctico. Curso presencial, en l\u00ednea e h\u00edbrido.<\/p>\n<h2><strong>Electivas<\/strong><\/h2>\n<p><strong>*ALEM 3052 Literatura alemana <\/strong>(3 crs.)<br \/>\n(Prerrequisito: ALEM 3035)<\/p>\n<p><a href=\"https:\/\/drive.google.com\/file\/d\/1b65P-6FeGdr_3Y_qrw_toxGT17rXg5ie\/view?usp=sharing\"><strong>ALEM 4003<\/strong>\u00a0<strong>An\u00e1lisis pragm\u00e1tico del lenguaje de los medios de comunicaci\u00f3n en alem\u00e1n<\/strong><\/a>\u00a0(3 crs.)<br \/>\n(Prerrequisito: ALEM 3035) Este curso es un curso avanzado para estudiantes que han completado el tercer semestre de alem\u00e1n o su equivalente. El curso proporciona a los estudiantes las habilidades ling\u00fc\u00edsticas necesarias para utilizar, comprender y dominar el idioma de los medios de comunicaci\u00f3n alemanes. Se utilizar\u00e1n y evaluar\u00e1n las cuatro destrezas ling\u00fc\u00edsticas: escuchar, hablar, leer y escribir. Adem\u00e1s, el uso de la tecnolog\u00eda moderna en este curso tambi\u00e9n llevar\u00e1 a los estudiantes a un mejor conocimiento de la cultura en los pa\u00edses de habla alemana. Curso presencial, en l\u00ednea e h\u00edbrido.<\/p>\n<p><a href=\"https:\/\/drive.google.com\/file\/d\/1cA6CK-0d_W893jr4zbefKRmJ19Q6_o91\/view?usp=sharing\"><strong>ALEM 4005 Goethe<\/strong><\/a>\u00a0(3 crs.)<br \/>\n(Prerrequisito: ALEM 3035) Curso avanzado para estudiantes que han completado el tercer semestre de alem\u00e1n o su equivalente. El curso ofrece una visi\u00f3n hist\u00f3rica de la vida y la obra del poeta nacional alem\u00e1n J. W. von Goethe. Se puede estudiar tambi\u00e9n la representaci\u00f3n de sus obras literarias en los medios de comunicaci\u00f3n modernos, en particular en el cine. Curso asistido por la tecnolog\u00eda.<\/p>\n<p><strong>*ALEM 4015 Estudio independiente en alem\u00e1n<\/strong>\u00a0(3 crs.)<br \/>\n(Prerrequisito: ALEM 3035) Investigaci\u00f3n dirigida en el \u00e1rea de alem\u00e1n en torno a temas, planteamientos te\u00f3ricos o problemas de la disciplina, de inter\u00e9s individual. El curso podr\u00e1 tomarse un m\u00e1ximo de dos veces (6 cr\u00e9ditos) bajo temas diferentes.<\/p>\n<p>*<a href=\"https:\/\/drive.google.com\/open?id=0Bw7H21T0R4IxUGxTVDNkQV9qOW8\"><strong>ALEM 4025 Introducci\u00f3n a la ling\u00fc\u00edstica alemana <\/strong><\/a>(3 crs.)<strong><br \/>\n<\/strong>(Prerrequisito: ALEM 3013) Estudio breve mediante conferencias y discusi\u00f3n de conceptos b\u00e1sicos, elementos constitutivos y niveles de an\u00e1lisis de la ling\u00fc\u00edstica del alem\u00e1n. Segmentos fonol\u00f3gicos, voc\u00e1licos y conson\u00e1nticos, procesos fonol\u00f3gicos, fonemas y al\u00f3fonos, morfemas, categor\u00edas de palabras, sintagmas, sem\u00e1ntica lexical; estudio de la variaci\u00f3n dialectal (fon\u00e9tica y lexical) de la lengua alamana seg\u00fan criterios geogr\u00e1ficos y sociales.<\/p>\n<p>*<a href=\"https:\/\/drive.google.com\/open?id=0Bw7H21T0R4Ixd2k2eXdrQ3BnNjQ\"><strong>ALEM 4105 Cine alem\u00e1n<\/strong><\/a> (3 crs.)<br \/>\n(Prerrequisito: ALEM 3035) Estudio cr\u00edtico en forma de conferencia y discusi\u00f3n de la producci\u00f3n cinematogr\u00e1fica en lengua alemana, tomando en consideraci\u00f3n aspectos hist\u00f3ricos, literarios, sociopol\u00edticos, est\u00e9ticos, ling\u00fc\u00edsticos y culturales en que se desarrolla, dirigido a estudiantes de alem\u00e1n como lengua extranjera, con el fin de ampliar, y fortalecer sus conocimientos de la lengua meta as\u00ed como diversificar y complementar los trasfondos culturales del estudiante. El curso podr\u00e1 tomarse un m\u00e1ximo de dos veces (6 cr\u00e9ditos) bajo temas diferentes. Se fomentar\u00e1 la perspectiva interdisciplinaria.<\/p>\n<p><a href=\"https:\/\/drive.google.com\/file\/d\/1O7LOfEjP04Ml-cvOuhpnz2khf6ob3WrZ\/view?usp=sharing\"><strong>ALEM 4216 Estudio avanzado en alem\u00e1n<\/strong><\/a>\u00a0(3 crs.)<strong><br \/>\n<\/strong>(Prerrequisito: ALEM 3035) Desarrollo de destrezas de comunicaci\u00f3n a un nivel avanzado. El contenido del curso puede variar cada semestre.\u00a0Curso presencial, en l\u00ednea e h\u00edbrido.<\/p>\n<p><a href=\"https:\/\/drive.google.com\/file\/d\/1JYu59ilrpE2OkNZEDzrrIcV6sTzuOOo0\/view?usp=sharing\"><strong>ALEM 4501 Civilizaci\u00f3n alemana I<\/strong><\/a> (3 crs.)<br \/>\n(Prerrequisito: ALEM 3035)\u00a0Este es un curso avanzado para estudiantes que han completado el tercer semestre de alem\u00e1n o su equivalente. El curso ofrece una visi\u00f3n general hist\u00f3rica de la civilizaci\u00f3n alemana desde el principio hasta la Segunda Guerra Mundial. Los estudiantes tambi\u00e9n podr\u00e1n estudiar las particularidades de la civilizaci\u00f3n alemana y c\u00f3mo aquella plasm\u00f3 la sociedad actual. Este curso tambi\u00e9n ofrece una visi\u00f3n general de las civilizaciones de los pa\u00edses de habla alemana en el contexto europeo.\u00a0Curso presencial, en l\u00ednea e h\u00edbrido.<\/p>\n<p><a href=\"https:\/\/drive.google.com\/file\/d\/1WWg9j62SpmC8PsbA-QVg_VVu9wKgdlZw\/view?usp=sharing\"><strong>ALEM 4502 Civilizaci\u00f3n alemana II<\/strong><\/a>\u00a0(3 crs.)<br \/>\n(Prerrequisito: ALEM 3035)\u00a0Este es un curso avanzado para estudiantes que han completado el tercer semestre de alem\u00e1n o su equivalente.\u00a0 El curso ofrece una visi\u00f3n general hist\u00f3rica de la civilizaci\u00f3n alemana desde el final de la Segunda Guerra Mundial hasta el a\u00f1o 2000. Se contrastar\u00e1n en particular las diferencias entre los dos sistemas pol\u00edticos e ideol\u00f3gicos que divid\u00edan Alemania y su impacto en la sociedad actual. Este curso tambi\u00e9n ofrece una visi\u00f3n general de las civilizaciones de los pa\u00edses de habla alemana en el contexto europeo contempor\u00e1neo.\u00a0Curso presencial, en l\u00ednea e h\u00edbrido.<\/p>\n","protected":false},"excerpt":{"rendered":"<p>P\u00e1gina actualizada el\u00a01 julio 2021 Cursos medulares ALEM 3001 Alem\u00e1n Intensivo I\u00a0(5 horas &#8211; 3 crs.) Curso dirigido a estudiantes sin conocimientos previos de la lengua. Est\u00e1 enfocado en el desarrollo de la competencia comunicativa a trav\u00e9s de la pr\u00e1ctica de las cuatro destrezas funcionales de la lengua meta (la comprensi\u00f3n auditiva, la expresi\u00f3n oral, [&hellip;]<\/p>\n","protected":false},"author":3,"featured_media":0,"parent":177,"menu_order":1,"comment_status":"open","ping_status":"open","template":"full-width.php","meta":{"footnotes":""},"class_list":["post-12","page","type-page","status-publish","hentry"],"_links":{"self":[{"href":"https:\/\/humanidades.uprrp.edu\/lenguas\/index.php\/wp-json\/wp\/v2\/pages\/12","targetHints":{"allow":["GET"]}}],"collection":[{"href":"https:\/\/humanidades.uprrp.edu\/lenguas\/index.php\/wp-json\/wp\/v2\/pages"}],"about":[{"href":"https:\/\/humanidades.uprrp.edu\/lenguas\/index.php\/wp-json\/wp\/v2\/types\/page"}],"author":[{"embeddable":true,"href":"https:\/\/humanidades.uprrp.edu\/lenguas\/index.php\/wp-json\/wp\/v2\/users\/3"}],"replies":[{"embeddable":true,"href":"https:\/\/humanidades.uprrp.edu\/lenguas\/index.php\/wp-json\/wp\/v2\/comments?post=12"}],"version-history":[{"count":31,"href":"https:\/\/humanidades.uprrp.edu\/lenguas\/index.php\/wp-json\/wp\/v2\/pages\/12\/revisions"}],"predecessor-version":[{"id":3040,"href":"https:\/\/humanidades.uprrp.edu\/lenguas\/index.php\/wp-json\/wp\/v2\/pages\/12\/revisions\/3040"}],"up":[{"embeddable":true,"href":"https:\/\/humanidades.uprrp.edu\/lenguas\/index.php\/wp-json\/wp\/v2\/pages\/177"}],"wp:attachment":[{"href":"https:\/\/humanidades.uprrp.edu\/lenguas\/index.php\/wp-json\/wp\/v2\/media?parent=12"}],"curies":[{"name":"wp","href":"https:\/\/api.w.org\/{rel}","templated":true}]}}