{"id":1086,"date":"2017-02-27T17:26:52","date_gmt":"2017-02-27T17:26:52","guid":{"rendered":"https:\/\/humanidades.uprrp.edu\/lenguas\/?page_id=1086"},"modified":"2020-02-06T18:05:51","modified_gmt":"2020-02-06T18:05:51","slug":"universidade-de-coimbra","status":"publish","type":"page","link":"https:\/\/humanidades.uprrp.edu\/lenguas\/index.php\/intercambio\/universidades-lusofonas\/universidade-de-coimbra\/","title":{"rendered":"Universidade de Coimbra"},"content":{"rendered":"<p>Los estudiantes que hayan completado por lo menos un a\u00f1o de estudio de portugu\u00e9s pueden ir de\u00a0<a href=\"http:\/\/www.uc.pt\/fluc\/ensino\/cpe\/cf\"><strong>intercambio de la mitad de junio hasta el final de julio<\/strong><\/a>. Despu\u00e9s de un examen de ubicaci\u00f3n, se le entregar\u00e1 al estudiante un\u00a0<strong><a href=\"http:\/\/www.uc.pt\/fluc\/ensino\/cpe\/cf\/plano_estudos\">plan de cursos de lengua, literatura y cultura portuguesas<\/a><\/strong>\u00a0id\u00f3neo a su nivel, para un total de 20-21 horas semanales.<\/p>\n","protected":false},"excerpt":{"rendered":"<p>Los estudiantes que hayan completado por lo menos un a\u00f1o de estudio de portugu\u00e9s pueden ir de\u00a0intercambio de la mitad de junio hasta el final de julio. Despu\u00e9s de un examen de ubicaci\u00f3n, se le entregar\u00e1 al estudiante un\u00a0plan de cursos de lengua, literatura y cultura portuguesas\u00a0id\u00f3neo a su nivel, para un total de 20-21 [&hellip;]<\/p>\n","protected":false},"author":2,"featured_media":0,"parent":554,"menu_order":0,"comment_status":"closed","ping_status":"closed","template":"","meta":{"footnotes":""},"class_list":["post-1086","page","type-page","status-publish","hentry"],"_links":{"self":[{"href":"https:\/\/humanidades.uprrp.edu\/lenguas\/index.php\/wp-json\/wp\/v2\/pages\/1086","targetHints":{"allow":["GET"]}}],"collection":[{"href":"https:\/\/humanidades.uprrp.edu\/lenguas\/index.php\/wp-json\/wp\/v2\/pages"}],"about":[{"href":"https:\/\/humanidades.uprrp.edu\/lenguas\/index.php\/wp-json\/wp\/v2\/types\/page"}],"author":[{"embeddable":true,"href":"https:\/\/humanidades.uprrp.edu\/lenguas\/index.php\/wp-json\/wp\/v2\/users\/2"}],"replies":[{"embeddable":true,"href":"https:\/\/humanidades.uprrp.edu\/lenguas\/index.php\/wp-json\/wp\/v2\/comments?post=1086"}],"version-history":[{"count":2,"href":"https:\/\/humanidades.uprrp.edu\/lenguas\/index.php\/wp-json\/wp\/v2\/pages\/1086\/revisions"}],"predecessor-version":[{"id":2710,"href":"https:\/\/humanidades.uprrp.edu\/lenguas\/index.php\/wp-json\/wp\/v2\/pages\/1086\/revisions\/2710"}],"up":[{"embeddable":true,"href":"https:\/\/humanidades.uprrp.edu\/lenguas\/index.php\/wp-json\/wp\/v2\/pages\/554"}],"wp:attachment":[{"href":"https:\/\/humanidades.uprrp.edu\/lenguas\/index.php\/wp-json\/wp\/v2\/media?parent=1086"}],"curies":[{"name":"wp","href":"https:\/\/api.w.org\/{rel}","templated":true}]}}