{"id":1083,"date":"2017-02-27T17:25:35","date_gmt":"2017-02-27T17:25:35","guid":{"rendered":"https:\/\/humanidades.uprrp.edu\/lenguas\/?page_id=1083"},"modified":"2017-02-27T17:25:46","modified_gmt":"2017-02-27T17:25:46","slug":"universidade-do-porto","status":"publish","type":"page","link":"https:\/\/humanidades.uprrp.edu\/lenguas\/index.php\/intercambio\/universidades-lusofonas\/universidade-do-porto\/","title":{"rendered":"Universidade do Porto"},"content":{"rendered":"<p>Para todo estudiante que haya terminado los cursos b\u00e1sicos e intermedio de portugu\u00e9s, la universidad ofrece un intercambio de un semestre o un a\u00f1o. El estudiante escoger\u00e1 un programa de cursos electivos dentro del cat\u00e1logo general en\u00a0<strong><a href=\"https:\/\/sigarra.up.pt\/flup\/pt\/cur_geral.cur_inicio\">cualquier departamento<\/a><\/strong>\u00a0de la universidad, en particular en\u00a0<a href=\"https:\/\/sigarra.up.pt\/flup\/pt\/cur_geral.cur_planos_estudos_view?pv_plano_id=1213&amp;pv_ano_lectivo=2016&amp;pv_tipo_cur_sigla=L&amp;pv_origem=CUR\"><strong>literatura<\/strong><\/a>, cultura, ling\u00fc\u00edstica, arte o hasta de otro idioma.<br \/>\nSi se van para un semestre, debe ser en enero. Ojo: solo pueden escoger cursos que se dan los segundos semestres de la \u201cLicenciatura\u201d.<\/p>\n<p>Esa universidad tambi\u00e9n acoge egresados de la UPR en sus programas graduados.<\/p>\n","protected":false},"excerpt":{"rendered":"<p>Para todo estudiante que haya terminado los cursos b\u00e1sicos e intermedio de portugu\u00e9s, la universidad ofrece un intercambio de un semestre o un a\u00f1o. El estudiante escoger\u00e1 un programa de cursos electivos dentro del cat\u00e1logo general en\u00a0cualquier departamento\u00a0de la universidad, en particular en\u00a0literatura, cultura, ling\u00fc\u00edstica, arte o hasta de otro idioma. Si se van para [&hellip;]<\/p>\n","protected":false},"author":2,"featured_media":0,"parent":554,"menu_order":0,"comment_status":"closed","ping_status":"closed","template":"","meta":{"footnotes":""},"class_list":["post-1083","page","type-page","status-publish","hentry"],"_links":{"self":[{"href":"https:\/\/humanidades.uprrp.edu\/lenguas\/index.php\/wp-json\/wp\/v2\/pages\/1083","targetHints":{"allow":["GET"]}}],"collection":[{"href":"https:\/\/humanidades.uprrp.edu\/lenguas\/index.php\/wp-json\/wp\/v2\/pages"}],"about":[{"href":"https:\/\/humanidades.uprrp.edu\/lenguas\/index.php\/wp-json\/wp\/v2\/types\/page"}],"author":[{"embeddable":true,"href":"https:\/\/humanidades.uprrp.edu\/lenguas\/index.php\/wp-json\/wp\/v2\/users\/2"}],"replies":[{"embeddable":true,"href":"https:\/\/humanidades.uprrp.edu\/lenguas\/index.php\/wp-json\/wp\/v2\/comments?post=1083"}],"version-history":[{"count":1,"href":"https:\/\/humanidades.uprrp.edu\/lenguas\/index.php\/wp-json\/wp\/v2\/pages\/1083\/revisions"}],"predecessor-version":[{"id":1084,"href":"https:\/\/humanidades.uprrp.edu\/lenguas\/index.php\/wp-json\/wp\/v2\/pages\/1083\/revisions\/1084"}],"up":[{"embeddable":true,"href":"https:\/\/humanidades.uprrp.edu\/lenguas\/index.php\/wp-json\/wp\/v2\/pages\/554"}],"wp:attachment":[{"href":"https:\/\/humanidades.uprrp.edu\/lenguas\/index.php\/wp-json\/wp\/v2\/media?parent=1083"}],"curies":[{"name":"wp","href":"https:\/\/api.w.org\/{rel}","templated":true}]}}