{"id":1073,"date":"2017-02-27T17:11:51","date_gmt":"2017-02-27T17:11:51","guid":{"rendered":"https:\/\/humanidades.uprrp.edu\/lenguas\/?page_id=1073"},"modified":"2017-02-27T17:12:25","modified_gmt":"2017-02-27T17:12:25","slug":"cluss-centro-linguistico-universita-per-stranieri-di-siena","status":"publish","type":"page","link":"https:\/\/humanidades.uprrp.edu\/lenguas\/index.php\/intercambio\/universidades-italianas\/cluss-centro-linguistico-universita-per-stranieri-di-siena\/","title":{"rendered":"CLUSS (Centro Linguistico Universit\u00e0 per Stranieri di Siena)"},"content":{"rendered":"<p>El Dr. Giovanni D\u2019Agostino organiza\u00a0<strong><a href=\"https:\/\/drive.google.com\/open?id=0BwN8laroTzjmNUxLM0Y4UF96WDA\">en el mes de julio<\/a><\/strong>\u00a0un viaje de 4 a 5 semanas a\u00a0<a href=\"http:\/\/cluss.unistrasi.it\/1\/50\/88\/Corsi_di_lingua_italiana.htm\"><strong>Siena<\/strong>\u00a0<\/a>para estudiantes que completaron por lo menos el primer a\u00f1o de italiano. Al llegar, los estudiantes toman un examen de ubicaci\u00f3n y se matriculan en 1 curso de 6 cr\u00e9ditos (90 horas) de su nivel.<\/p>\n<p>Adem\u00e1s, el Dr. D\u2019Agostino trae a sus estudiantes de viaje cultural a varios sitios tur\u00edsticos (<strong>Roma, Venezia, Pisa, Lucca, Firenze<\/strong>, etc.).<\/p>\n","protected":false},"excerpt":{"rendered":"<p>El Dr. Giovanni D\u2019Agostino organiza\u00a0en el mes de julio\u00a0un viaje de 4 a 5 semanas a\u00a0Siena\u00a0para estudiantes que completaron por lo menos el primer a\u00f1o de italiano. Al llegar, los estudiantes toman un examen de ubicaci\u00f3n y se matriculan en 1 curso de 6 cr\u00e9ditos (90 horas) de su nivel. Adem\u00e1s, el Dr. D\u2019Agostino trae [&hellip;]<\/p>\n","protected":false},"author":2,"featured_media":0,"parent":550,"menu_order":0,"comment_status":"closed","ping_status":"closed","template":"","meta":{"footnotes":""},"class_list":["post-1073","page","type-page","status-publish","hentry"],"_links":{"self":[{"href":"https:\/\/humanidades.uprrp.edu\/lenguas\/index.php\/wp-json\/wp\/v2\/pages\/1073","targetHints":{"allow":["GET"]}}],"collection":[{"href":"https:\/\/humanidades.uprrp.edu\/lenguas\/index.php\/wp-json\/wp\/v2\/pages"}],"about":[{"href":"https:\/\/humanidades.uprrp.edu\/lenguas\/index.php\/wp-json\/wp\/v2\/types\/page"}],"author":[{"embeddable":true,"href":"https:\/\/humanidades.uprrp.edu\/lenguas\/index.php\/wp-json\/wp\/v2\/users\/2"}],"replies":[{"embeddable":true,"href":"https:\/\/humanidades.uprrp.edu\/lenguas\/index.php\/wp-json\/wp\/v2\/comments?post=1073"}],"version-history":[{"count":2,"href":"https:\/\/humanidades.uprrp.edu\/lenguas\/index.php\/wp-json\/wp\/v2\/pages\/1073\/revisions"}],"predecessor-version":[{"id":1075,"href":"https:\/\/humanidades.uprrp.edu\/lenguas\/index.php\/wp-json\/wp\/v2\/pages\/1073\/revisions\/1075"}],"up":[{"embeddable":true,"href":"https:\/\/humanidades.uprrp.edu\/lenguas\/index.php\/wp-json\/wp\/v2\/pages\/550"}],"wp:attachment":[{"href":"https:\/\/humanidades.uprrp.edu\/lenguas\/index.php\/wp-json\/wp\/v2\/media?parent=1073"}],"curies":[{"name":"wp","href":"https:\/\/api.w.org\/{rel}","templated":true}]}}