{"id":1029,"date":"2017-02-21T19:03:35","date_gmt":"2017-02-21T19:03:35","guid":{"rendered":"https:\/\/humanidades.uprrp.edu\/lenguas\/?page_id=1029"},"modified":"2017-06-22T13:04:59","modified_gmt":"2017-06-22T13:04:59","slug":"universite-daix-en-provence","status":"publish","type":"page","link":"https:\/\/humanidades.uprrp.edu\/lenguas\/index.php\/intercambio\/universidades-francofonas\/universite-daix-en-provence\/","title":{"rendered":"Universit\u00e9 d\u2019Aix-en-Provence"},"content":{"rendered":"<p>La Dra. Fran\u00e7oise Ghillebaert organizar\u00e1 el pr\u00f3ximo verano 2017 un\u00a0<a href=\"https:\/\/drive.google.com\/open?id=0BwN8laroTzjmWmZhcDZSSkd4VXM\"><strong>viaje de estudio de 4 semanas a Aix-en-Provence<\/strong><\/a>\u00a0en Francia. El\/la estudiante se matricula en la UPRRP en el curso\u00a0<a href=\"https:\/\/drive.google.com\/open?id=0BwN8laroTzjmdmNCSWpkdFN1OVE\"><strong>FRAN 3995<\/strong><\/a>\u00a0de 6 cr\u00e9ditos, pero estudia en Francia. Al llegar a la instituci\u00f3n universitaria, luego de una prueba de ubicaci\u00f3n, el estudiante ser\u00e1 colocado en un grupo que corresponda a su nivel de conocimiento de la lengua por lo que el curso est\u00e1 disponible para todos los estudiantes sin importar su nivel de franc\u00e9s. Adem\u00e1s se cubrir\u00e1n aspectos culturales, sociales y pr\u00e1cticos de manera que el estudiante adquiera un saber integral de la sociedad francesa y de la regi\u00f3n. Con este objetivo, se organizar\u00e1n\u00a0<a href=\"https:\/\/drive.google.com\/open?id=0BwN8laroTzjmcllxNndPNkc1UTQ\"><strong>excursiones<\/strong><\/a>\u00a0a las \u00e1reas aleda\u00f1as y 2 talleres tem\u00e1ticos de 6 horas cada uno sobre temas socio-culturales. Se alienta a que el estudiante se albergue\u00a0<a href=\"https:\/\/drive.google.com\/open?id=0BwN8laroTzjmQnRHSmlXSEUzLUE\"><strong>con una familia francesa<\/strong><\/a>.<\/p>\n<ul>\n<li><strong><a href=\"https:\/\/drive.google.com\/file\/d\/0BwN8laroTzjmUi01Qmd4NG5ieEE\/view\">Viaje Estudiantil<\/a><\/strong><\/li>\n<li><strong><a href=\"https:\/\/www.facebook.com\/FRAN3995.AixenProvence\/\">P\u00e1gina Facebook del viaje 2017<\/a><\/strong><\/li>\n<\/ul>\n<p>&nbsp;<\/p>\n","protected":false},"excerpt":{"rendered":"<p>La Dra. Fran\u00e7oise Ghillebaert organizar\u00e1 el pr\u00f3ximo verano 2017 un\u00a0viaje de estudio de 4 semanas a Aix-en-Provence\u00a0en Francia. El\/la estudiante se matricula en la UPRRP en el curso\u00a0FRAN 3995\u00a0de 6 cr\u00e9ditos, pero estudia en Francia. Al llegar a la instituci\u00f3n universitaria, luego de una prueba de ubicaci\u00f3n, el estudiante ser\u00e1 colocado en un grupo que [&hellip;]<\/p>\n","protected":false},"author":2,"featured_media":0,"parent":547,"menu_order":0,"comment_status":"closed","ping_status":"closed","template":"","meta":{"footnotes":""},"class_list":["post-1029","page","type-page","status-publish","hentry"],"_links":{"self":[{"href":"https:\/\/humanidades.uprrp.edu\/lenguas\/index.php\/wp-json\/wp\/v2\/pages\/1029","targetHints":{"allow":["GET"]}}],"collection":[{"href":"https:\/\/humanidades.uprrp.edu\/lenguas\/index.php\/wp-json\/wp\/v2\/pages"}],"about":[{"href":"https:\/\/humanidades.uprrp.edu\/lenguas\/index.php\/wp-json\/wp\/v2\/types\/page"}],"author":[{"embeddable":true,"href":"https:\/\/humanidades.uprrp.edu\/lenguas\/index.php\/wp-json\/wp\/v2\/users\/2"}],"replies":[{"embeddable":true,"href":"https:\/\/humanidades.uprrp.edu\/lenguas\/index.php\/wp-json\/wp\/v2\/comments?post=1029"}],"version-history":[{"count":8,"href":"https:\/\/humanidades.uprrp.edu\/lenguas\/index.php\/wp-json\/wp\/v2\/pages\/1029\/revisions"}],"predecessor-version":[{"id":1057,"href":"https:\/\/humanidades.uprrp.edu\/lenguas\/index.php\/wp-json\/wp\/v2\/pages\/1029\/revisions\/1057"}],"up":[{"embeddable":true,"href":"https:\/\/humanidades.uprrp.edu\/lenguas\/index.php\/wp-json\/wp\/v2\/pages\/547"}],"wp:attachment":[{"href":"https:\/\/humanidades.uprrp.edu\/lenguas\/index.php\/wp-json\/wp\/v2\/media?parent=1029"}],"curies":[{"name":"wp","href":"https:\/\/api.w.org\/{rel}","templated":true}]}}