{"id":1025,"date":"2017-02-21T19:00:42","date_gmt":"2017-02-21T19:00:42","guid":{"rendered":"https:\/\/humanidades.uprrp.edu\/lenguas\/?page_id=1025"},"modified":"2017-02-21T19:30:20","modified_gmt":"2017-02-21T19:30:20","slug":"universite-de-picardie-jules-verne","status":"publish","type":"page","link":"https:\/\/humanidades.uprrp.edu\/lenguas\/index.php\/intercambio\/universidades-francofonas\/universite-de-picardie-jules-verne\/","title":{"rendered":"Universit\u00e9 de Picardie Jules Verne"},"content":{"rendered":"<p>La Universidad ofrece dos cursos para extranjeros dentro su <a href=\"https:\/\/www.u-picardie.fr\/international\/venir-a-l-upjv\/cours-fle-339786.kjsp?RH=INT-VENIR\"><strong>Centre FLE<\/strong>:<\/a><br \/>\n&#8211; un curso de civilizaci\u00f3n francesa de 25 horas (2.5 horas\/semana por 10 semanas) y 4 ECTS<br \/>\n&#8211; un curso de lengua francesa de 25 horas (2.5 horas\/semana por 10 semanas) y 4 ECTS<br \/>\nEl estudiante recibir\u00e1 una forma de matr\u00edcula que llenar\u00e1 antes de llegar.<\/p>\n<p>Adem\u00e1s, cada estudiante puede escoger cursos en franc\u00e9s de <a href=\"https:\/\/www.u-picardie.fr\/formation\/notre-offre\/\"><strong>cualquier departamento<\/strong> <\/a>de la universidad, en particular de <a href=\"https:\/\/www.u-picardie.fr\/catalogue-formations\/co\/Catalogue_UPJV_1\/co\/L_Lettres_Humanites.html\"><strong>literatura<\/strong><\/a>, cultura, ling\u00fc\u00edstica, arte o hasta de otro idioma. Ojo: si se van en enero, solo pueden escoger cursos que se dan los semestres 2, 4 o 6 de la \u201cLicence\u201d.<\/p>\n","protected":false},"excerpt":{"rendered":"<p>La Universidad ofrece dos cursos para extranjeros dentro su Centre FLE: &#8211; un curso de civilizaci\u00f3n francesa de 25 horas (2.5 horas\/semana por 10 semanas) y 4 ECTS &#8211; un curso de lengua francesa de 25 horas (2.5 horas\/semana por 10 semanas) y 4 ECTS El estudiante recibir\u00e1 una forma de matr\u00edcula que llenar\u00e1 antes [&hellip;]<\/p>\n","protected":false},"author":2,"featured_media":0,"parent":547,"menu_order":0,"comment_status":"closed","ping_status":"closed","template":"","meta":{"footnotes":""},"class_list":["post-1025","page","type-page","status-publish","hentry"],"_links":{"self":[{"href":"https:\/\/humanidades.uprrp.edu\/lenguas\/index.php\/wp-json\/wp\/v2\/pages\/1025","targetHints":{"allow":["GET"]}}],"collection":[{"href":"https:\/\/humanidades.uprrp.edu\/lenguas\/index.php\/wp-json\/wp\/v2\/pages"}],"about":[{"href":"https:\/\/humanidades.uprrp.edu\/lenguas\/index.php\/wp-json\/wp\/v2\/types\/page"}],"author":[{"embeddable":true,"href":"https:\/\/humanidades.uprrp.edu\/lenguas\/index.php\/wp-json\/wp\/v2\/users\/2"}],"replies":[{"embeddable":true,"href":"https:\/\/humanidades.uprrp.edu\/lenguas\/index.php\/wp-json\/wp\/v2\/comments?post=1025"}],"version-history":[{"count":3,"href":"https:\/\/humanidades.uprrp.edu\/lenguas\/index.php\/wp-json\/wp\/v2\/pages\/1025\/revisions"}],"predecessor-version":[{"id":1039,"href":"https:\/\/humanidades.uprrp.edu\/lenguas\/index.php\/wp-json\/wp\/v2\/pages\/1025\/revisions\/1039"}],"up":[{"embeddable":true,"href":"https:\/\/humanidades.uprrp.edu\/lenguas\/index.php\/wp-json\/wp\/v2\/pages\/547"}],"wp:attachment":[{"href":"https:\/\/humanidades.uprrp.edu\/lenguas\/index.php\/wp-json\/wp\/v2\/media?parent=1025"}],"curies":[{"name":"wp","href":"https:\/\/api.w.org\/{rel}","templated":true}]}}