{"id":1018,"date":"2017-02-21T18:52:45","date_gmt":"2017-02-21T18:52:45","guid":{"rendered":"https:\/\/humanidades.uprrp.edu\/lenguas\/?page_id=1018"},"modified":"2022-09-06T14:24:23","modified_gmt":"2022-09-06T14:24:23","slug":"universite-de-rennes-ii","status":"publish","type":"page","link":"https:\/\/humanidades.uprrp.edu\/lenguas\/index.php\/intercambio\/universidades-francofonas\/universite-de-rennes-ii\/","title":{"rendered":"Universit\u00e9 de Rennes II"},"content":{"rendered":"<p>La Universidad de Rennes II ofrece la posibilidad de tomar una seria organizada de cursos de franc\u00e9s para extranjeros dentro del <a href=\"https:\/\/sites-formations.univ-rennes2.fr\/cirefe\/en\/cirefe-learn-french-in-rennes-discover-britanny\/\"><strong>CIREFE<\/strong> <\/a>(Centre International Rennais d\u2019Etudes de Fran\u00e7ais pour \u00c9trangers).<\/p>\n<p>Al llegar, el estudiante tomar\u00e1 un examen de ubicaci\u00f3n y se le dar\u00e1 un programa id\u00f3neo de 16 horas de clase. Por ejemplo, un estudiante que pas\u00f3 FRAN 3035 Franc\u00e9s intermedio, de nivel B1, deber\u00eda poder colocarse en <a href=\"https:\/\/sites-formations.univ-rennes2.fr\/cirefe\/wp-content\/uploads\/2021\/11\/B2-2021-2022.pdf\"><strong>DUEF B2<\/strong><\/a>, que corresponde m\u00e1s o menos al nivel del curso FRAN 4008 Gram\u00e1tica avanzada y composici\u00f3n<\/p>\n<p>Adem\u00e1s, cada estudiante puede escoger cursos en franc\u00e9s de <a href=\"https:\/\/www.univ-rennes2.fr\/service-communication\/ufr-departements-unites-recherche\"><strong>cualquier departamento<\/strong><\/a> de la universidad, en particular de <a href=\"https:\/\/www.univ-rennes2.fr\/lettres\/licence-lettres\"><strong>literatura, cultura, ling\u00fc\u00edstica<\/strong>,<\/a> arte o hasta de otro idioma. Ojo: si se van en enero, solo pueden escoger cursos que se dan los semestres 2, 4 o 6 de la \u201cLicence\u201d.<\/p>\n<ul>\n<li><strong><a href=\"https:\/\/drive.google.com\/open?id=0BwN8laroTzjmUkQza0dZdURWS3c\">Viaje estudiantil.<\/a><\/strong><\/li>\n<\/ul>\n","protected":false},"excerpt":{"rendered":"<p>La Universidad de Rennes II ofrece la posibilidad de tomar una seria organizada de cursos de franc\u00e9s para extranjeros dentro del CIREFE (Centre International Rennais d\u2019Etudes de Fran\u00e7ais pour \u00c9trangers). Al llegar, el estudiante tomar\u00e1 un examen de ubicaci\u00f3n y se le dar\u00e1 un programa id\u00f3neo de 16 horas de clase. Por ejemplo, un estudiante [&hellip;]<\/p>\n","protected":false},"author":2,"featured_media":0,"parent":547,"menu_order":0,"comment_status":"closed","ping_status":"closed","template":"","meta":{"footnotes":""},"class_list":["post-1018","page","type-page","status-publish","hentry"],"_links":{"self":[{"href":"https:\/\/humanidades.uprrp.edu\/lenguas\/index.php\/wp-json\/wp\/v2\/pages\/1018","targetHints":{"allow":["GET"]}}],"collection":[{"href":"https:\/\/humanidades.uprrp.edu\/lenguas\/index.php\/wp-json\/wp\/v2\/pages"}],"about":[{"href":"https:\/\/humanidades.uprrp.edu\/lenguas\/index.php\/wp-json\/wp\/v2\/types\/page"}],"author":[{"embeddable":true,"href":"https:\/\/humanidades.uprrp.edu\/lenguas\/index.php\/wp-json\/wp\/v2\/users\/2"}],"replies":[{"embeddable":true,"href":"https:\/\/humanidades.uprrp.edu\/lenguas\/index.php\/wp-json\/wp\/v2\/comments?post=1018"}],"version-history":[{"count":12,"href":"https:\/\/humanidades.uprrp.edu\/lenguas\/index.php\/wp-json\/wp\/v2\/pages\/1018\/revisions"}],"predecessor-version":[{"id":1061,"href":"https:\/\/humanidades.uprrp.edu\/lenguas\/index.php\/wp-json\/wp\/v2\/pages\/1018\/revisions\/1061"}],"up":[{"embeddable":true,"href":"https:\/\/humanidades.uprrp.edu\/lenguas\/index.php\/wp-json\/wp\/v2\/pages\/547"}],"wp:attachment":[{"href":"https:\/\/humanidades.uprrp.edu\/lenguas\/index.php\/wp-json\/wp\/v2\/media?parent=1018"}],"curies":[{"name":"wp","href":"https:\/\/api.w.org\/{rel}","templated":true}]}}