{"id":10,"date":"2014-09-18T03:50:22","date_gmt":"2014-09-18T02:50:22","guid":{"rendered":"http:\/\/lenguasuprrp.wordpress.com\/?page_id=10"},"modified":"2022-12-07T19:21:02","modified_gmt":"2022-12-07T19:21:02","slug":"secuencias","status":"publish","type":"page","link":"https:\/\/humanidades.uprrp.edu\/lenguas\/index.php\/curriculo\/secuencias\/","title":{"rendered":"Secuencias curriculares"},"content":{"rendered":"<p><span style=\"color: #666699;\"><strong>P\u00e1gina actualizada el 7 diciembre 2022<\/strong><\/span><\/p>\n<h2><strong>Concentraci\u00f3n Mayor y \u00c1reas de \u00e9nfasis<\/strong><\/h2>\n<p>El Departamento de Lenguas Extranjeras ofrece una concentraci\u00f3n mayor, el\u00a0<em>Bachillerato en Artes con Concentraci\u00f3n en Lenguas Modernas<\/em>. Tambi\u00e9n ofrecemos <strong><a href=\"https:\/\/humanidades.uprrp.edu\/lenguas\/index.php\/curriculo\/secuencias\/concentraciones-menores\/\">Concentraciones Menores<\/a><\/strong>.<\/p>\n<p>Nuestra\u00a0concentraci\u00f3n mayor ofrece cuatro posibilidades de \u00e9nfasis:<br \/>\n<strong>1. <em>Estudios franceses y franc\u00f3fonos<br \/>\n<\/em>2. <em>Estudios italianos<br \/>\n<\/em>3. <em>Estudios lus\u00f3fonos<\/em><br \/>\n4. <em>Dos lenguas:\u00a0<\/em><\/strong>Una Lengua Primaria [Franc\u00e9s o Italiano o Portugu\u00e9s o Alem\u00e1n] y una Lengua Secundaria [Franc\u00e9s o Italiano o Portugu\u00e9s o Alem\u00e1n o Chino]<\/p>\n<p>Ejemplos:<br \/>\n&#8211; Bachillerato en Artes con concentraci\u00f3n en Lenguas Modernas con \u00e9nfasis en Estudios lus\u00f3fonos<br \/>\n&#8211; Bachillerato en Artes con concentraci\u00f3n en Lenguas Modernas con \u00e9nfasis en Alem\u00e1n y Chino<\/p>\n<p>&nbsp;<\/p>\n<h2><strong>Secuencias curriculares <\/strong>(42 cr\u00e9ditos)<\/h2>\n<h3><strong><em>Estudios franceses y franc\u00f3fonos*<\/em><\/strong><\/h3>\n<p>&#8212;&#8212;&#8212;&#8212;&#8212;&#8212;&#8212;&#8212;&#8212;&#8212;&#8212;&#8212;&#8212;&#8212;&#8212;&#8212;&#8212;&#8212;&#8212;&#8212;&#8212;&#8212;&#8212;&#8212;&#8212;&#8212;&#8212;&#8211;<br \/>\n(6 crs)\u00a0 \u00a0 Franc\u00e9s\u00a0intensivo I y II:\u00a0FRAN 3031-3032<br \/>\n(3 crs)\u00a0 \u00a0 Franc\u00e9s\u00a0intermedio: FRAN 3035<br \/>\n(3 crs)\u00a0 \u00a0 Dicci\u00f3n y fon\u00e9tica francesas: FRAN 3060<br \/>\n(3 crs)\u00a0 \u00a0 Gram\u00e1tica avanzada y composici\u00f3n: FRAN 4008<br \/>\n(9 crs)\u00a0\u00a0\u00a0 Tres electivas en franc\u00e9s<br \/>\n&#8212;&#8212;&#8212;&#8212;&#8212;&#8212;&#8212;&#8212;&#8212;&#8212;&#8212;&#8212;&#8212;&#8212;&#8212;&#8212;&#8212;&#8212;&#8212;&#8212;&#8212;&#8212;&#8212;&#8212;&#8212;&#8212;&#8212;&#8211;<br \/>\n(6 crs)\u00a0\u00a0\u00a0 Dos cursos avanzados en literatura francesa**<br \/>\n(3 crs)\u00a0\u00a0\u00a0 Curso avanzado en <a href=\"https:\/\/humanidades.uprrp.edu\/lenguas\/index.php\/curriculo\/cursos\/frances\/#FL\">ling\u00fc\u00edstica francesa<\/a><br \/>\n(9 crs)\u00a0 \u00a0\u00a0Tres cursos avanzados en franc\u00e9s<br \/>\n&#8212;&#8212;&#8212;&#8212;&#8212;&#8212;&#8212;&#8212;&#8212;&#8212;&#8212;&#8212;&#8212;&#8212;&#8212;&#8212;&#8212;&#8212;&#8212;&#8212;&#8212;&#8212;&#8212;&#8212;&#8212;&#8212;&#8212;&#8211;<br \/>\nTotal 42 crs<\/p>\n<p>Los cursos electivos en franc\u00e9s tienen como prerrequisito FRAN 3035, mientras los cursos <em>avanzados<\/em> tienen el prerrequisito FRAN 4008.<\/p>\n<p>* Un curso avanzado debe tratar de la francofon\u00eda y uno debe\u00a0incluir un\u00a0<a href=\"https:\/\/humanidades.uprrp.edu\/lenguas\/index.php\/curriculo\/secuencias\/componente-de-investigacion\/\">componente de investigaci\u00f3n<\/a> (pueden ser el mismo)<br \/>\n**Entre los cursos de literatura tomados, al menos uno incluir\u00e1 <a href=\"https:\/\/humanidades.uprrp.edu\/lenguas\/index.php\/curriculo\/cursos\/frances\/#F1\">autores pre-modernos<\/a> (Del Medioevo hasta el siglo XVII; por ejemplo, FRAN 4001) y otro enfocar\u00e1 <a href=\"https:\/\/humanidades.uprrp.edu\/lenguas\/index.php\/curriculo\/cursos\/frances\/#F2\">autores modernos<\/a> (del siglo XVIII hasta la \u00e9poca contempor\u00e1nea; por ejemplo, FRAN 4002).<\/p>\n<p>&nbsp;<\/p>\n<h3><strong><em>Estudios italianos<\/em><\/strong><strong>*<\/strong><\/h3>\n<p>&#8212;&#8212;&#8212;&#8212;&#8212;&#8212;&#8212;&#8212;&#8212;&#8212;&#8212;&#8212;&#8212;&#8212;&#8212;&#8212;&#8212;&#8212;&#8212;&#8212;&#8212;&#8212;&#8212;&#8212;&#8212;&#8212;&#8212;&#8211;<br \/>\n(6 crs)\u00a0 \u00a0 Italiano intensivo I y II:\u00a0ITAL 3001-3002<br \/>\n(3 crs)\u00a0 \u00a0 Italiano\u00a0intermedio: ITAL 3035<br \/>\n(3 crs)\u00a0 \u00a0 T\u00e9cnicas de expresi\u00f3n oral: ITAL 4016<br \/>\n(3 crs)\u00a0 \u00a0 Gram\u00e1tica avanzada y composici\u00f3n: ITAL 4017<br \/>\n(9 crs)\u00a0\u00a0\u00a0 Tres electivas en italiano<br \/>\n&#8212;&#8212;&#8212;&#8212;&#8212;&#8212;&#8212;&#8212;&#8212;&#8212;&#8212;&#8212;&#8212;&#8212;&#8212;&#8212;&#8212;&#8212;&#8212;&#8212;&#8212;&#8212;&#8212;&#8212;&#8212;&#8212;&#8212;&#8211;<br \/>\n(6 crs)\u00a0\u00a0\u00a0 Dos cursos de literatura italiana**<br \/>\n(3 crs)\u00a0\u00a0\u00a0 Curso de <a href=\"https:\/\/humanidades.uprrp.edu\/lenguas\/index.php\/curriculo\/cursos\/italiano\/#IL\">ling\u00fc\u00edstica italiana<\/a><br \/>\n(9 crs)\u00a0 \u00a0\u00a0Tres cursos avanzados (nivel 4000) en italiano<br \/>\n&#8212;&#8212;&#8212;&#8212;&#8212;&#8212;&#8212;&#8212;&#8212;&#8212;&#8212;&#8212;&#8212;&#8212;&#8212;&#8212;&#8212;&#8212;&#8212;&#8212;&#8212;&#8212;&#8212;&#8212;&#8212;&#8212;&#8212;&#8211;<br \/>\nTotal 42 crs<\/p>\n<p>Los cursos electivos en italiano tienen como prerrequisito ITAL 3035<\/p>\n<p>* Un curso debe incluir un <a href=\"https:\/\/humanidades.uprrp.edu\/lenguas\/index.php\/curriculo\/secuencias\/componente-de-investigacion\/\">componente de investigaci\u00f3n<\/a><br \/>\n**Entre los cursos de literatura tomados, al menos uno incluir\u00e1 <a href=\"https:\/\/humanidades.uprrp.edu\/lenguas\/index.php\/curriculo\/cursos\/italiano\/#I1\">autores pre-modernos <\/a>(Del Medioevo hasta el siglo XVII; por ejemplo, ITAL 4011) y otro enfocar\u00e1 <a href=\"https:\/\/humanidades.uprrp.edu\/lenguas\/index.php\/curriculo\/cursos\/italiano\/#I2\">autores modernos<\/a> (del siglo XVII-XVIII hasta la \u00e9poca contempor\u00e1nea; por ejemplo, ITAL 4012).<\/p>\n<p>&nbsp;<\/p>\n<h3><strong><em>Estudios lus\u00f3fonos*<\/em><\/strong><\/h3>\n<p>&#8212;&#8212;&#8212;&#8212;&#8212;&#8212;&#8212;&#8212;&#8212;&#8212;&#8212;&#8212;&#8212;&#8212;&#8212;&#8212;&#8212;&#8212;&#8212;&#8212;&#8212;&#8212;&#8212;&#8212;&#8212;&#8212;&#8212;&#8211;<br \/>\n(6 crs)\u00a0 \u00a0 Portugu\u00e9s\u00a0intensivo I y II: PORT 3031-3032<br \/>\n(3 crs)\u00a0 \u00a0 Portugu\u00e9s\u00a0intensivo III: PORT 3033<br \/>\n(3 crs)\u00a0 \u00a0 T\u00e9cnicas de expresi\u00f3n oral: PORT 4016<br \/>\n(3 crs)\u00a0 \u00a0 Gram\u00e1tica avanzada y composici\u00f3n: PORT 4005<br \/>\n(9 crs)\u00a0\u00a0\u00a0 Tres electivas en portugu\u00e9s<br \/>\n&#8212;&#8212;&#8212;&#8212;&#8212;&#8212;&#8212;&#8212;&#8212;&#8212;&#8212;&#8212;&#8212;&#8212;&#8212;&#8212;&#8212;&#8212;&#8212;&#8212;&#8212;&#8212;&#8212;&#8212;&#8212;&#8212;&#8212;&#8211;<br \/>\n(6 crs)\u00a0\u00a0\u00a0 Dos cursos de literatura en portugu\u00e9s<br \/>\n(3 crs)\u00a0\u00a0\u00a0 Curso de <a href=\"https:\/\/humanidades.uprrp.edu\/lenguas\/index.php\/curriculo\/cursos\/portugues\/#PL\">ling\u00fc\u00edstica portuguesa<\/a><br \/>\n(9 crs)\u00a0 \u00a0\u00a0Tres electivas en literatura\/cultura lus\u00f3fona<br \/>\n&#8212;&#8212;&#8212;&#8212;&#8212;&#8212;&#8212;&#8212;&#8212;&#8212;&#8212;&#8212;&#8212;&#8212;&#8212;&#8212;&#8212;&#8212;&#8212;&#8212;&#8212;&#8212;&#8212;&#8212;&#8212;&#8212;&#8212;&#8211;<br \/>\nTotal 42 crs<\/p>\n<p>Los cursos electivos en portugu\u00e9s tienen como prerrequisito PORT 3033<\/p>\n<p>* Un curso debe\u00a0incluir un <a href=\"https:\/\/humanidades.uprrp.edu\/lenguas\/index.php\/curriculo\/secuencias\/componente-de-investigacion\/\">componente\u00a0de investigaci\u00f3n<\/a><\/p>\n<p>&nbsp;<\/p>\n<h3><strong><em>Dos Lenguas<\/em><\/strong><\/h3>\n<p>Cada curso vale 3 crs.<\/p>\n<table style=\"height: 321px;\" width=\"772\">\n<tbody>\n<tr>\n<td width=\"29%\"><strong>LENGUA 1<\/strong><\/td>\n<td width=\"17%\"><strong>Franc\u00e9s<\/strong><\/td>\n<td width=\"18%\"><strong>Portugu\u00e9s<\/strong><\/td>\n<td width=\"16%\"><strong>Italiano<\/strong><\/td>\n<td width=\"17%\"><strong>Alem\u00e1n<\/strong><\/td>\n<\/tr>\n<tr>\n<td width=\"29%\">Intensivo 1<\/td>\n<td width=\"17%\">FRAN 3031<\/td>\n<td width=\"18%\">PORT 3031<\/td>\n<td width=\"16%\">ITAL 3001<\/td>\n<td width=\"17%\">ALEM 3001<\/td>\n<\/tr>\n<tr>\n<td width=\"29%\">Intensivo 2<\/td>\n<td width=\"17%\">FRAN 3032<\/td>\n<td width=\"18%\">PORT 3032<\/td>\n<td width=\"16%\">ITAL 3002<\/td>\n<td width=\"17%\">ALEM 3002<\/td>\n<\/tr>\n<tr>\n<td width=\"29%\">Intermedio<\/td>\n<td width=\"17%\">FRAN 3035<\/td>\n<td width=\"18%\">PORT 3033<\/td>\n<td width=\"16%\">ITAL 3035<\/td>\n<td width=\"17%\">ALEM 3035<\/td>\n<\/tr>\n<tr>\n<td width=\"29%\">Oral medular<\/td>\n<td width=\"17%\">FRAN 3060<\/td>\n<td width=\"18%\">PORT 4016<\/td>\n<td width=\"16%\">ITAL 4016<\/td>\n<td width=\"17%\">ALEM 4016<\/td>\n<\/tr>\n<tr>\n<td width=\"29%\">Escrito medular<\/td>\n<td width=\"17%\">FRAN 4008<\/td>\n<td width=\"18%\">PORT 4005<\/td>\n<td width=\"16%\">ITAL 4017<\/td>\n<td width=\"17%\">ALEM 4009<\/td>\n<\/tr>\n<tr>\n<td width=\"29%\">Electiva de literatura<\/td>\n<td width=\"17%\">FRAN xxxx<\/td>\n<td width=\"18%\">PORT xxxx<\/td>\n<td width=\"16%\">ITAL xxxx<\/td>\n<td width=\"17%\">ALEM xxxx<\/td>\n<\/tr>\n<tr>\n<td width=\"29%\">Electiva<\/td>\n<td width=\"17%\">FRAN xxxx<\/td>\n<td width=\"18%\">PORT xxxx<\/td>\n<td width=\"16%\">ITAL xxxx<\/td>\n<td width=\"17%\">ALEM xxxx<\/td>\n<\/tr>\n<tr>\n<td width=\"29%\">Electiva<\/td>\n<td width=\"17%\">FRAN xxxx<\/td>\n<td width=\"18%\">PORT xxxx<\/td>\n<td width=\"16%\">ITAL xxxx<\/td>\n<td width=\"17%\">ALEM xxxx<\/td>\n<\/tr>\n<\/tbody>\n<\/table>\n<table style=\"height: 231px;\" width=\"902\">\n<tbody>\n<tr>\n<td width=\"157\"><strong>LENGUA 2<\/strong><\/td>\n<td width=\"96\"><strong>Franc\u00e9s<\/strong><\/td>\n<td width=\"102\"><strong>Portugu\u00e9s<\/strong><\/td>\n<td width=\"90\"><strong>Italiano<\/strong><\/td>\n<td width=\"96\"><strong>Alem\u00e1n<\/strong><\/td>\n<td width=\"92\"><strong>Chino<\/strong><\/td>\n<\/tr>\n<tr>\n<td width=\"157\">Intensivo 1<\/td>\n<td width=\"96\">FRAN 3031<\/td>\n<td width=\"102\">PORT 3031<\/td>\n<td width=\"90\">ITAL 3001<\/td>\n<td width=\"96\">ALEM 3001<\/td>\n<td width=\"92\">CHIN 3001<\/td>\n<\/tr>\n<tr>\n<td width=\"157\">Intensivo 2<\/td>\n<td width=\"96\">FRAN 3032<\/td>\n<td width=\"102\">PORT 3032<\/td>\n<td width=\"90\">ITAL 3002<\/td>\n<td width=\"96\">ALEM 3002<\/td>\n<td width=\"92\">CHIN 3002<\/td>\n<\/tr>\n<tr>\n<td width=\"157\">Intermedio<\/td>\n<td width=\"96\">FRAN 3035<\/td>\n<td width=\"102\">PORT 3033<\/td>\n<td width=\"90\">ITAL 3035<\/td>\n<td width=\"96\">ALEM 3035<\/td>\n<td width=\"92\">CHIN 3103<\/td>\n<\/tr>\n<tr>\n<td width=\"157\">Oral medular<\/td>\n<td width=\"96\">FRAN 3060<\/td>\n<td width=\"102\">PORT 4016<\/td>\n<td width=\"90\">ITAL 4016<\/td>\n<td width=\"96\">ALEM 4016<\/td>\n<td width=\"92\">CHIN 4016<\/td>\n<\/tr>\n<tr>\n<td width=\"157\">Escrito medular<\/td>\n<td width=\"96\">FRAN 4008<\/td>\n<td width=\"102\">PORT 4005<\/td>\n<td width=\"90\">ITAL 4017<\/td>\n<td width=\"96\">ALEM 4009<\/td>\n<td width=\"92\">CHIN 3104<\/td>\n<\/tr>\n<tr>\n<td width=\"157\">Electiva<\/td>\n<td width=\"96\">FRAN xxxx<\/td>\n<td width=\"102\">PORT xxxx<\/td>\n<td width=\"90\">ITAL xxxx<\/td>\n<td width=\"96\">ALEM xxxx<\/td>\n<td width=\"92\">CHIN xxxx<\/td>\n<\/tr>\n<\/tbody>\n<\/table>\n<p>&#8212;&#8212;&#8212;&#8212;&#8212;&#8212;&#8212;&#8212;&#8212;&#8212;&#8212;&#8212;&#8212;&#8212;&#8212;&#8212;&#8212;&#8212;&#8212;&#8212;&#8212;&#8212;&#8212;&#8212;&#8212;&#8212;&#8212;&#8211;<br \/>\nTotal 42 crs<\/p>\n<p>&nbsp;<\/p>\n<p><strong>Adem\u00e1s de los cursos de su concentraci\u00f3n, su Bachillerato se compone de:<br \/>\n&#8211; cursos medulares de la Facultad de Humanidades (33 crs)<br \/>\n&#8211; cursos de Educaci\u00f3n General (36 crs)<br \/>\n&#8211; electivas libres (18 crs)<br \/>\npara un total de 129 cr\u00e9ditos para graduarse<\/strong><\/p>\n<p><strong><em>Cursos medulares de la Facultad de Humanidades<br \/>\n<\/em><\/strong>&#8212;&#8212;&#8212;&#8212;&#8212;&#8212;&#8212;&#8212;&#8212;&#8212;&#8212;&#8212;&#8212;&#8212;&#8212;&#8212;&#8212;&#8212;&#8212;&#8212;&#8212;&#8212;&#8212;&#8212;&#8212;&#8212;&#8212;&#8211;<br \/>\n(6 crs)\u00a0\u00a0 \u00a0Estudios Hisp\u00e1nicos (ESPA)<br \/>\n(6 crs)\u00a0\u00a0\u00a0 Ingl\u00e9s (INGL)<br \/>\n(3 crs)\u00a0\u00a0\u00a0 Literatura comparada (LITE)<br \/>\n(6 crs)\u00a0\u00a0 \u00a0Filosof\u00eda (FILO)<br \/>\n(6 crs)\u00a0\u00a0\u00a0 Historia (HIST)<br \/>\n(6 crs)\u00a0\u00a0\u00a0 M\u00fasica o Teatro o Arte<br \/>\n&#8212;&#8212;&#8212;&#8212;&#8212;&#8212;&#8212;&#8212;&#8212;&#8212;&#8212;&#8212;&#8212;&#8212;&#8212;&#8212;&#8212;&#8212;&#8212;&#8212;&#8212;&#8212;&#8212;&#8212;&#8212;&#8212;&#8212;&#8211;<br \/>\nTotal 33 crs<\/p>\n<p><strong><em><a href=\"http:\/\/academicos.uprrp.edu\/normativa-academica\/programas\/revision-de-bachillerato\/\">Cursos de Educaci\u00f3n General<\/a><br \/>\n<\/em><\/strong>&#8212;&#8212;&#8212;&#8212;&#8212;&#8212;&#8212;&#8212;&#8212;&#8212;&#8212;&#8212;&#8212;&#8212;&#8212;&#8212;&#8212;&#8212;&#8212;&#8212;&#8212;&#8212;&#8212;&#8212;&#8212;&#8212;&#8212;&#8211;<br \/>\n(6 crs)\u00a0\u00a0 \u00a0Espa\u00f1ol (ESPA)<br \/>\n(6 crs)\u00a0\u00a0\u00a0 Ingl\u00e9s (INGL)<br \/>\n(6 crs)\u00a0\u00a0\u00a0 Ciencias Sociales (CISO)<br \/>\n(6 crs)\u00a0\u00a0 \u00a0Ciencias Naturales (CIBI o CIFI)<br \/>\n(6 crs)\u00a0\u00a0\u00a0 Humanidades (HUMA)<br \/>\n(3 crs)\u00a0\u00a0\u00a0 Pensamiento L\u00f3gico Matem\u00e1tico<br \/>\n(3 crs)\u00a0\u00a0\u00a0 M\u00fasica o Teatro o Arte<br \/>\n&#8212;&#8212;&#8212;&#8212;&#8212;&#8212;&#8212;&#8212;&#8212;&#8212;&#8212;&#8212;&#8212;&#8212;&#8212;&#8212;&#8212;&#8212;&#8212;&#8212;&#8212;&#8212;&#8212;&#8212;&#8212;&#8212;&#8212;&#8211;<br \/>\nTotal 36 crs<\/p>\n<p><strong><em>Electivas libres<br \/>\n<\/em><\/strong>(18 crs)\u00a0 Cursos en cualquier disciplina del recinto<\/p>\n<p>Para cualquier duda sobre su secuencia curricular, se recomienda consulte el director del Departamento.<br \/>\nAdem\u00e1s, se recomienda reciba una evaluaci\u00f3n anual de parte de un <a href=\"http:\/\/humanidades.uprrp.edu\/asuntosestudiantiles\/?page_id=640\">oficial de orientaci\u00f3n<\/a> del Decanato Auxiliar de Asuntos Estudiantiles, en el Edificio Hostos, al lado izquierdo del teatro de la UPR), el cual le ayudar\u00e1 a llenar su <a href=\"http:\/\/humanidades.uprrp.edu\/asuntosestudiantiles\/?page_id=1097\">evaluaci\u00f3n completa<\/a>.<\/p>\n<p>Casos:<\/p>\n<p>&#8211; del <a href=\"https:\/\/humanidades.uprrp.edu\/lenguas\/index.php\/curriculo\/secuencias\/requisito-en-idiomas-del-ba-en-literatura-comparada\/?preview_id=3190&amp;preview_nonce=d454fe8fd7&amp;_thumbnail_id=-1&amp;preview=true\">requisito\u00a0en idiomas del Bachillerato en Literatura comparada<\/a><\/p>\n<p>&#8211; del <a href=\"https:\/\/humanidades.uprrp.edu\/lenguas\/index.php\/curriculo\/secuencias\/requisito-de-lengua-de-la-facultad\/\">requisito en idiomas de la Facultad de Humanidades<\/a> para los otros departamentos<\/p>\n","protected":false},"excerpt":{"rendered":"<p>P\u00e1gina actualizada el 7 diciembre 2022 Concentraci\u00f3n Mayor y \u00c1reas de \u00e9nfasis El Departamento de Lenguas Extranjeras ofrece una concentraci\u00f3n mayor, el\u00a0Bachillerato en Artes con Concentraci\u00f3n en Lenguas Modernas. Tambi\u00e9n ofrecemos Concentraciones Menores. Nuestra\u00a0concentraci\u00f3n mayor ofrece cuatro posibilidades de \u00e9nfasis: 1. Estudios franceses y franc\u00f3fonos 2. Estudios italianos 3. Estudios lus\u00f3fonos 4. Dos lenguas:\u00a0Una Lengua [&hellip;]<\/p>\n","protected":false},"author":3,"featured_media":0,"parent":162,"menu_order":1,"comment_status":"open","ping_status":"open","template":"full-width.php","meta":{"footnotes":""},"class_list":["post-10","page","type-page","status-publish","hentry"],"_links":{"self":[{"href":"https:\/\/humanidades.uprrp.edu\/lenguas\/index.php\/wp-json\/wp\/v2\/pages\/10","targetHints":{"allow":["GET"]}}],"collection":[{"href":"https:\/\/humanidades.uprrp.edu\/lenguas\/index.php\/wp-json\/wp\/v2\/pages"}],"about":[{"href":"https:\/\/humanidades.uprrp.edu\/lenguas\/index.php\/wp-json\/wp\/v2\/types\/page"}],"author":[{"embeddable":true,"href":"https:\/\/humanidades.uprrp.edu\/lenguas\/index.php\/wp-json\/wp\/v2\/users\/3"}],"replies":[{"embeddable":true,"href":"https:\/\/humanidades.uprrp.edu\/lenguas\/index.php\/wp-json\/wp\/v2\/comments?post=10"}],"version-history":[{"count":57,"href":"https:\/\/humanidades.uprrp.edu\/lenguas\/index.php\/wp-json\/wp\/v2\/pages\/10\/revisions"}],"predecessor-version":[{"id":3244,"href":"https:\/\/humanidades.uprrp.edu\/lenguas\/index.php\/wp-json\/wp\/v2\/pages\/10\/revisions\/3244"}],"up":[{"embeddable":true,"href":"https:\/\/humanidades.uprrp.edu\/lenguas\/index.php\/wp-json\/wp\/v2\/pages\/162"}],"wp:attachment":[{"href":"https:\/\/humanidades.uprrp.edu\/lenguas\/index.php\/wp-json\/wp\/v2\/media?parent=10"}],"curies":[{"name":"wp","href":"https:\/\/api.w.org\/{rel}","templated":true}]}}