{"id":1121,"date":"2023-09-15T22:05:33","date_gmt":"2023-09-15T22:05:33","guid":{"rendered":"https:\/\/humanidades.uprrp.edu\/ingles\/?page_id=1121"},"modified":"2024-08-21T18:02:40","modified_gmt":"2024-08-21T18:02:40","slug":"perfiles-de-junta-editorial-en-espanol","status":"publish","type":"page","link":"https:\/\/humanidades.uprrp.edu\/ingles\/?page_id=1121","title":{"rendered":"Perfiles de Junta Editorial (en espa\u00f1ol)"},"content":{"rendered":"\n<hr class=\"wp-block-separator has-alpha-channel-opacity\"\/>\n\n\n<div class=\"wp-block-image\">\n<figure class=\"alignleft size-full\"><img decoding=\"async\" width=\"216\" height=\"162\" src=\"https:\/\/humanidades.uprrp.edu\/ingles\/wp-content\/uploads\/2023\/03\/Adams.jpg\" alt=\"Jessica Adams Photo\" class=\"wp-image-718\"\/><\/figure>\n<\/div>\n\n\n<p><strong>Jessica Adams<\/strong> obtuvo su&nbsp; PhD en la Universidad de Tulane. Sus \u00e1reas de inter\u00e9s acad\u00e9mico incluyen la performance cultural, el sur de Estados Unidos y la relaci\u00f3n entre violencia y memoria.&nbsp; Es profesora en la Universidad de Puerto Rico en R\u00edo Piedras.Ha sido profesora tanto de la Universidad de Tulane como de la Universidad de California en Berkeley.&nbsp;Adams ha publicado art\u00edculos sobre la cultura sure\u00f1a y caribe\u00f1a en&nbsp;<em>Cultural Critique, TDR&nbsp;<\/em>(The Drama Review) y Sargasso. Es coeditora de&nbsp;<em>Revolutionary Freedoms: A History of Survival, Strength, and Imagination in Haiti&nbsp;<\/em>(Caribbean Studies Press 2006) y&nbsp;<em>Just Below South: Performing Intercultures in the Caribbean and the Southern United States<\/em>&nbsp;(University of Virginia Press 2007). Adem\u00e1s, es la autora del libro&nbsp;<em>Wounds of Returning: Race, Memory, and Property on the Post-Slavery Plantation<\/em>&nbsp;(University of North Carolina Press 2007) el cu\u00e1l extrae de los estudios culturales, la etnograf\u00eda y la cr\u00edtica literaria con el fin de examinar los nexos entre los paisajes de la plantaci\u00f3n, la hibridez sociocultural y el moderno capitalismo de consumo. M\u00e1s recientemente,&nbsp; Adams ha coeditado una nueva edici\u00f3n de la obra de la escritora africana americana Arna Bontemps:&nbsp;<em>Drums at Dusk&nbsp;<\/em>(Louisiana State University 2009), una novela sobre el estallido de la Revoluci\u00f3n Haitiana que estuvo previamente fuera de imprenta durante setenta a\u00f1os.<\/p>\n\n\n<div class=\"wp-block-image\">\n<figure class=\"alignleft size-full\"><img fetchpriority=\"high\" decoding=\"async\" width=\"254\" height=\"274\" src=\"https:\/\/humanidades.uprrp.edu\/ingles\/wp-content\/uploads\/2023\/06\/Mary-Ann-Gosser.jpg\" alt=\"Mary Ann Gosser Photo\" class=\"wp-image-907\"\/><\/figure>\n<\/div>\n\n\n<p><strong>Mary Ann Gosser<\/strong> recibi\u00f3 su PhD en Literatura Comparada (Espa\u00f1ola y Francesa) en la Universidad de Yale. Es profesora de espa\u00f1ol y Literatura Comparada en la Universidad de Florida Atlantic. Entre sus \u00e1reas de inter\u00e9s acad\u00e9mico se encuentran las escritoras caribe\u00f1as, los estudios de traducci\u00f3n y la ecocr\u00edtica.&nbsp;Gosser ha publicado numerosos cap\u00edtulos y art\u00edculos. Entre sus art\u00edculos antol\u00f3gicos se encuentran \u201cLatin American Women Moving Forward by Breaking the Silence\u201d (Peace Education Foundation 2008), \u201cMarie (Vieux) Chauvet y Myriam Warner-Vieyra: diarios demenciales o escrituras esculcantes\u201d (Colegio de M\u00e9xico 2003) y &nbsp;\u201cCaribbean Creolization: Jacqueline Manicom and Guadeloupean Ecofeminism\u201d (Tokyo University Press 2002).&nbsp; Algunos ejemplos de sus art\u00edculos sobre escritoras incluyen trabajos sobre Rosario Ferr\u00e9, Mayra Montero, Olga Nolla y Ana Lydia Vega, los cu\u00e1les se han publicado en las revistas&nbsp;<em>Alba de Am\u00e9rica, New Mango Season, Confluencia,&nbsp;<\/em>y<em>Chasqui,&nbsp;<\/em>respectivamente. Actualmente, est\u00e1 revisando un manuscrito del tama\u00f1o de un libro sobe el ecofeminismo caribe\u00f1o.<\/p>\n\n\n<div class=\"wp-block-image\">\n<figure class=\"alignleft size-full\"><img decoding=\"async\" width=\"216\" height=\"300\" src=\"https:\/\/humanidades.uprrp.edu\/ingles\/wp-content\/uploads\/2023\/06\/Edgardo-Perez-Montijo.jpg\" alt=\"Edgardo Perez Photo\" class=\"wp-image-905\"\/><\/figure>\n<\/div>\n\n\n<p><strong>Edgardo P\u00e9rez Montijo<\/strong> posee un PhD en Ingl\u00e9s de la Universidad de Puerto Rico, R\u00edo Piedras. Es profesor de espa\u00f1ol en la Universidad de Puerto Rico en Arecibo. Sus \u00e1reas de inter\u00e9s incluyen la narrativa caribe\u00f1a de hablantes ingleses, espa\u00f1oles y franceses y la teor\u00eda de la performance.&nbsp;Ha publicado ensayos sobre literatura caribe\u00f1a en revistas como&nbsp;<em>La Torre<\/em>,<em>Sargasso<\/em>,&nbsp;<em>Forum<\/em>&nbsp;y&nbsp;<em>El Amauta<\/em>. Su art\u00edculo \u201cEl Nene como chivo expiatorio: Identidad de clase en&nbsp;<em>La guaracha del Macho Camacho<\/em>\u201d estar\u00e1 incluido en un pr\u00f3ximo volumen en tributo al escritor puertorrique\u00f1o Luis Rafael S\u00e1nchez.&nbsp;Actualmente, est\u00e1 revisando, su disertaci\u00f3n:&nbsp;<em>Earl Lovelace: Performance Writer<\/em>, un estudio del uso de la performance en las novelas del autor trinitense, para su publicaci\u00f3n.<\/p>\n\n\n<div class=\"wp-block-image\">\n<figure class=\"alignleft size-full\"><img loading=\"lazy\" decoding=\"async\" width=\"324\" height=\"315\" src=\"https:\/\/humanidades.uprrp.edu\/ingles\/wp-content\/uploads\/2023\/06\/Peter-Roberts.jpg\" alt=\"Peter Roberts Photo\" class=\"wp-image-908\" srcset=\"https:\/\/humanidades.uprrp.edu\/ingles\/wp-content\/uploads\/2023\/06\/Peter-Roberts.jpg 324w, https:\/\/humanidades.uprrp.edu\/ingles\/wp-content\/uploads\/2023\/06\/Peter-Roberts-300x292.jpg 300w\" sizes=\"(max-width: 324px) 100vw, 324px\" \/><\/figure>\n<\/div>\n\n\n<p><strong>Peter Roberts<\/strong> posee un PhD de la Universidad de West Indies en Mona. Es profesor jubilado de Ling\u00fc\u00edstica Criolla en el Departamentos de Lenguas, Ling\u00fc\u00edstica y Literatura de la Universidad de West Indies en Cave Hill, Barbados. Sus \u00e1reas de inter\u00e9s acad\u00e9mico incluyen la ling\u00fc\u00edstica aplicada, el criollismo y la historia caribe\u00f1a. Fue presidente de la Sociedad de Ling\u00fc\u00edstica del Caribe, as\u00ed como profesor invitado en la Universidad de Tennessee, Knoxville y la Universidad de Puerto Rico, R\u00edo Piedras. Tambi\u00e9n ha investigado como becado Fulbright s\u00e9nior en la Biblioteca John Carter Brown de la Universidad de Brown.&nbsp;Roberts tiene una publicaci\u00f3n muy extensa. Es autor de&nbsp;<em>West Indians and Their Language &nbsp;<\/em>(Cambridge 1988),&nbsp;<em>CXC English<\/em>&nbsp;(1994),&nbsp;<em>From Oral to Literate Culture: Colonial Experience in the English West Indies<\/em>&nbsp;(Universidad de West Indies 2000) y&nbsp;<em>The Roots of Caribbean Identity, Language, Race and Ecology<\/em>&nbsp;(Cambridge 2008).&nbsp;<em>The Roots of Caribbean Identity&nbsp;<\/em>recibi\u00f3 el premio Gordon K. and Sybil Lewis en 2009. Adem\u00e1s, es coautor de&nbsp;<em>Writing in English<\/em>&nbsp;(1997).<\/p>\n\n\n<div class=\"wp-block-image\">\n<figure class=\"alignleft size-full\"><img loading=\"lazy\" decoding=\"async\" width=\"288\" height=\"247\" src=\"https:\/\/humanidades.uprrp.edu\/ingles\/wp-content\/uploads\/2023\/06\/Ivette-Romero.jpg\" alt=\"Ivette Romero Photo\" class=\"wp-image-909\"\/><\/figure>\n<\/div>\n\n\n<p><strong>Ivette Romero<\/strong> obtuvo su PhD en Franc\u00e9s y Literatura Latinoamericana en la Universidad de Cornwell. Es profesora de espa\u00f1ol en el Colegio Marista. Sus \u00e1reas principales de inter\u00e9s acad\u00e9mico son: la literatura caribe\u00f1a y las artes visuales, la literatura y cine latinoamericanos y franc\u00f3fonos, los estudios culturales y los estudios de la mujer.Romero es coeditora de dos libros,&nbsp;<em>Women at Sea: Travel Writing and the Margins of Caribbean Discourse<\/em>&nbsp;(St. Martin\u2019s 2001) y&nbsp;<em>Displacements and Transformations in Caribbean Cultures<\/em>&nbsp;(University Press of Florida 2008). Tambi\u00e9n es la autora de numerosos cap\u00edtulos de libros, inclu\u00eddos \u201cWomen Adrift: Madwomen, Matriarchs, and the Caribbean\u201d (Palgrave \/ St. Martin\u2019s 2001), \u201cTravelers Possessed: Generic Hybrids and the Caribbean\u201d (Routledge 2002), \u201cMoving Metaphors: The Representation of AIDS in Caribbean Literature and Visual Arts\u201d (University Press of Florida 2008). Adem\u00e1s, Romero es la cofundadora, editora y administradora de Repeating Islands Blog (http:\/\/repeatingislands.com), una p\u00e1gina web de noticias y comentarios sobre la cultura, artes y literatura caribe\u00f1as.<\/p>\n\n\n\n<p><\/p>\n","protected":false},"excerpt":{"rendered":"<p>Jessica Adams obtuvo su&nbsp; PhD en la Universidad de Tulane. Sus \u00e1reas de inter\u00e9s acad\u00e9mico incluyen la performance cultural, el sur de Estados Unidos y la relaci\u00f3n entre violencia y memoria.&nbsp; Es profesora en la Universidad de Puerto Rico en R\u00edo Piedras.Ha sido profesora tanto de la Universidad de Tulane &#8230;<\/p>\n","protected":false},"author":3,"featured_media":0,"parent":0,"menu_order":0,"comment_status":"closed","ping_status":"closed","template":"","meta":{"footnotes":""},"class_list":["post-1121","page","type-page","status-publish","hentry","column","twocol"],"_links":{"self":[{"href":"https:\/\/humanidades.uprrp.edu\/ingles\/index.php?rest_route=\/wp\/v2\/pages\/1121","targetHints":{"allow":["GET"]}}],"collection":[{"href":"https:\/\/humanidades.uprrp.edu\/ingles\/index.php?rest_route=\/wp\/v2\/pages"}],"about":[{"href":"https:\/\/humanidades.uprrp.edu\/ingles\/index.php?rest_route=\/wp\/v2\/types\/page"}],"author":[{"embeddable":true,"href":"https:\/\/humanidades.uprrp.edu\/ingles\/index.php?rest_route=\/wp\/v2\/users\/3"}],"replies":[{"embeddable":true,"href":"https:\/\/humanidades.uprrp.edu\/ingles\/index.php?rest_route=%2Fwp%2Fv2%2Fcomments&post=1121"}],"version-history":[{"count":4,"href":"https:\/\/humanidades.uprrp.edu\/ingles\/index.php?rest_route=\/wp\/v2\/pages\/1121\/revisions"}],"predecessor-version":[{"id":1275,"href":"https:\/\/humanidades.uprrp.edu\/ingles\/index.php?rest_route=\/wp\/v2\/pages\/1121\/revisions\/1275"}],"wp:attachment":[{"href":"https:\/\/humanidades.uprrp.edu\/ingles\/index.php?rest_route=%2Fwp%2Fv2%2Fmedia&parent=1121"}],"curies":[{"name":"wp","href":"https:\/\/api.w.org\/{rel}","templated":true}]}}