{"id":919,"date":"2026-02-24T15:13:44","date_gmt":"2026-02-24T15:13:44","guid":{"rendered":"https:\/\/humanidades.uprrp.edu\/historiadelarte\/?page_id=919"},"modified":"2026-02-24T19:24:02","modified_gmt":"2026-02-24T19:24:02","slug":"recorridos-guiados","status":"publish","type":"page","link":"https:\/\/humanidades.uprrp.edu\/historiadelarte\/?page_id=919","title":{"rendered":"Recorridos guiados"},"content":{"rendered":"\t\t<div data-elementor-type=\"wp-page\" data-elementor-id=\"919\" class=\"elementor elementor-919\">\n\t\t\t\t<div class=\"elementor-element elementor-element-5c93b8d e-flex e-con-boxed e-con e-parent\" data-id=\"5c93b8d\" data-element_type=\"container\" data-e-type=\"container\">\n\t\t\t\t\t<div class=\"e-con-inner\">\n\t\t\t\t<div class=\"elementor-element elementor-element-1b2a8be elementor-widget elementor-widget-text-editor\" data-id=\"1b2a8be\" data-element_type=\"widget\" data-e-type=\"widget\" data-widget_type=\"text-editor.default\">\n\t\t\t\t\t\t\t\t\t<p style=\"text-align: center;\">Exposiciones realizadas en la Galer\u00eda Franciso Oller de la Facultad de Humanidades, Universidad de Puerto Rico, Recinto de R\u00edo Piedras<\/p>\t\t\t\t\t\t\t\t<\/div>\n\t\t\t\t\t<\/div>\n\t\t\t\t<\/div>\n\t\t<div class=\"elementor-element elementor-element-6ff73b8 e-flex e-con-boxed e-con e-parent\" data-id=\"6ff73b8\" data-element_type=\"container\" data-e-type=\"container\">\n\t\t\t\t\t<div class=\"e-con-inner\">\n\t\t<div class=\"elementor-element elementor-element-2e3de48 e-con-full e-flex e-con e-child\" data-id=\"2e3de48\" data-element_type=\"container\" data-e-type=\"container\">\n\t\t\t\t<div class=\"elementor-element elementor-element-d1b0dc5 elementor-widget elementor-widget-video\" data-id=\"d1b0dc5\" data-element_type=\"widget\" data-e-type=\"widget\" data-settings=\"{&quot;youtube_url&quot;:&quot;https:\\\/\\\/youtu.be\\\/0vvfGdZqO9s?si=L3B7peYhqBZ_dW6r&quot;,&quot;video_type&quot;:&quot;youtube&quot;,&quot;controls&quot;:&quot;yes&quot;}\" data-widget_type=\"video.default\">\n\t\t\t\t\t\t\t<div class=\"elementor-wrapper elementor-open-inline\">\n\t\t\t<div class=\"elementor-video\"><\/div>\t\t<\/div>\n\t\t\t\t\t\t<\/div>\n\t\t\t\t<div class=\"elementor-element elementor-element-881153f elementor-widget elementor-widget-text-editor\" data-id=\"881153f\" data-element_type=\"widget\" data-e-type=\"widget\" data-widget_type=\"text-editor.default\">\n\t\t\t\t\t\t\t\t\t<h5 class=\"style-scope ytd-watch-metadata\">Ra\u00fal Cintr\u00f3n Rodr\u00edguez: Impresiones del paisaje<\/h5>\t\t\t\t\t\t\t\t<\/div>\n\t\t\t\t<\/div>\n\t\t<div class=\"elementor-element elementor-element-ad8170e e-con-full e-flex e-con e-child\" data-id=\"ad8170e\" data-element_type=\"container\" data-e-type=\"container\">\n\t\t\t\t<div class=\"elementor-element elementor-element-46175a5 elementor-widget elementor-widget-video\" data-id=\"46175a5\" data-element_type=\"widget\" data-e-type=\"widget\" data-settings=\"{&quot;youtube_url&quot;:&quot;https:\\\/\\\/youtu.be\\\/rXVEqr1kOmw?si=ixXxUcpYYyIygSWL&quot;,&quot;video_type&quot;:&quot;youtube&quot;,&quot;controls&quot;:&quot;yes&quot;}\" data-widget_type=\"video.default\">\n\t\t\t\t\t\t\t<div class=\"elementor-wrapper elementor-open-inline\">\n\t\t\t<div class=\"elementor-video\"><\/div>\t\t<\/div>\n\t\t\t\t\t\t<\/div>\n\t\t\t\t<div class=\"elementor-element elementor-element-d414d79 elementor-widget elementor-widget-text-editor\" data-id=\"d414d79\" data-element_type=\"widget\" data-e-type=\"widget\" data-widget_type=\"text-editor.default\">\n\t\t\t\t\t\t\t\t\t<h5 class=\"style-scope ytd-watch-metadata\">Continente antillano: im\u00e1genes para futuros decoloniales<\/h5>\t\t\t\t\t\t\t\t<\/div>\n\t\t\t\t<\/div>\n\t\t<div class=\"elementor-element elementor-element-d0ff75d e-con-full e-flex e-con e-child\" data-id=\"d0ff75d\" data-element_type=\"container\" data-e-type=\"container\">\n\t\t\t\t<div class=\"elementor-element elementor-element-3c2707b elementor-widget elementor-widget-video\" data-id=\"3c2707b\" data-element_type=\"widget\" data-e-type=\"widget\" data-settings=\"{&quot;youtube_url&quot;:&quot;https:\\\/\\\/youtu.be\\\/UrWIufHFH-4?si=3Jyw544t1znFBMEO&quot;,&quot;video_type&quot;:&quot;youtube&quot;,&quot;controls&quot;:&quot;yes&quot;}\" data-widget_type=\"video.default\">\n\t\t\t\t\t\t\t<div class=\"elementor-wrapper elementor-open-inline\">\n\t\t\t<div class=\"elementor-video\"><\/div>\t\t<\/div>\n\t\t\t\t\t\t<\/div>\n\t\t\t\t<div class=\"elementor-element elementor-element-b456b0c elementor-widget elementor-widget-text-editor\" data-id=\"b456b0c\" data-element_type=\"widget\" data-e-type=\"widget\" data-widget_type=\"text-editor.default\">\n\t\t\t\t\t\t\t\t\t<h5 class=\"style-scope ytd-watch-metadata\">El fondo de la costumbre &#8211; recorrido guiado por el profesor y artista Juan Bautista Clim\u00e9nt<\/h5>\t\t\t\t\t\t\t\t<\/div>\n\t\t\t\t<\/div>\n\t\t<div class=\"elementor-element elementor-element-aa468f0 e-con-full e-flex e-con e-child\" data-id=\"aa468f0\" data-element_type=\"container\" data-e-type=\"container\">\n\t\t\t\t<\/div>\n\t\t<div class=\"elementor-element elementor-element-17f8f48 e-con-full e-flex e-con e-child\" data-id=\"17f8f48\" data-element_type=\"container\" data-e-type=\"container\">\n\t\t\t\t<\/div>\n\t\t<div class=\"elementor-element elementor-element-32a7359 e-con-full e-flex e-con e-child\" data-id=\"32a7359\" data-element_type=\"container\" data-e-type=\"container\">\n\t\t\t\t<\/div>\n\t\t\t\t\t<\/div>\n\t\t\t\t<\/div>\n\t\t\t\t<\/div>\n\t\t","protected":false},"excerpt":{"rendered":"<p>Exposiciones realizadas en la Galer\u00eda Franciso Oller de la Facultad de Humanidades, Universidad de Puerto Rico, Recinto de R\u00edo Piedras https:\/\/youtu.be\/0vvfGdZqO9s?si=L3B7peYhqBZ_dW6r Ra\u00fal Cintr\u00f3n Rodr\u00edguez: Impresiones del paisaje https:\/\/youtu.be\/rXVEqr1kOmw?si=ixXxUcpYYyIygSWL Continente antillano: im\u00e1genes para futuros decoloniales https:\/\/youtu.be\/UrWIufHFH-4?si=3Jyw544t1znFBMEO El fondo de la costumbre &#8211; recorrido guiado por el profesor y artista Juan Bautista &#8230;<\/p>\n","protected":false},"author":5,"featured_media":0,"parent":0,"menu_order":0,"comment_status":"closed","ping_status":"closed","template":"template-full-width.php","meta":{"footnotes":""},"class_list":["post-919","page","type-page","status-publish","hentry","column","twocol"],"_links":{"self":[{"href":"https:\/\/humanidades.uprrp.edu\/historiadelarte\/index.php?rest_route=\/wp\/v2\/pages\/919","targetHints":{"allow":["GET"]}}],"collection":[{"href":"https:\/\/humanidades.uprrp.edu\/historiadelarte\/index.php?rest_route=\/wp\/v2\/pages"}],"about":[{"href":"https:\/\/humanidades.uprrp.edu\/historiadelarte\/index.php?rest_route=\/wp\/v2\/types\/page"}],"author":[{"embeddable":true,"href":"https:\/\/humanidades.uprrp.edu\/historiadelarte\/index.php?rest_route=\/wp\/v2\/users\/5"}],"replies":[{"embeddable":true,"href":"https:\/\/humanidades.uprrp.edu\/historiadelarte\/index.php?rest_route=%2Fwp%2Fv2%2Fcomments&post=919"}],"version-history":[{"count":13,"href":"https:\/\/humanidades.uprrp.edu\/historiadelarte\/index.php?rest_route=\/wp\/v2\/pages\/919\/revisions"}],"predecessor-version":[{"id":935,"href":"https:\/\/humanidades.uprrp.edu\/historiadelarte\/index.php?rest_route=\/wp\/v2\/pages\/919\/revisions\/935"}],"wp:attachment":[{"href":"https:\/\/humanidades.uprrp.edu\/historiadelarte\/index.php?rest_route=%2Fwp%2Fv2%2Fmedia&parent=919"}],"curies":[{"name":"wp","href":"https:\/\/api.w.org\/{rel}","templated":true}]}}