{"id":673,"date":"2024-09-25T17:36:56","date_gmt":"2024-09-25T17:36:56","guid":{"rendered":"https:\/\/humanidades.uprrp.edu\/historiadelarte\/?page_id=673"},"modified":"2024-09-30T19:43:29","modified_gmt":"2024-09-30T19:43:29","slug":"mercedes-trelles-hernandez","status":"publish","type":"page","link":"https:\/\/humanidades.uprrp.edu\/historiadelarte\/?page_id=673","title":{"rendered":"Mercedes Trelles Hern\u00e1ndez"},"content":{"rendered":"<div class=\"wp-block-image\">\n<figure class=\"alignleft size-large is-resized\"><a href=\"https:\/\/humanidades.uprrp.edu\/historiadelarte\/wp-content\/uploads\/2024\/09\/mercedes.png\"><img decoding=\"async\" src=\"https:\/\/humanidades.uprrp.edu\/historiadelarte\/wp-content\/uploads\/2024\/09\/mercedes-683x1024.png\" alt=\"\" class=\"wp-image-718\" width=\"171\" height=\"256\" srcset=\"https:\/\/humanidades.uprrp.edu\/historiadelarte\/wp-content\/uploads\/2024\/09\/mercedes-683x1024.png 683w, https:\/\/humanidades.uprrp.edu\/historiadelarte\/wp-content\/uploads\/2024\/09\/mercedes-200x300.png 200w, https:\/\/humanidades.uprrp.edu\/historiadelarte\/wp-content\/uploads\/2024\/09\/mercedes-768x1151.png 768w, https:\/\/humanidades.uprrp.edu\/historiadelarte\/wp-content\/uploads\/2024\/09\/mercedes-700x1049.png 700w, https:\/\/humanidades.uprrp.edu\/historiadelarte\/wp-content\/uploads\/2024\/09\/mercedes-332x498.png 332w, https:\/\/humanidades.uprrp.edu\/historiadelarte\/wp-content\/uploads\/2024\/09\/mercedes.png 834w\" sizes=\"(max-width: 171px) 100vw, 171px\" \/><\/a><figcaption class=\"wp-element-caption\">Dra. Mercedes Trelles<\/figcaption><\/figure><\/div>\n\n\n<p>Mercedes Trelles es Catedr\u00e1tica Asociada. Tiene un doctorado en Historia del Arte de la Universidad de Harvard y un bachillerato en la Universidad de Puerto Rico, Recinto de R\u00edo Piedras.<\/p>\n\n\n\n<p>Durante m\u00e1s de dos d\u00e9cadas ha impartido diversos cursos (Arte Latinoamericano del siglo XX, Historia del Arte en Puerto Rico 1945-1975 y 1976 al presente, El cine y la vanguardia art\u00edstica, Historia de la gr\u00e1fica, etc.). Su pasi\u00f3n por la historia del arte la impuls\u00f3 a desarrollarse como mentora, adem\u00e1s de orientadora sobre estudios graduados y salidas profesionales al finalizar el bachillerato. Como miembro del comit\u00e9 de la Galer\u00eda Francisco Oller, establece co-curadur\u00edas con el estudiantado fomentando su aprendizaje pr\u00e1ctico y colabora de cerca con la AEHA.<\/p>\n\n\n\n<p>Es cr\u00edtica de arte independiendiente y curadora. Cuenta con proyectos curatoriales como \u201cLos tesoros de la pintura puertorrique\u00f1a\u201d (2000, Museo de Arte de Puerto Rico [MAPR]) y \u201cArte puertorrique\u00f1o a trav\u00e9s del tiempo\u201d (2001, MAPR), \u201cArte en el medio, 35 a\u00f1os de fotograf\u00eda art\u00edstica\u201d (2011, Muestra Nacional del Instituto de Cultura Puertorroque\u00f1a), \u201cMelqu\u00edades Rosario Sastre, Alegor\u00eda para una cultura\u201d y \u201cRastros\u201d (2023 y 2024, Museo y Centro de Estudios Human\u00edsticos Ana G. M\u00e9ndez), \u201cProvocaciones\u201d (2024, Fundaci\u00f3n Cort\u00e9s), \u201cNuyorican Splendor\u201d (2024, Centro Klemente Soto V\u00e9lez, Nueva York) y \u201cH\u00e9ctor M\u00e9ndez Caratini Redux\u201d(2025, Museo de las Am\u00e9ricas).<\/p>\n\n\n\n<p>Sus \u00e1reas de investigaci\u00f3n incluyen arte moderno y contempor\u00e1neo del Caribe, Puerto Rico y Am\u00e9rica Latina, fotograf\u00eda, gr\u00e1fica, museolog\u00eda y arte Latinx. Colabor\u00f3 con el Tate Modern en Londres para su exhibici\u00f3n \u201cThe World Goes Pop<strong>\u201d <\/strong>(2015) y con publicaciones internacionales como <em>International Pop: Art, Gender, Race and Class<\/em> y <em>The A-Z of Caribbean Art<\/em>. Ha recibido importantes becas de investigaci\u00f3n, como el Fellowship \u201cBridging the Divides\u201d (Hunter College Center y Mellon Foundation) y el Fellowship \u201cTeaching with Primary Sources\u201d (Samuel H. Kress Foundation y Smithsonian Institution Archives) y participado en \u201cScholars in Residence\u201d (NYU, 2023).<\/p>\n\n\n\n<p><a href=\"mailto:Mercedes.trelles@upr.edu\">Mercedes.trelles@upr.edu<\/a><\/p>\n\n\n\n<p>Fb: mercedestrelles<\/p>\n\n\n\n<p>IG: mercedestrelles<\/p>\n\n\n\n<p>Linkedin: <a href=\"http:\/\/linkedin.com\/in\/Mercedes-trelles4b543b49\">linkedin.com\/in\/Mercedes-trelles4b543b49<\/a><\/p>\n","protected":false},"excerpt":{"rendered":"<p>Mercedes Trelles es Catedr\u00e1tica Asociada. Tiene un doctorado en Historia del Arte de la Universidad de Harvard y un bachillerato en la Universidad de Puerto Rico, Recinto de R\u00edo Piedras. Durante m\u00e1s de dos d\u00e9cadas ha impartido diversos cursos (Arte Latinoamericano del siglo XX, Historia del Arte en Puerto Rico &#8230;<\/p>\n","protected":false},"author":5,"featured_media":0,"parent":0,"menu_order":0,"comment_status":"closed","ping_status":"closed","template":"","meta":{"footnotes":""},"class_list":["post-673","page","type-page","status-publish","hentry","column","twocol"],"_links":{"self":[{"href":"https:\/\/humanidades.uprrp.edu\/historiadelarte\/index.php?rest_route=\/wp\/v2\/pages\/673","targetHints":{"allow":["GET"]}}],"collection":[{"href":"https:\/\/humanidades.uprrp.edu\/historiadelarte\/index.php?rest_route=\/wp\/v2\/pages"}],"about":[{"href":"https:\/\/humanidades.uprrp.edu\/historiadelarte\/index.php?rest_route=\/wp\/v2\/types\/page"}],"author":[{"embeddable":true,"href":"https:\/\/humanidades.uprrp.edu\/historiadelarte\/index.php?rest_route=\/wp\/v2\/users\/5"}],"replies":[{"embeddable":true,"href":"https:\/\/humanidades.uprrp.edu\/historiadelarte\/index.php?rest_route=%2Fwp%2Fv2%2Fcomments&post=673"}],"version-history":[{"count":3,"href":"https:\/\/humanidades.uprrp.edu\/historiadelarte\/index.php?rest_route=\/wp\/v2\/pages\/673\/revisions"}],"predecessor-version":[{"id":737,"href":"https:\/\/humanidades.uprrp.edu\/historiadelarte\/index.php?rest_route=\/wp\/v2\/pages\/673\/revisions\/737"}],"wp:attachment":[{"href":"https:\/\/humanidades.uprrp.edu\/historiadelarte\/index.php?rest_route=%2Fwp%2Fv2%2Fmedia&parent=673"}],"curies":[{"name":"wp","href":"https:\/\/api.w.org\/{rel}","templated":true}]}}