{"id":84,"date":"2016-04-20T14:25:18","date_gmt":"2016-04-20T14:25:18","guid":{"rendered":"https:\/\/humanidades.uprrp.edu\/historia\/?page_id=84"},"modified":"2025-05-07T18:17:46","modified_gmt":"2025-05-07T18:17:46","slug":"profesores","status":"publish","type":"page","link":"https:\/\/humanidades.uprrp.edu\/historia\/?page_id=84","title":{"rendered":"Facultad"},"content":{"rendered":"\n<p>&nbsp;&nbsp;<\/p>\n\n\n\n<p><strong>Mar\u00eda del Carmen Baerga Santini<\/strong><br>Ph.D. in Historical Sociology, Binghamton University, 1997.&nbsp;<br>L\u00edneas de investigaci\u00f3n: G\u00e9nero, raza y sexualidad; teor\u00eda y metodolog\u00eda de la historia&nbsp;<br>Mail: <a rel=\"noreferrer noopener\" href=\"mailto:mar\u00eda.baerga@upr.edu\" target=\"_blank\">mar\u00eda.baerga@upr.edu<\/a> \/&nbsp; <a rel=\"noreferrer noopener\" href=\"mailto:mcbaerga@gmail.com\" target=\"_blank\">mcbaerga@gmail.com<\/a>&nbsp;<br><a href=\"https:\/\/drive.google.com\/file\/d\/1L4dKjzf8pLtxf2TGnOmHC92U8-qp6BPg\/view?usp=drive_link\">Curriculum Vitae<\/a><\/p>\n\n\n\n<div class=\"wp-block-columns is-layout-flex wp-container-core-columns-is-layout-9d6595d7 wp-block-columns-is-layout-flex\">\n<div class=\"wp-block-column is-layout-flow wp-block-column-is-layout-flow\" style=\"flex-basis:33.33%\">\n<figure class=\"wp-block-image size-large is-resized\"><a href=\"https:\/\/humanidades.uprrp.edu\/historia\/wp-content\/uploads\/2024\/07\/cesar-sola.png\"><img loading=\"lazy\" decoding=\"async\" src=\"https:\/\/humanidades.uprrp.edu\/historia\/wp-content\/uploads\/2024\/07\/cesar-sola-683x1024.png\" alt=\"\" class=\"wp-image-126\" width=\"171\" height=\"256\" srcset=\"https:\/\/humanidades.uprrp.edu\/historia\/wp-content\/uploads\/2024\/07\/cesar-sola-683x1024.png 683w, https:\/\/humanidades.uprrp.edu\/historia\/wp-content\/uploads\/2024\/07\/cesar-sola-200x300.png 200w, https:\/\/humanidades.uprrp.edu\/historia\/wp-content\/uploads\/2024\/07\/cesar-sola-768x1151.png 768w, https:\/\/humanidades.uprrp.edu\/historia\/wp-content\/uploads\/2024\/07\/cesar-sola.png 834w\" sizes=\"auto, (max-width: 171px) 100vw, 171px\" \/><\/a><\/figure>\n<\/div>\n\n\n\n<div class=\"wp-block-column is-layout-flow wp-block-column-is-layout-flow\" style=\"flex-basis:66.66%\">\n<p><strong>C\u00e9sar Sol\u00e1 Garc\u00eda<\/strong><br>Ph.D. en Historia de \u00c1frica University of Michigan, 1999.\u00a0<br>L\u00edneas de investigaci\u00f3n: \u00c1frica a trav\u00e9s del cine; \u00c1frica, Imperialismo y Am\u00e9rica Latina\u00a0<br>Mail: <a rel=\"noreferrer noopener\" href=\"mailto:cesar.sola@upr.edu\" target=\"_blank\">cesar.sola@upr.edu<\/a> \/ <a rel=\"noreferrer noopener\" href=\"mailto:csolagar@hotmail.com\" target=\"_blank\">csolagar@hotmail.com<\/a>\u00a0<br><a href=\"https:\/\/drive.google.com\/file\/d\/1Crl7hMiW1qYUh3ar3cu_3vUCoi2hjLcr\/view?usp=drive_link\">Curriculum vitae<\/a><\/p>\n<\/div>\n<\/div>\n\n\n\n<div class=\"wp-block-columns is-layout-flex wp-container-core-columns-is-layout-9d6595d7 wp-block-columns-is-layout-flex\">\n<div class=\"wp-block-column is-layout-flow wp-block-column-is-layout-flow\" style=\"flex-basis:33.33%\">\n<figure class=\"wp-block-image size-large is-resized\"><a href=\"https:\/\/humanidades.uprrp.edu\/historia\/wp-content\/uploads\/2024\/07\/brunoferrer.png\"><img loading=\"lazy\" decoding=\"async\" src=\"https:\/\/humanidades.uprrp.edu\/historia\/wp-content\/uploads\/2024\/07\/brunoferrer-683x1024.png\" alt=\"\" class=\"wp-image-125\" width=\"171\" height=\"256\" srcset=\"https:\/\/humanidades.uprrp.edu\/historia\/wp-content\/uploads\/2024\/07\/brunoferrer-683x1024.png 683w, https:\/\/humanidades.uprrp.edu\/historia\/wp-content\/uploads\/2024\/07\/brunoferrer-200x300.png 200w, https:\/\/humanidades.uprrp.edu\/historia\/wp-content\/uploads\/2024\/07\/brunoferrer-768x1151.png 768w, https:\/\/humanidades.uprrp.edu\/historia\/wp-content\/uploads\/2024\/07\/brunoferrer.png 834w\" sizes=\"auto, (max-width: 171px) 100vw, 171px\" \/><\/a><\/figure>\n<\/div>\n\n\n\n<div class=\"wp-block-column is-layout-flow wp-block-column-is-layout-flow\" style=\"flex-basis:66.66%\">\n<p><strong>Bruno Ferrer Higueras<\/strong><br>Ph.D. en Historia, Universidad de Barcelona, 2003.&nbsp;<br>L\u00edneas de investigaci\u00f3n: Antig\u00fcedad Tard\u00eda, Imaginarios pol\u00edticos, Walter Benjamin, Mundo \u00c1rabe, Historia de Espa\u00f1a y de Catalunya.&nbsp;<br>Mail: <a rel=\"noreferrer noopener\" href=\"mailto:bruno.ferrer1@upr.edu\" target=\"_blank\">bruno.ferrer1@upr.edu<\/a>&nbsp;<\/p>\n<\/div>\n<\/div>\n\n\n\n<div class=\"wp-block-columns is-layout-flex wp-container-core-columns-is-layout-9d6595d7 wp-block-columns-is-layout-flex\">\n<div class=\"wp-block-column is-layout-flow wp-block-column-is-layout-flow\" style=\"flex-basis:33.33%\">\n<figure class=\"wp-block-image size-large is-resized\"><a href=\"https:\/\/humanidades.uprrp.edu\/historia\/wp-content\/uploads\/2024\/07\/luzzi.png\"><img loading=\"lazy\" decoding=\"async\" src=\"https:\/\/humanidades.uprrp.edu\/historia\/wp-content\/uploads\/2024\/07\/luzzi-683x1024.png\" alt=\"\" class=\"wp-image-124\" width=\"171\" height=\"256\" srcset=\"https:\/\/humanidades.uprrp.edu\/historia\/wp-content\/uploads\/2024\/07\/luzzi-683x1024.png 683w, https:\/\/humanidades.uprrp.edu\/historia\/wp-content\/uploads\/2024\/07\/luzzi-200x300.png 200w, https:\/\/humanidades.uprrp.edu\/historia\/wp-content\/uploads\/2024\/07\/luzzi-768x1151.png 768w, https:\/\/humanidades.uprrp.edu\/historia\/wp-content\/uploads\/2024\/07\/luzzi.png 834w\" sizes=\"auto, (max-width: 171px) 100vw, 171px\" \/><\/a><\/figure>\n<\/div>\n\n\n\n<div class=\"wp-block-column is-layout-flow wp-block-column-is-layout-flow\" style=\"flex-basis:66.66%\">\n<p><strong>Marcelo Luzzi<\/strong><br>Ph.D. en Historia, Universidad Aut\u00f3noma de Madrid, 2014.&nbsp;<br>L\u00edneas de investigaci\u00f3n: Extranjer\u00eda y comunidad pol\u00edtica; historia cultural e historia intelectual; historia, memoria y negacionismo.&nbsp;<br>Mail: <a rel=\"noreferrer noopener\" href=\"mailto:marcelo.luzzi@upr.edu\" target=\"_blank\">marcelo.luzzi@upr.edu<\/a>&nbsp;<br>(<a rel=\"noreferrer noopener\" href=\"https:\/\/gepama.academia.edu\/MarceloLuzzi\" target=\"_blank\">https:\/\/gepama.academia.edu\/MarceloLuzzi<\/a>)&nbsp;<br><a href=\"https:\/\/drive.google.com\/file\/d\/1Z5ptUEZXhW2JrRFscvNviUC2R44hNlCw\/view?usp=drive_link\">Curriculum vitae<\/a><\/p>\n<\/div>\n<\/div>\n\n\n\n<p><strong>N\u00e9lida Mu\u00f1oz de Frontera<\/strong><br>Ph.D. en Educaci\u00f3n Musical New York Universiy, 1988. Maestr\u00eda en Historia, Universidad de Michigan, 1967 y J.D. de la Universidad Interamericana de Puerto Rico, 1997.&nbsp;<br>L\u00edneas de investigaci\u00f3n: Historia de Rusia (pol\u00edtica y cultural), en particular el \u00e1rea de la M\u00fasica, e Historia de la M\u00fasica en Puerto Rico.&nbsp;<br><a href=\"https:\/\/drive.google.com\/file\/d\/1WnXq5ug0h6SawiMxcRMny1rz-7R8SEBL\/view?usp=sharing\">Publicaciones<\/a><br>Mail: <a href=\"mailto:nelida.munoz@upr.edu\">nelida.munoz@upr.edu<\/a> \/ <a href=\"mailto:nelidamunozfrontera@yahoo.com\">nelidamunozfrontera@yahoo.com<\/a> &nbsp;<\/p>\n\n\n\n<div class=\"wp-block-columns is-layout-flex wp-container-core-columns-is-layout-9d6595d7 wp-block-columns-is-layout-flex\">\n<div class=\"wp-block-column is-layout-flow wp-block-column-is-layout-flow\" style=\"flex-basis:33.33%\">\n<figure class=\"wp-block-image size-large is-resized\"><a href=\"https:\/\/humanidades.uprrp.edu\/historia\/wp-content\/uploads\/2024\/07\/marcial-ocasio.png\"><img loading=\"lazy\" decoding=\"async\" src=\"https:\/\/humanidades.uprrp.edu\/historia\/wp-content\/uploads\/2024\/07\/marcial-ocasio-683x1024.png\" alt=\"\" class=\"wp-image-123\" width=\"171\" height=\"256\" srcset=\"https:\/\/humanidades.uprrp.edu\/historia\/wp-content\/uploads\/2024\/07\/marcial-ocasio-683x1024.png 683w, https:\/\/humanidades.uprrp.edu\/historia\/wp-content\/uploads\/2024\/07\/marcial-ocasio-200x300.png 200w, https:\/\/humanidades.uprrp.edu\/historia\/wp-content\/uploads\/2024\/07\/marcial-ocasio-768x1151.png 768w, https:\/\/humanidades.uprrp.edu\/historia\/wp-content\/uploads\/2024\/07\/marcial-ocasio.png 834w\" sizes=\"auto, (max-width: 171px) 100vw, 171px\" \/><\/a><\/figure>\n<\/div>\n\n\n\n<div class=\"wp-block-column is-layout-flow wp-block-column-is-layout-flow\" style=\"flex-basis:66.66%\">\n<p><strong>Marcial Ocasio Mel\u00e9ndez<\/strong><br>Ph.D. en Historia, Michigan State University, 1988.&nbsp;<br>L\u00edneas de investigaci\u00f3n: Historia urbana, M\u00e9xico y Estados Unidos.&nbsp;<br>Mail: <a rel=\"noreferrer noopener\" href=\"mailto:marcial.ocasio@upr.edu\" target=\"_blank\">marcial.ocasio@upr.edu<\/a> \/ <a href=\"mailto:kokoroko9@gmail.com\">kokoroko9@gmail.com<\/a>&nbsp;<\/p>\n<\/div>\n<\/div>\n\n\n\n<p><strong>Sandra Pujals Ram\u00edrez<\/strong><br>Ph.D. en Historia, Georgetown University, 1999.&nbsp;<br>L\u00edneas de investigaci\u00f3n: Rusia y la Uni\u00f3n Sovi\u00e9tica, Caribe sovi\u00e9tico, fascismo y antifascismo en la cuenca del Caribe&nbsp;<br>Mail: <a href=\"mailto:sandra.pujals@upr.edu\">sandra.pujals@upr.edu<\/a>&nbsp;<\/p>\n\n\n\n<p><strong>Pedro Reina P\u00e9rez&nbsp;<\/strong><br>Ph.D. en Historia, Centro de Estudios Avanzados de Puerto Rico y el Caribe.&nbsp;<br>L\u00edneas de investigaci\u00f3n:&nbsp;<br>Mail: <a href=\"mailto:pedro.reina1@upr.edu\">pedro.reina1@upr.edu<\/a>&nbsp;<\/p>\n\n\n\n<h2 class=\"wp-block-heading\">Facultad adjunta&nbsp;&nbsp;<\/h2>\n\n\n\n<div class=\"wp-block-columns is-layout-flex wp-container-core-columns-is-layout-9d6595d7 wp-block-columns-is-layout-flex\">\n<div class=\"wp-block-column is-layout-flow wp-block-column-is-layout-flow\" style=\"flex-basis:33.33%\">\n<figure class=\"wp-block-image size-large is-resized\"><a href=\"https:\/\/humanidades.uprrp.edu\/historia\/wp-content\/uploads\/2024\/07\/JA-FLMM.png\"><img loading=\"lazy\" decoding=\"async\" src=\"https:\/\/humanidades.uprrp.edu\/historia\/wp-content\/uploads\/2024\/07\/JA-FLMM-861x1024.png\" alt=\"\" class=\"wp-image-128\" width=\"215\" height=\"256\" srcset=\"https:\/\/humanidades.uprrp.edu\/historia\/wp-content\/uploads\/2024\/07\/JA-FLMM-861x1024.png 861w, https:\/\/humanidades.uprrp.edu\/historia\/wp-content\/uploads\/2024\/07\/JA-FLMM-252x300.png 252w, https:\/\/humanidades.uprrp.edu\/historia\/wp-content\/uploads\/2024\/07\/JA-FLMM-768x914.png 768w, https:\/\/humanidades.uprrp.edu\/historia\/wp-content\/uploads\/2024\/07\/JA-FLMM-1291x1536.png 1291w, https:\/\/humanidades.uprrp.edu\/historia\/wp-content\/uploads\/2024\/07\/JA-FLMM.png 1308w\" sizes=\"auto, (max-width: 215px) 100vw, 215px\" \/><\/a><\/figure>\n<\/div>\n\n\n\n<div class=\"wp-block-column is-layout-flow wp-block-column-is-layout-flow\" style=\"flex-basis:66.66%\">\n<p><strong>Javier Alem\u00e1n Iglesias<\/strong><br>Ph.D. en Historia de Am\u00e9rica, Universidad Interamericana de Puerto Rico, 2012.&nbsp;<br>L\u00edneas de investigaci\u00f3n: Historia Econ\u00f3mica de Latinoam\u00e9rica, Caribe y Puerto Rico (siglos XIX-XX); Modelos socio econ\u00f3micos del Caribe y Puerto Rico; Historiograf\u00eda.&nbsp;<br>Mail: <a rel=\"noreferrer noopener\" href=\"mailto:javier.aleman4@upr.edu\" target=\"_blank\">javier.aleman4@upr.edu<\/a> \/ <a rel=\"noreferrer noopener\" href=\"mailto:javier.aleman@flmm.org\" target=\"_blank\">javier.aleman@flmm.org<\/a>&nbsp;<br>Academia.edu (<a rel=\"noreferrer noopener\" href=\"https:\/\/nam02.safelinks.protection.outlook.com\/?url=http%3A%2F%2Fsugm.academia.edu%2FJavierAlemanIglesias&amp;data=05%7C02%7Cmarcelo.luzzi%40upr.edu%7Cd44676834c954c8c89cd08dbfd1aad65%7C0dfa5dc0036f461599e494af822f2b84%7C0%7C0%7C638382063243451843%7CUnknown%7CTWFpbGZsb3d8eyJWIjoiMC4wLjAwMDAiLCJQIjoiV2luMzIiLCJBTiI6Ik1haWwiLCJXVCI6Mn0%3D%7C3000%7C%7C%7C&amp;sdata=7dzYYoXPQ0EV4Ho56kOn9nCexRRU37ZA2VBjBeAQ3Xs%3D&amp;reserved=0\" target=\"_blank\">http:\/\/sugm.academia.edu\/JavierAlemanIglesias<\/a>)&nbsp;<\/p>\n<\/div>\n<\/div>\n\n\n\n<p><strong>Carlos Altagracia&nbsp;<\/strong><br>Ph.D. Historia Universidad de Puerto Rico, R\u00edo Piedras, 2001.&nbsp;<br>L\u00edneas de investigaci\u00f3n: Am\u00e9rica Latina, Caribe Hispano, Imaginaci\u00f3n geogr\u00e1fico-hist\u00f3rica, Biopol\u00edtica, Pr\u00e1cticas de exclusi\u00f3n.&nbsp;<br>Mail: <a rel=\"noreferrer noopener\" href=\"mailto:carlos.altagracia@upr.edu\" target=\"_blank\">carlos.altagracia@upr.edu<\/a>&nbsp;&nbsp;<\/p>\n\n\n\n<p><strong>Guillermo Baralt&nbsp;<\/strong><br>Ph.D. en Historia. University of Chicago, 1976.&nbsp;<br>L\u00edneas de investigaci\u00f3n: Am\u00e9rica Latina y Puerto Rico, siglos 19 y 20; Historia Econ\u00f3mica; Historia Empresarial.&nbsp;<br>Mail: <a rel=\"noreferrer noopener\" href=\"mailto:gbaralt_historiador@hotmail.com\" target=\"_blank\">gbaralt_historiador@hotmail.com<\/a>&nbsp;<\/p>\n\n\n\n<p><strong>Josu\u00e9 Caama\u00f1o-Dones<\/strong><br>Diploma de Estudios Avanzados (DEA), Programa Doctoral de Historia. Universidad Complutense de Madrid, 2006.&nbsp;<br>L\u00edneas de investigaci\u00f3n: Historia econ\u00f3mica; Historia de la Vida Cotidiana; Historia de Puerto Rico, Siglos XVI-XVIII, Paleograf\u00eda.&nbsp;<br>Mail: <a rel=\"noreferrer noopener\" href=\"mailto:josue.caamano@upr.edu\" target=\"_blank\">josue.caamano@upr.edu<\/a>&nbsp; <a href=\"https:\/\/drive.google.com\/file\/d\/1vmY28dX9GGfzPpFynoYUpczCp5-g9YOi\/view?usp=drive_link\">Curriculum Vitae<\/a><\/p>\n\n\n\n<div class=\"wp-block-columns is-layout-flex wp-container-core-columns-is-layout-9d6595d7 wp-block-columns-is-layout-flex\">\n<div class=\"wp-block-column is-layout-flow wp-block-column-is-layout-flow\" style=\"flex-basis:33.33%\">\n<figure class=\"wp-block-image size-large is-resized\"><a href=\"https:\/\/humanidades.uprrp.edu\/historia\/wp-content\/uploads\/2024\/07\/Lizette-Cabrera.png\"><img loading=\"lazy\" decoding=\"async\" src=\"https:\/\/humanidades.uprrp.edu\/historia\/wp-content\/uploads\/2024\/07\/Lizette-Cabrera-683x1024.png\" alt=\"\" class=\"wp-image-122\" width=\"171\" height=\"256\" srcset=\"https:\/\/humanidades.uprrp.edu\/historia\/wp-content\/uploads\/2024\/07\/Lizette-Cabrera-683x1024.png 683w, https:\/\/humanidades.uprrp.edu\/historia\/wp-content\/uploads\/2024\/07\/Lizette-Cabrera-200x300.png 200w, https:\/\/humanidades.uprrp.edu\/historia\/wp-content\/uploads\/2024\/07\/Lizette-Cabrera-768x1151.png 768w, https:\/\/humanidades.uprrp.edu\/historia\/wp-content\/uploads\/2024\/07\/Lizette-Cabrera.png 834w\" sizes=\"auto, (max-width: 171px) 100vw, 171px\" \/><\/a><\/figure>\n<\/div>\n\n\n\n<div class=\"wp-block-column is-layout-flow wp-block-column-is-layout-flow\" style=\"flex-basis:66.66%\">\n<p><strong>Lizette Cabrera<\/strong><br>Ph.D. en Historia. Universidad de Puerto Rico. Programa Graduado de Historia, Recinto de R\u00edo Piedras, 2005.<br>L\u00edneas de investigaci\u00f3n: Historia de la tecnolog\u00eda, Museos e historia, Historia de la imprenta y el periodismo, Historia del ron,&nbsp;Historia de Puerto Rico y el Caribe, estudios culturales&nbsp;<\/p>\n\n\n\n<p>Mails: lizette.cabrera@upr.com \/ lcabrerasal@yahoo.com&nbsp;&nbsp;<\/p>\n\n\n\n<p>CV Academia (\u202f<a rel=\"noreferrer noopener\" href=\"https:\/\/nam02.safelinks.protection.outlook.com\/?url=https%3A%2F%2Findependent.academia.edu%2FLCabreraSalcedo&amp;data=05%7C02%7Cmarcelo.luzzi%40upr.edu%7Cd30ec9ca975240cf113908dc3ed948dd%7C0dfa5dc0036f461599e494af822f2b84%7C0%7C0%7C638454350165025601%7CUnknown%7CTWFpbGZsb3d8eyJWIjoiMC4wLjAwMDAiLCJQIjoiV2luMzIiLCJBTiI6Ik1haWwiLCJXVCI6Mn0%3D%7C0%7C%7C%7C&amp;sdata=mgiKE6Myy8SISq7ggeHhJfRVz8KdbdhEJlhh%2FZwtR2c%3D&amp;reserved=0&quot; \\o &quot;Direcci\u00f3n URL original: https:\/\/independent.academia.edu\/LCabreraSalcedo. Haga clic o pulse si conf\u00eda en este v\u00ednculo.&quot; \\t &quot;_blank\" target=\"_blank\">https:\/\/independent.academia.edu\/LCabreraSalcedo<\/a>)&nbsp;<br><a href=\"https:\/\/drive.google.com\/file\/d\/1luIs6kGpDNSu2yYa3RtS3zVYS6YKrFj9\/view?usp=drive_link\">Curriculum vitae<\/a><\/p>\n<\/div>\n<\/div>\n\n\n\n<p><strong>Astrid Cubano Iguina&nbsp;<\/strong><br>Ph.D. en Historia, Princeton University, 1988.&nbsp;<br>L\u00edneas de investigaci\u00f3n: Am\u00e9rica Latina contempor\u00e1nea, Caribe, Puerto Rico, Espa\u00f1a, Historiograf\u00eda, Historia Social y econ\u00f3mica&nbsp;<br>Mail: <a rel=\"noreferrer noopener\" href=\"mailto:astrid.cubano@upr.edu\" target=\"_blank\">astrid.cubano@upr.edu<\/a>&nbsp;<\/p>\n\n\n\n<p><strong>Humberto Garc\u00eda-Mu\u00f1iz<\/strong><br>Ph.D. Columbia University, 1997.&nbsp;<br>L\u00edneas de investigaci\u00f3n: Historia del Caribe; Relaciones Internacionales EE.UU.-Caribe; Geopol\u00edtica del Caribe; Historia Oral.&nbsp;<br>Mail: hgarcia.muniz<a rel=\"noreferrer noopener\" href=\"mailto:hgarciamuniz@gmail.com\" target=\"_blank\">@<\/a><a rel=\"noreferrer noopener\" href=\"https:\/\/nam02.safelinks.protection.outlook.com\/?url=http%3A%2F%2Fupr.edu%2F&amp;data=05%7C02%7Cmarcelo.luzzi%40upr.edu%7C90b06ef49d5b477c333c08dbfad50b72%7C0dfa5dc0036f461599e494af822f2b84%7C0%7C0%7C638379565164138265%7CUnknown%7CTWFpbGZsb3d8eyJWIjoiMC4wLjAwMDAiLCJQIjoiV2luMzIiLCJBTiI6Ik1haWwiLCJXVCI6Mn0%3D%7C3000%7C%7C%7C&amp;sdata=C4T5QYMJLIvKvdDGbIX8hCYI8aShUkMvw9gb%2FdH1cp8%3D&amp;reserved=0\" target=\"_blank\">upr.edu<\/a> \/ <a rel=\"noreferrer noopener\" href=\"mailto:hgarciamuniz@gmail.com\" target=\"_blank\">hgarciamuniz@gmail.com<\/a>&nbsp;<br>CV Academia.edu (<a rel=\"noreferrer noopener\" href=\"https:\/\/nam02.safelinks.protection.outlook.com\/?url=http%3A%2F%2Fupr.academia.edu%2FHumbertoGarciaMuniz&amp;data=05%7C02%7Cmarcelo.luzzi%40upr.edu%7C90b06ef49d5b477c333c08dbfad50b72%7C0dfa5dc0036f461599e494af822f2b84%7C0%7C0%7C638379565164138265%7CUnknown%7CTWFpbGZsb3d8eyJWIjoiMC4wLjAwMDAiLCJQIjoiV2luMzIiLCJBTiI6Ik1haWwiLCJXVCI6Mn0%3D%7C3000%7C%7C%7C&amp;sdata=XCZcValT6oGqoJAzJ3IdnvTIbcVbLCHdE61S8lUJTUE%3D&amp;reserved=0&quot; \\t &quot;_blank&quot; \\o &quot;Direcci\u00f3n URL original: http:\/\/upr.academia.edu\/HumbertoGarciaMuniz. Haga clic o pulse si conf\u00eda en este v\u00ednculo.\" target=\"_blank\">http:\/\/upr.academia.edu\/HumbertoGarciaMuniz<\/a>)&nbsp;<br><a href=\"https:\/\/drive.google.com\/file\/d\/1Wg4RSGo5FJsHHTeSjOVFW6LyIbB61sVp\/view?usp=drive_link\">Curriculum vitae<\/a><\/p>\n\n\n\n<p><strong>Juan Giusti Cordero&nbsp;<\/strong><br>Ph.D. en Sociolog\u00eda con especialidad en historia. State University of New York, 1994.&nbsp;<br>L\u00edneas de investigaci\u00f3n: Caribe, \u00c1frica, Historia social y econ\u00f3mica.&nbsp;<br>Mail: <a rel=\"noreferrer noopener\" href=\"mailto:juangicor@gmail.com\" target=\"_blank\">juangicor@gmail.com<\/a>&nbsp;<\/p>\n\n\n\n<p><strong>Jos\u00e9 Lee Borges<\/strong><br>Ph.D. en Historia de Puerto Rico y el Caribe, Universidad de Puerto Rico, R\u00edo Piedras, 2012.&nbsp;<br>L\u00edneas de investigaci\u00f3n: Movimientos migratorios, el transnacionalismo, la transculturaci\u00f3n, la historia cultural, social y econ\u00f3mica; Puerto Rico, Estados Unidos y el Caribe.&nbsp;<br>Mail: <a href=\"mailto:jose.lee@upr.edu\">jose.lee@upr.edu<\/a>&nbsp;<br>Academia.edu (<a rel=\"noreferrer noopener\" href=\"https:\/\/nam02.safelinks.protection.outlook.com\/?url=https%3A%2F%2Findependent.academia.edu%2FJoseLeeBorges&amp;data=05%7C02%7Cmarcelo.luzzi%40upr.edu%7Cda679b9862954abd82ea08dc137f6d01%7C0dfa5dc0036f461599e494af822f2b84%7C0%7C0%7C638406685215727253%7CUnknown%7CTWFpbGZsb3d8eyJWIjoiMC4wLjAwMDAiLCJQIjoiV2luMzIiLCJBTiI6Ik1haWwiLCJXVCI6Mn0%3D%7C3000%7C%7C%7C&amp;sdata=Ji3lx8aKRMhgPdJGWk7T5DZx03MsiFf6qnVA%2FMBXocE%3D&amp;reserved=0\" target=\"_blank\">https:\/\/independent.academia.edu\/JoseLeeBorges<\/a>)&nbsp;<\/p>\n\n\n\n<p><strong>Jorge Lizardi Pollock&nbsp;<\/strong><br>Ph.D en Historia, Universidad de Puerto Rico, R\u00edo Piedras, 2002.&nbsp;<br>L\u00edneas de investigaci\u00f3n: Ciudad, Memoria, Espacio Urbano, M\u00e9xico, Am\u00e9rica Latina, Teor\u00eda del Espacio.&nbsp;<br>Mail: <a href=\"mailto:jorge.lizardi2@upr.edu\">jorge.lizardi2@upr.edu<\/a>&nbsp;<\/p>\n\n\n\n<p><strong>Eric L\u00f3pez<\/strong><br>Ph.D. en Historia. Universidad de Puerto Rico, Recinto de R\u00edo Piedras, 2019.&nbsp;<br>L\u00edneas de investigaci\u00f3n: Historia deportiva, Fortificaciones, San Juan, Segunda Guerra Mundial&nbsp;<br>Mail: <a href=\"mailto:eric.lopez1@upr.edu\">eric.lopez1@upr.edu<\/a>&nbsp; <a href=\"https:\/\/drive.google.com\/file\/d\/12qW57ZOOdlS9Wz2fShUO6vsDHHOcjk4e\/view?usp=drive_link\">Curriculum vitae<\/a><\/p>\n\n\n\n<p><strong>Francisco Moscoso&nbsp;<\/strong><br>Ph.D en Sociolog\u00eda con especialidad en Historia. State University of New York, 1981.&nbsp;<br>L\u00edneas de investigaci\u00f3n: Am\u00e9rica Latina, Caribe colonial y antiguo<br>Mail: <a rel=\"noreferrer noopener\" href=\"mailto:fmoscoso48@gmail.com\" target=\"_blank\">fmoscoso48@gmail.com<\/a>&nbsp;<\/p>\n\n\n\n<p><strong>Jaime P\u00e9rez Rivera&nbsp;<\/strong><br>Ph.D en Historia, Universidad de Puerto Rico, R\u00edo Piedras, 2002&nbsp;<br>L\u00edneas de investigaci\u00f3n: Asociacionismo; Antropolog\u00eda Hist\u00f3rica; Historia de la muerte&nbsp;<br>Mail: <a rel=\"noreferrer noopener\" href=\"mailto:jaime.perez14@upr.edu\" target=\"_blank\">jaime.perez14@upr.edu<\/a>&nbsp;&nbsp;<\/p>\n\n\n\n<p><strong>\u00c1lvaro Rivera Ruiz<\/strong><br>Ph.D en Historia, Centro de Estudios Avanzados de Puerto Rico y el Caribe, 2017.&nbsp;<br>L\u00edneas de investigaci\u00f3n: Violencia pol\u00edtica; Filiberto Ojeda R\u00edos; Aguadilla; Historia del ron.&nbsp;<br>Mail: <a rel=\"noreferrer noopener\" href=\"mailto:alvaro.rivera@upr.edu\" target=\"_blank\">alvaro.rivera@upr.edu<\/a>&nbsp; <a href=\"https:\/\/drive.google.com\/file\/d\/1oe91HzD3UMw93JyRjL4ufH8CUel2gDCz\/view?usp=drive_link\">Curriculum vitae<\/a><\/p>\n\n\n\n<p><strong>Manuel Rodr\u00edguez&nbsp;<br><\/strong>Ph.D en Historia, Temple University, 2000.&nbsp;<br>L\u00edneas de investigaci\u00f3n: Estados Unidos Contempor\u00e1neo, Nuevo trato, historia pol\u00edtica&nbsp;EE.UU.&nbsp;<br>Mail: <a rel=\"noreferrer noopener\" href=\"mailto:mrrv1967@gmail.com\" target=\"_blank\">mrrv1967@gmail.com<\/a>&nbsp;<\/p>\n\n\n\n<p><strong>Mayra Rosario Urrutia&nbsp;<\/strong><br>Ph.D en Historia, Universidad de Puerto Rico, R\u00edo Piedras, 1993&nbsp;<br>L\u00edneas de investigaci\u00f3n: Puerto Rico, Estados Unidos, Historiograf\u00eda puertorrique\u00f1a y metodolog\u00eda&nbsp;<br>Mail: <a rel=\"noreferrer noopener\" href=\"mailto:mayra@rosariourrutia.com\" target=\"_blank\">mayra@rosariourrutia.com<\/a>&nbsp;<\/p>\n\n\n\n<p><strong>C\u00e9sar Salcedo Chirinos<\/strong><br>Ph.D. en Historia, Universidad de Puerto Rico, R\u00edo Piedras, 2010.&nbsp;<br>L\u00edneas de investigaci\u00f3n: Transgresiones y vida cotidiana en el Puerto Rico de los siglos XVIII y XIX. Salud, enfermedad y pr\u00e1ctica m\u00e9dica en Puerto Rico, siglos XIX y XX.&nbsp;<br>Mail: <a rel=\"noreferrer noopener\" href=\"mailto:cesalchi@gmail.com\" target=\"_blank\">cesalchi@gmail.com<\/a>&nbsp;<\/p>\n\n\n\n<div class=\"wp-block-columns is-layout-flex wp-container-core-columns-is-layout-9d6595d7 wp-block-columns-is-layout-flex\">\n<div class=\"wp-block-column is-layout-flow wp-block-column-is-layout-flow\" style=\"flex-basis:33.33%\">\n<figure class=\"wp-block-image size-large is-resized\"><a href=\"https:\/\/humanidades.uprrp.edu\/historia\/wp-content\/uploads\/2024\/07\/Vincent-Sifres.png\"><img loading=\"lazy\" decoding=\"async\" src=\"https:\/\/humanidades.uprrp.edu\/historia\/wp-content\/uploads\/2024\/07\/Vincent-Sifres-683x1024.png\" alt=\"\" class=\"wp-image-127\" width=\"171\" height=\"256\" srcset=\"https:\/\/humanidades.uprrp.edu\/historia\/wp-content\/uploads\/2024\/07\/Vincent-Sifres-683x1024.png 683w, https:\/\/humanidades.uprrp.edu\/historia\/wp-content\/uploads\/2024\/07\/Vincent-Sifres-200x300.png 200w, https:\/\/humanidades.uprrp.edu\/historia\/wp-content\/uploads\/2024\/07\/Vincent-Sifres-768x1151.png 768w, https:\/\/humanidades.uprrp.edu\/historia\/wp-content\/uploads\/2024\/07\/Vincent-Sifres.png 834w\" sizes=\"auto, (max-width: 171px) 100vw, 171px\" \/><\/a><\/figure>\n<\/div>\n\n\n\n<div class=\"wp-block-column is-layout-flow wp-block-column-is-layout-flow\" style=\"flex-basis:66.66%\">\n<p><strong>Vincent Sifres<br><\/strong>Ph.D. en Historia, Universidad de Puerto Rico, R\u00edo Piedras, 2015.&nbsp;<br>L\u00edneas de investigaci\u00f3n: Historia de los Estados Unidos (Am\u00e9rica) y el Caribe, Historia de la salud, salud p\u00fablica, enfermedades, medicina tropical y biopol\u00edtica.&nbsp;<br>Mail: <a href=\"mailto:vincent.sifres@upr.edu\">vincent.sifres@upr.edu<\/a><br><a href=\"https:\/\/drive.google.com\/file\/d\/1SYQj4t8wInFqBiHB2ef3xRua-NyYcTsJ\/view?usp=drive_link\">Curriculum vitae<\/a><\/p>\n<\/div>\n<\/div>\n\n\n\n<p><strong>Joaqu\u00edn V\u00e1zquez Brioso<br><\/strong>Ph.D. en Historia de Puerto Rico y el Caribe, Centro de Estudios Avanzados de Puerto Rico y el Caribe, 2018.&nbsp;&nbsp;<br>L\u00edneas de investigaci\u00f3n: Historia Econ\u00f3mica y Fiscal.&nbsp;<br>Mail: <a href=\"mailto:joaquinvazquezbrioso@yahoo.com\">joaquinvazquezbrioso@yahoo.com<\/a>\u202f&nbsp;<\/p>\n\n\n\n<ol class=\"wp-block-list\" start=\"18\">\n<li><\/li>\n<\/ol>\n\n\n\n<ol class=\"wp-block-list\" start=\"19\">\n<li><\/li>\n<\/ol>\n","protected":false},"excerpt":{"rendered":"<p>&nbsp;&nbsp; Mar\u00eda del Carmen Baerga SantiniPh.D. in Historical Sociology, Binghamton University, 1997.&nbsp;L\u00edneas de investigaci\u00f3n: G\u00e9nero, raza y sexualidad; teor\u00eda y metodolog\u00eda de la historia&nbsp;Mail: mar\u00eda.baerga@upr.edu \/&nbsp; mcbaerga@gmail.com&nbsp;Curriculum Vitae C\u00e9sar Sol\u00e1 Garc\u00edaPh.D. en Historia de \u00c1frica University of Michigan, 1999.\u00a0L\u00edneas de investigaci\u00f3n: \u00c1frica a trav\u00e9s del cine; \u00c1frica, Imperialismo y Am\u00e9rica Latina\u00a0Mail: cesar.sola@upr.edu \/ csolagar@hotmail.com\u00a0Curriculum vitae [&hellip;]<\/p>\n","protected":false},"author":4,"featured_media":0,"parent":0,"menu_order":0,"comment_status":"closed","ping_status":"closed","template":"","meta":{"footnotes":"","_links_to":"","_links_to_target":""},"class_list":["post-84","page","type-page","status-publish","hentry"],"_links":{"self":[{"href":"https:\/\/humanidades.uprrp.edu\/historia\/index.php?rest_route=\/wp\/v2\/pages\/84","targetHints":{"allow":["GET"]}}],"collection":[{"href":"https:\/\/humanidades.uprrp.edu\/historia\/index.php?rest_route=\/wp\/v2\/pages"}],"about":[{"href":"https:\/\/humanidades.uprrp.edu\/historia\/index.php?rest_route=\/wp\/v2\/types\/page"}],"author":[{"embeddable":true,"href":"https:\/\/humanidades.uprrp.edu\/historia\/index.php?rest_route=\/wp\/v2\/users\/4"}],"replies":[{"embeddable":true,"href":"https:\/\/humanidades.uprrp.edu\/historia\/index.php?rest_route=%2Fwp%2Fv2%2Fcomments&post=84"}],"version-history":[{"count":10,"href":"https:\/\/humanidades.uprrp.edu\/historia\/index.php?rest_route=\/wp\/v2\/pages\/84\/revisions"}],"predecessor-version":[{"id":168,"href":"https:\/\/humanidades.uprrp.edu\/historia\/index.php?rest_route=\/wp\/v2\/pages\/84\/revisions\/168"}],"wp:attachment":[{"href":"https:\/\/humanidades.uprrp.edu\/historia\/index.php?rest_route=%2Fwp%2Fv2%2Fmedia&parent=84"}],"curies":[{"name":"wp","href":"https:\/\/api.w.org\/{rel}","templated":true}]}}