{"id":72,"date":"2016-04-18T14:03:23","date_gmt":"2016-04-18T14:03:23","guid":{"rendered":"https:\/\/humanidades.uprrp.edu\/historia\/?page_id=72"},"modified":"2024-07-12T14:55:26","modified_gmt":"2024-07-12T14:55:26","slug":"programa-subgraduado","status":"publish","type":"page","link":"https:\/\/humanidades.uprrp.edu\/historia\/?page_id=72","title":{"rendered":"Programa Subgraduado"},"content":{"rendered":"\n<h2 class=\"wp-block-heading\">Visi\u00f3n y meta<\/h2>\n\n\n\n<p>La visi\u00f3n del Programa es estar comprometido con la formaci\u00f3n integral del estudiante y su aprendizaje, en el estudio de una historia que cuestione el pasado desde el presente y contribuya al entendimiento de la sociedad actual con proyecci\u00f3n de futuro. El Programa aspira a estar dotado de recursos acad\u00e9micos, humanos y materiales de primer orden y a seguir comprometido con la investigaci\u00f3n hist\u00f3rica y con la diseminaci\u00f3n del conocimiento, de modo que \u00e9ste sea reconocido por la excelencia de su contribuci\u00f3n al desarrollo y al enriquecimiento intelectual de la sociedad puertorrique\u00f1a, caribe\u00f1a y global. La misi\u00f3n del Programa es propiciar la formaci\u00f3n integral de sus estudiantes con experiencias de ense\u00f1anza-aprendizaje que promuevan la curiosidad intelectual, la capacidad cr\u00edtica, el aprecio y el cultivo de valores \u00e9ticos y est\u00e9ticos, as\u00ed como la reflexi\u00f3n y la responsabilidad social. Su prop\u00f3sito es proveer una educaci\u00f3n subgraduada de la m\u00e1s alta calidad cuyo elemento medular sea la investigaci\u00f3n y una visi\u00f3n integral del conocimiento, armonizando la educaci\u00f3n general y la formaci\u00f3n especializada, con atenci\u00f3n a la historia y la cultura puertorrique\u00f1a, situada en su contexto caribe\u00f1o, latinoamericano y global. Con esta misi\u00f3n, el Programa espera contribuir a la transformaci\u00f3n y al progreso continuo de la sociedad puertorrique\u00f1a, as\u00ed como al an\u00e1lisis y a la formulaci\u00f3n de soluciones a los problemas socioecon\u00f3micos y pol\u00edticos del pa\u00eds, que contribuyan al mejoramiento de nuestra calidad de vida<\/p>\n\n\n\n<h2 class=\"wp-block-heading\">Objetivos<\/h2>\n\n\n\n<ol class=\"wp-block-list\" type=\"1\">\n<li>Desarrollar la cultura de la investigaci\u00f3n requiriendo seminarios de lectura cr\u00edtica e investigaci\u00f3n en cada concentraci\u00f3n.<\/li>\n\n\n\n<li><span style=\"color: initial; font-family: -apple-system, BlinkMacSystemFont, &quot;Segoe UI&quot;, Roboto, Oxygen-Sans, Ubuntu, Cantarell, &quot;Helvetica Neue&quot;, sans-serif;\">Divulgar los trabajos de investigaci\u00f3n estudiantil mediante conferencias, conversatorios, foros y publicaciones.<\/span><\/li>\n\n\n\n<li><span style=\"color: initial; font-family: -apple-system, BlinkMacSystemFont, &quot;Segoe UI&quot;, Roboto, Oxygen-Sans, Ubuntu, Cantarell, &quot;Helvetica Neue&quot;, sans-serif;\">Promover el uso del Centro de Investigaciones Hist\u00f3ricas como repositorio de fuentes primarias y taller de pr\u00e1ctica para la investigaci\u00f3n.<\/span><\/li>\n\n\n\n<li><span style=\"color: initial; font-family: -apple-system, BlinkMacSystemFont, &quot;Segoe UI&quot;, Roboto, Oxygen-Sans, Ubuntu, Cantarell, &quot;Helvetica Neue&quot;, sans-serif;\">Afianzar los principios de honestidad y \u00e9tica en la investigaci\u00f3n.<\/span><\/li>\n\n\n\n<li><span style=\"color: initial; font-family: -apple-system, BlinkMacSystemFont, &quot;Segoe UI&quot;, Roboto, Oxygen-Sans, Ubuntu, Cantarell, &quot;Helvetica Neue&quot;, sans-serif;\">Preparar a los estudiantes para que sean gestores de su propio conocimiento.<\/span><\/li>\n\n\n\n<li><span style=\"color: initial; font-family: -apple-system, BlinkMacSystemFont, &quot;Segoe UI&quot;, Roboto, Oxygen-Sans, Ubuntu, Cantarell, &quot;Helvetica Neue&quot;, sans-serif;\">Formar a los estudiantes en el an\u00e1lisis y la cr\u00edtica historiogr\u00e1fica desde perspectivas y teor\u00edas diversas.<\/span><\/li>\n\n\n\n<li><span style=\"color: initial; font-family: -apple-system, BlinkMacSystemFont, &quot;Segoe UI&quot;, Roboto, Oxygen-Sans, Ubuntu, Cantarell, &quot;Helvetica Neue&quot;, sans-serif;\">Promover la investigaci\u00f3n interdisciplinaria y la colaboraci\u00f3n interdepartamental e interfacultativa.<\/span><\/li>\n\n\n\n<li><span style=\"color: initial; font-family: -apple-system, BlinkMacSystemFont, &quot;Segoe UI&quot;, Roboto, Oxygen-Sans, Ubuntu, Cantarell, &quot;Helvetica Neue&quot;, sans-serif;\">Desarrollar estrategias para dar a conocer la oferta acad\u00e9mica.\u00a0<\/span><\/li>\n\n\n\n<li><span style=\"color: initial; font-family: -apple-system, BlinkMacSystemFont, &quot;Segoe UI&quot;, Roboto, Oxygen-Sans, Ubuntu, Cantarell, &quot;Helvetica Neue&quot;, sans-serif;\">Estudiar el aprovechamiento acad\u00e9mico de los estudiantes y ofrecerles la ayuda que necesiten mediante un buen sistema de asesor\u00eda acad\u00e9mica y aval\u00fao.\u00a0<\/span><\/li>\n\n\n\n<li><span style=\"color: initial; font-family: -apple-system, BlinkMacSystemFont, &quot;Segoe UI&quot;, Roboto, Oxygen-Sans, Ubuntu, Cantarell, &quot;Helvetica Neue&quot;, sans-serif;\">Impulsar las premiaciones peri\u00f3dicas de los estudiantes por sus logros acad\u00e9micos y estimular la participaci\u00f3n en las asociaciones estudiantiles.<\/span><\/li>\n\n\n\n<li><span style=\"color: initial; font-family: -apple-system, BlinkMacSystemFont, &quot;Segoe UI&quot;, Roboto, Oxygen-Sans, Ubuntu, Cantarell, &quot;Helvetica Neue&quot;, sans-serif;\">Preparar a los estudiantes para presentar rese\u00f1as, monograf\u00edas y otros trabajos que evidencien claridad y coherencia del pensamiento.<\/span><\/li>\n\n\n\n<li><span style=\"color: initial; font-family: -apple-system, BlinkMacSystemFont, &quot;Segoe UI&quot;, Roboto, Oxygen-Sans, Ubuntu, Cantarell, &quot;Helvetica Neue&quot;, sans-serif;\">Adiestrar a los estudiantes en el manejo de bases de datos y archivos en l\u00ednea; facilitar la publicaci\u00f3n de los trabajos estudiantiles.<\/span><\/li>\n\n\n\n<li><span style=\"color: initial; font-family: -apple-system, BlinkMacSystemFont, &quot;Segoe UI&quot;, Roboto, Oxygen-Sans, Ubuntu, Cantarell, &quot;Helvetica Neue&quot;, sans-serif;\">Fomentar la participaci\u00f3n estudiantil en los programas de intercambio, los viajes de estudio, los congresos de alcance internacional y las secuencias curriculares internacionales, para fomentar el conocimiento y el respeto por la diversidad cultural.<\/span><\/li>\n\n\n\n<li><span style=\"color: initial; font-family: -apple-system, BlinkMacSystemFont, &quot;Segoe UI&quot;, Roboto, Oxygen-Sans, Ubuntu, Cantarell, &quot;Helvetica Neue&quot;, sans-serif;\">Desarrollar en los estudiantes la sensibilidad y el conocimiento de los fundamentos \u00e9ticos frente al medioambiente, al incluir temas de la interacci\u00f3n de las sociedades con la naturaleza.<\/span><\/li>\n\n\n\n<li>Fortalecer los v\u00ednculos con los egresados organizando una base de datos para mantener comunicaciones peri\u00f3dicas que permitan su participaci\u00f3n en las actividades departamentales y el auspicio de becas y premios.<\/li>\n<\/ol>\n\n\n\n<h2 class=\"wp-block-heading\">Requisitos generales de admisi\u00f3n<\/h2>\n\n\n\n<p>Los requisitos generales de admisi\u00f3n se encuentran en el siguiente enlace: <a href=\"https:\/\/www.uprrp.edu\/admisiones\/requisitos-generales\/\">https:\/\/www.uprrp.edu\/admisiones\/requisitos-generales\/<\/a><\/p>\n\n\n\n<p><strong>Bachillerato en Historia<\/strong><\/p>\n\n\n\n<ul class=\"wp-block-list\">\n<li><a href=\"https:\/\/drive.google.com\/file\/d\/1MGmEH5GSRSQls_Wm8ybhrZzHlVx5mD10\/view?usp=drive_link\">Historia \u2013 para estudiantes admitidos a partir de Agosto 2021<\/a><\/li>\n\n\n\n<li><a href=\"https:\/\/drive.google.com\/file\/d\/1IHWAPtiE7SJwsQjoFLGh3XutiTHs2nP7\/view?usp=drive_link\">Historia de Europa<\/a><\/li>\n\n\n\n<li><a href=\"https:\/\/drive.google.com\/file\/d\/1yKwx8NQV4gXVytbbIDcdbT6d17qTXLzH\/view?usp=drive_link\">Historia de las Am\u00e9ricas<\/a><\/li>\n<\/ul>\n\n\n\n<p><strong>Segunda concentraci\u00f3n en Historia<\/strong><\/p>\n\n\n\n<ul class=\"wp-block-list\">\n<li>Segunda concentraci\u00f3n en <a href=\"https:\/\/drive.google.com\/file\/d\/1h32_dkvbz-bhlOw6V83kymP99Xl0WvZv\/view?usp=sharing\">Historia<\/a>&nbsp;\u2013 para estudiantes admitidos a partir de Agosto 2021<\/li>\n\n\n\n<li>Segunda concentraci\u00f3n en <a href=\"https:\/\/drive.google.com\/file\/d\/1g-Hv7dbs_SkLTz-nPm5qsFVYK5HmlJq9\/view?usp=sharing\">Historia de Europa<\/a><\/li>\n\n\n\n<li>Segunda concentraci\u00f3n en <a href=\"https:\/\/drive.google.com\/file\/d\/11piNYQIkzKn_W7e8n5ajtC0fzekSgg6S\/view?usp=sharing\">Historia de las Am\u00e9ricas<\/a><\/li>\n<\/ul>\n\n\n\n<h2 class=\"wp-block-heading\">Perfil del Egresado del Bachillerato en Historia<\/h2>\n\n\n\n<ol class=\"wp-block-list\" type=\"1\">\n<li>Valorar\u00e1 la responsabilidad social inherente a la investigaci\u00f3n en Historia, que promueve la reflexi\u00f3n y el pensamiento cr\u00edtico.<\/li>\n\n\n\n<li><span style=\"color: initial; font-family: -apple-system, BlinkMacSystemFont, &quot;Segoe UI&quot;, Roboto, Oxygen-Sans, Ubuntu, Cantarell, &quot;Helvetica Neue&quot;, sans-serif;\">Tendr\u00e1 dominio del espa\u00f1ol oral y escrito, as\u00ed como la capacidad para comunicarse eficazmente en ingl\u00e9s y en una tercera lengua.<\/span><\/li>\n\n\n\n<li><span style=\"color: initial; font-family: -apple-system, BlinkMacSystemFont, &quot;Segoe UI&quot;, Roboto, Oxygen-Sans, Ubuntu, Cantarell, &quot;Helvetica Neue&quot;, sans-serif;\">Poseer\u00e1 una amplia educaci\u00f3n y aplicar\u00e1 sus experiencias acad\u00e9micas en otras disciplinas al estudio de la Historia.<\/span><\/li>\n\n\n\n<li><span style=\"color: initial; font-family: -apple-system, BlinkMacSystemFont, &quot;Segoe UI&quot;, Roboto, Oxygen-Sans, Ubuntu, Cantarell, &quot;Helvetica Neue&quot;, sans-serif;\">Tendr\u00e1 conocimientos human\u00edsticos diversos y amplios que se reflejar\u00e1n en las investigaciones en Historia y tendr\u00e1 competencias b\u00e1sicas en el pensamiento l\u00f3gico-matem\u00e1tico, que podr\u00e1 usar en sus investigaciones cuantitativas.<\/span><\/li>\n\n\n\n<li><span style=\"color: initial; font-family: -apple-system, BlinkMacSystemFont, &quot;Segoe UI&quot;, Roboto, Oxygen-Sans, Ubuntu, Cantarell, &quot;Helvetica Neue&quot;, sans-serif;\">Demostrar\u00e1 tener conocimiento y respeto por la variedad natural y cultural del planeta.<\/span><\/li>\n\n\n\n<li><span style=\"color: initial; font-family: -apple-system, BlinkMacSystemFont, &quot;Segoe UI&quot;, Roboto, Oxygen-Sans, Ubuntu, Cantarell, &quot;Helvetica Neue&quot;, sans-serif;\">Tendr\u00e1 preparaci\u00f3n s\u00f3lida en Historia, que enlazar\u00e1 al menos dos \u00e1reas de estudio dentro del saber hist\u00f3rico.<\/span><\/li>\n\n\n\n<li><span style=\"color: initial; font-family: -apple-system, BlinkMacSystemFont, &quot;Segoe UI&quot;, Roboto, Oxygen-Sans, Ubuntu, Cantarell, &quot;Helvetica Neue&quot;, sans-serif;\">Podr\u00e1 desarrollar un proyecto de investigaci\u00f3n en Historia con la supervisi\u00f3n y gu\u00eda de su profesor, donde demuestre su valoraci\u00f3n por las fuentes primarias y secundarias, su conocimiento f\u00e1ctico, el pensamiento cr\u00edtico, el dominio de los aspectos te\u00f3ricos y las destrezas metodol\u00f3gicas de investigaci\u00f3n hist\u00f3rica.<\/span><\/li>\n\n\n\n<li><span style=\"color: initial; font-family: -apple-system, BlinkMacSystemFont, &quot;Segoe UI&quot;, Roboto, Oxygen-Sans, Ubuntu, Cantarell, &quot;Helvetica Neue&quot;, sans-serif;\">Habr\u00e1 desarrollado la capacidad para pensar con correcci\u00f3n l\u00f3gica y rigor anal\u00edtico, a los fines de integrar los conocimientos en Historia, de forma te\u00f3rica y pr\u00e1ctica.<\/span><\/li>\n\n\n\n<li><span style=\"color: initial; font-family: -apple-system, BlinkMacSystemFont, &quot;Segoe UI&quot;, Roboto, Oxygen-Sans, Ubuntu, Cantarell, &quot;Helvetica Neue&quot;, sans-serif;\">Sabr\u00e1 apreciar la historia y las tradiciones de la cultura puertorrique\u00f1a, como parte del entorno caribe\u00f1o, latinoamericano y estadounidense, y podr\u00e1 contribuir con responsabilidad intelectual al desarrollo de su realidad inmediata, sin perder de vista lo que acontece en su hemisferio y en el resto del mundo.<\/span><\/li>\n\n\n\n<li><span style=\"color: initial; font-family: -apple-system, BlinkMacSystemFont, &quot;Segoe UI&quot;, Roboto, Oxygen-Sans, Ubuntu, Cantarell, &quot;Helvetica Neue&quot;, sans-serif;\">Comprender\u00e1 el valor de las fuentes primarias escritas, orales y de otra \u00edndole; conocer\u00e1 los principales dep\u00f3sitos documentales, fotogr\u00e1ficos y de cine del pa\u00eds; sabr\u00e1 hacer investigaci\u00f3n usando sujetos humanos, seg\u00fan las normas establecidas por CIPSHI, y podr\u00e1 usar las computadoras respetando las leyes de derechos de autor.<\/span><\/li>\n\n\n\n<li>Demostrar\u00e1 liderato dirigiendo proyectos en grupo y fomentar\u00e1 el trabajo colaborativo; tomar\u00e1 iniciativas propias en la selecci\u00f3n de temas de estudio o investigaci\u00f3n y respetar\u00e1 la diversidad de criterios.<\/li>\n<\/ol>\n","protected":false},"excerpt":{"rendered":"<p>Visi\u00f3n y meta La visi\u00f3n del Programa es estar comprometido con la formaci\u00f3n integral del estudiante y su aprendizaje, en el estudio de una historia que cuestione el pasado desde el presente y contribuya al entendimiento de la sociedad actual con proyecci\u00f3n de futuro. El Programa aspira a estar dotado de recursos acad\u00e9micos, humanos y [&hellip;]<\/p>\n","protected":false},"author":4,"featured_media":0,"parent":0,"menu_order":0,"comment_status":"closed","ping_status":"closed","template":"","meta":{"footnotes":"","_links_to":"","_links_to_target":""},"class_list":["post-72","page","type-page","status-publish","hentry"],"_links":{"self":[{"href":"https:\/\/humanidades.uprrp.edu\/historia\/index.php?rest_route=\/wp\/v2\/pages\/72","targetHints":{"allow":["GET"]}}],"collection":[{"href":"https:\/\/humanidades.uprrp.edu\/historia\/index.php?rest_route=\/wp\/v2\/pages"}],"about":[{"href":"https:\/\/humanidades.uprrp.edu\/historia\/index.php?rest_route=\/wp\/v2\/types\/page"}],"author":[{"embeddable":true,"href":"https:\/\/humanidades.uprrp.edu\/historia\/index.php?rest_route=\/wp\/v2\/users\/4"}],"replies":[{"embeddable":true,"href":"https:\/\/humanidades.uprrp.edu\/historia\/index.php?rest_route=%2Fwp%2Fv2%2Fcomments&post=72"}],"version-history":[{"count":8,"href":"https:\/\/humanidades.uprrp.edu\/historia\/index.php?rest_route=\/wp\/v2\/pages\/72\/revisions"}],"predecessor-version":[{"id":138,"href":"https:\/\/humanidades.uprrp.edu\/historia\/index.php?rest_route=\/wp\/v2\/pages\/72\/revisions\/138"}],"wp:attachment":[{"href":"https:\/\/humanidades.uprrp.edu\/historia\/index.php?rest_route=%2Fwp%2Fv2%2Fmedia&parent=72"}],"curies":[{"name":"wp","href":"https:\/\/api.w.org\/{rel}","templated":true}]}}