{"id":51,"date":"2016-02-22T20:19:46","date_gmt":"2016-02-22T20:19:46","guid":{"rendered":"https:\/\/humanidades.uprrp.edu\/historia\/?page_id=51"},"modified":"2024-07-12T15:11:25","modified_gmt":"2024-07-12T15:11:25","slug":"secuencias-curriculares","status":"publish","type":"page","link":"https:\/\/humanidades.uprrp.edu\/historia\/?page_id=51","title":{"rendered":"Programa Graduado"},"content":{"rendered":"\n<h2 class=\"wp-block-heading\">Descripci\u00f3n<\/h2>\n\n\n\n<p>El Programa Graduado de Historia se fund\u00f3 en 1963 para responder a la necesidad de formar historiadores profesionales que se dedicaran a la investigaci\u00f3n y ense\u00f1anza de la historia de Puerto Rico. En ese entonces, se iniciaron los estudios conducentes al grado de Maestr\u00eda y, en 1987, el Programa Doctoral.<\/p>\n\n\n\n<p>El Programa Graduado de Historia sostiene el principio fundamental de que el estudio de la Historia es ingrediente indispensable en la formaci\u00f3n de valores sociales, intelectuales y culturales de las sociedades. El Programa busca contribuir al desarrollo de la disciplina mediante el estudio participar de sus \u00e1reas de \u00e9nfasis (Puerto Rico y el Caribe, Europa, Am\u00e9rica Continental e Historia Cultural).<\/p>\n\n\n\n<p>La visi\u00f3n del Programa Graduado es preparar historiadores profesionales capacitados para crear conocimiento hist\u00f3rico cr\u00edtico mediante la investigaci\u00f3n; para que as\u00ed puedan transmitir saberes te\u00f3ricos y metodol\u00f3gicos de la disciplina; y para difundir el conocimiento cr\u00edtico sobre los procesos hist\u00f3ricos.<\/p>\n\n\n\n<h2 class=\"wp-block-heading\">Maestr\u00eda<\/h2>\n\n\n\n<h3 class=\"wp-block-heading\">Objetivos<\/h3>\n\n\n\n<p>El prop\u00f3sito del Programa de Maestr\u00eda en Historia es que el estudiante entienda la historia como un proceso, dentro del marco amplio de las Humanidades, y conozca y aplique el pensamiento cient\u00edfico, anal\u00edtico y cr\u00edtico, instrumento esencial para comprender la realidad pasada y presente.<\/p>\n\n\n\n<p>Los fundamentos que gu\u00edan al Programa son: dar a conocer, esclarecer, preservar y disfrutar el acervo cultural de Puerto Rico y el \u00e1rea del Caribe, entre otras, por medio del entendimiento profundo y cabal de su historia.<\/p>\n\n\n\n<p>El egresado estar\u00e1 capacitado para analizar e interpretar aquellos problemas de la sociedad que requieran una perspectiva hist\u00f3rica human\u00edstica; tendr\u00e1 los conocimientos y las destrezas t\u00e9cnicas necesarias para la investigaci\u00f3n y la ense\u00f1anza de la Historia; y desarrollar\u00e1 una preparaci\u00f3n acad\u00e9mica a un nivel superior en la disciplina, as\u00ed como fundamentos profesionales de la funci\u00f3n de historiador y educador en Historia.<\/p>\n\n\n\n<h3 class=\"wp-block-heading\">Requisitos de Admisi\u00f3n<\/h3>\n\n\n\n<ol class=\"wp-block-list\" type=\"a\">\n<li>Poseer un grado de bachillerato, o su equivalencia, y haber aprobado un total de 20 cr\u00e9ditos en Historia.<\/li>\n\n\n\n<li>Dominio de los idiomas espa\u00f1ol e ingl\u00e9s.<\/li>\n\n\n\n<li><span style=\"color: initial; font-family: -apple-system, BlinkMacSystemFont, &quot;Segoe UI&quot;, Roboto, Oxygen-Sans, Ubuntu, Cantarell, &quot;Helvetica Neue&quot;, sans-serif;\">Tener aprobados los seminarios: teor\u00eda de la Historia (Hist. 4225) y Metodolog\u00eda y t\u00e9cnicas de investigaci\u00f3n hist\u00f3rica (Hist. 4226).<\/span><\/li>\n\n\n\n<li>Tener un promedio m\u00ednimo de 3.00 en el \u00edndice acad\u00e9mico general y en el de la especialidad en Historia.<\/li>\n<\/ol>\n\n\n\n<h3 class=\"wp-block-heading\">Solicitud de Admisi\u00f3n<\/h3>\n\n\n\n<ol class=\"wp-block-list\" type=\"a\">\n<li>Llenar electr\u00f3nicamente la solicitud de admisi\u00f3n (http:\/\/graduados.uprrp.edu).<\/li>\n\n\n\n<li>Presentar dos cartas de recomendaci\u00f3n acad\u00e9micas.<\/li>\n\n\n\n<li><span style=\"color: initial; font-family: -apple-system, BlinkMacSystemFont, &quot;Segoe UI&quot;, Roboto, Oxygen-Sans, Ubuntu, Cantarell, &quot;Helvetica Neue&quot;, sans-serif;\">Someter dos transcripciones de cr\u00e9ditos.<\/span><\/li>\n\n\n\n<li><span style=\"color: initial; font-family: -apple-system, BlinkMacSystemFont, &quot;Segoe UI&quot;, Roboto, Oxygen-Sans, Ubuntu, Cantarell, &quot;Helvetica Neue&quot;, sans-serif;\">Someter un ensayo de motivaci\u00f3n en el cual se exponga el inter\u00e9s, las razones para ingresar al Programa Graduado y posibles \u00e1reas tem\u00e1ticas de investigaci\u00f3n si alguna (3-5 pp).<\/span><\/li>\n\n\n\n<li>Muestra de monograf\u00eda o ponencia en conferencia (sugerido, no requerido)<\/li>\n<\/ol>\n\n\n\n<h3 class=\"wp-block-heading\">Informaci\u00f3n general del Programa de Maestr\u00eda en Historia: <a href=\"https:\/\/drive.google.com\/file\/d\/14L9Atf6k0P2qtxeLGRcZpqKMfF9CuNBB\/view?usp=sharing\">Maestria en Historia<\/a><\/h3>\n\n\n\n<h2 class=\"wp-block-heading\">Programa Doctoral<\/h2>\n\n\n\n<h3 class=\"wp-block-heading\">Objetivos<\/h3>\n\n\n\n<p>El prop\u00f3sito del Programa Doctoral en Historia es que el estudiante entienda la historia como un proceso y conozca y aplique el pensamiento cient\u00edfico, anal\u00edtico y cr\u00edtico, instrumento esencial para comprender la realidad pasada y presente.<\/p>\n\n\n\n<p>Los fundamentos que gu\u00edan al Programa son: dar a conocer, esclarecer, preservar y disfrutar el acervo cultural de Puerto Rico y el \u00e1rea del Caribe, entre otras, por medio del entendimiento profundo y cabal de su historia.<\/p>\n\n\n\n<p>El egresado estar\u00e1 capacitado para analizar e interpretar aquellos problemas de la sociedad que requieran una perspectiva hist\u00f3rica human\u00edstica; tendr\u00e1 los conocimientos y las destrezas t\u00e9cnicas necesarias para la investigaci\u00f3n y la ense\u00f1anza de la Historia.<\/p>\n\n\n\n<h3 class=\"wp-block-heading\">Requisitos de admisi\u00f3n<\/h3>\n\n\n\n<ol class=\"wp-block-list\" type=\"a\">\n<li>Tener el grado de Maestr\u00eda en Historia, o su equivalente, de una universidad acreditada.<\/li>\n\n\n\n<li>Tener promedio m\u00ednimo de 3.00 en su \u00cdndice acad\u00e9mico general y de especialidad, a nivel graduado.<\/li>\n\n\n\n<li><span style=\"color: initial; font-family: -apple-system, BlinkMacSystemFont, &quot;Segoe UI&quot;, Roboto, Oxygen-Sans, Ubuntu, Cantarell, &quot;Helvetica Neue&quot;, sans-serif;\">Tener aprobado un curso de Historiograf\u00eda Y Cr\u00edtica, o su equivalente, y otro de Teor\u00eda de la Historia o Filosof\u00eda de la Historia. El Comit\u00e9 Graduado reglamentar\u00e1 dicha equivalencia.<\/span><\/li>\n\n\n\n<li><span style=\"color: initial; font-family: -apple-system, BlinkMacSystemFont, &quot;Segoe UI&quot;, Roboto, Oxygen-Sans, Ubuntu, Cantarell, &quot;Helvetica Neue&quot;, sans-serif;\">Tener dominio de los idiomas Espa\u00f1ol e ingl\u00e9s.<\/span><\/li>\n\n\n\n<li>Poder leer en un idioma adicional con la destreza requerida por la disciplina.<\/li>\n<\/ol>\n\n\n\n<h3 class=\"wp-block-heading\">Solicitud de admisi\u00f3n<\/h3>\n\n\n\n<ol class=\"wp-block-list\" type=\"a\">\n<li>Llenar electr\u00f3nicamente la solicitud de admisi\u00f3n (http:\/\/graduados.uprrp.edu).<\/li>\n\n\n\n<li>Presentar dos cartas de recomendaci\u00f3n.<\/li>\n\n\n\n<li><span style=\"color: initial; font-family: -apple-system, BlinkMacSystemFont, &quot;Segoe UI&quot;, Roboto, Oxygen-Sans, Ubuntu, Cantarell, &quot;Helvetica Neue&quot;, sans-serif;\">Someter dos transcripciones de cr\u00e9ditos. \u00a0<\/span><\/li>\n\n\n\n<li>Someter un ensayo de motivaci\u00f3n en el cual se exponga el inter\u00e9s y las razones para ingresar al Programa Graduado.<\/li>\n<\/ol>\n\n\n\n<h3 class=\"wp-block-heading\">Informaci\u00f3n general del Programa Doctoral en Historia: <a href=\"https:\/\/drive.google.com\/file\/d\/1P23jqhjxdGJQvB9t3Y80Ka8jOkQlGDkY\/view?usp=sharing\">Doctorado de Historia<\/a><\/h3>\n\n\n\n<h2 class=\"wp-block-heading\">Paso r\u00e1pido de Maestr\u00eda a Doctorado<\/h2>\n\n\n\n<p>El Programa Graduado en Historia tambi\u00e9n cuenta con un Programa de paso r\u00e1pido al Doctorado, el cual agiliza el proceso hacia el Doctorado al reducir el tiempo y los requisitos de la Maestr\u00eda. Facilita tambi\u00e9n el proceso al requerir solamente una admisi\u00f3n a la Maestr\u00eda y el paso al Doctorado mediante la revisi\u00f3n del curr\u00edculo del estudiante por un Comit\u00e9.<\/p>\n\n\n\n<p>No obstante, cabe apuntar que la persona interesada en optar por este proceso debe estar ya decidido a proseguir estudios doctorales ya al entrar al grado de Maestr\u00eda, ya que deber\u00e1 solicitar este formato de estudios al final del primer a\u00f1o en el Programa de Maestr\u00eda.<\/p>\n\n\n\n<p>Los solicitantes a este paso r\u00e1pido al Doctorado no obtendr\u00e1n el grado de Maestr\u00eda, ya que no completar\u00e1n todos los requisitos de dicho grado.<\/p>\n\n\n\n<h3 class=\"wp-block-heading\">El formato de la Maestr\u00eda en el caso de este paso r\u00e1pido al Doctorado incluye:<\/h3>\n\n\n\n<ol class=\"wp-block-list\" type=\"a\">\n<li>27 cr\u00e9ditos en cursos medulares, en \u00e1rea de \u00e9nfasis y electivos: <strong>\u00a0<\/strong>\n<ul class=\"wp-block-list\">\n<li>Cursos medulares: Hist. 6051, Hist 6052 (6 cr\u00e9ditos) y Proyecto de Maestr\u00eda II (3 cr\u00e9ditos).\u00a0 <\/li>\n\n\n\n<li>Cursos en el \u00e1rea de \u00e9nfasis seleccionada con asesor\u00eda de la Coordinaci\u00f3n (12 cr\u00e9ditos, incluye un seminario de investigaci\u00f3n).<\/li>\n\n\n\n<li>Electivas libres (6 cr\u00e9ditos).<\/li>\n\n\n\n<li>Trabajo de investigaci\u00f3n de 25 a 30 p\u00e1ginas, revisado y aprobado por un comit\u00e9 ad hoc.<\/li>\n\n\n\n<li>Recomendaci\u00f3n de un profesor\/a del Programa<\/li>\n<\/ul>\n<\/li>\n\n\n\n<li>Los pasos para completar el grado de Maestr\u00eda se llevan a cabo de la siguiente manera: \n<ul class=\"wp-block-list\">\n<li>Los estudiantes deben solicitar el formato de paso r\u00e1pido al Doctorado al final del primer a\u00f1o de Maestr\u00eda. <\/li>\n\n\n\n<li>De seleccionar esta opci\u00f3n, deber\u00e1n tomar un Seminario de investigaci\u00f3n preferiblemente en el \u00e1rea de \u00e9nfasis durante su primer a\u00f1o de estudios de Maestr\u00eda.<\/li>\n\n\n\n<li>La solicitud debe enviarse a la Coordinaci\u00f3n del Programa Graduado en Historia, luego de lo cual se formar\u00e1 el comit\u00e9 ad hoc que evaluar\u00e1 el trabajo de investigaci\u00f3n y el expediente acad\u00e9mico del candidato. <\/li>\n<\/ul>\n<\/li>\n\n\n\n<li><strong>Al pasar al Programa Doctoral, los estudiantes matriculados en el Programa combinado de Maestr\u00eda y Doctorado deber\u00e1n completar los siguientes requisitos: <\/strong>\n<ul class=\"wp-block-list\">\n<li>\u00c1rea de \u00e9nfasis (9 cr\u00e9ditos).<\/li>\n\n\n\n<li>Electivas libres (9 cr\u00e9ditos).<\/li>\n\n\n\n<li>Propuesta tesis. (3 cr\u00e9ditos).<\/li>\n\n\n\n<li>Examen de grado (0 cr\u00e9ditos).<\/li>\n\n\n\n<li>HIST 8891 (Tesis) (0 cr\u00e9ditos).<\/li>\n\n\n\n<li>HIST 8892 (Continuaci\u00f3n de Tesis) (0 cr\u00e9ditos).<\/li>\n<\/ul>\n<\/li>\n\n\n\n<li><strong>En t\u00e9rminos de cr\u00e9ditos para otorgaci\u00f3n de grado Doctoral bajo los requisitos del Programa de paso r\u00e1pido al Doctorado, el desglose es el siguiente: <\/strong>\n<ul class=\"wp-block-list\">\n<li>6 cr\u00e9ditos en cursos medulares (HIST 6051 y 6052) durante la Maestr\u00eda.<\/li>\n\n\n\n<li>21 cr\u00e9ditos en \u00e1rea de \u00e9nfasis, incluyendo por lo menos 3 cr\u00e9ditos en Seminario de Investigaci\u00f3n durante la Maestr\u00eda.<\/li>\n\n\n\n<li>15 cr\u00e9ditos en electivas libres.<\/li>\n\n\n\n<li>Proyecto de Maestr\u00eda I (3 cr\u00e9ditos).<\/li>\n\n\n\n<li>HIST 8900 Propuesta de Tesis doctoral (3 cr\u00e9ditos).<\/li>\n\n\n\n<li>Examen doctoral (0 cr\u00e9ditos).<\/li>\n\n\n\n<li>HIST 8891 Tesis doctoral (0 cr\u00e9ditos).<\/li>\n\n\n\n<li>HIST 8892 Continuaci\u00f3n de Tesis doctoral (0 cr\u00e9ditos).<\/li>\n<\/ul>\n<\/li>\n\n\n\n<li><strong>Total de cr\u00e9ditos: 48 cr\u00e9ditos (Maestr\u00eda y Doctorado).<\/strong><\/li>\n<\/ol>\n\n\n\n<figure class=\"wp-block-embed is-type-video is-provider-youtube wp-block-embed-youtube wp-embed-aspect-16-9 wp-has-aspect-ratio\"><div class=\"wp-block-embed__wrapper\">\n<iframe loading=\"lazy\" title=\"Conoce el Programa Graduado de Historia\" width=\"635\" height=\"357\" src=\"https:\/\/www.youtube.com\/embed\/GciPCEUFzLg?feature=oembed\" frameborder=\"0\" allow=\"accelerometer; autoplay; clipboard-write; encrypted-media; gyroscope; picture-in-picture; web-share\" referrerpolicy=\"strict-origin-when-cross-origin\" allowfullscreen><\/iframe>\n<\/div><\/figure>\n","protected":false},"excerpt":{"rendered":"<p>Descripci\u00f3n El Programa Graduado de Historia se fund\u00f3 en 1963 para responder a la necesidad de formar historiadores profesionales que se dedicaran a la investigaci\u00f3n y ense\u00f1anza de la historia de Puerto Rico. En ese entonces, se iniciaron los estudios conducentes al grado de Maestr\u00eda y, en 1987, el Programa Doctoral. El Programa Graduado de [&hellip;]<\/p>\n","protected":false},"author":4,"featured_media":0,"parent":0,"menu_order":0,"comment_status":"closed","ping_status":"closed","template":"full-width-page.php","meta":{"footnotes":"","_links_to":"","_links_to_target":""},"class_list":["post-51","page","type-page","status-publish","hentry"],"_links":{"self":[{"href":"https:\/\/humanidades.uprrp.edu\/historia\/index.php?rest_route=\/wp\/v2\/pages\/51","targetHints":{"allow":["GET"]}}],"collection":[{"href":"https:\/\/humanidades.uprrp.edu\/historia\/index.php?rest_route=\/wp\/v2\/pages"}],"about":[{"href":"https:\/\/humanidades.uprrp.edu\/historia\/index.php?rest_route=\/wp\/v2\/types\/page"}],"author":[{"embeddable":true,"href":"https:\/\/humanidades.uprrp.edu\/historia\/index.php?rest_route=\/wp\/v2\/users\/4"}],"replies":[{"embeddable":true,"href":"https:\/\/humanidades.uprrp.edu\/historia\/index.php?rest_route=%2Fwp%2Fv2%2Fcomments&post=51"}],"version-history":[{"count":4,"href":"https:\/\/humanidades.uprrp.edu\/historia\/index.php?rest_route=\/wp\/v2\/pages\/51\/revisions"}],"predecessor-version":[{"id":140,"href":"https:\/\/humanidades.uprrp.edu\/historia\/index.php?rest_route=\/wp\/v2\/pages\/51\/revisions\/140"}],"wp:attachment":[{"href":"https:\/\/humanidades.uprrp.edu\/historia\/index.php?rest_route=%2Fwp%2Fv2%2Fmedia&parent=51"}],"curies":[{"name":"wp","href":"https:\/\/api.w.org\/{rel}","templated":true}]}}