{"id":17,"date":"2016-02-22T19:43:05","date_gmt":"2016-02-22T19:43:05","guid":{"rendered":"https:\/\/humanidades.uprrp.edu\/historia\/?page_id=17"},"modified":"2024-07-11T12:47:10","modified_gmt":"2024-07-11T12:47:10","slug":"inicio","status":"publish","type":"page","link":"https:\/\/humanidades.uprrp.edu\/historia\/","title":{"rendered":"Sobre Nosotros"},"content":{"rendered":"<div id=\"main\" class=\"wrapper\">\n<div id=\"primary\" class=\"site-content\">\n<div id=\"content\">\n<div class=\"entry-page-image\" style=\"text-align: justify;\"><\/div>\n<article id=\"post-22\" class=\"post-22 page type-page status-publish has-post-thumbnail hentry\">\n<div class=\"entry-content\">\n<p style=\"text-align: justify;\"><img loading=\"lazy\" decoding=\"async\" class=\"alignnone size-medium wp-image-23 alignleft\" src=\"https:\/\/humanidades.uprrp.edu\/historia\/wp-content\/uploads\/2016\/02\/Pg-historia-300x235.jpg\" alt=\"Pg historia\" width=\"300\" height=\"235\" srcset=\"https:\/\/humanidades.uprrp.edu\/historia\/wp-content\/uploads\/2016\/02\/Pg-historia-300x235.jpg 300w, https:\/\/humanidades.uprrp.edu\/historia\/wp-content\/uploads\/2016\/02\/Pg-historia.jpg 624w\" sizes=\"auto, (max-width: 300px) 100vw, 300px\" \/><\/p>\n<h2 style=\"text-align: justify;\">Historia<\/h2>\n<p>El Departamento de Historia ha sido consistente en su compromiso de promover el estudio de la Historia y fomentar el desarrollo de la investigaci\u00f3n. Tiene como meta una concepci\u00f3n y pr\u00e1ctica din\u00e1mica de la disciplina que exige un proceso de renovaci\u00f3n continua, tanto en la conceptualizaci\u00f3n te\u00f3rica, como en la metodolog\u00eda de la investigaci\u00f3n y el proceso de ense\u00f1anza-aprendizaje. Los principios rectores del programa buscan promover una historia que cuestione el pasado desde el presente y contribuya al entendimiento de nuestros problemas actuales.<\/p>\n<p>En esta disciplina convergen conocimientos, teor\u00edas y metodolog\u00edas desarrolladas por otros campos del saber que la han enriquecido a trav\u00e9s del tiempo. El conocimiento hist\u00f3rico, a su vez, es una herramienta indispensable para los estudios de naturaleza arqueol\u00f3gica, antropol\u00f3gica, sociol\u00f3gica, geogr\u00e1fica, demogr\u00e1fica, econ\u00f3mica, pol\u00edtica, ecol\u00f3gica, ling\u00fc\u00edstica, literaria, y para la investigaci\u00f3n disciplinaria que requiere la aplicaci\u00f3n de an\u00e1lisis del ser humano a trav\u00e9s del tiempo.<\/p>\n<h2 style=\"text-align: justify;\">Misi\u00f3n<\/h2>\n<p>Propiciar la formaci\u00f3n integral de sus estudiantes con experiencias de ense\u00f1anza-aprendizaje que promuevan la curiosidad intelectual, la capacidad cr\u00edtica, el aprecio y el cultivo de los valores \u00e9ticos y est\u00e9ticos, as\u00ed como la reflexi\u00f3n y la responsabilidad.<\/p>\n<\/div>\n<footer class=\"entry-meta\"><\/footer>\n<\/article>\n<\/div>\n<\/div>\n<\/div>\n","protected":false},"excerpt":{"rendered":"<p>Historia El Departamento de Historia ha sido consistente en su compromiso de promover el estudio de la Historia y fomentar el desarrollo de la investigaci\u00f3n. Tiene como meta una concepci\u00f3n y pr\u00e1ctica din\u00e1mica de la disciplina que exige un proceso de renovaci\u00f3n continua, tanto en la conceptualizaci\u00f3n te\u00f3rica, como en la metodolog\u00eda de la investigaci\u00f3n [&hellip;]<\/p>\n","protected":false},"author":4,"featured_media":0,"parent":0,"menu_order":0,"comment_status":"closed","ping_status":"closed","template":"","meta":{"footnotes":"","_links_to":"","_links_to_target":""},"class_list":["post-17","page","type-page","status-publish","hentry"],"_links":{"self":[{"href":"https:\/\/humanidades.uprrp.edu\/historia\/index.php?rest_route=\/wp\/v2\/pages\/17","targetHints":{"allow":["GET"]}}],"collection":[{"href":"https:\/\/humanidades.uprrp.edu\/historia\/index.php?rest_route=\/wp\/v2\/pages"}],"about":[{"href":"https:\/\/humanidades.uprrp.edu\/historia\/index.php?rest_route=\/wp\/v2\/types\/page"}],"author":[{"embeddable":true,"href":"https:\/\/humanidades.uprrp.edu\/historia\/index.php?rest_route=\/wp\/v2\/users\/4"}],"replies":[{"embeddable":true,"href":"https:\/\/humanidades.uprrp.edu\/historia\/index.php?rest_route=%2Fwp%2Fv2%2Fcomments&post=17"}],"version-history":[{"count":9,"href":"https:\/\/humanidades.uprrp.edu\/historia\/index.php?rest_route=\/wp\/v2\/pages\/17\/revisions"}],"predecessor-version":[{"id":121,"href":"https:\/\/humanidades.uprrp.edu\/historia\/index.php?rest_route=\/wp\/v2\/pages\/17\/revisions\/121"}],"wp:attachment":[{"href":"https:\/\/humanidades.uprrp.edu\/historia\/index.php?rest_route=%2Fwp%2Fv2%2Fmedia&parent=17"}],"curies":[{"name":"wp","href":"https:\/\/api.w.org\/{rel}","templated":true}]}}