{"id":141,"date":"2024-07-12T15:16:32","date_gmt":"2024-07-12T15:16:32","guid":{"rendered":"https:\/\/humanidades.uprrp.edu\/historia\/?page_id=141"},"modified":"2024-07-12T15:18:42","modified_gmt":"2024-07-12T15:18:42","slug":"asociacion-de-estudiantes-historiadorxs-aeh","status":"publish","type":"page","link":"https:\/\/humanidades.uprrp.edu\/historia\/?page_id=141","title":{"rendered":"Asociaci\u00f3n de Estudiantes Historiadorxs (AEH)"},"content":{"rendered":"\n<h2 class=\"wp-block-heading\">Misi\u00f3n<\/h2>\n\n\n\n<p>La Asociaci\u00f3n de Estudiantes Historiadorxs del Recinto de R\u00edo Piedras de la Universidad de Puerto Rico se cre\u00f3 con el fin de ayudar a desarrollar a todxs lxs estudiantes interesadxs en la disciplina de la historia, colaborar con el Departamento de Historia en la consecuci\u00f3n de sus objetivos institucionales y trabajar para acrecentar la calidad de los ofrecimientos docentes de la instituci\u00f3n en base a las necesidades del estudiantado. Tambi\u00e9n, la AEH tiene como fin ulterior servir como enlace entre la comunidad universitaria y todos los sectores de la sociedad puertorrique\u00f1a, y ser una fuente de apoyo para los estudiantes de Historia de nuestro sistema universitario.<\/p>\n\n\n\n<h2 class=\"wp-block-heading\">Visi\u00f3n<\/h2>\n\n\n\n<p>La Asociaci\u00f3n de Estudiantes Historiadorxs del Recinto de R\u00edo Piedras de la Universidad de Puerto Rico aspira a ser reconocida como una Asociaci\u00f3n que provee servicios, actividades y programas que ayudan a desarrollar y formar a sus miembros integralmente en todos los aspectos. Adem\u00e1s, la AEH tiene el compromiso de fomentar el pensamiento cr\u00edtico, reflexivo y responsable en sus miembros a trav\u00e9s de las oportunidades que genere. Asimismo, la AEH pretende crear un ambiente en el cual sus miembros puedan participar de manera fundamental en el desarrollo de la sociedad puertorrique\u00f1a, ya que la educaci\u00f3n es el recurso m\u00e1s importante del cual nos podemos valer para impulsar la transformaci\u00f3n por el bienestar presente y futuro de nuestro pa\u00eds.<\/p>\n\n\n<div class=\"wp-block-image\">\n<figure class=\"aligncenter size-full\"><a href=\"https:\/\/humanidades.uprrp.edu\/historia\/wp-content\/uploads\/2024\/07\/asociacion-estudiantes-historia.png\"><img loading=\"lazy\" decoding=\"async\" width=\"310\" height=\"195\" src=\"https:\/\/humanidades.uprrp.edu\/historia\/wp-content\/uploads\/2024\/07\/asociacion-estudiantes-historia.png\" alt=\"\" class=\"wp-image-144\" srcset=\"https:\/\/humanidades.uprrp.edu\/historia\/wp-content\/uploads\/2024\/07\/asociacion-estudiantes-historia.png 310w, https:\/\/humanidades.uprrp.edu\/historia\/wp-content\/uploads\/2024\/07\/asociacion-estudiantes-historia-300x189.png 300w\" sizes=\"auto, (max-width: 310px) 100vw, 310px\" \/><\/a><\/figure><\/div>\n\n\n<p class=\"has-text-align-center\"><a href=\"https:\/\/www.instagram.com\/aeh.uprrp\/\">https:\/\/www.instagram.com\/aeh.uprrp\/<\/a><\/p>\n","protected":false},"excerpt":{"rendered":"<p>Misi\u00f3n La Asociaci\u00f3n de Estudiantes Historiadorxs del Recinto de R\u00edo Piedras de la Universidad de Puerto Rico se cre\u00f3 con el fin de ayudar a desarrollar a todxs lxs estudiantes interesadxs en la disciplina de la historia, colaborar con el Departamento de Historia en la consecuci\u00f3n de sus objetivos institucionales y trabajar para acrecentar la [&hellip;]<\/p>\n","protected":false},"author":4,"featured_media":0,"parent":0,"menu_order":0,"comment_status":"closed","ping_status":"closed","template":"","meta":{"footnotes":"","_links_to":"","_links_to_target":""},"class_list":["post-141","page","type-page","status-publish","hentry"],"_links":{"self":[{"href":"https:\/\/humanidades.uprrp.edu\/historia\/index.php?rest_route=\/wp\/v2\/pages\/141","targetHints":{"allow":["GET"]}}],"collection":[{"href":"https:\/\/humanidades.uprrp.edu\/historia\/index.php?rest_route=\/wp\/v2\/pages"}],"about":[{"href":"https:\/\/humanidades.uprrp.edu\/historia\/index.php?rest_route=\/wp\/v2\/types\/page"}],"author":[{"embeddable":true,"href":"https:\/\/humanidades.uprrp.edu\/historia\/index.php?rest_route=\/wp\/v2\/users\/4"}],"replies":[{"embeddable":true,"href":"https:\/\/humanidades.uprrp.edu\/historia\/index.php?rest_route=%2Fwp%2Fv2%2Fcomments&post=141"}],"version-history":[{"count":3,"href":"https:\/\/humanidades.uprrp.edu\/historia\/index.php?rest_route=\/wp\/v2\/pages\/141\/revisions"}],"predecessor-version":[{"id":147,"href":"https:\/\/humanidades.uprrp.edu\/historia\/index.php?rest_route=\/wp\/v2\/pages\/141\/revisions\/147"}],"wp:attachment":[{"href":"https:\/\/humanidades.uprrp.edu\/historia\/index.php?rest_route=%2Fwp%2Fv2%2Fmedia&parent=141"}],"curies":[{"name":"wp","href":"https:\/\/api.w.org\/{rel}","templated":true}]}}