{"id":630,"date":"2015-04-30T13:11:07","date_gmt":"2015-04-30T17:11:07","guid":{"rendered":"https:\/\/humanidades.uprrp.edu\/graduados\/?page_id=630"},"modified":"2015-11-13T15:29:07","modified_gmt":"2015-11-13T19:29:07","slug":"acreditacion-middle-states-commission-on-higher-education","status":"publish","type":"page","link":"https:\/\/humanidades.uprrp.edu\/graduados\/acreditacion-middle-states-commission-on-higher-education\/","title":{"rendered":"Acreditaci\u00f3n: Middle States Commission on Higher Education"},"content":{"rendered":"<p>La Universidad de Puerto Rico es acreditada por la\u00a0<em>Middle States Commission on Higher Education (MSCHE).\u00a0<\/em>La\u00a0MSCHE tambi\u00e9n es reconocida por el Consejo de Acreditaci\u00f3n de la Educaci\u00f3n Superior para acreditar a las instituciones que otorgan t\u00edtulos que ofrecen uno o m\u00e1s despu\u00e9s de la secundaria los programas educativos de al menos un a\u00f1o acad\u00e9mico en longitud en Delaware, el Distrito de Columbia, Maryland, Nueva Jersey, Nueva York, Pensilvania, Puerto Rico, las Islas V\u00edrgenes, y otras \u00e1reas geogr\u00e1ficas en las que la Comisi\u00f3n lleva a cabo actividades de acreditaci\u00f3n. La Comisi\u00f3n es una organizaci\u00f3n no gubernamental, asociaci\u00f3n voluntaria, la pertenencia que define, mantiene y promueve la excelencia educativa a trav\u00e9s de las instituciones con diversas misiones, la poblaci\u00f3n estudiantil y sus recursos. Adem\u00e1s, examina cada instituci\u00f3n en su conjunto, y los programas espec\u00edficos dentro de las instituciones.<\/p>\n<p>&nbsp;<\/p>\n<p>&nbsp;<\/p>\n<p>&nbsp;<\/p>\n<p>&nbsp;<\/p>\n<p>&nbsp;<\/p>\n<p>Para m\u00e1s informaci\u00f3n sobre la acreditaci\u00f3n de la Universidad de Puerto Rico, favor acceder:<\/p>\n<p><a href=\"https:\/\/www.msche.org\/\"><img decoding=\"async\" class=\"alignleft size-medium wp-image-761\" src=\"https:\/\/humanidades.uprrp.edu\/graduados\/wp-content\/uploads\/2015\/11\/logo-MSCHE-300x41.gif\" alt=\"logo MSCHE\" width=\"300\" height=\"41\" \/><\/a><\/p>\n<p><a href=\"http:\/\/daarrp.uprrp.edu\/daa\/\"><img decoding=\"async\" class=\"alignleft size-medium wp-image-762\" src=\"https:\/\/humanidades.uprrp.edu\/graduados\/wp-content\/uploads\/2015\/11\/DAAUPR-300x99.png\" alt=\"DAAUPR\" width=\"300\" height=\"99\" srcset=\"https:\/\/humanidades.uprrp.edu\/graduados\/wp-content\/uploads\/2015\/11\/DAAUPR-300x99.png 300w, https:\/\/humanidades.uprrp.edu\/graduados\/wp-content\/uploads\/2015\/11\/DAAUPR-420x140.png 420w, https:\/\/humanidades.uprrp.edu\/graduados\/wp-content\/uploads\/2015\/11\/DAAUPR.png 840w\" sizes=\"(max-width: 300px) 100vw, 300px\" \/><\/a><\/p>\n<p>&nbsp;<\/p>\n","protected":false},"excerpt":{"rendered":"<p>La Universidad de Puerto Rico es acreditada por la\u00a0Middle States Commission on Higher Education (MSCHE).\u00a0La\u00a0MSCHE tambi\u00e9n es reconocida por el Consejo de Acreditaci\u00f3n de la Educaci\u00f3n Superior para acreditar a las instituciones que otorgan t\u00edtulos que ofrecen uno o m\u00e1s despu\u00e9s de la secundaria los programas educativos de al menos &#8230;<\/p>\n","protected":false},"author":4,"featured_media":0,"parent":0,"menu_order":0,"comment_status":"closed","ping_status":"closed","template":"","meta":{"footnotes":"","_links_to":"","_links_to_target":""},"class_list":["post-630","page","type-page","status-publish","hentry","column","twocol"],"_links":{"self":[{"href":"https:\/\/humanidades.uprrp.edu\/graduados\/wp-json\/wp\/v2\/pages\/630","targetHints":{"allow":["GET"]}}],"collection":[{"href":"https:\/\/humanidades.uprrp.edu\/graduados\/wp-json\/wp\/v2\/pages"}],"about":[{"href":"https:\/\/humanidades.uprrp.edu\/graduados\/wp-json\/wp\/v2\/types\/page"}],"author":[{"embeddable":true,"href":"https:\/\/humanidades.uprrp.edu\/graduados\/wp-json\/wp\/v2\/users\/4"}],"replies":[{"embeddable":true,"href":"https:\/\/humanidades.uprrp.edu\/graduados\/wp-json\/wp\/v2\/comments?post=630"}],"version-history":[{"count":3,"href":"https:\/\/humanidades.uprrp.edu\/graduados\/wp-json\/wp\/v2\/pages\/630\/revisions"}],"predecessor-version":[{"id":793,"href":"https:\/\/humanidades.uprrp.edu\/graduados\/wp-json\/wp\/v2\/pages\/630\/revisions\/793"}],"wp:attachment":[{"href":"https:\/\/humanidades.uprrp.edu\/graduados\/wp-json\/wp\/v2\/media?parent=630"}],"curies":[{"name":"wp","href":"https:\/\/api.w.org\/{rel}","templated":true}]}}