{"id":578,"date":"2015-04-20T14:34:43","date_gmt":"2015-04-20T18:34:43","guid":{"rendered":"https:\/\/humanidades.uprrp.edu\/graduados\/?page_id=578"},"modified":"2023-10-11T10:57:09","modified_gmt":"2023-10-11T14:57:09","slug":"estudiantes-internacionales","status":"publish","type":"page","link":"https:\/\/humanidades.uprrp.edu\/graduados\/estudiantes-internacionales\/","title":{"rendered":"Estudiantes internacionales"},"content":{"rendered":"<p><a href=\"http:\/\/estudiantes.uprrp.edu\/?page_id=165\"><img fetchpriority=\"high\" decoding=\"async\" class=\"wp-image-605 alignleft\" src=\"https:\/\/humanidades.uprrp.edu\/graduados\/wp-content\/uploads\/2015\/04\/relacionesinternacionalestopbanner.jpg\" alt=\"relacionesinternacionalestopbanner\" width=\"602\" height=\"162\" srcset=\"https:\/\/humanidades.uprrp.edu\/graduados\/wp-content\/uploads\/2015\/04\/relacionesinternacionalestopbanner.jpg 602w, https:\/\/humanidades.uprrp.edu\/graduados\/wp-content\/uploads\/2015\/04\/relacionesinternacionalestopbanner-300x81.jpg 300w\" sizes=\"(max-width: 602px) 100vw, 602px\" \/><\/a><\/p>\n<p>&nbsp;<\/p>\n<p>&nbsp;<\/p>\n<p>&nbsp;<\/p>\n<p>&nbsp;<\/p>\n<p>&nbsp;<\/p>\n<p>&nbsp;<\/p>\n<p><a href=\"https:\/\/drive.google.com\/a\/upr.edu\/file\/d\/0B7DT2fKSXoyoWDdEZjdnQnp5RWc\/view?usp=sharing\">Costos de Estudio para Estudiantes Internacionales de Intercambio<\/a><\/p>\n<p><a href=\"http:\/\/consularcorpspr.org\/Directorio.aspx\">Directorio de Consulados en Puerto Rico<\/a><\/p>\n<p>&nbsp;<\/p>\n<hr \/>\n<p>&nbsp;<\/p>\n<p><strong>Programa de Vivienda para Estudiantes Internacionales y de Intercambio<\/strong><\/p>\n<p>&nbsp;<\/p>\n<p>El Programa de Vivienda de la Universidad de Puerto Rico del Recinto de R\u00edo Piedras es la \u00fanica dependencia que provee servicios de hospedaje en todo el sistema universitario. Nuestros servicios son ofrecidos durante per\u00edodos lectivos, desde la apertura de enero hasta el cierre de diciembre. Siempre cierran durante el receso de Navidad y en verano solo se hospedan estudiantes que est\u00e9n trabajando o estudiando durante este periodo.<\/p>\n<p>Si desea saber sobre el Proceso de Solicitud, Proceso de Reconsideraci\u00f3n, ver el Reglamento de las Residencias, Normas de las Residencias Estudiantiles, Normas de Convivencia, Pol\u00edtica para Estudiantes Desaparecidos, Lista de Hospedajes de DACO<\/p>\n<p>Para consejer\u00eda o informaci\u00f3n de contacto accede a la p\u00e1gina oficial del <a href=\"http:\/\/vivienda.uprrp.edu\/\">Programa de Vivenda<\/a>.<\/p>\n<p>&nbsp;<\/p>\n<hr \/>\n<p>&nbsp;<\/p>\n<p>El <a href=\"http:\/\/graduados.uprrp.edu\/\">Decanato de Estudios Graduados e Investigaci\u00f3n<\/a> (DEGI) tiene entre sus metas que los programas de maestr\u00eda y doctorado del Recinto ofrezcan una formaci\u00f3n universitaria de excelencia. Es tambi\u00e9n el ente encargado de las admisiones a las maestr\u00edas de la Universidad de Puerto Rico. Las solicitudes son procesadas a trav\u00e9s del <a href=\"http:\/\/solicitud.upr.edu\/\">Portal de Admisiones de la Universidad de Puerto Rico<\/a> .<\/p>\n<p>&nbsp;<\/p>\n<p>Para m\u00e1s informaci\u00f3n sobre el proceso de admisi\u00f3n graduada, haga click <a href=\"https:\/\/graduados.uprrp.edu\/estudiantiles\/admisiones_graduadas\/\">aqu\u00ed<\/a>.<\/p>\n","protected":false},"excerpt":{"rendered":"<p>&nbsp; &nbsp; &nbsp; &nbsp; &nbsp; &nbsp; Costos de Estudio para Estudiantes Internacionales de Intercambio Directorio de Consulados en Puerto Rico &nbsp; &nbsp; Programa de Vivienda para Estudiantes Internacionales y de Intercambio &nbsp; El Programa de Vivienda de la Universidad de Puerto Rico del Recinto de R\u00edo Piedras es la \u00fanica &#8230;<\/p>\n","protected":false},"author":4,"featured_media":0,"parent":0,"menu_order":0,"comment_status":"closed","ping_status":"closed","template":"","meta":{"footnotes":"","_links_to":"","_links_to_target":""},"class_list":["post-578","page","type-page","status-publish","hentry","column","twocol"],"_links":{"self":[{"href":"https:\/\/humanidades.uprrp.edu\/graduados\/wp-json\/wp\/v2\/pages\/578","targetHints":{"allow":["GET"]}}],"collection":[{"href":"https:\/\/humanidades.uprrp.edu\/graduados\/wp-json\/wp\/v2\/pages"}],"about":[{"href":"https:\/\/humanidades.uprrp.edu\/graduados\/wp-json\/wp\/v2\/types\/page"}],"author":[{"embeddable":true,"href":"https:\/\/humanidades.uprrp.edu\/graduados\/wp-json\/wp\/v2\/users\/4"}],"replies":[{"embeddable":true,"href":"https:\/\/humanidades.uprrp.edu\/graduados\/wp-json\/wp\/v2\/comments?post=578"}],"version-history":[{"count":15,"href":"https:\/\/humanidades.uprrp.edu\/graduados\/wp-json\/wp\/v2\/pages\/578\/revisions"}],"predecessor-version":[{"id":1182,"href":"https:\/\/humanidades.uprrp.edu\/graduados\/wp-json\/wp\/v2\/pages\/578\/revisions\/1182"}],"wp:attachment":[{"href":"https:\/\/humanidades.uprrp.edu\/graduados\/wp-json\/wp\/v2\/media?parent=578"}],"curies":[{"name":"wp","href":"https:\/\/api.w.org\/{rel}","templated":true}]}}