{"id":509,"date":"2015-04-09T10:45:44","date_gmt":"2015-04-09T14:45:44","guid":{"rendered":"https:\/\/humanidades.uprrp.edu\/graduados\/?page_id=509"},"modified":"2015-12-07T09:57:52","modified_gmt":"2015-12-07T13:57:52","slug":"conferencias-del-campo-de-la-traduccion","status":"publish","type":"page","link":"https:\/\/humanidades.uprrp.edu\/graduados\/conferencias-del-campo-de-la-traduccion\/","title":{"rendered":"Conferencias del campo de la Traducci\u00f3n"},"content":{"rendered":"<ul>\n<li><a href=\"http:\/\/pgt.uprrp.edu\/es\/noticias\/162-call-for-papers-postgraduate-translation-symposium-\">Postgraduate Translation Symposium<\/a> at the University of East Anglia in Norwich, England.<\/li>\n<\/ul>\n<p>&nbsp;<\/p>\n<ul>\n<li><a href=\"http:\/\/pgt.uprrp.edu\/es\/noticias\">Enlace de noticias del PGT<\/a><\/li>\n<\/ul>\n<p>&nbsp;<\/p>\n<p><a href=\"http:\/\/portal.unesco.org\/culture\/es\/ev.php-URL_ID=1611&amp;URL_DO=DO_TOPIC&amp;URL_SECTION=-473.html\"><img decoding=\"async\" class=\"size-full wp-image-901 aligncenter\" src=\"https:\/\/humanidades.uprrp.edu\/graduados\/wp-content\/uploads\/2015\/04\/unesco.gif\" alt=\"unesco\" width=\"195\" height=\"80\" \/><\/a><\/p>\n<ul>\n<li>Listado de asociaciones y organizaciones de traducci\u00f3n literaria de la UNESCO<\/li>\n<\/ul>\n<p>&nbsp;<\/p>\n<ul>\n<li><a href=\"http:\/\/www.baal.org.uk\/mo_ling_confs.html\">The Brittish Association For Applied Linguistics<\/a><\/li>\n<\/ul>\n<p>&nbsp;<\/p>\n<p><a href=\"https:\/\/asetrad.org\/es\/\"><img decoding=\"async\" class=\"size-medium wp-image-902 aligncenter\" src=\"https:\/\/humanidades.uprrp.edu\/graduados\/wp-content\/uploads\/2015\/04\/asetrad-300x94.jpg\" alt=\"asetrad\" width=\"300\" height=\"94\" srcset=\"https:\/\/humanidades.uprrp.edu\/graduados\/wp-content\/uploads\/2015\/04\/asetrad-300x94.jpg 300w, https:\/\/humanidades.uprrp.edu\/graduados\/wp-content\/uploads\/2015\/04\/asetrad.jpg 317w\" sizes=\"(max-width: 300px) 100vw, 300px\" \/><\/a><\/p>\n<ul>\n<li>Asociaci\u00f3n Espa\u00f1ola de Traductores, Correctores e Int\u00e9rpretes<\/li>\n<\/ul>\n<p>&nbsp;<\/p>\n<p><a href=\"http:\/\/www.h-e-r-a.org\/\"><img decoding=\"async\" class=\"size-medium wp-image-608 aligncenter\" src=\"https:\/\/humanidades.uprrp.edu\/graduados\/wp-content\/uploads\/2015\/04\/HERA-300x79.png\" alt=\"HERA\" width=\"300\" height=\"79\" srcset=\"https:\/\/humanidades.uprrp.edu\/graduados\/wp-content\/uploads\/2015\/04\/HERA-300x79.png 300w, https:\/\/humanidades.uprrp.edu\/graduados\/wp-content\/uploads\/2015\/04\/HERA.png 624w\" sizes=\"(max-width: 300px) 100vw, 300px\" \/><\/a><\/p>\n<ul>\n<li>Humanities Education and Research Association<\/li>\n<\/ul>\n","protected":false},"excerpt":{"rendered":"<p>Postgraduate Translation Symposium at the University of East Anglia in Norwich, England. &nbsp; Enlace de noticias del PGT &nbsp; Listado de asociaciones y organizaciones de traducci\u00f3n literaria de la UNESCO &nbsp; The Brittish Association For Applied Linguistics &nbsp; Asociaci\u00f3n Espa\u00f1ola de Traductores, Correctores e Int\u00e9rpretes &nbsp; Humanities Education and Research &#8230;<\/p>\n","protected":false},"author":4,"featured_media":0,"parent":0,"menu_order":0,"comment_status":"closed","ping_status":"closed","template":"","meta":{"footnotes":"","_links_to":"","_links_to_target":""},"class_list":["post-509","page","type-page","status-publish","hentry","column","twocol"],"_links":{"self":[{"href":"https:\/\/humanidades.uprrp.edu\/graduados\/wp-json\/wp\/v2\/pages\/509","targetHints":{"allow":["GET"]}}],"collection":[{"href":"https:\/\/humanidades.uprrp.edu\/graduados\/wp-json\/wp\/v2\/pages"}],"about":[{"href":"https:\/\/humanidades.uprrp.edu\/graduados\/wp-json\/wp\/v2\/types\/page"}],"author":[{"embeddable":true,"href":"https:\/\/humanidades.uprrp.edu\/graduados\/wp-json\/wp\/v2\/users\/4"}],"replies":[{"embeddable":true,"href":"https:\/\/humanidades.uprrp.edu\/graduados\/wp-json\/wp\/v2\/comments?post=509"}],"version-history":[{"count":6,"href":"https:\/\/humanidades.uprrp.edu\/graduados\/wp-json\/wp\/v2\/pages\/509\/revisions"}],"predecessor-version":[{"id":904,"href":"https:\/\/humanidades.uprrp.edu\/graduados\/wp-json\/wp\/v2\/pages\/509\/revisions\/904"}],"wp:attachment":[{"href":"https:\/\/humanidades.uprrp.edu\/graduados\/wp-json\/wp\/v2\/media?parent=509"}],"curies":[{"name":"wp","href":"https:\/\/api.w.org\/{rel}","templated":true}]}}