{"id":497,"date":"2015-04-09T10:42:34","date_gmt":"2015-04-09T14:42:34","guid":{"rendered":"https:\/\/humanidades.uprrp.edu\/graduados\/?page_id=497"},"modified":"2015-11-24T11:52:36","modified_gmt":"2015-11-24T15:52:36","slug":"conferencias-del-campo-de-la-gestion-cultural","status":"publish","type":"page","link":"https:\/\/humanidades.uprrp.edu\/graduados\/conferencias-del-campo-de-la-gestion-cultural\/","title":{"rendered":"Conferencias del campo de la Gesti\u00f3n y Administraci\u00f3n Cultural"},"content":{"rendered":"<p>&nbsp;<\/p>\n<ul>\n<li><a href=\"http:\/\/gestionculturana.org\/nueva-web\/\">Profesionales de la Gesti\u00f3n Cultural de Navarra<\/a><\/li>\n<\/ul>\n<p><img decoding=\"async\" class=\"size-full wp-image-861 aligncenter\" src=\"https:\/\/humanidades.uprrp.edu\/graduados\/wp-content\/uploads\/2015\/04\/LogoGECUNAVARRA.jpg\" alt=\"LogoGECUNAVARRA\" width=\"212\" height=\"92\" \/><\/p>\n<p>&nbsp;<\/p>\n<ul>\n<li><a href=\"http:\/\/redlgc.ning.com\/congresolgc\">Red Latinoamericana de Gesti\u00f3n Cultural<\/a><\/li>\n<\/ul>\n<p><a href=\"http:\/\/redlgc.ning.com\/congresolgc\"><img decoding=\"async\" class=\"size-medium wp-image-863 aligncenter\" src=\"https:\/\/humanidades.uprrp.edu\/graduados\/wp-content\/uploads\/2015\/04\/logo-redlgc-300x150.jpg\" alt=\"logo-redlgc\" width=\"300\" height=\"150\" srcset=\"https:\/\/humanidades.uprrp.edu\/graduados\/wp-content\/uploads\/2015\/04\/logo-redlgc-300x150.jpg 300w, https:\/\/humanidades.uprrp.edu\/graduados\/wp-content\/uploads\/2015\/04\/logo-redlgc.jpg 500w\" sizes=\"(max-width: 300px) 100vw, 300px\" \/><\/a><\/p>\n<p>&nbsp;<\/p>\n<ul>\n<li><a href=\"http:\/\/www.circulobellasartes.com\/\">C\u00ed\u00adrculo de Bellas Artes de Madrid<\/a><\/li>\n<\/ul>\n<p><a href=\"https:\/\/humanidades.uprrp.edu\/graduados\/wp-content\/uploads\/2015\/04\/logo_CBA_03.png\"><img decoding=\"async\" class=\"size-full wp-image-864 aligncenter\" src=\"https:\/\/humanidades.uprrp.edu\/graduados\/wp-content\/uploads\/2015\/04\/logo_CBA_03.png\" alt=\"logo_CBA_03\" width=\"211\" height=\"69\" \/><\/a><\/p>\n<p>&nbsp;<\/p>\n<ul>\n<li><a href=\"http:\/\/www.gestioncultural.org\/\">Portal Iberoamericano de Gesti\u00f3n Cultural<\/a><\/li>\n<\/ul>\n<p><a href=\"http:\/\/www.gestioncultural.org\/\"><img loading=\"lazy\" decoding=\"async\" class=\"size-full wp-image-866 aligncenter\" src=\"https:\/\/humanidades.uprrp.edu\/graduados\/wp-content\/uploads\/2015\/04\/Portal-IberoamericanoGECU.jpg\" alt=\"Portal-IberoamericanoGECU\" width=\"259\" height=\"91\" \/><\/a><\/p>\n<p>&nbsp;<\/p>\n<ul>\n<li><a href=\"http:\/\/www.h-e-r-a.org\/\">Humanities Education and research Association<\/a><\/li>\n<\/ul>\n<p><a href=\"http:\/\/www.h-e-r-a.org\/\"><img loading=\"lazy\" decoding=\"async\" class=\"size-medium wp-image-608 aligncenter\" src=\"https:\/\/humanidades.uprrp.edu\/graduados\/wp-content\/uploads\/2015\/04\/HERA-300x79.png\" alt=\"HERA\" width=\"300\" height=\"79\" srcset=\"https:\/\/humanidades.uprrp.edu\/graduados\/wp-content\/uploads\/2015\/04\/HERA-300x79.png 300w, https:\/\/humanidades.uprrp.edu\/graduados\/wp-content\/uploads\/2015\/04\/HERA.png 624w\" sizes=\"(max-width: 300px) 100vw, 300px\" \/><\/a><\/p>\n<p>&nbsp;<\/p>\n<p>&nbsp;<\/p>\n<p>&nbsp;<\/p>\n<p>&nbsp;<\/p>\n<p>&nbsp;<\/p>\n<p>&nbsp;<\/p>\n","protected":false},"excerpt":{"rendered":"<p>&nbsp; Profesionales de la Gesti\u00f3n Cultural de Navarra &nbsp; Red Latinoamericana de Gesti\u00f3n Cultural &nbsp; C\u00ed\u00adrculo de Bellas Artes de Madrid &nbsp; Portal Iberoamericano de Gesti\u00f3n Cultural &nbsp; Humanities Education and research Association &nbsp; &nbsp; &nbsp; &nbsp; &nbsp; &nbsp;<\/p>\n","protected":false},"author":4,"featured_media":0,"parent":0,"menu_order":0,"comment_status":"closed","ping_status":"closed","template":"","meta":{"footnotes":"","_links_to":"","_links_to_target":""},"class_list":["post-497","page","type-page","status-publish","hentry","column","twocol"],"_links":{"self":[{"href":"https:\/\/humanidades.uprrp.edu\/graduados\/wp-json\/wp\/v2\/pages\/497","targetHints":{"allow":["GET"]}}],"collection":[{"href":"https:\/\/humanidades.uprrp.edu\/graduados\/wp-json\/wp\/v2\/pages"}],"about":[{"href":"https:\/\/humanidades.uprrp.edu\/graduados\/wp-json\/wp\/v2\/types\/page"}],"author":[{"embeddable":true,"href":"https:\/\/humanidades.uprrp.edu\/graduados\/wp-json\/wp\/v2\/users\/4"}],"replies":[{"embeddable":true,"href":"https:\/\/humanidades.uprrp.edu\/graduados\/wp-json\/wp\/v2\/comments?post=497"}],"version-history":[{"count":7,"href":"https:\/\/humanidades.uprrp.edu\/graduados\/wp-json\/wp\/v2\/pages\/497\/revisions"}],"predecessor-version":[{"id":868,"href":"https:\/\/humanidades.uprrp.edu\/graduados\/wp-json\/wp\/v2\/pages\/497\/revisions\/868"}],"wp:attachment":[{"href":"https:\/\/humanidades.uprrp.edu\/graduados\/wp-json\/wp\/v2\/media?parent=497"}],"curies":[{"name":"wp","href":"https:\/\/api.w.org\/{rel}","templated":true}]}}