{"id":448,"date":"2015-04-07T16:16:43","date_gmt":"2015-04-07T20:16:43","guid":{"rendered":"https:\/\/humanidades.uprrp.edu\/graduados\/?page_id=448"},"modified":"2023-04-12T13:16:08","modified_gmt":"2023-04-12T17:16:08","slug":"literatura-comparada","status":"publish","type":"page","link":"https:\/\/humanidades.uprrp.edu\/graduados\/literatura-comparada\/","title":{"rendered":"Programa Graduado de Literatura Comparada"},"content":{"rendered":"<p><a href=\"https:\/\/sites.google.com\/site\/uprliteraturacomparada\/\"><img decoding=\"async\" class=\"size-medium wp-image-941 alignright\" src=\"https:\/\/humanidades.uprrp.edu\/graduados\/wp-content\/uploads\/2015\/04\/customLogo-300x55.png\" alt=\"customLogo\" width=\"300\" height=\"55\" srcset=\"https:\/\/humanidades.uprrp.edu\/graduados\/wp-content\/uploads\/2015\/04\/customLogo-300x55.png 300w, https:\/\/humanidades.uprrp.edu\/graduados\/wp-content\/uploads\/2015\/04\/customLogo.png 846w\" sizes=\"(max-width: 300px) 100vw, 300px\" \/><\/a><\/p>\n<p><strong>Estructura del Programa<\/strong><\/p>\n<p>El programa de maestr\u00eda consiste en completar 30 cr\u00e9ditos, aprobar un examen de grado comprehensivo y defender una tesis de maestr\u00eda. El programa de maestr\u00eda tiene como requisito que el estudiante tenga conocimiento de alguna lengua extranjera, exceptuando el ingl\u00e9s. Los 30 cr\u00e9ditos incluyen:<\/p>\n<ul>\n<li>21 cr\u00e9ditos en Literatura Comparada<\/li>\n<li>9 cr\u00e9ditos en cursos electivos<\/li>\n<\/ul>\n<p><strong>Nuestros estudiantes<\/strong><\/p>\n<p>Son amantes de la literatura que\u00a0 provienen de diversas disciplinas (Comunicaciones, Derecho, Ciencias Sociales, Ciencias, Literatura Comparada, Historia) y ven y analizan el quehacer literario desde una perspectiva interdisciplinaria y multicultural.\u00a0 Algunos son escritores o artistas, otros estudiosos de la\u00a0 literatura y sus nexos con el cine, la historia, la filosof\u00eda, el arte, el derecho, entre otras.<\/p>\n<p><strong>Oportunidades de Empleo<\/strong><\/p>\n<p>Algunos de nuestros egresados son gestores culturales que crean sus propios empleos: productores, periodistas, editores, libreros, por ejemplo. Otros se dedican a la ense\u00f1anza como maestros de escuelas preparatorias o como profesores universitarios. Nuestros mejores estudiantes suelen ser aceptados para proseguir estudios a nivel doctoral en universidades de prestigio en Estados Unidos y Europa.<\/p>\n<p><strong>M\u00e1s informaci\u00f3n<\/strong><\/p>\n<p>Para una descripci\u00f3n detallada del programa graduado, visite los siguientes enlaces:<\/p>\n<ul>\n<li>La p\u00e1gina oficial del <a href=\"https:\/\/sites.google.com\/site\/uprliteraturacomparada\/\">Programa Graduado de Literatura Comparada<\/a><\/li>\n<li>Manual del Estudiante del Programa Graduado<\/li>\n<li><a href=\"http:\/\/senado.uprrp.edu\/Certificaciones\/Cert2012-2013\/CSA-38-2012-2013.pdf\">Certificaci\u00f3n 38 del Senado Acad\u00e9mico<\/a> (2012-2013)<\/li>\n<li><a href=\"https:\/\/drive.google.com\/file\/d\/0B8q7pnhBpNaFbzI3ZVd0S2s5LU0\/view?usp=sharing\">Reglamento de Estudios Graduados de Humanidades (marzo 2006)<\/a><\/li>\n<li><a href=\"http:\/\/graduados.uprrp.edu\/index.php?lang=es&amp;option=com_content&amp;view=article&amp;id=219&amp;Itemid=478\">Cat\u00e1logo Graduado del DEGI<\/a><\/li>\n<li>Correo electr\u00f3nico del Programa:<\/li>\n<\/ul>\n<p>&nbsp;<\/p>\n<p><strong>Enlaces externos<\/strong><\/p>\n<ul>\n<li style=\"text-align: left;\">Conferencias en el campo\u00a0de estudio de la\u00a0<a href=\"https:\/\/humanidades.uprrp.edu\/graduados\/?page_id=512\">Literatura Comparada<\/a>.<\/li>\n<li style=\"text-align: left;\">Tambi\u00e9n puede ver una entrevista a estudiantes egresados en el siguiente enlace: <a href=\"http:\/\/www.80grados.net\/literatura-comparada\/\">http:\/\/www.80grados.net\/literatura-comparada\/<\/a><\/li>\n<li style=\"text-align: left;\"><a href=\"https:\/\/drive.google.com\/file\/d\/0B7DT2fKSXoyoQjJ3bE5zWElWakk\/view?usp=sharing\">Manual del Programa de Experiencias Acad\u00e9micas Formativas (2013)<\/a><\/li>\n<\/ul>\n","protected":false},"excerpt":{"rendered":"<p>Estructura del Programa El programa de maestr\u00eda consiste en completar 30 cr\u00e9ditos, aprobar un examen de grado comprehensivo y defender una tesis de maestr\u00eda. El programa de maestr\u00eda tiene como requisito que el estudiante tenga conocimiento de alguna lengua extranjera, exceptuando el ingl\u00e9s. Los 30 cr\u00e9ditos incluyen: 21 cr\u00e9ditos en &#8230;<\/p>\n","protected":false},"author":4,"featured_media":0,"parent":0,"menu_order":0,"comment_status":"closed","ping_status":"closed","template":"","meta":{"footnotes":"","_links_to":"","_links_to_target":""},"class_list":["post-448","page","type-page","status-publish","hentry","column","twocol"],"_links":{"self":[{"href":"https:\/\/humanidades.uprrp.edu\/graduados\/wp-json\/wp\/v2\/pages\/448","targetHints":{"allow":["GET"]}}],"collection":[{"href":"https:\/\/humanidades.uprrp.edu\/graduados\/wp-json\/wp\/v2\/pages"}],"about":[{"href":"https:\/\/humanidades.uprrp.edu\/graduados\/wp-json\/wp\/v2\/types\/page"}],"author":[{"embeddable":true,"href":"https:\/\/humanidades.uprrp.edu\/graduados\/wp-json\/wp\/v2\/users\/4"}],"replies":[{"embeddable":true,"href":"https:\/\/humanidades.uprrp.edu\/graduados\/wp-json\/wp\/v2\/comments?post=448"}],"version-history":[{"count":15,"href":"https:\/\/humanidades.uprrp.edu\/graduados\/wp-json\/wp\/v2\/pages\/448\/revisions"}],"predecessor-version":[{"id":1055,"href":"https:\/\/humanidades.uprrp.edu\/graduados\/wp-json\/wp\/v2\/pages\/448\/revisions\/1055"}],"wp:attachment":[{"href":"https:\/\/humanidades.uprrp.edu\/graduados\/wp-json\/wp\/v2\/media?parent=448"}],"curies":[{"name":"wp","href":"https:\/\/api.w.org\/{rel}","templated":true}]}}