{"id":445,"date":"2015-04-07T16:16:01","date_gmt":"2015-04-07T20:16:01","guid":{"rendered":"https:\/\/humanidades.uprrp.edu\/graduados\/?page_id=445"},"modified":"2025-11-10T14:51:15","modified_gmt":"2025-11-10T18:51:15","slug":"linguistica","status":"publish","type":"page","link":"https:\/\/humanidades.uprrp.edu\/graduados\/linguistica\/","title":{"rendered":"Programa Graduado de Ling\u00fc\u00edstica"},"content":{"rendered":"<div class=\"wp-block-image\">\n<figure class=\"alignright\"><a href=\"http:\/\/graduados.uprrp.edu\/linguistica\/prog_maestria.html\"><img fetchpriority=\"high\" decoding=\"async\" width=\"300\" height=\"284\" src=\"https:\/\/humanidades.uprrp.edu\/graduados\/wp-content\/uploads\/2015\/02\/cropped-index-300x284.jpg\" alt=\"cropped-index\" class=\"wp-image-318\" srcset=\"https:\/\/humanidades.uprrp.edu\/graduados\/wp-content\/uploads\/2015\/02\/cropped-index-300x284.jpg 300w, https:\/\/humanidades.uprrp.edu\/graduados\/wp-content\/uploads\/2015\/02\/cropped-index.jpg 345w\" sizes=\"(max-width: 300px) 100vw, 300px\" \/><\/a><\/figure>\n<\/div>\n\n\n<p><\/p>\n\n\n\n<p><strong>Estructura del Programa<\/strong><\/p>\n\n\n\n<p>El programa de maestr\u00eda consiste en completar 30 cr\u00e9ditos, aprobar un examen de grado comprehensivo y defender una tesis de maestr\u00eda. El programa de maestr\u00eda tiene como requisito que el estudiante tenga conocimiento de alguna lengua extranjera, exceptuando el ingl\u00e9s. Los 30 cr\u00e9ditos incluyen los cursos de las siguientes categor\u00edas:<\/p>\n\n\n\n<ul class=\"wp-block-list\">\n<li>12 cr\u00e9ditos en cursos medulares<\/li>\n\n\n\n<li>18 cr\u00e9ditos en cursos electivos<\/li>\n<\/ul>\n\n\n\n<p><strong>Caracter\u00edsticas distintivas<br>\n<\/strong><\/p>\n\n\n\n<ul class=\"wp-block-list\">\n<li>Clases que&nbsp;maximizan el aprovechamiento del aprendizaje de los estudiantes.<\/li>\n\n\n\n<li>Profesorado comprometido y diverso.<\/li>\n\n\n\n<li>Oportunidades de participar de conferencias y congresos en Puerto Rico y en el extranjero.<\/li>\n<\/ul>\n\n\n\n<p><strong>Nuestros estudiantes<\/strong><br>\nEl Programa Graduado de Ling\u00fc\u00edstica integra la ense\u00f1anza te\u00f3rica con la investigaci\u00f3n desde los primeros semestres&nbsp;de la Maestr\u00eda, con el prop\u00f3sito de formar profesionales comprometidos con los retos de la ling\u00fc\u00edstica actual. El estudio del funcionamiento del lenguaje, en sus distintos modelos y pr\u00e1cticas, favorece el conocimiento profundo de la lengua propia y de otras lenguas. Nuestros egresados siguen los estudios doctorales en ling\u00fc\u00edstica u otras disciplinas en Puerto Rico, en los Estados Unidos y en el extranjero; trabajan en los campos de la ense\u00f1anza de idiomas, de la traducci\u00f3n y de la planificaci\u00f3n ling\u00fc\u00edstica; colaboran con la Academia de la Lengua Espa\u00f1ola, etc.<\/p>\n\n\n\n<p>El Programa ofrece una <a href=\"http:\/\/linguisticauprrp.wordpress.com\/maestria-en-linguistica\/\"><strong>Maestr\u00eda en Ling\u00fc\u00edstica<\/strong><\/a>.<\/p>\n\n\n\n<p><strong>M\u00e1s informaci\u00f3n<\/strong><\/p>\n\n\n\n<p>Para una descripci\u00f3n detallada del programa graduado, visite los siguientes enlaces:<\/p>\n\n\n\n<ul class=\"wp-block-list\">\n<li>La p\u00e1ginas oficiales del <a href=\"https:\/\/linguisticauprrp.wordpress.com\/\">PGL<\/a><\/li>\n\n\n\n<li><a href=\"https:\/\/linguisticauprrp.files.wordpress.com\/2013\/05\/manual-del-estudiante-revisado-octubre-2013-version-pendiente-de-aprobacion-de-monografia.pdf\">Manual del Estudiante<\/a> del Programa Graduado de Ling\u00fc\u00edstica (2013)<\/li>\n\n\n\n<li><a href=\"http:\/\/senado.uprrp.edu\/Certificaciones\/Cert2012-2013\/CSA-38-2012-2013.pdf\">Certificaci\u00f3n 38 del Senado Acad\u00e9mico<\/a> (2012-2013)<\/li>\n\n\n\n<li><a href=\"https:\/\/drive.google.com\/file\/d\/0B8q7pnhBpNaFbzI3ZVd0S2s5LU0\/view?usp=sharing\">Reglamento de Estudios Graduados de Humanidades (marzo 2006)<\/a><\/li>\n\n\n\n<li><a href=\"http:\/\/graduados.uprrp.edu\/index.php?lang=es&amp;option=com_content&amp;view=article&amp;id=219&amp;Itemid=478\">Cat\u00e1logo Graduado del DEGI<\/a><\/li>\n\n\n\n<li>Correo electr\u00f3nico del Programa:&nbsp;pgl.rrp@upr.edu<\/li>\n\n\n\n<li><em><a href=\"https:\/\/drive.google.com\/a\/upr.edu\/file\/d\/0B7DT2fKSXoyoTUg1SFJZMHlvNU0\/view?usp=sharing\">Brochure<\/a>&nbsp;<\/em>del PGL<\/li>\n<\/ul>\n\n\n\n<p>&nbsp;<\/p>\n\n\n\n<p><strong>Enlaces de inter\u00e9s<\/strong><\/p>\n\n\n\n<p class=\"has-text-align-left\">Conferencias en el campo&nbsp;de estudio de la&nbsp;<a href=\"https:\/\/humanidades.uprrp.edu\/graduados\/?page_id=492\">Ling\u00fc\u00edstica<\/a>.<\/p>\n\n\n\n<p>Puede acceder al enlace del<em> <a href=\"http:\/\/www.linguistlist.org\/jobs\/index.cfm\">Jobs Area Index<\/a><\/em> de <em><a href=\"http:\/\/www.linguistlist.org\/\">The Linguist List<\/a>&nbsp;<\/em>para informaci\u00f3n sobre convocatorias de empleos relacionados a la Ling\u00fc\u00edstica.<\/p>\n\n\n\n<p><a href=\"https:\/\/drive.google.com\/file\/d\/0B7DT2fKSXoyoQjJ3bE5zWElWakk\/view?usp=sharing\">Manual del Programa de Experiencias Acad\u00e9micas Formativas (2013)<\/a><\/p>\n\n\n\n<p>&nbsp;<\/p>\n\n\n\n<p><strong>Noticias acerca del&nbsp;8th International Workshop on Spanish Sociolinguistics <a href=\"http:\/\/wss8upr2016.com\/\">WSS8<\/a><\/strong><\/p>\n\n\n\n<p><a href=\"http:\/\/www.uprrp.edu\/?p=9522\">Acad\u00e9micos exponen la importancia de la socioling\u00fc\u00edstica<\/a>&nbsp;(rese\u00f1ado por la UPRRP)<\/p>\n\n\n\n<p><a href=\"http:\/\/dialogoupr.com\/todo-un-exito-el-congreso-de-sociolinguistica\/\">Todo un \u00e9xito el congreso de socioling\u00fc\u00edstica<\/a>&nbsp;(rese\u00f1a por Di\u00e1logo)<\/p>\n\n\n\n<p><a href=\"http:\/\/elvocero.com\/puerto-rico-sera-la-sede-de-evento-internacional-de-sociolinguistica\/\">Puerto Rico ser\u00e1 la sede de evento internacional de socioling\u00fc\u00edstica<\/a> (rese\u00f1ado por El Vocero)<\/p>\n\n\n<div class=\"wp-block-image\">\n<figure class=\"alignright\"><a href=\"https:\/\/www.facebook.com\/LinguisticaUPRRP\"><img decoding=\"async\" width=\"128\" height=\"128\" src=\"https:\/\/humanidades.uprrp.edu\/graduados\/wp-content\/uploads\/2015\/04\/facebook-f.png\" alt=\"facebook f\" class=\"wp-image-995\"\/><\/a><\/figure>\n<\/div>\n\n\n<p><\/p>\n","protected":false},"excerpt":{"rendered":"<p>Estructura del Programa El programa de maestr\u00eda consiste en completar 30 cr\u00e9ditos, aprobar un examen de grado comprehensivo y defender una tesis de maestr\u00eda. El programa de maestr\u00eda tiene como requisito que el estudiante tenga conocimiento de alguna lengua extranjera, exceptuando el ingl\u00e9s. Los 30 cr\u00e9ditos incluyen los cursos de &#8230;<\/p>\n","protected":false},"author":4,"featured_media":0,"parent":0,"menu_order":0,"comment_status":"closed","ping_status":"closed","template":"","meta":{"footnotes":"","_links_to":"","_links_to_target":""},"class_list":["post-445","page","type-page","status-publish","hentry","column","twocol"],"_links":{"self":[{"href":"https:\/\/humanidades.uprrp.edu\/graduados\/wp-json\/wp\/v2\/pages\/445","targetHints":{"allow":["GET"]}}],"collection":[{"href":"https:\/\/humanidades.uprrp.edu\/graduados\/wp-json\/wp\/v2\/pages"}],"about":[{"href":"https:\/\/humanidades.uprrp.edu\/graduados\/wp-json\/wp\/v2\/types\/page"}],"author":[{"embeddable":true,"href":"https:\/\/humanidades.uprrp.edu\/graduados\/wp-json\/wp\/v2\/users\/4"}],"replies":[{"embeddable":true,"href":"https:\/\/humanidades.uprrp.edu\/graduados\/wp-json\/wp\/v2\/comments?post=445"}],"version-history":[{"count":24,"href":"https:\/\/humanidades.uprrp.edu\/graduados\/wp-json\/wp\/v2\/pages\/445\/revisions"}],"predecessor-version":[{"id":1209,"href":"https:\/\/humanidades.uprrp.edu\/graduados\/wp-json\/wp\/v2\/pages\/445\/revisions\/1209"}],"wp:attachment":[{"href":"https:\/\/humanidades.uprrp.edu\/graduados\/wp-json\/wp\/v2\/media?parent=445"}],"curies":[{"name":"wp","href":"https:\/\/api.w.org\/{rel}","templated":true}]}}