{"id":442,"date":"2015-04-07T16:15:11","date_gmt":"2015-04-07T20:15:11","guid":{"rendered":"https:\/\/humanidades.uprrp.edu\/graduados\/?page_id=442"},"modified":"2023-04-12T13:15:48","modified_gmt":"2023-04-12T17:15:48","slug":"ingles","status":"publish","type":"page","link":"https:\/\/humanidades.uprrp.edu\/graduados\/ingles\/","title":{"rendered":"Programa Graduado de Ingl\u00e9s"},"content":{"rendered":"<p><strong><a href=\"http:\/\/humanidades.uprrp.edu\/ingles\/\"><img decoding=\"async\" class=\" size-medium wp-image-317 alignright\" src=\"https:\/\/humanidades.uprrp.edu\/graduados\/wp-content\/uploads\/2015\/02\/Untitled-1-300x100.png\" alt=\"Untitled-1\" width=\"300\" height=\"100\" \/><\/a><\/strong><\/p>\n<p><strong>Estructura del Programa de Maestr\u00eda<\/strong><\/p>\n<p>El programa de maestr\u00eda consiste en completar 30 cr\u00e9ditos, aprobar un examen de grado comprehensivo y defender una tesis de maestr\u00eda. El programa de maestr\u00eda tiene como requisito que el estudiante tenga conocimiento de alguna lengua extranjera, exceptuando el ingl\u00e9s. Existen dos especializaciones: Ling\u00fc\u00edstica y Literatura. Los 30 cr\u00e9ditos incluyen:<\/p>\n<p>&nbsp;<\/p>\n<table width=\"468\">\n<tbody>\n<tr>\n<td width=\"205\"><strong>Ling\u00fc\u00edstica<\/strong><\/td>\n<td width=\"263\"><strong>Literatura<\/strong><\/td>\n<\/tr>\n<tr>\n<td width=\"205\">9 cr\u00e9ditos en cursos medulares<\/td>\n<td width=\"263\">3 cr\u00e9ditos en cursos de escritura cr\u00edtica<\/td>\n<\/tr>\n<tr>\n<td width=\"205\">9 cr\u00e9ditos de concentraci\u00f3n<\/td>\n<td width=\"263\">3 cr\u00e9ditos en cursos de cr\u00edtica y teor\u00eda literaria<\/td>\n<\/tr>\n<tr>\n<td width=\"205\">12 cr\u00e9ditos en cursos electivos<\/td>\n<td width=\"263\">9 cr\u00e9ditos en cursos de periodo espec\u00edfico<\/td>\n<\/tr>\n<tr>\n<td width=\"205\"><\/td>\n<td width=\"263\">9 cr\u00e9ditos en cursos de estudio de g\u00e9nero\/autor\/tema<\/td>\n<\/tr>\n<tr>\n<td width=\"205\"><\/td>\n<td width=\"263\">6 cr\u00e9ditos en cursos electivos<\/td>\n<\/tr>\n<tr>\n<td width=\"205\"><\/td>\n<td width=\"263\">12 cr\u00e9ditos en cursos electivos<\/td>\n<\/tr>\n<\/tbody>\n<\/table>\n<p><strong>Nuestros estudiantes<\/strong><\/p>\n<p>El Programa ofrece estudios avanzados en \u00e1reas de Literatura y Ling\u00fc\u00edstica desde el 1960. Los cursos representan un marco global de la Literatura Ang\u00f3fona, Lenguaje, y Cultura. El compromiso del Programa es alcanzar excelencia acad\u00e9mica en estudios del lenguaje dentro del contexto de Puerto Rico y el Caribe.<\/p>\n<p>&nbsp;<\/p>\n<p><strong>M\u00e1s informaci\u00f3n<\/strong><\/p>\n<p>Para una descripci\u00f3n detallada del programa graduado, visite los siguientes enlaces:<\/p>\n<ul>\n<li>La p\u00e1gina oficial del <a href=\"http:\/\/humanidades.uprrp.edu\/ingles\/\">Programa Graduado de Ingl\u00e9s<\/a><\/li>\n<li><a href=\"https:\/\/drive.google.com\/a\/upr.edu\/file\/d\/0B7DT2fKSXoyoUG9aN1lkWXZ4VWM\/view?usp=sharing\">Manual del Estudiante del Programa Graduado<\/a> (2015)<\/li>\n<li><a href=\"http:\/\/senado.uprrp.edu\/Certificaciones\/Cert2012-2013\/CSA-38-2012-2013-ingles.pdf\">Certification 38 of the Academic Senate<\/a>\u00a0\u00a0(2012-2013)<\/li>\n<li><a href=\"https:\/\/drive.google.com\/file\/d\/0B8q7pnhBpNaFbzI3ZVd0S2s5LU0\/view?usp=sharing\">Reglamento de Estudios Graduados de Humanidades (marzo 2006)<\/a><\/li>\n<li><a href=\"http:\/\/graduados.uprrp.edu\/index.php?lang=es&amp;option=com_content&amp;view=article&amp;id=219&amp;Itemid=478\">Cat\u00e1logo Graduado del DEGI<\/a><\/li>\n<li>Correo electr\u00f3nico del Programa:<\/li>\n<\/ul>\n<p>&nbsp;<\/p>\n<p>&nbsp;<\/p>\n<hr \/>\n<p><strong>Enlaces de inter\u00e9s<\/strong><\/p>\n<p>Puede acceder al enlace del<em> <a href=\"http:\/\/www.linguistlist.org\/jobs\/index.cfm\">Jobs Area Index<\/a><\/em> de <em><a href=\"http:\/\/www.linguistlist.org\/\">The Linguist List<\/a>\u00a0<\/em>para informaci\u00f3n sobre convocatorias de empleos y post-doctorados relacionados a la Ling\u00fc\u00edstica.<\/p>\n<p style=\"text-align: left;\">Conferencias en el campo de estudio de literatura y ling\u00fc\u00edstica en\u00a0<a href=\"https:\/\/humanidades.uprrp.edu\/graduados\/?page_id=506\">Ingl\u00e9s<\/a><\/p>\n<p style=\"text-align: left;\"><a href=\"https:\/\/drive.google.com\/file\/d\/0B7DT2fKSXoyoQjJ3bE5zWElWakk\/view?usp=sharing\">Manual del Programa de Experiencias Acad\u00e9micas Formativas (2013)<\/a><\/p>\n<p>&nbsp;<\/p>\n","protected":false},"excerpt":{"rendered":"<p>Estructura del Programa de Maestr\u00eda El programa de maestr\u00eda consiste en completar 30 cr\u00e9ditos, aprobar un examen de grado comprehensivo y defender una tesis de maestr\u00eda. El programa de maestr\u00eda tiene como requisito que el estudiante tenga conocimiento de alguna lengua extranjera, exceptuando el ingl\u00e9s. Existen dos especializaciones: Ling\u00fc\u00edstica y &#8230;<\/p>\n","protected":false},"author":4,"featured_media":0,"parent":0,"menu_order":0,"comment_status":"closed","ping_status":"closed","template":"","meta":{"footnotes":"","_links_to":"","_links_to_target":""},"class_list":["post-442","page","type-page","status-publish","hentry","column","twocol"],"_links":{"self":[{"href":"https:\/\/humanidades.uprrp.edu\/graduados\/wp-json\/wp\/v2\/pages\/442","targetHints":{"allow":["GET"]}}],"collection":[{"href":"https:\/\/humanidades.uprrp.edu\/graduados\/wp-json\/wp\/v2\/pages"}],"about":[{"href":"https:\/\/humanidades.uprrp.edu\/graduados\/wp-json\/wp\/v2\/types\/page"}],"author":[{"embeddable":true,"href":"https:\/\/humanidades.uprrp.edu\/graduados\/wp-json\/wp\/v2\/users\/4"}],"replies":[{"embeddable":true,"href":"https:\/\/humanidades.uprrp.edu\/graduados\/wp-json\/wp\/v2\/comments?post=442"}],"version-history":[{"count":19,"href":"https:\/\/humanidades.uprrp.edu\/graduados\/wp-json\/wp\/v2\/pages\/442\/revisions"}],"predecessor-version":[{"id":1086,"href":"https:\/\/humanidades.uprrp.edu\/graduados\/wp-json\/wp\/v2\/pages\/442\/revisions\/1086"}],"wp:attachment":[{"href":"https:\/\/humanidades.uprrp.edu\/graduados\/wp-json\/wp\/v2\/media?parent=442"}],"curies":[{"name":"wp","href":"https:\/\/api.w.org\/{rel}","templated":true}]}}