{"id":247,"date":"2015-02-24T14:59:45","date_gmt":"2015-02-24T18:59:45","guid":{"rendered":"https:\/\/humanidades.uprrp.edu\/graduados\/?page_id=247"},"modified":"2016-05-10T14:15:36","modified_gmt":"2016-05-10T18:15:36","slug":"esrudios-en-el-extranjero","status":"publish","type":"page","link":"https:\/\/humanidades.uprrp.edu\/graduados\/esrudios-en-el-extranjero\/","title":{"rendered":"Estudios en el extranjero"},"content":{"rendered":"<p>La Universidad de Puerto Rico pone a tu alcance, como apoyo a tus estudios, la tecnolog\u00eda de avanzada que requiere tu preparaci\u00f3n acad\u00e9mica, y estimulamos y facilitamos la participaci\u00f3n de nuestros estudiantes en experiencias internacionales mediante convenios de colaboraci\u00f3n con m\u00e1s de veinte universidades espa\u00f1olas e intercambios con m\u00e1s de cien universidades de pa\u00edses europeos, latinoamericanos y de Estados Unidos.\u00a0En los siguientes enlaces encontrar\u00e1 los convenios de colaboraci\u00f3n que tiene la Universidad de Puerto Rico con distintas Instituciones de educaci\u00f3n superior en el mundo.<\/p>\n<p>&nbsp;<\/p>\n<ul>\n<li><a href=\"http:\/\/daarrp.uprrp.edu\/daa\/\">Decanato de Asuntos Acad\u00e9micos<\/a><\/li>\n<li><a href=\"http:\/\/daarrp.uprrp.edu\/pve\/\">Decanato Auxiliar de Relaciones Internacionales<\/a><\/li>\n<li><a href=\"http:\/\/daarrp.uprrp.edu\/daai\/convenios.html\">Unidad de Asuntos Internacionales del Decanato de Asuntos Acad\u00e9micos para mayor informaci\u00f3n<\/a><\/li>\n<li><a href=\"http:\/\/daarrp.uprrp.edu\/daai\/documentos\/hoja%20informativa\/hoja%20informativaintercambio%20estudiantil.pdf\">Hoja informativa sobre intercambios estudiantiles en universidades en el extranjero<\/a><\/li>\n<li><a href=\"http:\/\/www.uprrp.edu\/acoi\/equivalencias\/\">Tabla de cursos en equivalencia<\/a><\/li>\n<\/ul>\n<p>&nbsp;<\/p>\n<p>Para informaci\u00f3n puedes llamar o escribir a:<\/p>\n<p>Oficina de Estudiantes Internacionales e Intercambio Segundo Piso Torre Norte, Plaza Universitaria 764-0000 ext. 86201, 86202<\/p>\n<p>Correo electr\u00f3nico: oeii.intercambio@gmail.com<\/p>\n<p>Tambi\u00e9n puedes comunicarte con el Decanato de Asuntos Acad\u00e9micos Tel. 787 764-0000 ext. 4911<\/p>\n<p>Correo electr\u00f3nico: asuntosinternacionalesuprrp@live.com<\/p>\n<p>&nbsp;<\/p>\n<p>&nbsp;<\/p>\n<p>Para informaci\u00f3n detallada sobre las leyes y derechos de los ciudadanos americanos mientras viajan y estudian en el extranjero visite las p\u00e1ginas web\u00a0administradas por el Bureau of Consular Affairs, <a id=\"anch_225\" title=\"U.S. Department of State\" href=\"http:\/\/www.state.gov\/\">U.S. Department of State<\/a>:<\/p>\n<h1><a href=\"http:\/\/travel.state.gov\/content\/visas\/en\/general\/americans-traveling-abroad.html\">Americans Traveling <img decoding=\"async\" class=\"alignright wp-image-807 size-thumbnail\" src=\"https:\/\/humanidades.uprrp.edu\/graduados\/wp-content\/uploads\/2015\/02\/state-dept-logo1-150x150.jpg\" alt=\"state-dept-logo\" width=\"150\" height=\"150\" srcset=\"https:\/\/humanidades.uprrp.edu\/graduados\/wp-content\/uploads\/2015\/02\/state-dept-logo1-150x150.jpg 150w, https:\/\/humanidades.uprrp.edu\/graduados\/wp-content\/uploads\/2015\/02\/state-dept-logo1-90x90.jpg 90w, https:\/\/humanidades.uprrp.edu\/graduados\/wp-content\/uploads\/2015\/02\/state-dept-logo1.jpg 300w\" sizes=\"(max-width: 150px) 100vw, 150px\" \/>Abroad<\/a><\/h1>\n<h1><a href=\"http:\/\/travel.state.gov\/content\/studentsabroad\/en.html\">Students Abroad<\/a><\/h1>\n<p>&nbsp;<\/p>\n<p>&nbsp;<\/p>\n<p>&nbsp;<\/p>\n<p>&nbsp;<\/p>\n<hr \/>\n<p>&nbsp;<\/p>\n<p>*Es importante que el estudiante se oriente con el Director o Coordinador del Programa Graduado y con la Oficina de Asuntos Graduados ubicada en el Decanato de Humanidades.<\/p>\n<p>*Recuerde verificar la fecha l\u00edmite para radicar la\u00a0<strong>Autorizaci\u00f3n para tomar cursos en Otras Instituciones<\/strong> ACOI en el Calendario Acad\u00e9mico. Usualmente, en septiembre es la fecha l\u00edmite de solicitud para estudiar en el extranjero durante el segundo semestre de X a\u00f1o acad\u00e9mico. Mientras que para estudiar en el extranjero durante el primer semestre de X a\u00f1o acad\u00e9mico, la fecha l\u00edmite suele ser alrededor de febrero.<\/p>\n","protected":false},"excerpt":{"rendered":"<p>La Universidad de Puerto Rico pone a tu alcance, como apoyo a tus estudios, la tecnolog\u00eda de avanzada que requiere tu preparaci\u00f3n acad\u00e9mica, y estimulamos y facilitamos la participaci\u00f3n de nuestros estudiantes en experiencias internacionales mediante convenios de colaboraci\u00f3n con m\u00e1s de veinte universidades espa\u00f1olas e intercambios con m\u00e1s de &#8230;<\/p>\n","protected":false},"author":4,"featured_media":0,"parent":0,"menu_order":0,"comment_status":"closed","ping_status":"closed","template":"","meta":{"footnotes":"","_links_to":"","_links_to_target":""},"class_list":["post-247","page","type-page","status-publish","hentry","column","twocol"],"_links":{"self":[{"href":"https:\/\/humanidades.uprrp.edu\/graduados\/wp-json\/wp\/v2\/pages\/247","targetHints":{"allow":["GET"]}}],"collection":[{"href":"https:\/\/humanidades.uprrp.edu\/graduados\/wp-json\/wp\/v2\/pages"}],"about":[{"href":"https:\/\/humanidades.uprrp.edu\/graduados\/wp-json\/wp\/v2\/types\/page"}],"author":[{"embeddable":true,"href":"https:\/\/humanidades.uprrp.edu\/graduados\/wp-json\/wp\/v2\/users\/4"}],"replies":[{"embeddable":true,"href":"https:\/\/humanidades.uprrp.edu\/graduados\/wp-json\/wp\/v2\/comments?post=247"}],"version-history":[{"count":18,"href":"https:\/\/humanidades.uprrp.edu\/graduados\/wp-json\/wp\/v2\/pages\/247\/revisions"}],"predecessor-version":[{"id":1096,"href":"https:\/\/humanidades.uprrp.edu\/graduados\/wp-json\/wp\/v2\/pages\/247\/revisions\/1096"}],"wp:attachment":[{"href":"https:\/\/humanidades.uprrp.edu\/graduados\/wp-json\/wp\/v2\/media?parent=247"}],"curies":[{"name":"wp","href":"https:\/\/api.w.org\/{rel}","templated":true}]}}