{"id":231,"date":"2015-02-24T14:48:16","date_gmt":"2015-02-24T18:48:16","guid":{"rendered":"https:\/\/humanidades.uprrp.edu\/graduados\/?page_id=231"},"modified":"2015-12-15T14:41:45","modified_gmt":"2015-12-15T18:41:45","slug":"conferencias-2","status":"publish","type":"page","link":"https:\/\/humanidades.uprrp.edu\/graduados\/conferencias-2\/","title":{"rendered":"Conferencias"},"content":{"rendered":"<p><a href=\"https:\/\/humanidades.uprrp.edu\/graduados\/wp-content\/uploads\/2015\/02\/wordle.png\"><img fetchpriority=\"high\" decoding=\"async\" class=\" size-medium wp-image-335 alignright\" src=\"https:\/\/humanidades.uprrp.edu\/graduados\/wp-content\/uploads\/2015\/02\/wordle-300x194.png\" alt=\"wordle\" width=\"300\" height=\"194\" srcset=\"https:\/\/humanidades.uprrp.edu\/graduados\/wp-content\/uploads\/2015\/02\/wordle-300x194.png 300w, https:\/\/humanidades.uprrp.edu\/graduados\/wp-content\/uploads\/2015\/02\/wordle.png 812w\" sizes=\"(max-width: 300px) 100vw, 300px\" \/><\/a><\/p>\n<p style=\"text-align: left;\">Las conferencias son fuente importante de intercambio de conocimiento novedoso dentro de las variadas ramas de inter\u00e9s. Las conferencias a nivel nacional e internacional cobran mucha importancia en la formaci\u00f3n de todo profesional. Es por ello que ponemos a su disposici\u00f3n una lista de conferencias en las que puede participar.<\/p>\n<p style=\"text-align: left;\">Conferencias por campo\u00a0de estudio:<\/p>\n<ul>\n<li style=\"text-align: left;\"><a href=\"https:\/\/humanidades.uprrp.edu\/graduados\/?page_id=543\">Estudios Hisp\u00e1nicos<\/a><\/li>\n<li style=\"text-align: left;\"><a href=\"https:\/\/humanidades.uprrp.edu\/graduados\/?page_id=500\">Filosof\u00eda<\/a><\/li>\n<li style=\"text-align: left;\"><a href=\"https:\/\/humanidades.uprrp.edu\/graduados\/?page_id=497\">Gesti\u00f3n y\u00a0Administraci\u00f3n\u00a0Cultural<\/a><\/li>\n<li style=\"text-align: left;\"><a href=\"https:\/\/humanidades.uprrp.edu\/graduados\/?page_id=503\">Historia<\/a><\/li>\n<li style=\"text-align: left;\"><a href=\"https:\/\/humanidades.uprrp.edu\/graduados\/?page_id=506\">Ingl\u00e9s<\/a><\/li>\n<li style=\"text-align: left;\"><a href=\"https:\/\/humanidades.uprrp.edu\/graduados\/?page_id=492\">Ling\u00fc\u00edstica<\/a><\/li>\n<li><a href=\"https:\/\/humanidades.uprrp.edu\/graduados\/?page_id=512\">Literatura Comparada<\/a><\/li>\n<li><a href=\"https:\/\/humanidades.uprrp.edu\/graduados\/?page_id=509\">Traducci\u00f3n<\/a><\/li>\n<\/ul>\n<p>&nbsp;<\/p>\n<p>&nbsp;<\/p>\n<hr \/>\n<p><strong>Enlaces de inter\u00e9s<\/strong><\/p>\n<p>Para ayudas econ\u00f3micas favor dirigirse al\u00a0<em>tab\u00a0<\/em>de <a href=\"https:\/\/humanidades.uprrp.edu\/graduados\/?page_id=224\">INTERNADOS Y AYUDAS ECONOMICAS<\/a> de este sitio web.<\/p>\n<p>Conoce sobre el\u00a0<a href=\"http:\/\/graduados.uprrp.edu\/index.php?option=com_content&amp;view=category&amp;layout=blog&amp;id=39&amp;Itemid=557&amp;lang=en\">Apoyo a la Investigaci\u00f3n y el Desarrollo Profesional<\/a> para presentar en conferencias.<\/p>\n","protected":false},"excerpt":{"rendered":"<p>Las conferencias son fuente importante de intercambio de conocimiento novedoso dentro de las variadas ramas de inter\u00e9s. Las conferencias a nivel nacional e internacional cobran mucha importancia en la formaci\u00f3n de todo profesional. Es por ello que ponemos a su disposici\u00f3n una lista de conferencias en las que puede participar. &#8230;<\/p>\n","protected":false},"author":4,"featured_media":748,"parent":0,"menu_order":0,"comment_status":"closed","ping_status":"closed","template":"","meta":{"footnotes":"","_links_to":"","_links_to_target":""},"class_list":["post-231","page","type-page","status-publish","has-post-thumbnail","hentry","column","twocol","has-thumbnail"],"_links":{"self":[{"href":"https:\/\/humanidades.uprrp.edu\/graduados\/wp-json\/wp\/v2\/pages\/231","targetHints":{"allow":["GET"]}}],"collection":[{"href":"https:\/\/humanidades.uprrp.edu\/graduados\/wp-json\/wp\/v2\/pages"}],"about":[{"href":"https:\/\/humanidades.uprrp.edu\/graduados\/wp-json\/wp\/v2\/types\/page"}],"author":[{"embeddable":true,"href":"https:\/\/humanidades.uprrp.edu\/graduados\/wp-json\/wp\/v2\/users\/4"}],"replies":[{"embeddable":true,"href":"https:\/\/humanidades.uprrp.edu\/graduados\/wp-json\/wp\/v2\/comments?post=231"}],"version-history":[{"count":59,"href":"https:\/\/humanidades.uprrp.edu\/graduados\/wp-json\/wp\/v2\/pages\/231\/revisions"}],"predecessor-version":[{"id":984,"href":"https:\/\/humanidades.uprrp.edu\/graduados\/wp-json\/wp\/v2\/pages\/231\/revisions\/984"}],"wp:featuredmedia":[{"embeddable":true,"href":"https:\/\/humanidades.uprrp.edu\/graduados\/wp-json\/wp\/v2\/media\/748"}],"wp:attachment":[{"href":"https:\/\/humanidades.uprrp.edu\/graduados\/wp-json\/wp\/v2\/media?parent=231"}],"curies":[{"name":"wp","href":"https:\/\/api.w.org\/{rel}","templated":true}]}}