{"id":229,"date":"2015-02-24T14:47:43","date_gmt":"2015-02-24T18:47:43","guid":{"rendered":"https:\/\/humanidades.uprrp.edu\/graduados\/?page_id=229"},"modified":"2016-05-10T16:17:40","modified_gmt":"2016-05-10T20:17:40","slug":"recursos-para-referencia-en-linea-2","status":"publish","type":"page","link":"https:\/\/humanidades.uprrp.edu\/graduados\/recursos-para-referencia-en-linea-2\/","title":{"rendered":"Recursos para referencia en L\u00ednea"},"content":{"rendered":"<p>Bases de datos y recursos para referencia en l\u00ednea:<\/p>\n<ul>\n<li><a href=\"http:\/\/search.proquest.com\/pqdtlocal1006866\/index?accountid=44825\">Dissertation and Thesis UPRRP<\/a><\/li>\n<li><a href=\"http:\/\/search.proquest.com\/pqdtglobal?accountid=44825\">Dissertations and Thesis Global<\/a><\/li>\n<li><a href=\"http:\/\/biblioteca.uprrp.edu\/Bases-Datos.html\">Bases de Datos Suscritas<\/a><\/li>\n<li><a href=\"http:\/\/find.galegroup.com\/menu\/commonmenu.do?userGroupName=uprpiedras\">Gale Databases<\/a><\/li>\n<li><a href=\"http:\/\/www.scielo.org\/php\/?lang=en\">Scielo<\/a><\/li>\n<li><a href=\"http:\/\/uprrp.worldcat.org\">WorldCat<\/a><\/li>\n<li><a href=\"http:\/\/www.jstor.org\">JSTOR<\/a><\/li>\n<li><a href=\"https:\/\/scholar.google.com.pr\">Google Scholar<\/a><\/li>\n<li><a href=\"http:\/\/link.springer.com\">Springer Link<\/a><\/li>\n<li><a href=\"http:\/\/search.ebscohost.com\/Community.aspx?community=y&amp;authtype=ip&amp;ugt=723731863C8635473746359632353E7225E360D36713699363E323E339133503&amp;IsAdminMobile=N&amp;encid=22D731163C4635573726351632153C77353370C377C379C373C373C379C375C33013\">EBSCO HostWeb UPRRP<\/a><\/li>\n<li><a href=\"http:\/\/bddoc.csic.es:8085\">CSIC Espanha<\/a><\/li>\n<li><a href=\"http:\/\/biblioteca.uprrp.edu\">Sistema de bibliotecas UPRRP<\/a><\/li>\n<li><a href=\"http:\/\/eric.ed.gov\">ERIC<\/a><\/li>\n<li><a href=\"http:\/\/journals.cambridge.org\/action\/displayJournal?jid=LTA\">Language teaching<\/a> (Cambridge journal)<\/li>\n<\/ul>\n<p>Bibliograf\u00eda electr\u00f3nica:<\/p>\n<ul>\n<li><a href=\"http:\/\/www.journals.uchicago.edu\/IJAL\/\">International Journal of American Linguistics<\/a><\/li>\n<li><a href=\"https:\/\/benjamins.com\/#catalog\/journals\/jpcl\/main\">Journal of Pidgin and Creole Languages<\/a><\/li>\n<li><a href=\"http:\/\/www.linguisticsociety.org\/\">Linguistic Society of America<\/a><\/li>\n<li><a href=\"https:\/\/dialnet.unirioja.es\/servlet\/revista?codigo=1228\">Revista Espa\u00f1ola de Ling\u00fc\u00edstica<\/a><\/li>\n<li><a href=\"http:\/\/humanidadesyarte.udec.cl\/index.php?option=com_content&amp;view=article&amp;id=50&amp;Itemid=59\">Revista de Ling\u00fc\u00edstica Te\u00f3rica y Aplicada<\/a><\/li>\n<li><a href=\"http:\/\/wjmll.ncl.ac.uk\/\">Web Journal of Modern Language Linguistics<\/a><\/li>\n<\/ul>\n<p><a href=\"https:\/\/humanidades.uprrp.edu\/graduados\/wp-content\/uploads\/2015\/02\/markerline-black.png\"><img decoding=\"async\" class=\"alignleft size-medium wp-image-656\" src=\"https:\/\/humanidades.uprrp.edu\/graduados\/wp-content\/uploads\/2015\/02\/markerline-black-300x19.png\" alt=\"markerline-black\" width=\"300\" height=\"19\" srcset=\"https:\/\/humanidades.uprrp.edu\/graduados\/wp-content\/uploads\/2015\/02\/markerline-black-300x19.png 300w, https:\/\/humanidades.uprrp.edu\/graduados\/wp-content\/uploads\/2015\/02\/markerline-black-1024x65.png 1024w, https:\/\/humanidades.uprrp.edu\/graduados\/wp-content\/uploads\/2015\/02\/markerline-black.png 1309w\" sizes=\"(max-width: 300px) 100vw, 300px\" \/><\/a><\/p>\n<p>&nbsp;<\/p>\n<p>&nbsp;<\/p>\n<p><a href=\"http:\/\/biblioteca.uprrp.edu\/Prestamos.html\">Pr\u00e9stamos Interbibliotecarios<\/a><\/p>\n<p>El prop\u00f3sito del Servicio de Pr\u00e9stamos Interbibliotecarios es obtener, en calidad de pr\u00e9stamo o entrega de documento, los recursos bibliogr\u00e1ficos que no est\u00e1n disponibles en el <a href=\"http:\/\/biblioteca.uprrp.edu\/index.html\">Sistema de Bibliotecas<\/a>, pero que est\u00e1n disponibles en otras instituciones.<\/p>\n<p>\u00bfQui\u00e9nes pueden solicitar?<\/p>\n<p>Pueden solicitar pr\u00e9stamos interbibliotecarios los empleados y estudiantes del Recinto de R\u00edo Piedras, excepto aquellos que pertenezcan a Derecho, Arquitectura y Ciencias Naturales, ya que sus bibliotecas disponen de este servicio.<\/p>\n<p>Recursos Disponibles<\/p>\n<p>La disponibilidad de diferentes tipos de recurso estar\u00e1 sujeta a la pol\u00edtica particular de la instituci\u00f3n que hace el pr\u00e9stamo. Solicitud de Pr\u00e9stamo Interbibliotecario Para tramitar pr\u00e9stamos interbibliotecarios es necesario llenar el formulario de <a href=\"https:\/\/docs.google.com\/a\/upr.edu\/forms\/d\/187Ih-0E7yDxVXbGdoC4ebZmJZJ-lympFmAtggexo2x8\/viewform\">Solicitud de Pr\u00e9stamo Interbibliotecario<\/a>.<\/p>\n<p><a href=\"https:\/\/humanidades.uprrp.edu\/graduados\/wp-content\/uploads\/2015\/02\/markerline-black.png\"><img decoding=\"async\" class=\"alignleft size-medium wp-image-656\" src=\"https:\/\/humanidades.uprrp.edu\/graduados\/wp-content\/uploads\/2015\/02\/markerline-black-300x19.png\" alt=\"markerline-black\" width=\"300\" height=\"19\" srcset=\"https:\/\/humanidades.uprrp.edu\/graduados\/wp-content\/uploads\/2015\/02\/markerline-black-300x19.png 300w, https:\/\/humanidades.uprrp.edu\/graduados\/wp-content\/uploads\/2015\/02\/markerline-black-1024x65.png 1024w, https:\/\/humanidades.uprrp.edu\/graduados\/wp-content\/uploads\/2015\/02\/markerline-black.png 1309w\" sizes=\"(max-width: 300px) 100vw, 300px\" \/><\/a><\/p>\n<p>&nbsp;<\/p>\n<p>&nbsp;<\/p>\n<p>Servicio de Referencia virtual en el sistema de bibliotecas:<\/p>\n<p><strong><em>PREG\u00daNTELE A UN BIBLIOTECARIO<\/em><\/strong><\/p>\n<p>El Sistema de Bibliotecas ha desarrollado un servicio de Referencia Virtual, mediante el cual un grupo de bibliotecarios contesta las preguntas, tanto de la comunidad universitaria del Recinto de R\u00edo Piedras, como de los usuarios particulares. El servicio provee dos opciones: enviar las preguntas o buscar las respuestas en la base de datos de preguntas frecuentes. Se atienden, principalmente, preguntas relacionadas con las colecciones y los servicios del SB, pero tambi\u00e9n se contestan preguntas que aborden la b\u00fasqueda de otros tipos de informaci\u00f3n, as\u00ed como preguntas sobre los servicios ofrecidos por las unidades del Recinto de R\u00edo Piedras a sus estudiantes\u00a0 y empleados.<\/p>\n<p>La base de datos de preguntas frecuentes est\u00e1 disponible 24\/7 y las preguntas se atienden con la mayor celeridad posible, dependiendo de su complejidad.<\/p>\n<p>ACCEDA A LA REFERENCIA VIRTUAL DESDE LA P\u00c1GINA DEL SB, LA PAGINA DE LA UPRRP O DIRECTAMENTE DESDE:<\/p>\n<p><a href=\"http:\/\/uprrp.libanswers.com\/\" target=\"_blank\">http:\/\/uprrp.libanswers.com<\/a><\/p>\n","protected":false},"excerpt":{"rendered":"<p>Bases de datos y recursos para referencia en l\u00ednea: Dissertation and Thesis UPRRP Dissertations and Thesis Global Bases de Datos Suscritas Gale Databases Scielo WorldCat JSTOR Google Scholar Springer Link EBSCO HostWeb UPRRP CSIC Espanha Sistema de bibliotecas UPRRP ERIC Language teaching (Cambridge journal) Bibliograf\u00eda electr\u00f3nica: International Journal of American &#8230;<\/p>\n","protected":false},"author":4,"featured_media":729,"parent":0,"menu_order":0,"comment_status":"closed","ping_status":"closed","template":"","meta":{"footnotes":"","_links_to":"","_links_to_target":""},"class_list":["post-229","page","type-page","status-publish","has-post-thumbnail","hentry","column","twocol","has-thumbnail"],"_links":{"self":[{"href":"https:\/\/humanidades.uprrp.edu\/graduados\/wp-json\/wp\/v2\/pages\/229","targetHints":{"allow":["GET"]}}],"collection":[{"href":"https:\/\/humanidades.uprrp.edu\/graduados\/wp-json\/wp\/v2\/pages"}],"about":[{"href":"https:\/\/humanidades.uprrp.edu\/graduados\/wp-json\/wp\/v2\/types\/page"}],"author":[{"embeddable":true,"href":"https:\/\/humanidades.uprrp.edu\/graduados\/wp-json\/wp\/v2\/users\/4"}],"replies":[{"embeddable":true,"href":"https:\/\/humanidades.uprrp.edu\/graduados\/wp-json\/wp\/v2\/comments?post=229"}],"version-history":[{"count":18,"href":"https:\/\/humanidades.uprrp.edu\/graduados\/wp-json\/wp\/v2\/pages\/229\/revisions"}],"predecessor-version":[{"id":1099,"href":"https:\/\/humanidades.uprrp.edu\/graduados\/wp-json\/wp\/v2\/pages\/229\/revisions\/1099"}],"wp:featuredmedia":[{"embeddable":true,"href":"https:\/\/humanidades.uprrp.edu\/graduados\/wp-json\/wp\/v2\/media\/729"}],"wp:attachment":[{"href":"https:\/\/humanidades.uprrp.edu\/graduados\/wp-json\/wp\/v2\/media?parent=229"}],"curies":[{"name":"wp","href":"https:\/\/api.w.org\/{rel}","templated":true}]}}