{"id":226,"date":"2015-02-24T14:40:58","date_gmt":"2015-02-24T18:40:58","guid":{"rendered":"https:\/\/humanidades.uprrp.edu\/graduados\/?page_id=226"},"modified":"2024-09-17T13:46:03","modified_gmt":"2024-09-17T17:46:03","slug":"revistas-y-publicaciones-2","status":"publish","type":"page","link":"https:\/\/humanidades.uprrp.edu\/graduados\/revistas-y-publicaciones-2\/","title":{"rendered":"Revistas y Publicaciones de la Facultad"},"content":{"rendered":"<div class=\"wp-block-image\">\n<figure class=\"alignright\"><img fetchpriority=\"high\" decoding=\"async\" width=\"300\" height=\"246\" src=\"https:\/\/humanidades.uprrp.edu\/graduados\/wp-content\/uploads\/2015\/11\/AHumaCuadro-300x246.png\" alt=\"AHumaCuadro\" class=\"wp-image-733\" srcset=\"https:\/\/humanidades.uprrp.edu\/graduados\/wp-content\/uploads\/2015\/11\/AHumaCuadro-300x246.png 300w, https:\/\/humanidades.uprrp.edu\/graduados\/wp-content\/uploads\/2015\/11\/AHumaCuadro.png 867w\" sizes=\"(max-width: 300px) 100vw, 300px\" \/><\/figure>\n<\/div>\n\n\n<p>Todos los estudiantes est\u00e1n invitados a publicar sus trabajos en las revistas de la Facultad de Humanidades.<\/p>\n\n\n\n<p>Para una lista completa de las revistas de la facultad, accese a la secci\u00f3n de <strong><a href=\"https:\/\/smjegupr.net\/newsite\/index.php\/revistas\/\">Revistas <\/a><\/strong>del Seminario Multidisciplinario Jos\u00e9 Emilio Gonz\u00e1lez.<br><br><a href=\"https:\/\/humanidades.uprrp.edu\/ingles\/?page_id=550\"><strong>Sargasso: A Journal of Caribbean Literature, Language &amp; Culture, Departamento de Ingl\u00e9s<\/strong><\/a> <i>Sargasso<\/i>,\u00a0a peer-reviewed journal of literature, language, and culture edited at the University of Puerto Rico, features critical essays, interviews, book reviews, as well as poems and short stories. Published from the University of Puerto Rico at R\u00edo Piedras for more than thirty years.<br><br><a href=\"https:\/\/humanidades.uprrp.edu\/ingles\/?page_id=762\"><strong>Tonguas: Revista de Artes Literarias y Expresi\u00f3n Estudiantil, Departamento de Ingl\u00e9s<\/strong><\/a><br>The title \u201cTonguas\u201d combines \u201ctongues\u201d and \u201clenguas,\u201d indicating the open, multilingual, and inclusive nature of the group\u2019s activities, \u201cidiomas,\u201d and aesthetics.<br><\/p>\n\n\n\n<p><strong>Revista Historia y Sociedad<\/strong>, Departamento de Historia<br>Es la revista del Departamento de Historia y su prop\u00f3sito es fomentar y divulgar las investigaciones sobre Puerto Rico y el Caribe as\u00ed como el an\u00e1lisis historiogr\u00e1fico. Promueve los trabajos de investigadores internacionales y de los estudiantes del Programa Graduado de Historia.<\/p>\n\n\n\n<p><a href=\"https:\/\/revistas.upr.edu\/index.php\/reh\"><strong>Revista de Estudios Hisp\u00e1nicos<\/strong><\/a>, Departamento de Estudios Hisp\u00e1nicos<\/p>\n\n\n\n<p><a href=\"https:\/\/revistas.upr.edu\/index.php\/dialogos\"><strong>Revista Di\u00e1logos<\/strong><\/a>, Departamento de Filosof\u00eda<\/p>\n\n\n\n<p><a href=\"http:\/\/www.tandfonline.com\/toc\/rgeo20\/current\"><strong>Revista de GeoHumanities<\/strong><\/a> de la Association of American Geographers<\/p>\n","protected":false},"excerpt":{"rendered":"<p>Todos los estudiantes est\u00e1n invitados a publicar sus trabajos en las revistas de la Facultad de Humanidades. Para una lista completa de las revistas de la facultad, accese a la secci\u00f3n de Revistas del Seminario Multidisciplinario Jos\u00e9 Emilio Gonz\u00e1lez. Sargasso: A Journal of Caribbean Literature, Language &amp; Culture, Departamento de &#8230;<\/p>\n","protected":false},"author":4,"featured_media":729,"parent":0,"menu_order":0,"comment_status":"closed","ping_status":"closed","template":"","meta":{"footnotes":"","_links_to":"","_links_to_target":""},"class_list":["post-226","page","type-page","status-publish","has-post-thumbnail","hentry","column","twocol","has-thumbnail"],"_links":{"self":[{"href":"https:\/\/humanidades.uprrp.edu\/graduados\/wp-json\/wp\/v2\/pages\/226","targetHints":{"allow":["GET"]}}],"collection":[{"href":"https:\/\/humanidades.uprrp.edu\/graduados\/wp-json\/wp\/v2\/pages"}],"about":[{"href":"https:\/\/humanidades.uprrp.edu\/graduados\/wp-json\/wp\/v2\/types\/page"}],"author":[{"embeddable":true,"href":"https:\/\/humanidades.uprrp.edu\/graduados\/wp-json\/wp\/v2\/users\/4"}],"replies":[{"embeddable":true,"href":"https:\/\/humanidades.uprrp.edu\/graduados\/wp-json\/wp\/v2\/comments?post=226"}],"version-history":[{"count":14,"href":"https:\/\/humanidades.uprrp.edu\/graduados\/wp-json\/wp\/v2\/pages\/226\/revisions"}],"predecessor-version":[{"id":1191,"href":"https:\/\/humanidades.uprrp.edu\/graduados\/wp-json\/wp\/v2\/pages\/226\/revisions\/1191"}],"wp:featuredmedia":[{"embeddable":true,"href":"https:\/\/humanidades.uprrp.edu\/graduados\/wp-json\/wp\/v2\/media\/729"}],"wp:attachment":[{"href":"https:\/\/humanidades.uprrp.edu\/graduados\/wp-json\/wp\/v2\/media?parent=226"}],"curies":[{"name":"wp","href":"https:\/\/api.w.org\/{rel}","templated":true}]}}