{"id":224,"date":"2015-02-24T14:37:54","date_gmt":"2015-02-24T18:37:54","guid":{"rendered":"https:\/\/humanidades.uprrp.edu\/graduados\/?page_id=224"},"modified":"2018-02-05T11:27:45","modified_gmt":"2018-02-05T15:27:45","slug":"becas","status":"publish","type":"page","link":"https:\/\/humanidades.uprrp.edu\/graduados\/becas\/","title":{"rendered":"Internados y Ayudas Econ\u00f3micas"},"content":{"rendered":"<p style=\"text-align: left;\">En la Universidad de Puerto Rico estamos comprometidos con el \u00e9xito acad\u00e9mico\u00a0y\u00a0profesional de los estudiantes graduados. Aqu\u00ed encontrar\u00e1 una lista de ayudas <img fetchpriority=\"high\" decoding=\"async\" class=\" wp-image-337 size-medium alignright\" src=\"https:\/\/humanidades.uprrp.edu\/graduados\/wp-content\/uploads\/2015\/02\/wordle-2-300x194.png\" alt=\"wordle 2\" width=\"300\" height=\"194\" srcset=\"https:\/\/humanidades.uprrp.edu\/graduados\/wp-content\/uploads\/2015\/02\/wordle-2-300x194.png 300w, https:\/\/humanidades.uprrp.edu\/graduados\/wp-content\/uploads\/2015\/02\/wordle-2.png 812w\" sizes=\"(max-width: 300px) 100vw, 300px\" \/>econ\u00f3micas para tu vida acad\u00e9mica.<\/p>\n<p>&nbsp;<\/p>\n<p>El <a href=\"http:\/\/graduados.uprrp.edu\/index.php?lang=es\">Decanato de Estudios Graduados e Investigaci\u00f3n<\/a> de nuestro recinto posee una variedad de becas que ayudan a disminuir el tiempo que le toma al estudiante obtener su grado, mejora la calidad de vida del estudiante graduado y reconoce la excelencia acad\u00e9mica en el estudiantado.<\/p>\n<ul>\n<li>Programa de Becas por M\u00e9rito Acad\u00e9mico y Ejecutorias Excepcionales<\/li>\n<li>Programa de Becas para disertaci\u00f3n, tesis o proyecto equivalente<\/li>\n<li>Programa de becas para el apoyo a la investigaci\u00f3n y desarrollo profesional de los estudiantes graduados<\/li>\n<li>Beca para Viajes a Congresos o Simposios<\/li>\n<li>Beca para Viajes de Investigaci\u00f3n<\/li>\n<li>Beca para la divulgaci\u00f3n de trabajos de Investigaci\u00f3n<\/li>\n<li>Beca Jos\u00e9 Tr\u00edas Monge<\/li>\n<li>Beca Torneo de Golf UPR<\/li>\n<li>Becas con Recursos Externos<\/li>\n<li>Programa de Experiencias Acad\u00e9micas Formativas<\/li>\n<li>Becas para presentaci\u00f3n en conferencias y recolecci\u00f3n de datos para investigaci\u00f3n.\u00a0<a href=\"http:\/\/graduados.uprrp.edu\/index.php?option=com_content&amp;view=category&amp;layout=blog&amp;id=39&amp;Itemid=557&amp;lang=en\">Apoyo a la Investigaci\u00f3n y el Desarrollo Profesional<\/a><\/li>\n<li><a href=\"https:\/\/humanidades.uprrp.edu\/graduados\/?page_id=561\">Lista oficial<\/a> de\u00a0<a href=\"http:\/\/graduados.uprrp.edu\/index.php?option=com_content&amp;view=article&amp;id=236:becas&amp;catid=39&amp;Itemid=557&amp;lang=en\">Becas: Fuentes externas <\/a>del Decanato de Estudios Graduados e Investigaci\u00f3n<\/li>\n<li><a href=\"https:\/\/humanidades.uprrp.edu\/graduados\/?page_id=651\">Base de datos para no ciudadanos (Fellowships Data Base for Non USA Citizens<\/a><\/li>\n<\/ul>\n<p>&nbsp;<\/p>\n<p><a href=\"https:\/\/humanidades.uprrp.edu\/graduados\/wp-content\/uploads\/2015\/02\/Line1.png\"><img decoding=\"async\" class=\"alignleft wp-image-945 size-full\" src=\"https:\/\/humanidades.uprrp.edu\/graduados\/wp-content\/uploads\/2015\/02\/Line1-e1517844332551.png\" alt=\"Line\" width=\"1000\" height=\"9\" srcset=\"https:\/\/humanidades.uprrp.edu\/graduados\/wp-content\/uploads\/2015\/02\/Line1-e1517844332551.png 1000w, https:\/\/humanidades.uprrp.edu\/graduados\/wp-content\/uploads\/2015\/02\/Line1-e1517844332551-300x3.png 300w, https:\/\/humanidades.uprrp.edu\/graduados\/wp-content\/uploads\/2015\/02\/Line1-e1517844332551-700x6.png 700w, https:\/\/humanidades.uprrp.edu\/graduados\/wp-content\/uploads\/2015\/02\/Line1-e1517844332551-332x3.png 332w\" sizes=\"(max-width: 1000px) 100vw, 1000px\" \/><\/a><\/p>\n<section class=\"av_textblock_section\">\n<div class=\"avia_textblock \">\n<h4><\/h4>\n<h4><a href=\"http:\/\/www.fundacioncarolina.es\/\"><img decoding=\"async\" class=\"alignnone size-full wp-image-332\" src=\"https:\/\/humanidades.uprrp.edu\/graduados\/wp-content\/uploads\/2015\/02\/logo1.png\" alt=\"logo1\" width=\"228\" height=\"74\" \/><\/a><\/h4>\n<\/div>\n<\/section>\n<section class=\"av_textblock_section\">\n<div class=\"avia_textblock \">\n<p>La Fundaci\u00f3n Carolina promueve las relaciones culturales y la cooperaci\u00f3n en materia educativa y cient\u00edfica entre Espa\u00f1a y los pa\u00edses de la Comunidad Iberoamericana de Naciones, as\u00ed como con otros pa\u00edses con especiales v\u00ednculos hist\u00f3ricos, culturales o geogr\u00e1ficos. Para la consecuci\u00f3n de sus fines la FC desarrolla cuatro programas:<\/p>\n<ul>\n<li>Programa de Formaci\u00f3n<\/li>\n<li>Programa Internacional de Visitantes<\/li>\n<li>Red Carolina<\/li>\n<li>Vivir en Espa\u00f1a<\/li>\n<\/ul>\n<p>A trav\u00e9s de sus programas, la Fundaci\u00f3n Carolina impulsa la internacionalizaci\u00f3n de las universidades y centros de estudio espa\u00f1oles al tiempo que contribuye a la construcci\u00f3n del espacio iberoamericano de conocimiento y al fortalecimiento institucional del continente americano. Adem\u00e1s, desarrolla un ejercicio real de diplomacia p\u00fablica, proyectando nuestro potencial cultural, cient\u00edfico y econ\u00f3mico.<\/p>\n<\/div>\n<\/section>\n<p>&nbsp;<\/p>\n<p>&nbsp;<\/p>\n<p><a href=\"https:\/\/humanidades.uprrp.edu\/graduados\/wp-content\/uploads\/2015\/02\/Line1-e1517844332551.png\"><img loading=\"lazy\" decoding=\"async\" class=\"alignnone wp-image-945 size-full\" src=\"https:\/\/humanidades.uprrp.edu\/graduados\/wp-content\/uploads\/2015\/02\/Line1-e1517844332551.png\" alt=\"\" width=\"1000\" height=\"9\" srcset=\"https:\/\/humanidades.uprrp.edu\/graduados\/wp-content\/uploads\/2015\/02\/Line1-e1517844332551.png 1000w, https:\/\/humanidades.uprrp.edu\/graduados\/wp-content\/uploads\/2015\/02\/Line1-e1517844332551-300x3.png 300w, https:\/\/humanidades.uprrp.edu\/graduados\/wp-content\/uploads\/2015\/02\/Line1-e1517844332551-700x6.png 700w, https:\/\/humanidades.uprrp.edu\/graduados\/wp-content\/uploads\/2015\/02\/Line1-e1517844332551-332x3.png 332w\" sizes=\"(max-width: 1000px) 100vw, 1000px\" \/><\/a><\/p>\n<p><img loading=\"lazy\" decoding=\"async\" class=\"alignleft size-medium wp-image-663\" src=\"https:\/\/humanidades.uprrp.edu\/graduados\/wp-content\/uploads\/2015\/02\/sergsgtbsth1-300x72.jpg\" alt=\"sergsgtbsth\" width=\"300\" height=\"72\" srcset=\"https:\/\/humanidades.uprrp.edu\/graduados\/wp-content\/uploads\/2015\/02\/sergsgtbsth1-300x72.jpg 300w, https:\/\/humanidades.uprrp.edu\/graduados\/wp-content\/uploads\/2015\/02\/sergsgtbsth1-880x213.jpg 880w, https:\/\/humanidades.uprrp.edu\/graduados\/wp-content\/uploads\/2015\/02\/sergsgtbsth1.jpg 882w\" sizes=\"(max-width: 300px) 100vw, 300px\" \/><\/p>\n<p>&nbsp;<\/p>\n<p>&nbsp;<\/p>\n<p>&nbsp;<\/p>\n<p>El <a href=\"http:\/\/graduados.uprrp.edu\/index.php?lang=en&amp;option=com_content&amp;view=article&amp;id=14&amp;Itemid=130\">Center for Sponsored Programs and Entrepreneurial Initiatives<\/a> (formalmente el Assistant Deanship of External Funding) es la unidad operativa de la Oficina del Decano de Estudios Graduados e Investigaci\u00f3n ( DEGI ) que trabaja con la comunidad de la UPR- RP en la identificaci\u00f3n de oportunidades de financiaci\u00f3n externos, desarrollo y presentaci\u00f3n de propuestas y la concesi\u00f3n y gesti\u00f3n de subvenciones. La financiaci\u00f3n externa permite la UPR-RP incrementar y diversificar su cartera de recursos fiscales para financiar proyectos dirigidos a la consecuci\u00f3n de sus metas y objetivos.<\/p>\n<p>Para ver el listado de oportunidades de financiamiento de esta oficina haga click <a href=\"http:\/\/graduados.uprrp.edu\/index.php?option=com_content&amp;view=article&amp;id=213&amp;Itemid=468&amp;lang=en\">aqu\u00ed<\/a>.<\/p>\n<p>&nbsp;<\/p>\n<p><a href=\"https:\/\/humanidades.uprrp.edu\/graduados\/wp-content\/uploads\/2015\/02\/Line.png\"><img loading=\"lazy\" decoding=\"async\" class=\"alignnone wp-image-944 size-full\" src=\"https:\/\/humanidades.uprrp.edu\/graduados\/wp-content\/uploads\/2015\/02\/Line-e1517844378266.png\" alt=\"\" width=\"1000\" height=\"9\" srcset=\"https:\/\/humanidades.uprrp.edu\/graduados\/wp-content\/uploads\/2015\/02\/Line-e1517844378266.png 1000w, https:\/\/humanidades.uprrp.edu\/graduados\/wp-content\/uploads\/2015\/02\/Line-e1517844378266-300x3.png 300w, https:\/\/humanidades.uprrp.edu\/graduados\/wp-content\/uploads\/2015\/02\/Line-e1517844378266-700x6.png 700w, https:\/\/humanidades.uprrp.edu\/graduados\/wp-content\/uploads\/2015\/02\/Line-e1517844378266-332x3.png 332w\" sizes=\"(max-width: 1000px) 100vw, 1000px\" \/><\/a><\/p>\n<p><img loading=\"lazy\" decoding=\"async\" class=\" wp-image-328 alignleft\" src=\"https:\/\/humanidades.uprrp.edu\/graduados\/wp-content\/uploads\/2015\/02\/Slide1_01_0.jpg\" alt=\"Slide1_01_0\" width=\"600\" height=\"174\" srcset=\"https:\/\/humanidades.uprrp.edu\/graduados\/wp-content\/uploads\/2015\/02\/Slide1_01_0.jpg 1020w, https:\/\/humanidades.uprrp.edu\/graduados\/wp-content\/uploads\/2015\/02\/Slide1_01_0-300x87.jpg 300w\" sizes=\"(max-width: 600px) 100vw, 600px\" \/><\/p>\n<p>&nbsp;<\/p>\n<p>&nbsp;<\/p>\n<p>&nbsp;<\/p>\n<p>&nbsp;<\/p>\n<p>&nbsp;<\/p>\n<p>&nbsp;<\/p>\n<p>La <a href=\"http:\/\/www.oaj.pr.gov\/\">Oficina de Asuntos de la Juventud<\/a>, adscrita a la Oficina del Gobernador, tiene como misi\u00f3n asegurar la implantaci\u00f3n de la Pol\u00edtica P\u00fablica del Gobierno de Puerto Rico cuenta las aspiraciones y metas de la juventud, entre las edades de 13 a 29 a\u00f1os, mediante la coordinaci\u00f3n de servicios directo de forma inmediata, accesibles y eficiente, con la cooperaci\u00f3n de agencias p\u00fablicas, entidades privadas, la ciudadan\u00eda y la activa participaci\u00f3n de los j\u00f3venes, para propiciar el desarrollo integral de la juventud. La OAJ tiene como visi\u00f3n ofrecer y coordinar servicios que sirvan como instrumentos para satisfacer las necesidades de los j\u00f3venes, logrando una mejor calidad de vida.<\/p>\n<p>&nbsp;<\/p>\n<p><a href=\"https:\/\/humanidades.uprrp.edu\/graduados\/wp-content\/uploads\/2015\/02\/Line.png\"><img loading=\"lazy\" decoding=\"async\" class=\"alignnone wp-image-944 size-full\" src=\"https:\/\/humanidades.uprrp.edu\/graduados\/wp-content\/uploads\/2015\/02\/Line-e1517844378266.png\" alt=\"\" width=\"1000\" height=\"9\" srcset=\"https:\/\/humanidades.uprrp.edu\/graduados\/wp-content\/uploads\/2015\/02\/Line-e1517844378266.png 1000w, https:\/\/humanidades.uprrp.edu\/graduados\/wp-content\/uploads\/2015\/02\/Line-e1517844378266-300x3.png 300w, https:\/\/humanidades.uprrp.edu\/graduados\/wp-content\/uploads\/2015\/02\/Line-e1517844378266-700x6.png 700w, https:\/\/humanidades.uprrp.edu\/graduados\/wp-content\/uploads\/2015\/02\/Line-e1517844378266-332x3.png 332w\" sizes=\"(max-width: 1000px) 100vw, 1000px\" \/><\/a><\/p>\n<p><a href=\"https:\/\/humanidades.uprrp.edu\/graduados\/wp-content\/uploads\/2015\/02\/fpr12.png\"><img loading=\"lazy\" decoding=\"async\" class=\"alignleft size-medium wp-image-668\" src=\"https:\/\/humanidades.uprrp.edu\/graduados\/wp-content\/uploads\/2015\/02\/fpr12-300x102.png\" alt=\"fpr12\" width=\"300\" height=\"102\" srcset=\"https:\/\/humanidades.uprrp.edu\/graduados\/wp-content\/uploads\/2015\/02\/fpr12-300x102.png 300w, https:\/\/humanidades.uprrp.edu\/graduados\/wp-content\/uploads\/2015\/02\/fpr12.png 699w\" sizes=\"(max-width: 300px) 100vw, 300px\" \/><\/a><\/p>\n<p>&nbsp;<\/p>\n<p>&nbsp;<\/p>\n<p>&nbsp;<\/p>\n<p>Puerto Rico cuenta con un n\u00famero significativo de personas que contribuyen mediante sus fundaciones al bien com\u00fan de nuestra sociedad. Esperamos que el <a href=\"http:\/\/www.fondosunidos.org\/documentos\/Directorio_de_Fundaciones-2012.pdf\">Directorio de Fundaciones de Puerto Rico<\/a> aporte de forma significativa y que tambi\u00e9n sea una herramienta \u00fatil para individuos y organizaciones en la b\u00fasqueda de recursos y servicios.<\/p>\n<p>&nbsp;<\/p>\n<p><a href=\"https:\/\/humanidades.uprrp.edu\/graduados\/wp-content\/uploads\/2015\/02\/Line.png\"><img loading=\"lazy\" decoding=\"async\" class=\"alignnone wp-image-944 size-full\" src=\"https:\/\/humanidades.uprrp.edu\/graduados\/wp-content\/uploads\/2015\/02\/Line-e1517844378266.png\" alt=\"\" width=\"1000\" height=\"9\" srcset=\"https:\/\/humanidades.uprrp.edu\/graduados\/wp-content\/uploads\/2015\/02\/Line-e1517844378266.png 1000w, https:\/\/humanidades.uprrp.edu\/graduados\/wp-content\/uploads\/2015\/02\/Line-e1517844378266-300x3.png 300w, https:\/\/humanidades.uprrp.edu\/graduados\/wp-content\/uploads\/2015\/02\/Line-e1517844378266-700x6.png 700w, https:\/\/humanidades.uprrp.edu\/graduados\/wp-content\/uploads\/2015\/02\/Line-e1517844378266-332x3.png 332w\" sizes=\"(max-width: 1000px) 100vw, 1000px\" \/><\/a><\/p>\n<p>Universia es la Red de universidades m\u00e1s importante de Iberoam\u00e9rica que promueve el desarrollo social y empresarial a trav\u00e9s del talento, el conocimiento, la investigaci\u00f3n aplicada y la colaboraci\u00f3n institucional entre universidades y empresas.<\/p>\n<p><a href=\"http:\/\/www.universia.pr\/\"><img loading=\"lazy\" decoding=\"async\" class=\"alignleft size-full wp-image-655\" src=\"https:\/\/humanidades.uprrp.edu\/graduados\/wp-content\/uploads\/2015\/02\/UM-universia.gif\" alt=\"UM-universia\" width=\"250\" height=\"200\" \/><\/a><\/p>\n<p>&nbsp;<\/p>\n<p>&nbsp;<\/p>\n<p>&nbsp;<\/p>\n<p>&nbsp;<\/p>\n<p>&nbsp;<\/p>\n<p><a href=\"https:\/\/humanidades.uprrp.edu\/graduados\/wp-content\/uploads\/2015\/02\/Line.png\"><img loading=\"lazy\" decoding=\"async\" class=\"alignnone wp-image-944 size-full\" src=\"https:\/\/humanidades.uprrp.edu\/graduados\/wp-content\/uploads\/2015\/02\/Line-e1517844378266.png\" alt=\"\" width=\"1000\" height=\"9\" srcset=\"https:\/\/humanidades.uprrp.edu\/graduados\/wp-content\/uploads\/2015\/02\/Line-e1517844378266.png 1000w, https:\/\/humanidades.uprrp.edu\/graduados\/wp-content\/uploads\/2015\/02\/Line-e1517844378266-300x3.png 300w, https:\/\/humanidades.uprrp.edu\/graduados\/wp-content\/uploads\/2015\/02\/Line-e1517844378266-700x6.png 700w, https:\/\/humanidades.uprrp.edu\/graduados\/wp-content\/uploads\/2015\/02\/Line-e1517844378266-332x3.png 332w\" sizes=\"(max-width: 1000px) 100vw, 1000px\" \/><\/a><\/p>\n<p><img loading=\"lazy\" decoding=\"async\" class=\"alignleft wp-image-659 \" src=\"https:\/\/humanidades.uprrp.edu\/graduados\/wp-content\/uploads\/2015\/02\/CYF.jpg\" alt=\"CYF\" width=\"532\" height=\"110\" srcset=\"https:\/\/humanidades.uprrp.edu\/graduados\/wp-content\/uploads\/2015\/02\/CYF.jpg 633w, https:\/\/humanidades.uprrp.edu\/graduados\/wp-content\/uploads\/2015\/02\/CYF-300x62.jpg 300w\" sizes=\"(max-width: 532px) 100vw, 532px\" \/><\/p>\n<p>&nbsp;<\/p>\n<p>&nbsp;<\/p>\n<p>&nbsp;<\/p>\n<p>&nbsp;<\/p>\n<p>El Programa C\u00f3rdova y Fern\u00f3s de Internados Congresionales fue establecido por la Asamblea Legislativa de Puerto Rico, mediante la Ley N\u00famero 59 de 1993, para ofrecer una oportunidad a estudiantes destacados de las universidades en Puerto Rico de relacionarse con los procesos y procedimientos del Congreso de los Estados Unidos y del gobierno federal. Los participantes del Programa reciben cr\u00e9ditos acad\u00e9micos mientras trabajan y estudian durante un semestre acad\u00e9mico en la ciudad de Washington, DC.<\/p>\n<p><a href=\"https:\/\/humanidades.uprrp.edu\/graduados\/wp-content\/uploads\/2015\/02\/Line.png\"><img loading=\"lazy\" decoding=\"async\" class=\"alignnone wp-image-944 size-full\" src=\"https:\/\/humanidades.uprrp.edu\/graduados\/wp-content\/uploads\/2015\/02\/Line-e1517844378266.png\" alt=\"\" width=\"1000\" height=\"9\" srcset=\"https:\/\/humanidades.uprrp.edu\/graduados\/wp-content\/uploads\/2015\/02\/Line-e1517844378266.png 1000w, https:\/\/humanidades.uprrp.edu\/graduados\/wp-content\/uploads\/2015\/02\/Line-e1517844378266-300x3.png 300w, https:\/\/humanidades.uprrp.edu\/graduados\/wp-content\/uploads\/2015\/02\/Line-e1517844378266-700x6.png 700w, https:\/\/humanidades.uprrp.edu\/graduados\/wp-content\/uploads\/2015\/02\/Line-e1517844378266-332x3.png 332w\" sizes=\"(max-width: 1000px) 100vw, 1000px\" \/><\/a><\/p>\n<p><a href=\"https:\/\/www.starsscholarship.org\/stars\/home\"><img loading=\"lazy\" decoding=\"async\" class=\"alignleft size-medium wp-image-853\" src=\"https:\/\/humanidades.uprrp.edu\/graduados\/wp-content\/uploads\/2015\/02\/StarScholarship-300x58.png\" alt=\"StarScholarship\" width=\"300\" height=\"58\" srcset=\"https:\/\/humanidades.uprrp.edu\/graduados\/wp-content\/uploads\/2015\/02\/StarScholarship-300x58.png 300w, https:\/\/humanidades.uprrp.edu\/graduados\/wp-content\/uploads\/2015\/02\/StarScholarship-1024x198.png 1024w\" sizes=\"(max-width: 300px) 100vw, 300px\" \/><\/a><\/p>\n<p>&nbsp;<\/p>\n<p>Stars Scholarship Fund is a non-profit organization committed to promoting access to and success in higher education for all students in our community. Based in McAllen, Texas, Stars offers scholarships to students from south and west Texas who are dedicated to completing a degree at an accredited college or university.<\/p>\n<p>*Recuerde leer siempre cuidadosamente las instrucciones y fechas l\u00edmites de las solicitudes para las becas.<\/p>\n","protected":false},"excerpt":{"rendered":"<p>En la Universidad de Puerto Rico estamos comprometidos con el \u00e9xito acad\u00e9mico\u00a0y\u00a0profesional de los estudiantes graduados. Aqu\u00ed encontrar\u00e1 una lista de ayudas econ\u00f3micas para tu vida acad\u00e9mica. &nbsp; El Decanato de Estudios Graduados e Investigaci\u00f3n de nuestro recinto posee una variedad de becas que ayudan a disminuir el tiempo que &#8230;<\/p>\n","protected":false},"author":4,"featured_media":729,"parent":0,"menu_order":0,"comment_status":"closed","ping_status":"closed","template":"","meta":{"footnotes":"","_links_to":"","_links_to_target":""},"class_list":["post-224","page","type-page","status-publish","has-post-thumbnail","hentry","column","twocol","has-thumbnail"],"_links":{"self":[{"href":"https:\/\/humanidades.uprrp.edu\/graduados\/wp-json\/wp\/v2\/pages\/224","targetHints":{"allow":["GET"]}}],"collection":[{"href":"https:\/\/humanidades.uprrp.edu\/graduados\/wp-json\/wp\/v2\/pages"}],"about":[{"href":"https:\/\/humanidades.uprrp.edu\/graduados\/wp-json\/wp\/v2\/types\/page"}],"author":[{"embeddable":true,"href":"https:\/\/humanidades.uprrp.edu\/graduados\/wp-json\/wp\/v2\/users\/4"}],"replies":[{"embeddable":true,"href":"https:\/\/humanidades.uprrp.edu\/graduados\/wp-json\/wp\/v2\/comments?post=224"}],"version-history":[{"count":48,"href":"https:\/\/humanidades.uprrp.edu\/graduados\/wp-json\/wp\/v2\/pages\/224\/revisions"}],"predecessor-version":[{"id":1134,"href":"https:\/\/humanidades.uprrp.edu\/graduados\/wp-json\/wp\/v2\/pages\/224\/revisions\/1134"}],"wp:featuredmedia":[{"embeddable":true,"href":"https:\/\/humanidades.uprrp.edu\/graduados\/wp-json\/wp\/v2\/media\/729"}],"wp:attachment":[{"href":"https:\/\/humanidades.uprrp.edu\/graduados\/wp-json\/wp\/v2\/media?parent=224"}],"curies":[{"name":"wp","href":"https:\/\/api.w.org\/{rel}","templated":true}]}}