{"id":219,"date":"2015-02-24T14:35:31","date_gmt":"2015-02-24T18:35:31","guid":{"rendered":"https:\/\/humanidades.uprrp.edu\/graduados\/?page_id=219"},"modified":"2024-09-17T13:31:17","modified_gmt":"2024-09-17T17:31:17","slug":"seminarios-y-centros-de-investigacion-2","status":"publish","type":"page","link":"https:\/\/humanidades.uprrp.edu\/graduados\/seminarios-y-centros-de-investigacion-2\/","title":{"rendered":"Seminarios de Estudio y Centros de Investigaci\u00f3n"},"content":{"rendered":"<p>En nuestra Facultad existen varios Seminarios para estudio y Centros de investigaci\u00f3n de los cuales se beneficia el estudiantado a nivel graduado.<\/p>\n<ul>\n<li>Centro de Investigaciones Hist\u00f3ricas, <a href=\"http:\/\/humanidades.uprrp.edu\/historia\/\">Departamento de Historia<\/a>\n<ul>\n<li>Direcci\u00f3n f\u00edsica: Edificio Sebasti\u00e1n Gonz\u00e1lez Garc\u00eda, 1er piso<\/li>\n<li>Tel\u00e9fono: (787) 764-0000 ext. 89670<\/li>\n<\/ul>\n<\/li>\n<\/ul>\n<ul>\n<li><a href=\"https:\/\/humanidades.uprrp.edu\/estudioshispanicos\/?page_id=42\">Seminario Federico de On\u00eds<\/a>, Departamento de Estudios Hisp\u00e1nicos\n<ul>\n<li>Email: seminario.federico.de.onis@gmail.com<\/li>\n<li>Facebook: Seminario Federico de On\u00eds<\/li>\n<li>Direcci\u00f3n postal: Apartado 21787 San Juan, PR., 00931-1787<\/li>\n<li>Direcci\u00f3n f\u00edsica: Edificio Antonio S. Pedreira Primer piso, 109.<\/li>\n<li>Tel\u00e9fono: (787) 764-0000 x 89509<\/li>\n<li>Horario: lunes a viernes: 8:00 a.m. &#8211; 4:00 p. m.<\/li>\n<\/ul>\n<\/li>\n<\/ul>\n<ul>\n<li><a href=\"https:\/\/humanidades.uprrp.edu\/ingles\/?page_id=85\">Seminario Lewis C. Richardson<\/a>, Departamento de Ingl\u00e9s\n<ul>\n<li>Location: Pedreira Building \u2013 Room 108<\/li>\n<li>Telephone: (787) 764-0000 ext. 89656<\/li>\n<li>Email: richardson.seminar@gmail.com<\/li>\n<li>Hours of operation: Mondays-Thursdays 8:00 A.M. \u2013 6:00 P.M. Fridays 8:00 A.M. \u2013 4:30 P.M. Sat. &amp; Sun. closed (unless there is a special event)<\/li>\n<\/ul>\n<\/li>\n<\/ul>\n<ul>\n<li><a href=\"https:\/\/humanidades.uprrp.edu\/filosofia\/?page_id=219\">Seminario Ludwig Schajowicz<\/a>, Departamento de Filosof\u00eda\n<ul>\n<li>Localizado en el Edificio Hostos<\/li>\n<li>Contacto: Jos\u00e9 Robledo<\/li>\n<li>Tel. 787-764-0000 ext.89680<\/li>\n<\/ul>\n<\/li>\n<\/ul>\n<ul>\n<li>Seminario de Historia del Arte, Programa de Historia del Arte\n<ul>\n<li>Seminario de Historia del Arte<br \/>\nEdificio Luis Pal\u00e9s Matos, #131 (primer piso)<br \/>\nFacultad de Humanidades<br \/>\nUniversidad de Puerto Rico, Recinto de R\u00edo Piedras<\/li>\n<li>Tel. 764-0000 ext.89600<\/li>\n<li>Email: shauprrp@gmail.com<\/li>\n<li>Horario: Lunes a Viernes\u00a08:00 am &#8211; 4:30 pm &#8211; S\u00e1bados, Domingos y D\u00edas Feriados\u00a0Cerrado<\/li>\n<\/ul>\n<\/li>\n<\/ul>\n<ul>\n<li><a href=\"https:\/\/www.upr.edu\/biblioteca-uprrp-semmulti\/\">Seminario Multidisciplinario Jos\u00e9 Emilio Gonz\u00e1lez<\/a>, Facultad de Humanidades\n<ul>\n<li>Horario: Lunes a Jueves: 8AM \u2013 8PM Viernes: 8AM \u2013 5PM<\/li>\n<\/ul>\n<\/li>\n<\/ul>\n<p><a href=\"http:\/\/gradnet.uprrp.edu\"><img fetchpriority=\"high\" decoding=\"async\" class=\" size-full wp-image-235 alignnone\" src=\"https:\/\/humanidades.uprrp.edu\/graduados\/wp-content\/uploads\/2015\/02\/red-graduada-universiapr2.jpg\" alt=\"red-graduada-universiapr2\" width=\"340\" height=\"195\" srcset=\"https:\/\/humanidades.uprrp.edu\/graduados\/wp-content\/uploads\/2015\/02\/red-graduada-universiapr2.jpg 340w, https:\/\/humanidades.uprrp.edu\/graduados\/wp-content\/uploads\/2015\/02\/red-graduada-universiapr2-300x172.jpg 300w\" sizes=\"(max-width: 340px) 100vw, 340px\" \/><\/a><\/p>\n<p>La <a href=\"http:\/\/gradnet.uprrp.edu\">Red Graduada<\/a> est\u00e1 localizada en el segundo piso del edificio Jos\u00e9 M. L\u00e1zaro de la Universidad de Puerto Rico, Recinto de R\u00edo Piedras. Red Graduada ofrece salones privados de estudios, sistema de reservaciones de \u00e9stos, recursos de equipo y referencias para estudiantes.<\/p>\n<p>La Red Graduada ofrece servicios de\u00a0pr\u00e9stamos de equipos tecnol\u00f3gicos como Macbook Pro, PC, iPad, c\u00e1maras, grabadoras digitales, cargadores, proyectores, entre otros,\u00a0para los estudiantes graduados del Recinto.\u00a0Los requisitos para recibir el servicio son ID de la UPR, evidencia de ser estudiante graduado\u00a0activo\u00a0y llenar el documento adjunto.<\/p>\n<p><strong>Horario Regular:<\/strong><\/p>\n<p>lunes a jueves: 8:00 a.m. \u2013 11:45 p.m.<br \/>\nviernes: 8:00 a.m. \u2013 5:00 p.m.<br \/>\ns\u00e1bados: 8:30 a.m. \u2013 5:00 p.m.<br \/>\ndomingos: 12:00 p.m. \u2013 10:00 p.m.<\/p>\n<p>Tel\u00e9fono de Recepci\u00f3n:<br \/>\n(787) 764-0000 x.86780<\/p>\n<p>Durante el periodo de ex\u00e1menes finales, la Red Graduada tiene horario extendido.<\/p>\n<p><a href=\"https:\/\/humanidades.uprrp.edu\/graduados\/wp-content\/uploads\/2015\/02\/IMG_7135-1.jpg\"><img decoding=\"async\" class=\"alignleft wp-image-1103 size-large\" src=\"https:\/\/humanidades.uprrp.edu\/graduados\/wp-content\/uploads\/2015\/02\/IMG_7135-1-1024x768.jpg\" alt=\"IMG_7135 (1)\" width=\"860\" height=\"645\" srcset=\"https:\/\/humanidades.uprrp.edu\/graduados\/wp-content\/uploads\/2015\/02\/IMG_7135-1-1024x768.jpg 1024w, https:\/\/humanidades.uprrp.edu\/graduados\/wp-content\/uploads\/2015\/02\/IMG_7135-1-300x225.jpg 300w\" sizes=\"(max-width: 860px) 100vw, 860px\" \/><\/a><\/p>\n","protected":false},"excerpt":{"rendered":"<p>En nuestra Facultad existen varios Seminarios para estudio y Centros de investigaci\u00f3n de los cuales se beneficia el estudiantado a nivel graduado. Centro de Investigaciones Hist\u00f3ricas, Departamento de Historia Direcci\u00f3n f\u00edsica: Edificio Sebasti\u00e1n Gonz\u00e1lez Garc\u00eda, 1er piso Tel\u00e9fono: (787) 764-0000 ext. 89670 Seminario Federico de On\u00eds, Departamento de Estudios Hisp\u00e1nicos &#8230;<\/p>\n","protected":false},"author":4,"featured_media":729,"parent":0,"menu_order":0,"comment_status":"closed","ping_status":"closed","template":"","meta":{"footnotes":"","_links_to":"","_links_to_target":""},"class_list":["post-219","page","type-page","status-publish","has-post-thumbnail","hentry","column","twocol","has-thumbnail"],"_links":{"self":[{"href":"https:\/\/humanidades.uprrp.edu\/graduados\/wp-json\/wp\/v2\/pages\/219","targetHints":{"allow":["GET"]}}],"collection":[{"href":"https:\/\/humanidades.uprrp.edu\/graduados\/wp-json\/wp\/v2\/pages"}],"about":[{"href":"https:\/\/humanidades.uprrp.edu\/graduados\/wp-json\/wp\/v2\/types\/page"}],"author":[{"embeddable":true,"href":"https:\/\/humanidades.uprrp.edu\/graduados\/wp-json\/wp\/v2\/users\/4"}],"replies":[{"embeddable":true,"href":"https:\/\/humanidades.uprrp.edu\/graduados\/wp-json\/wp\/v2\/comments?post=219"}],"version-history":[{"count":22,"href":"https:\/\/humanidades.uprrp.edu\/graduados\/wp-json\/wp\/v2\/pages\/219\/revisions"}],"predecessor-version":[{"id":1185,"href":"https:\/\/humanidades.uprrp.edu\/graduados\/wp-json\/wp\/v2\/pages\/219\/revisions\/1185"}],"wp:featuredmedia":[{"embeddable":true,"href":"https:\/\/humanidades.uprrp.edu\/graduados\/wp-json\/wp\/v2\/media\/729"}],"wp:attachment":[{"href":"https:\/\/humanidades.uprrp.edu\/graduados\/wp-json\/wp\/v2\/media?parent=219"}],"curies":[{"name":"wp","href":"https:\/\/api.w.org\/{rel}","templated":true}]}}