{"id":206,"date":"2015-02-24T15:55:25","date_gmt":"2015-02-24T15:55:25","guid":{"rendered":"https:\/\/humanidades.uprrp.edu\/graduados\/?page_id=206"},"modified":"2023-10-04T09:32:53","modified_gmt":"2023-10-04T13:32:53","slug":"decanato-de-estudios-graduados-e-investigacion","status":"publish","type":"page","link":"https:\/\/humanidades.uprrp.edu\/graduados\/decanato-de-estudios-graduados-e-investigacion\/","title":{"rendered":"Admisiones a estudios graduados"},"content":{"rendered":"<p style=\"text-align: justify;\"><a href=\"https:\/\/humanidades.uprrp.edu\/graduados\/wp-content\/uploads\/2015\/02\/DEGIMED-e1517843940414.jpg\"><img fetchpriority=\"high\" decoding=\"async\" class=\"wp-image-743 alignleft\" src=\"https:\/\/humanidades.uprrp.edu\/graduados\/wp-content\/uploads\/2015\/02\/DEGIMED-e1517843940414.jpg\" alt=\"\" width=\"251\" height=\"313\" srcset=\"https:\/\/humanidades.uprrp.edu\/graduados\/wp-content\/uploads\/2015\/02\/DEGIMED-e1517843940414.jpg 479w, https:\/\/humanidades.uprrp.edu\/graduados\/wp-content\/uploads\/2015\/02\/DEGIMED-e1517843940414-240x300.jpg 240w\" sizes=\"(max-width: 251px) 100vw, 251px\" \/><\/a>El <a href=\"https:\/\/graduados.uprrp.edu\/\">Decanato de Estudios Graduados e Investigaci\u00f3n<\/a> (DEGI) tiene entre sus metas que los programas de maestr\u00eda y doctorado del Recinto ofrezcan una formaci\u00f3n universitaria de excelencia. Es tambi\u00e9n el encargado de las admisiones a las maestr\u00edas de la Universidad de Puerto Rico.<\/p>\n<p style=\"text-align: justify;\">Las solicitudes de admisi\u00f3n se procesan a trav\u00e9s del <a href=\"https:\/\/solicitud.upr.edu\/index.php?a=default&amp;l=1\">Portal de Admisiones de la Universidad de Puerto Rico<\/a>.<\/p>\n<p style=\"text-align: justify;\">Los formularios y las instrucciones para completar la solicitud electr\u00f3nica, as\u00ed como el calendario de admisiones graduadas se encuentran en la p\u00e1gina de <a href=\"http:\/\/graduados.uprrp.edu\/estudiantiles\/admisiones-graduadas\/fechas-limites\/\" rel=\"noopener noreferrer\">Admisiones Graduadas UPR R\u00edo Piedras<\/a>.<\/p>\n<p style=\"text-align: justify;\">Para m\u00e1s informaci\u00f3n sobre los programas graduados que ofrece nuestro recinto haga clic <a href=\"https:\/\/graduados.uprrp.edu\/estudiantiles\/admisiones_graduadas\/\">aqu\u00ed<\/a>.<\/p>\n","protected":false},"excerpt":{"rendered":"<p>El Decanato de Estudios Graduados e Investigaci\u00f3n (DEGI) tiene entre sus metas que los programas de maestr\u00eda y doctorado del Recinto ofrezcan una formaci\u00f3n universitaria de excelencia. Es tambi\u00e9n el encargado de las admisiones a las maestr\u00edas de la Universidad de Puerto Rico. Las solicitudes de admisi\u00f3n se procesan a &#8230;<\/p>\n","protected":false},"author":4,"featured_media":776,"parent":0,"menu_order":0,"comment_status":"closed","ping_status":"closed","template":"","meta":{"footnotes":"","_links_to":"","_links_to_target":""},"class_list":["post-206","page","type-page","status-publish","has-post-thumbnail","hentry","column","twocol","has-thumbnail"],"_links":{"self":[{"href":"https:\/\/humanidades.uprrp.edu\/graduados\/wp-json\/wp\/v2\/pages\/206","targetHints":{"allow":["GET"]}}],"collection":[{"href":"https:\/\/humanidades.uprrp.edu\/graduados\/wp-json\/wp\/v2\/pages"}],"about":[{"href":"https:\/\/humanidades.uprrp.edu\/graduados\/wp-json\/wp\/v2\/types\/page"}],"author":[{"embeddable":true,"href":"https:\/\/humanidades.uprrp.edu\/graduados\/wp-json\/wp\/v2\/users\/4"}],"replies":[{"embeddable":true,"href":"https:\/\/humanidades.uprrp.edu\/graduados\/wp-json\/wp\/v2\/comments?post=206"}],"version-history":[{"count":14,"href":"https:\/\/humanidades.uprrp.edu\/graduados\/wp-json\/wp\/v2\/pages\/206\/revisions"}],"predecessor-version":[{"id":1179,"href":"https:\/\/humanidades.uprrp.edu\/graduados\/wp-json\/wp\/v2\/pages\/206\/revisions\/1179"}],"wp:featuredmedia":[{"embeddable":true,"href":"https:\/\/humanidades.uprrp.edu\/graduados\/wp-json\/wp\/v2\/media\/776"}],"wp:attachment":[{"href":"https:\/\/humanidades.uprrp.edu\/graduados\/wp-json\/wp\/v2\/media?parent=206"}],"curies":[{"name":"wp","href":"https:\/\/api.w.org\/{rel}","templated":true}]}}