{"id":203,"date":"2015-02-24T15:53:39","date_gmt":"2015-02-24T15:53:39","guid":{"rendered":"https:\/\/humanidades.uprrp.edu\/graduados\/?page_id=203"},"modified":"2018-02-05T11:16:51","modified_gmt":"2018-02-05T15:16:51","slug":"organizaciones-estudiantiles-2","status":"publish","type":"page","link":"https:\/\/humanidades.uprrp.edu\/graduados\/organizaciones-estudiantiles-2\/","title":{"rendered":"Organizaciones Estudiantiles"},"content":{"rendered":"<p><img fetchpriority=\"high\" decoding=\"async\" class=\" size-medium wp-image-147 alignright\" src=\"https:\/\/humanidades.uprrp.edu\/graduados\/wp-content\/uploads\/2015\/01\/265a7531c197e14feb8fd4df1521f06b-228x300.jpg\" alt=\"265a7531c197e14feb8fd4df1521f06b\" width=\"228\" height=\"300\" srcset=\"https:\/\/humanidades.uprrp.edu\/graduados\/wp-content\/uploads\/2015\/01\/265a7531c197e14feb8fd4df1521f06b-228x300.jpg 228w, https:\/\/humanidades.uprrp.edu\/graduados\/wp-content\/uploads\/2015\/01\/265a7531c197e14feb8fd4df1521f06b.jpg 600w\" sizes=\"(max-width: 228px) 100vw, 228px\" \/><\/p>\n<h5><strong>Asociaci\u00f3n de Estudiantes de Bellas Artes<\/strong><\/h5>\n<p><strong>aeba.upi@gmail.com<\/strong><\/p>\n<p>&nbsp;<\/p>\n<h5><strong>Asociacion de Estudiantes de Estudios Hisp\u00e1nicos<\/strong><\/h5>\n<p>La AEEH se reune con el prop\u00f3sito de crear una comunidad intelectual a trav\u00e9s de la cual se vincule nuestro inter\u00e9s en com\u00fan sobre los estudios human\u00edsticos a la vez que colaboramos con el Departamento de Estudios Hisp\u00e1nicos. Asimismo, la asociaci\u00f3n fomenta la comunicaci\u00f3n entre la comunidad estudiantil y el Departamento a la vez que intercambia conocimientos y promueve actividades a la variedad de asociaciones relacionadas a los estudios human\u00edsticos. A su vez resalta la importancia de los estudios sobre las Humanidades a trav\u00e9s de talleres de capacitaci\u00f3n sobre redacci\u00f3n y escritura creativa, conferencias con autores y acad\u00e9micos, charlas y conversatorios con estudiantes del departamento, lectura de poes\u00eda, presentaci\u00f3n de tesinas, venta de libros y actividades directamente relacionadas con la literatura. Todos estos son algunos de nuestros esfuerzos dirigidos a difundir la actividad y participaci\u00f3n subgrafuada en el ambiente acad\u00e9mico con el fin de fomentar la cultura y las humanidades. Nuestro prop\u00f3sito como asociaci\u00f3n est\u00e1 orientado a organizar, manejar y llevar a cabo actividades relacionadas a las producciones culturales y las Humanidades. Es de nuestra prioridad difundir nuestro inter\u00e9s sobre el Departamento de Estudios Hisp\u00e1nicos y la relevancia de su estudios. De esta manera, colaboramos con otras asociaciones estudiantiles y facultades como por ejemplo en el El Festival Antonia y La Semana de la Lengua. Con el prop\u00f3sito de visibilizar el esfuerzo intelectual del estudiantado hemos creado recientemente la revista subgraduada de la Asociaci\u00f3n de estudiantes de Estudios Hisp\u00e1nicos que lleva por nombre Trasunto y cuya convocatoria est\u00e1 abierta al p\u00fablico universitario. La informaci\u00f3n sobre la revista la pueden encontrar en nuestra p\u00e1gina de facebook. Contacto: aeeh.upr@ gmail.com Facebook.com\/Asociaci\u00f3n de estudiantes de Estudios Hisp\u00e1nicos<\/p>\n<p><strong>aeeh.upr@gmail.com<\/strong><\/p>\n<p>&nbsp;<\/p>\n<h5><strong>Asociaci\u00f3n de Estudiantes de Historia del Arte<\/strong><\/h5>\n<p><strong>mercedestrelles@aol.com<\/strong><\/p>\n<p>&nbsp;<\/p>\n<h5><strong style=\"font-size: 0.95em; line-height: 1.6em;\">Asociaci\u00f3n de Estudiantes de M\u00fasica<\/strong><\/h5>\n<p><strong>aemusupr@gmail.com<\/strong><\/p>\n<p>&nbsp;<\/p>\n<h5><strong>Asociaci\u00f3n de Estudiantes del Programa Graduado de Traducci\u00f3n<\/strong><\/h5>\n<p><strong>aet@upr.edu<\/strong><\/p>\n<h5><strong>English Majors Association<\/strong><\/h5>\n<p><strong>emauprrp@gmail.com<\/strong><\/p>\n<p>&nbsp;<\/p>\n<h5><strong>Asociaci\u00f3n de Literatura Comparada\u2026 \u00bfComparada con qu\u00e9?<\/strong><\/h5>\n<p>Comparada, \u00bfcon qu\u00e9?, es una iniciativa por parte de los estudiantes del Departamento de Literatura Comparada de la UPRRP y la Asociacion de Estudiantes de Literatura Comparada. La asociaci\u00f3n busca conectar sus intereses de la palabra escrita con los otros departamentos de la universidad y de la misma forma desarrollar un interes en el estudiantado para los estudios de Comparada. Nuestra misi\u00f3n y objetivo es promover el placer literario. Queremos derrumbar las barreras que hacen de la literatura comparada un programa destinado \u00fanicamente a sus estudiantes. Para comunicarse con la asociaci\u00f3n pueden darle \u00ablike\u00bb a la pagina en facebook: facebook.com\/comparadaconque o mediante el correo electr\u00f3nico comparadaconque@gmail.com.<\/p>\n<p>&nbsp;<\/p>\n<p>Para m\u00e1s informaci\u00f3n, favor visitar el siguiente enlace o al Departamento de la Organizaci\u00f3n.<\/p>\n<p><a href=\"http:\/\/humanidades.uprrp.edu\/asuntosestudiantiles\/?page_id=642\"><img decoding=\"async\" class=\"alignnone size-medium wp-image-296\" src=\"https:\/\/humanidades.uprrp.edu\/graduados\/wp-content\/uploads\/2015\/02\/cropped-header-asuntos-estudiantiles-0111-300x90.png\" alt=\"cropped-header-asuntos-estudiantiles-0111\" width=\"300\" height=\"90\" srcset=\"https:\/\/humanidades.uprrp.edu\/graduados\/wp-content\/uploads\/2015\/02\/cropped-header-asuntos-estudiantiles-0111-300x90.png 300w, https:\/\/humanidades.uprrp.edu\/graduados\/wp-content\/uploads\/2015\/02\/cropped-header-asuntos-estudiantiles-0111.png 625w\" sizes=\"(max-width: 300px) 100vw, 300px\" \/><\/a><\/p>\n","protected":false},"excerpt":{"rendered":"<p>Asociaci\u00f3n de Estudiantes de Bellas Artes aeba.upi@gmail.com &nbsp; Asociacion de Estudiantes de Estudios Hisp\u00e1nicos La AEEH se reune con el prop\u00f3sito de crear una comunidad intelectual a trav\u00e9s de la cual se vincule nuestro inter\u00e9s en com\u00fan sobre los estudios human\u00edsticos a la vez que colaboramos con el Departamento de &#8230;<\/p>\n","protected":false},"author":4,"featured_media":777,"parent":0,"menu_order":0,"comment_status":"closed","ping_status":"closed","template":"","meta":{"footnotes":"","_links_to":"","_links_to_target":""},"class_list":["post-203","page","type-page","status-publish","has-post-thumbnail","hentry","column","twocol","has-thumbnail"],"_links":{"self":[{"href":"https:\/\/humanidades.uprrp.edu\/graduados\/wp-json\/wp\/v2\/pages\/203","targetHints":{"allow":["GET"]}}],"collection":[{"href":"https:\/\/humanidades.uprrp.edu\/graduados\/wp-json\/wp\/v2\/pages"}],"about":[{"href":"https:\/\/humanidades.uprrp.edu\/graduados\/wp-json\/wp\/v2\/types\/page"}],"author":[{"embeddable":true,"href":"https:\/\/humanidades.uprrp.edu\/graduados\/wp-json\/wp\/v2\/users\/4"}],"replies":[{"embeddable":true,"href":"https:\/\/humanidades.uprrp.edu\/graduados\/wp-json\/wp\/v2\/comments?post=203"}],"version-history":[{"count":8,"href":"https:\/\/humanidades.uprrp.edu\/graduados\/wp-json\/wp\/v2\/pages\/203\/revisions"}],"predecessor-version":[{"id":1128,"href":"https:\/\/humanidades.uprrp.edu\/graduados\/wp-json\/wp\/v2\/pages\/203\/revisions\/1128"}],"wp:featuredmedia":[{"embeddable":true,"href":"https:\/\/humanidades.uprrp.edu\/graduados\/wp-json\/wp\/v2\/media\/777"}],"wp:attachment":[{"href":"https:\/\/humanidades.uprrp.edu\/graduados\/wp-json\/wp\/v2\/media?parent=203"}],"curies":[{"name":"wp","href":"https:\/\/api.w.org\/{rel}","templated":true}]}}