{"id":195,"date":"2015-02-24T15:48:04","date_gmt":"2015-02-24T15:48:04","guid":{"rendered":"https:\/\/humanidades.uprrp.edu\/graduados\/?page_id=195"},"modified":"2022-10-17T14:51:42","modified_gmt":"2022-10-17T18:51:42","slug":"servicios-de-apoyo-al-estudiante-2","status":"publish","type":"page","link":"https:\/\/humanidades.uprrp.edu\/graduados\/servicios-de-apoyo-al-estudiante-2\/","title":{"rendered":"Servicios de apoyo al estudiante"},"content":{"rendered":"<p><strong>Asesor\u00eda Acad\u00e9mica para los Estudiantes Graduados<\/strong><\/p>\n<p>El director o coordinador de cada programa graduado tiene como parte de sus encomiendas y responsabilidades nutrir de informaci\u00f3n relacionada a la matr\u00edcula de los cursos, internados, congresos y conferencias, talleres, y toda la informaci\u00f3n pertinente al crecimiento acad\u00e9mico y profesional del estudiantado.<\/p>\n<p>Resulta altamente recomendable que el estudiante obtenga una cita con el director o coordinador del programa graduado para una orientaci\u00f3n semestral.<\/p>\n<p><a href=\"https:\/\/humanidades.uprrp.edu\/graduados\/wp-content\/uploads\/2015\/02\/Line1.png\"><img decoding=\"async\" class=\"alignleft wp-image-945 size-full\" src=\"https:\/\/humanidades.uprrp.edu\/graduados\/wp-content\/uploads\/2015\/02\/Line1-e1517843559961.png\" alt=\"Line\" width=\"1000\" height=\"9\" \/><\/a><\/p>\n<p><strong>Decanato de Estudiantes<\/strong><\/p>\n<p>La misi\u00f3n del Decanato se fundamenta en apoyar al estudiante en la consecuci\u00f3n de su proyecto acad\u00e9mico-profesional y para esto requiere de un conjunto de servicios y apoyos que permitan no solo su integraci\u00f3n y adaptabilidad a la Instituci\u00f3n, pero adem\u00e1s, el desarrollo de un conjunto de competencias que contribuyan a su formaci\u00f3n como un ente social, feliz, adaptable y productivo.<\/p>\n<p><a href=\"https:\/\/humanidades.uprrp.edu\/graduados\/wp-content\/uploads\/2015\/11\/decanatobanner.png\"><img fetchpriority=\"high\" decoding=\"async\" class=\"alignleft wp-image-737 size-full\" src=\"https:\/\/humanidades.uprrp.edu\/graduados\/wp-content\/uploads\/2015\/11\/decanatobanner-e1517843582506.png\" alt=\"decanatobanner\" width=\"602\" height=\"182\" srcset=\"https:\/\/humanidades.uprrp.edu\/graduados\/wp-content\/uploads\/2015\/11\/decanatobanner-e1517843582506.png 602w, https:\/\/humanidades.uprrp.edu\/graduados\/wp-content\/uploads\/2015\/11\/decanatobanner-e1517843582506-300x91.png 300w, https:\/\/humanidades.uprrp.edu\/graduados\/wp-content\/uploads\/2015\/11\/decanatobanner-e1517843582506-332x100.png 332w\" sizes=\"(max-width: 602px) 100vw, 602px\" \/><\/a><\/p>\n<p>&nbsp;<\/p>\n<p>&nbsp;<\/p>\n<p>&nbsp;<\/p>\n<p>&nbsp;<\/p>\n<p><a href=\"https:\/\/humanidades.uprrp.edu\/graduados\/wp-content\/uploads\/2015\/02\/Line1.png\"><img decoding=\"async\" class=\"alignleft wp-image-945 size-full\" src=\"https:\/\/humanidades.uprrp.edu\/graduados\/wp-content\/uploads\/2015\/02\/Line1-e1517843600899.png\" alt=\"Line\" width=\"1000\" height=\"9\" \/><\/a><\/p>\n<p>&nbsp;<\/p>\n<p><a href=\"https:\/\/humanidades.uprrp.edu\/graduados\/wp-content\/uploads\/2015\/02\/Line1.png\"><img loading=\"lazy\" decoding=\"async\" class=\"alignleft wp-image-945 size-full\" src=\"https:\/\/humanidades.uprrp.edu\/graduados\/wp-content\/uploads\/2015\/02\/Line1-e1517843625672.png\" alt=\"Line\" width=\"1000\" height=\"9\" \/><\/a><\/p>\n<p><strong>Oficina de Asuntos para las Personas con Impedimento (OAPI)<\/strong><\/p>\n<p><a href=\"http:\/\/estudiantes.uprrp.edu\/?page_id=75\"><img loading=\"lazy\" decoding=\"async\" class=\" size-medium wp-image-153 alignleft\" src=\"https:\/\/humanidades.uprrp.edu\/graduados\/wp-content\/uploads\/2015\/01\/oapilogo-1024x630-300x185.jpg\" alt=\"oapilogo-1024x630\" width=\"300\" height=\"185\" srcset=\"https:\/\/humanidades.uprrp.edu\/graduados\/wp-content\/uploads\/2015\/01\/oapilogo-1024x630-300x185.jpg 300w, https:\/\/humanidades.uprrp.edu\/graduados\/wp-content\/uploads\/2015\/01\/oapilogo-1024x630.jpg 1024w\" sizes=\"(max-width: 300px) 100vw, 300px\" \/><\/a>Centro de Estudiantes, primer piso (OAPI); segundo piso (Procuradur\u00eda)<\/p>\n<p>787-764-0000, 86360 (OAPI)<\/p>\n<p>Correo electr\u00f3nico: oapi.rrp@upr.edu; procurador.rp@upr.edu<\/p>\n<p>Horario: 8:00am a 12:00md y de 1:00pm a 4:30pm<\/p>\n<p>Se atienden visitas por cita previa fuera de este horario de acuerdo a circunstancias particulares<\/p>\n<p>Disponibles para asesor\u00eda informal menor por v\u00eda electr\u00f3nica<\/p>\n<p><a href=\"https:\/\/humanidades.uprrp.edu\/graduados\/wp-content\/uploads\/2015\/02\/Line1.png\"><img loading=\"lazy\" decoding=\"async\" class=\"alignleft wp-image-945 size-full\" src=\"https:\/\/humanidades.uprrp.edu\/graduados\/wp-content\/uploads\/2015\/02\/Line1-e1517843645256.png\" alt=\"Line\" width=\"1000\" height=\"9\" \/><\/a><\/p>\n<p><strong>Oficina de la Procurador\u00eda Estudiantil<\/strong><\/p>\n<p><a href=\"http:\/\/procuraduria.uprrp.edu\/\"><img loading=\"lazy\" decoding=\"async\" class=\" wp-image-154 alignleft\" src=\"https:\/\/humanidades.uprrp.edu\/graduados\/wp-content\/uploads\/2015\/01\/PE_Logo_RGB-705x902_PE-234x300.jpg\" alt=\"PE_Logo_RGB-705x902_PE\" width=\"188\" height=\"241\" srcset=\"https:\/\/humanidades.uprrp.edu\/graduados\/wp-content\/uploads\/2015\/01\/PE_Logo_RGB-705x902_PE-234x300.jpg 234w, https:\/\/humanidades.uprrp.edu\/graduados\/wp-content\/uploads\/2015\/01\/PE_Logo_RGB-705x902_PE.jpg 705w\" sizes=\"(max-width: 188px) 100vw, 188px\" \/><\/a><\/p>\n<p>&nbsp;<\/p>\n<p>Centro de Estudiantes, 2do piso<br \/>\n(787) 764-0000, exts. 86600, 86603<\/p>\n<p>Correo electr\u00f3nico: procurador.rp@upr.edu<br \/>\nP\u00e1gina electr\u00f3nica: http:\/\/procuraduria.uprrp.edu<br \/>\nEstudiantes diurnos de 8:00am a 12:00md y de 1:00pm a 4:30pm<\/p>\n<p>&nbsp;<\/p>\n<p>Se reciben visitas en cualquier momento, pero es preferible coordinar una cita con anterioridad. Disponibles para asesor\u00eda informal, aunque muy limitada, por v\u00eda electr\u00f3nica siempre que no implique entrar en detalles que comprometan la confidencialidad.<\/p>\n<p><a href=\"https:\/\/humanidades.uprrp.edu\/graduados\/wp-content\/uploads\/2015\/02\/Line1.png\"><img loading=\"lazy\" decoding=\"async\" class=\"alignleft wp-image-945 size-full\" src=\"https:\/\/humanidades.uprrp.edu\/graduados\/wp-content\/uploads\/2015\/02\/Line1-e1517843664313.png\" alt=\"Line\" width=\"1000\" height=\"9\" \/><\/a><\/p>\n<p>&nbsp;<\/p>\n<p><img loading=\"lazy\" decoding=\"async\" class=\"alignleft size-medium wp-image-675\" src=\"https:\/\/humanidades.uprrp.edu\/graduados\/wp-content\/uploads\/2015\/02\/decode-300x169.png\" alt=\"decode\" width=\"300\" height=\"169\" \/><\/p>\n<p>El DCODE est\u00e1 adscrito al Decanato de Estudiantes de la Universidad de Puerto Rico.\u00a0Somos un equipo multidisciplinario de profesionales de ayuda con preparaci\u00f3n acad\u00e9mica especializada en Consejer\u00eda, Trabajo Social y Psicolog\u00eda y con licencias para ejercer nuestras respectivas profesiones en Puerto Rico.<\/p>\n<p>&nbsp;<\/p>\n<p><a href=\"https:\/\/humanidades.uprrp.edu\/graduados\/wp-content\/uploads\/2015\/02\/Line1.png\"><img loading=\"lazy\" decoding=\"async\" class=\"alignleft wp-image-945 size-full\" src=\"https:\/\/humanidades.uprrp.edu\/graduados\/wp-content\/uploads\/2015\/02\/Line1-e1517843687197.png\" alt=\"Line\" width=\"1000\" height=\"9\" \/><\/a><\/p>\n<p><a href=\"http:\/\/estudiantes.uprrp.edu\/?page_id=390\"><img loading=\"lazy\" decoding=\"async\" class=\"alignleft size-medium wp-image-679\" src=\"https:\/\/humanidades.uprrp.edu\/graduados\/wp-content\/uploads\/2015\/02\/serviciostecnicosbanner-300x91.jpg\" alt=\"serviciostecnicosbanner\" width=\"300\" height=\"91\" srcset=\"https:\/\/humanidades.uprrp.edu\/graduados\/wp-content\/uploads\/2015\/02\/serviciostecnicosbanner-300x91.jpg 300w, https:\/\/humanidades.uprrp.edu\/graduados\/wp-content\/uploads\/2015\/02\/serviciostecnicosbanner.jpg 602w\" sizes=\"(max-width: 300px) 100vw, 300px\" \/><\/a><\/p>\n<p>&nbsp;<\/p>\n<p>&nbsp;<\/p>\n<p>SERVICIOS DEL DECANATO ASUNTOS ESTUDIANTILES<\/p>\n<p>&nbsp;<\/p>\n","protected":false},"excerpt":{"rendered":"<p>Asesor\u00eda Acad\u00e9mica para los Estudiantes Graduados El director o coordinador de cada programa graduado tiene como parte de sus encomiendas y responsabilidades nutrir de informaci\u00f3n relacionada a la matr\u00edcula de los cursos, internados, congresos y conferencias, talleres, y toda la informaci\u00f3n pertinente al crecimiento acad\u00e9mico y profesional del estudiantado. Resulta &#8230;<\/p>\n","protected":false},"author":4,"featured_media":777,"parent":0,"menu_order":0,"comment_status":"closed","ping_status":"closed","template":"","meta":{"footnotes":"","_links_to":"","_links_to_target":""},"class_list":["post-195","page","type-page","status-publish","has-post-thumbnail","hentry","column","twocol","has-thumbnail"],"_links":{"self":[{"href":"https:\/\/humanidades.uprrp.edu\/graduados\/wp-json\/wp\/v2\/pages\/195","targetHints":{"allow":["GET"]}}],"collection":[{"href":"https:\/\/humanidades.uprrp.edu\/graduados\/wp-json\/wp\/v2\/pages"}],"about":[{"href":"https:\/\/humanidades.uprrp.edu\/graduados\/wp-json\/wp\/v2\/types\/page"}],"author":[{"embeddable":true,"href":"https:\/\/humanidades.uprrp.edu\/graduados\/wp-json\/wp\/v2\/users\/4"}],"replies":[{"embeddable":true,"href":"https:\/\/humanidades.uprrp.edu\/graduados\/wp-json\/wp\/v2\/comments?post=195"}],"version-history":[{"count":21,"href":"https:\/\/humanidades.uprrp.edu\/graduados\/wp-json\/wp\/v2\/pages\/195\/revisions"}],"predecessor-version":[{"id":1157,"href":"https:\/\/humanidades.uprrp.edu\/graduados\/wp-json\/wp\/v2\/pages\/195\/revisions\/1157"}],"wp:featuredmedia":[{"embeddable":true,"href":"https:\/\/humanidades.uprrp.edu\/graduados\/wp-json\/wp\/v2\/media\/777"}],"wp:attachment":[{"href":"https:\/\/humanidades.uprrp.edu\/graduados\/wp-json\/wp\/v2\/media?parent=195"}],"curies":[{"name":"wp","href":"https:\/\/api.w.org\/{rel}","templated":true}]}}