{"id":185,"date":"2015-02-24T15:38:49","date_gmt":"2015-02-24T15:38:49","guid":{"rendered":"https:\/\/humanidades.uprrp.edu\/graduados\/?page_id=185"},"modified":"2020-07-20T08:45:14","modified_gmt":"2020-07-20T12:45:14","slug":"certificados-profesionales-2","status":"publish","type":"page","link":"https:\/\/humanidades.uprrp.edu\/graduados\/certificados-profesionales-2\/","title":{"rendered":"Certificados Profesionales"},"content":{"rendered":"<p><strong>Certificado Posgrado de Ling\u00fc\u00edstica Aplicada<a href=\"https:\/\/linguisticauprrp.wordpress.com\/certificado-de-posgrado-en-linguistica-aplicada\/\"><img decoding=\"async\" class=\" size-full wp-image-381 alignright\" src=\"https:\/\/humanidades.uprrp.edu\/graduados\/wp-content\/uploads\/2015\/02\/cropped-index1.jpg\" alt=\"cropped-index\" width=\"120\" height=\"114\" \/><\/a><\/strong><\/p>\n<p><strong>Estructura del Certificado<\/strong><\/p>\n<p>El Certificado consiste en seis cursos medulares, es decir, 18 cr\u00e9ditos. El estudiante debe tener un promedio semestral no menor de 3.00 y se otorgar\u00e1 un m\u00e1ximo de tres a\u00f1os para la obtenci\u00f3n del Certificado.<\/p>\n<p>&nbsp;<\/p>\n<p><strong>Nuestros estudiantes<\/strong><br \/>\nEl Certificado va dirigido a maestros\/as de espa\u00f1ol, graduados\/as de cualquier universidad acreditada, a profesionales con un BA que deseen ampliar sus conocimientos ling\u00fc\u00edsticos en espa\u00f1ol: pat\u00f3logos\/as, periodistas. El objetivo es actualizar el conocimiento de la lengua mediante la descripci\u00f3n y el funcionamiento del sistema ling\u00fc\u00edstico, socioling\u00fc\u00edstico y pragm\u00e1tico.<\/p>\n<p>&nbsp;<\/p>\n<p>Para una descripci\u00f3n detallada del certificado, por favor visite:<\/p>\n<ul>\n<li>Nuestra p\u00e1gina en oficial en l\u00ednea:\u00a0<a href=\"http:\/\/graduados.uprrp.edu\/linguistica\/\">PGL<\/a>\u00a0y nuestra p\u00e1gina en <a href=\"https:\/\/linguisticauprrp.wordpress.com\/certificado-de-posgrado-en-linguistica-aplicada\/\">WordPress<\/a><\/li>\n<li><a href=\"http:\/\/graduados.uprrp.edu\/linguistica\/pdf\/Manual%20del%20estudiante%20PGL.pdf\">Manual del Estudiante del Programa Graduado (2011)<\/a><\/li>\n<li><a href=\"http:\/\/senado.uprrp.edu\/Certificaciones\/Cert2012-2013\/CSA-38-2012-2013.pdf\">Certificaci\u00f3n 38 del Senado Acad\u00e9mico (2012-2013)<\/a><\/li>\n<li>Reglamento de Estudios Graduados de Humanidades (marzo 206)<\/li>\n<\/ul>\n<p>Correo electr\u00f3nico del Programa:\u00a0pgl.rrp@upr.edu<\/p>\n","protected":false},"excerpt":{"rendered":"<p>Certificado Posgrado de Ling\u00fc\u00edstica Aplicada Estructura del Certificado El Certificado consiste en seis cursos medulares, es decir, 18 cr\u00e9ditos. El estudiante debe tener un promedio semestral no menor de 3.00 y se otorgar\u00e1 un m\u00e1ximo de tres a\u00f1os para la obtenci\u00f3n del Certificado. &nbsp; Nuestros estudiantes El Certificado va dirigido &#8230;<\/p>\n","protected":false},"author":4,"featured_media":728,"parent":0,"menu_order":0,"comment_status":"closed","ping_status":"closed","template":"","meta":{"footnotes":"","_links_to":"","_links_to_target":""},"class_list":["post-185","page","type-page","status-publish","has-post-thumbnail","hentry","column","twocol","has-thumbnail"],"_links":{"self":[{"href":"https:\/\/humanidades.uprrp.edu\/graduados\/wp-json\/wp\/v2\/pages\/185","targetHints":{"allow":["GET"]}}],"collection":[{"href":"https:\/\/humanidades.uprrp.edu\/graduados\/wp-json\/wp\/v2\/pages"}],"about":[{"href":"https:\/\/humanidades.uprrp.edu\/graduados\/wp-json\/wp\/v2\/types\/page"}],"author":[{"embeddable":true,"href":"https:\/\/humanidades.uprrp.edu\/graduados\/wp-json\/wp\/v2\/users\/4"}],"replies":[{"embeddable":true,"href":"https:\/\/humanidades.uprrp.edu\/graduados\/wp-json\/wp\/v2\/comments?post=185"}],"version-history":[{"count":10,"href":"https:\/\/humanidades.uprrp.edu\/graduados\/wp-json\/wp\/v2\/pages\/185\/revisions"}],"predecessor-version":[{"id":1155,"href":"https:\/\/humanidades.uprrp.edu\/graduados\/wp-json\/wp\/v2\/pages\/185\/revisions\/1155"}],"wp:featuredmedia":[{"embeddable":true,"href":"https:\/\/humanidades.uprrp.edu\/graduados\/wp-json\/wp\/v2\/media\/728"}],"wp:attachment":[{"href":"https:\/\/humanidades.uprrp.edu\/graduados\/wp-json\/wp\/v2\/media?parent=185"}],"curies":[{"name":"wp","href":"https:\/\/api.w.org\/{rel}","templated":true}]}}