{"id":163,"date":"2015-02-24T14:07:48","date_gmt":"2015-02-24T14:07:48","guid":{"rendered":"https:\/\/humanidades.uprrp.edu\/graduados\/?page_id=163"},"modified":"2018-02-05T11:09:30","modified_gmt":"2018-02-05T15:09:30","slug":"la-universidad-de-puerto-rico-2","status":"publish","type":"page","link":"https:\/\/humanidades.uprrp.edu\/graduados\/la-universidad-de-puerto-rico-2\/","title":{"rendered":"La Universidad de Puerto Rico"},"content":{"rendered":"<p>\u00bfPor qu\u00e9 estudiar en la Universidad de Puerto Rico?<\/p>\n<p><a href=\"http:\/\/www.uprrp.edu\/\"><img decoding=\"async\" class=\"wp-image-136 alignleft\" src=\"https:\/\/humanidades.uprrp.edu\/graduados\/wp-content\/uploads\/2015\/01\/logo_uprrp-300x283.png\" alt=\"logo_uprrp\" width=\"156\" height=\"154\" \/><\/a><\/p>\n<p style=\"text-align: justify;\">Porque somos una instituci\u00f3n universitaria de prestigio y reconocimiento nacional e internacional, gracias a la excelente ejecutoria acad\u00e9mica de nuestros profesores, investigadores y estudiantes. En el 2013, la Universidad de Puerto Rico se coloc\u00f3 en la posici\u00f3n n\u00famero 41 dentro de las Universidades Iberoamericanas seg\u00fan el Ranking de Shanghai Jiao Tong Academic Ranking of World Universities (ARWU). Mientras que el ranking de la compa\u00f1\u00eda brit\u00e1nica Quacquarelli Symonds, public\u00f3 en septiembre de 2014, que la Universidad de Puerto Rico se hab\u00eda establecido como la instituci\u00f3n n\u00famero 48 dentro de las universidades de Am\u00e9rica Latina y posici\u00f3n 800 en una escala de 3,000 universidades a escala mundial.<\/p>\n<p style=\"text-align: justify;\">Porque te ofrecemos una educaci\u00f3n de primera. La Universidad de Puerto Rico es un sistema universitario p\u00fablico y posee los costos de matr\u00edcula m\u00e1s econ\u00f3micos en Puerto Rico y Estados Unidos. La UPR est\u00e1 acreditada por la Middle States Association of Colleges and School, reconocimiento que integra a la UPR al sistema de universidades de Estados Unidos y facilita las transferencias y la admisi\u00f3n a estudios graduados.<\/p>\n<p style=\"text-align: justify;\">Porque como estudiante de la UPR tienes la oportunidad de integrarte a proyectos de investigaci\u00f3n y creaci\u00f3n en las ciencias, la tecnolog\u00eda, las humanidades y otras disciplinas profesionales.<\/p>\n<p style=\"text-align: justify;\">Porque ponemos a tu alcance, como apoyo a tus estudios, la tecnolog\u00eda de avanzada que requiere tu preparaci\u00f3n acad\u00e9mica, y estimulamos y facilitamos la participaci\u00f3n de nuestros estudiantes en experiencias internacionales mediante convenios de colaboraci\u00f3n con m\u00e1s de veinte universidades espa\u00f1olas e intercambios con m\u00e1s de cien universidades de pa\u00edses europeos, latinoamericanos y de Estados Unidos.<\/p>\n<p style=\"text-align: justify;\">\n","protected":false},"excerpt":{"rendered":"<p>\u00bfPor qu\u00e9 estudiar en la Universidad de Puerto Rico? Porque somos una instituci\u00f3n universitaria de prestigio y reconocimiento nacional e internacional, gracias a la excelente ejecutoria acad\u00e9mica de nuestros profesores, investigadores y estudiantes. En el 2013, la Universidad de Puerto Rico se coloc\u00f3 en la posici\u00f3n n\u00famero 41 dentro de &#8230;<\/p>\n","protected":false},"author":4,"featured_media":673,"parent":0,"menu_order":0,"comment_status":"closed","ping_status":"closed","template":"","meta":{"footnotes":"","_links_to":"","_links_to_target":""},"class_list":["post-163","page","type-page","status-publish","has-post-thumbnail","hentry","column","twocol","has-thumbnail"],"_links":{"self":[{"href":"https:\/\/humanidades.uprrp.edu\/graduados\/wp-json\/wp\/v2\/pages\/163","targetHints":{"allow":["GET"]}}],"collection":[{"href":"https:\/\/humanidades.uprrp.edu\/graduados\/wp-json\/wp\/v2\/pages"}],"about":[{"href":"https:\/\/humanidades.uprrp.edu\/graduados\/wp-json\/wp\/v2\/types\/page"}],"author":[{"embeddable":true,"href":"https:\/\/humanidades.uprrp.edu\/graduados\/wp-json\/wp\/v2\/users\/4"}],"replies":[{"embeddable":true,"href":"https:\/\/humanidades.uprrp.edu\/graduados\/wp-json\/wp\/v2\/comments?post=163"}],"version-history":[{"count":4,"href":"https:\/\/humanidades.uprrp.edu\/graduados\/wp-json\/wp\/v2\/pages\/163\/revisions"}],"predecessor-version":[{"id":1126,"href":"https:\/\/humanidades.uprrp.edu\/graduados\/wp-json\/wp\/v2\/pages\/163\/revisions\/1126"}],"wp:featuredmedia":[{"embeddable":true,"href":"https:\/\/humanidades.uprrp.edu\/graduados\/wp-json\/wp\/v2\/media\/673"}],"wp:attachment":[{"href":"https:\/\/humanidades.uprrp.edu\/graduados\/wp-json\/wp\/v2\/media?parent=163"}],"curies":[{"name":"wp","href":"https:\/\/api.w.org\/{rel}","templated":true}]}}