{"id":1138,"date":"2018-02-05T16:07:09","date_gmt":"2018-02-05T20:07:09","guid":{"rendered":"https:\/\/humanidades.uprrp.edu\/graduados\/?page_id=1138"},"modified":"2026-01-28T15:35:23","modified_gmt":"2026-01-28T19:35:23","slug":"programas-graduados-de-la-facultad-de-humanidades","status":"publish","type":"page","link":"https:\/\/humanidades.uprrp.edu\/graduados\/","title":{"rendered":"Programas graduados de la Facultad de Humanidades"},"content":{"rendered":"\t\t<div data-elementor-type=\"wp-page\" data-elementor-id=\"1138\" class=\"elementor elementor-1138\">\n\t\t\t\t<div class=\"elementor-element elementor-element-e8a4a08 e-flex e-con-boxed e-con e-parent\" data-id=\"e8a4a08\" data-element_type=\"container\" data-e-type=\"container\">\n\t\t\t\t\t<div class=\"e-con-inner\">\n\t\t\t\t<div class=\"elementor-element elementor-element-25288edc elementor-widget elementor-widget-text-editor\" data-id=\"25288edc\" data-element_type=\"widget\" data-e-type=\"widget\" data-widget_type=\"text-editor.default\">\n\t\t\t\t\t\t\t\t\t<p style=\"text-align: justify;\">Propician la formaci\u00f3n de estudiosos y profesionales comprometidos con los retos de la sociedad puertorrique\u00f1a, caribe\u00f1a y latinoamericana, en un contexto amplio que toma en cuenta las dimensiones cambiantes del mundo global.<\/p><p style=\"text-align: justify;\">Promueven el cultivo de los saberes human\u00edsticos mediante el estudio riguroso y profundo, la investigaci\u00f3n intensiva, el an\u00e1lisis cr\u00edtico independiente y la creaci\u00f3n. Ofrecen un ambiente formativo diverso, abierto a la libre discusi\u00f3n de ideas y a la educaci\u00f3n integral del estudiantado, tanto en su dimensi\u00f3n individual como social.<\/p><p style=\"text-align: justify;\">Est\u00e1n comprometidos con los estudios graduados de la m\u00e1s alta calidad, as\u00ed como con la docencia y la investigaci\u00f3n creadoras.<\/p>\t\t\t\t\t\t\t\t<\/div>\n\t\t\t\t\t<\/div>\n\t\t\t\t<\/div>\n\t\t<div class=\"elementor-element elementor-element-8cfb541 e-flex e-con-boxed e-con e-parent\" data-id=\"8cfb541\" data-element_type=\"container\" data-e-type=\"container\">\n\t\t\t\t\t<div class=\"e-con-inner\">\n\t\t<div class=\"elementor-element elementor-element-65626e1 e-con-full e-flex e-con e-child\" data-id=\"65626e1\" data-element_type=\"container\" data-e-type=\"container\">\n\t\t\t\t<div class=\"elementor-element elementor-element-83d168d elementor-widget elementor-widget-image\" data-id=\"83d168d\" data-element_type=\"widget\" data-e-type=\"widget\" data-widget_type=\"image.default\">\n\t\t\t\t\t\t\t\t\t\t\t\t\t\t\t<img fetchpriority=\"high\" decoding=\"async\" width=\"660\" height=\"371\" src=\"https:\/\/humanidades.uprrp.edu\/graduados\/wp-content\/uploads\/2026\/01\/grado-combinado-imagen-1024x576.png\" class=\"attachment-large size-large wp-image-1212\" alt=\"\" srcset=\"https:\/\/humanidades.uprrp.edu\/graduados\/wp-content\/uploads\/2026\/01\/grado-combinado-imagen-1024x576.png 1024w, https:\/\/humanidades.uprrp.edu\/graduados\/wp-content\/uploads\/2026\/01\/grado-combinado-imagen-300x169.png 300w, https:\/\/humanidades.uprrp.edu\/graduados\/wp-content\/uploads\/2026\/01\/grado-combinado-imagen-768x432.png 768w, https:\/\/humanidades.uprrp.edu\/graduados\/wp-content\/uploads\/2026\/01\/grado-combinado-imagen-700x393.png 700w, https:\/\/humanidades.uprrp.edu\/graduados\/wp-content\/uploads\/2026\/01\/grado-combinado-imagen-332x187.png 332w, https:\/\/humanidades.uprrp.edu\/graduados\/wp-content\/uploads\/2026\/01\/grado-combinado-imagen.png 1280w\" sizes=\"(max-width: 660px) 100vw, 660px\" \/>\t\t\t\t\t\t\t\t\t\t\t\t\t\t\t<\/div>\n\t\t\t\t<div class=\"elementor-element elementor-element-684efc4 elementor-widget elementor-widget-text-editor\" data-id=\"684efc4\" data-element_type=\"widget\" data-e-type=\"widget\" data-widget_type=\"text-editor.default\">\n\t\t\t\t\t\t\t\t\t<h4 class=\"wp-block-heading\"><strong>Grados combinados (Ruta Acelerada)<\/strong><\/h4><ul><li style=\"list-style-type: none;\"><ul class=\"wp-block-list\"><li><a href=\"https:\/\/humanidades.uprrp.edu\/filosofia\/?page_id=1008\">Bachillerato y Maestr\u00eda en Filosof\u00eda<\/a><\/li><li><a href=\"https:\/\/humanidades.uprrp.edu\/literaturacomparada\/programa-combinado-ba-y-ma\/\">Bachillerato y Maestr\u00eda en Literatura Comparada<\/a><\/li><li><a href=\"https:\/\/humanidades.uprrp.edu\/estudioshispanicos\/wp-content\/uploads\/2026\/01\/Manual-de-estudiante-revisado-21-enero-2026.pdf\">Bachillerato y Maestr\u00eda-Doctorado en Estudios Hisp\u00e1nicos<\/a><\/li><\/ul><\/li><\/ul>\t\t\t\t\t\t\t\t<\/div>\n\t\t\t\t<\/div>\n\t\t<div class=\"elementor-element elementor-element-8d0be4c e-con-full e-flex e-con e-child\" data-id=\"8d0be4c\" data-element_type=\"container\" data-e-type=\"container\">\n\t\t\t\t<div class=\"elementor-element elementor-element-5ebe234 elementor-widget elementor-widget-text-editor\" data-id=\"5ebe234\" data-element_type=\"widget\" data-e-type=\"widget\" data-widget_type=\"text-editor.default\">\n\t\t\t\t\t\t\t\t\t<h4 class=\"wp-block-heading\"><a href=\"http:\/\/humanidades.uprrp.edu\/graduados\/?page_id=191\"><strong>Programas de Maestr\u00eda<\/strong><\/a><\/h4><ul class=\"wp-block-list\"><li>Maestr\u00eda en Estudios Hisp\u00e1nicos<\/li><li>Maestr\u00eda en Filosof\u00eda<\/li><li>Maestr\u00eda en Gesti\u00f3n y Administraci\u00f3n Cultural<\/li><li>Maestr\u00eda en Historia<\/li><li>Maestr\u00eda en Ingl\u00e9s<\/li><li>Maestr\u00eda en Ling\u00fc\u00edstica<\/li><li>Maestr\u00eda en Literatura Comparada<\/li><li>Maestr\u00eda en Traducci\u00f3n<\/li><\/ul><h4 class=\"wp-block-heading\"><a href=\"http:\/\/humanidades.uprrp.edu\/graduados\/?page_id=168\"><strong>Programas Doctorales<\/strong><\/a><\/h4><ul class=\"wp-block-list\"><li>Doctorado en Filosof\u00eda y Letras\u00a0en\u00a0Estudios Hisp\u00e1nicos<\/li><li>Doctorado en Filosof\u00eda y Letras\u00a0en\u00a0Historia<\/li><li>Doctorado en Filosof\u00eda y Letras\u00a0en\u00a0Ingl\u00e9s<\/li><\/ul><div class=\"clear\">\u00a0<\/div>\t\t\t\t\t\t\t\t<\/div>\n\t\t\t\t<\/div>\n\t\t\t\t\t<\/div>\n\t\t\t\t<\/div>\n\t\t<div class=\"elementor-element elementor-element-cebbe65 e-flex e-con-boxed e-con e-parent\" data-id=\"cebbe65\" data-element_type=\"container\" data-e-type=\"container\">\n\t\t\t\t\t<div class=\"e-con-inner\">\n\t\t\t\t\t<\/div>\n\t\t\t\t<\/div>\n\t\t\t\t<\/div>\n\t\t","protected":false},"excerpt":{"rendered":"<p>Propician la formaci\u00f3n de estudiosos y profesionales comprometidos con los retos de la sociedad puertorrique\u00f1a, caribe\u00f1a y latinoamericana, en un contexto amplio que toma en cuenta las dimensiones cambiantes del mundo global. Promueven el cultivo de los saberes human\u00edsticos mediante el estudio riguroso y profundo, la investigaci\u00f3n intensiva, el an\u00e1lisis &#8230;<\/p>\n","protected":false},"author":4,"featured_media":0,"parent":0,"menu_order":0,"comment_status":"closed","ping_status":"closed","template":"template-full-width.php","meta":{"footnotes":"","_links_to":"","_links_to_target":""},"class_list":["post-1138","page","type-page","status-publish","hentry","column","twocol"],"_links":{"self":[{"href":"https:\/\/humanidades.uprrp.edu\/graduados\/wp-json\/wp\/v2\/pages\/1138","targetHints":{"allow":["GET"]}}],"collection":[{"href":"https:\/\/humanidades.uprrp.edu\/graduados\/wp-json\/wp\/v2\/pages"}],"about":[{"href":"https:\/\/humanidades.uprrp.edu\/graduados\/wp-json\/wp\/v2\/types\/page"}],"author":[{"embeddable":true,"href":"https:\/\/humanidades.uprrp.edu\/graduados\/wp-json\/wp\/v2\/users\/4"}],"replies":[{"embeddable":true,"href":"https:\/\/humanidades.uprrp.edu\/graduados\/wp-json\/wp\/v2\/comments?post=1138"}],"version-history":[{"count":15,"href":"https:\/\/humanidades.uprrp.edu\/graduados\/wp-json\/wp\/v2\/pages\/1138\/revisions"}],"predecessor-version":[{"id":1229,"href":"https:\/\/humanidades.uprrp.edu\/graduados\/wp-json\/wp\/v2\/pages\/1138\/revisions\/1229"}],"wp:attachment":[{"href":"https:\/\/humanidades.uprrp.edu\/graduados\/wp-json\/wp\/v2\/media?parent=1138"}],"curies":[{"name":"wp","href":"https:\/\/api.w.org\/{rel}","templated":true}]}}