{"id":857,"date":"2021-06-29T11:52:33","date_gmt":"2021-06-29T15:52:33","guid":{"rendered":"https:\/\/humanidades.uprrp.edu\/filosofia\/?page_id=857"},"modified":"2021-06-29T11:52:33","modified_gmt":"2021-06-29T15:52:33","slug":"ciclo-de-conferencias","status":"publish","type":"page","link":"https:\/\/humanidades.uprrp.edu\/filosofia\/?page_id=857","title":{"rendered":"Ciclo de conferencias"},"content":{"rendered":"<p style=\"text-align: justify;\"><a href=\"https:\/\/humanidades.uprrp.edu\/filosofia\/wp-content\/uploads\/2021\/06\/IMG_Conferencia-Dennis-Alicea_Seminario-e1624981923627.jpg\"><img fetchpriority=\"high\" decoding=\"async\" class=\"alignleft size-medium wp-image-858\" src=\"https:\/\/humanidades.uprrp.edu\/filosofia\/wp-content\/uploads\/2021\/06\/IMG_Conferencia-Dennis-Alicea_Seminario-e1624981923627-300x225.jpg\" alt=\"\" width=\"300\" height=\"225\" srcset=\"https:\/\/humanidades.uprrp.edu\/filosofia\/wp-content\/uploads\/2021\/06\/IMG_Conferencia-Dennis-Alicea_Seminario-e1624981923627-300x225.jpg 300w, https:\/\/humanidades.uprrp.edu\/filosofia\/wp-content\/uploads\/2021\/06\/IMG_Conferencia-Dennis-Alicea_Seminario-e1624981923627-768x576.jpg 768w, https:\/\/humanidades.uprrp.edu\/filosofia\/wp-content\/uploads\/2021\/06\/IMG_Conferencia-Dennis-Alicea_Seminario-e1624981923627-1024x768.jpg 1024w, https:\/\/humanidades.uprrp.edu\/filosofia\/wp-content\/uploads\/2021\/06\/IMG_Conferencia-Dennis-Alicea_Seminario-e1624981923627-700x525.jpg 700w, https:\/\/humanidades.uprrp.edu\/filosofia\/wp-content\/uploads\/2021\/06\/IMG_Conferencia-Dennis-Alicea_Seminario-e1624981923627-332x249.jpg 332w\" sizes=\"(max-width: 300px) 100vw, 300px\" \/><\/a>El Ciclo de Conferencias, en el Seminario Ludwig Shajowicz, se realiza cada a\u00f1o acad\u00e9mico con la participaci\u00f3n de al menos ocho ponentes, entre los que se encuentran estudiantes graduados, profesores e invitados internacionales. Son precisamente los estudiantes graduados y subgraduados los que colaboran con la organizan de esta actividad, por esa inquietud precoz para la especializaci\u00f3n que no se da en menoscabo de las oportunidades interdisciplinarias. Todos los semestres, entre los invitados al Ciclo de Conferencias se encuentran especialistas de otras ramas del saber. El ciclo de conferencias es uno de los espacios abiertos a la comunidad acad\u00e9mica donde se propicia m\u00e1s claramente los intercambios entre la filosof\u00eda y otras ramas del saber. Adem\u00e1s del Ciclo de Conferencias, realizamos otras actividades con estudiantes de otras escuelas y programas.\u00a0Por ejemplo, el Seminario Graduado de Investigaci\u00f3n, las Jornadas Filos\u00f3ficas, la Celebraci\u00f3n del D\u00eda Mundial de la Filosof\u00eda, entre otras.<\/p>\n","protected":false},"excerpt":{"rendered":"<p>El Ciclo de Conferencias, en el Seminario Ludwig Shajowicz, se realiza cada a\u00f1o acad\u00e9mico con la participaci\u00f3n de al menos ocho ponentes, entre los que se encuentran estudiantes graduados, profesores e invitados internacionales. Son precisamente los estudiantes graduados y subgraduados los que colaboran con la organizan de esta actividad, por &#8230;<\/p>\n","protected":false},"author":7,"featured_media":0,"parent":0,"menu_order":0,"comment_status":"closed","ping_status":"closed","template":"","meta":{"footnotes":""},"class_list":["post-857","page","type-page","status-publish","hentry","column","twocol"],"_links":{"self":[{"href":"https:\/\/humanidades.uprrp.edu\/filosofia\/index.php?rest_route=\/wp\/v2\/pages\/857","targetHints":{"allow":["GET"]}}],"collection":[{"href":"https:\/\/humanidades.uprrp.edu\/filosofia\/index.php?rest_route=\/wp\/v2\/pages"}],"about":[{"href":"https:\/\/humanidades.uprrp.edu\/filosofia\/index.php?rest_route=\/wp\/v2\/types\/page"}],"author":[{"embeddable":true,"href":"https:\/\/humanidades.uprrp.edu\/filosofia\/index.php?rest_route=\/wp\/v2\/users\/7"}],"replies":[{"embeddable":true,"href":"https:\/\/humanidades.uprrp.edu\/filosofia\/index.php?rest_route=%2Fwp%2Fv2%2Fcomments&post=857"}],"version-history":[{"count":1,"href":"https:\/\/humanidades.uprrp.edu\/filosofia\/index.php?rest_route=\/wp\/v2\/pages\/857\/revisions"}],"predecessor-version":[{"id":859,"href":"https:\/\/humanidades.uprrp.edu\/filosofia\/index.php?rest_route=\/wp\/v2\/pages\/857\/revisions\/859"}],"wp:attachment":[{"href":"https:\/\/humanidades.uprrp.edu\/filosofia\/index.php?rest_route=%2Fwp%2Fv2%2Fmedia&parent=857"}],"curies":[{"name":"wp","href":"https:\/\/api.w.org\/{rel}","templated":true}]}}