{"id":628,"date":"2015-03-20T14:43:30","date_gmt":"2015-03-20T18:43:30","guid":{"rendered":"https:\/\/humanidades.uprrp.edu\/filosofia\/?page_id=628"},"modified":"2021-03-30T15:35:51","modified_gmt":"2021-03-30T19:35:51","slug":"dialogos-ano-xliv-numero-93-enero-2012","status":"publish","type":"page","link":"https:\/\/humanidades.uprrp.edu\/filosofia\/?page_id=628","title":{"rendered":"Di\u00e1logos     A\u00f1o XLIV     N\u00famero 93    enero, 2012"},"content":{"rendered":"<table style=\"width: 447px;\" border=\"1\" cellspacing=\"0\" cellpadding=\"0\">\n<tbody>\n<tr>\n<td valign=\"top\" width=\"152\">Art\u00edculo<\/td>\n<td valign=\"top\" width=\"153\">Autor<\/td>\n<td valign=\"top\" width=\"141\">P\u00e1ginas<\/td>\n<\/tr>\n<tr>\n<td valign=\"top\" width=\"152\">Semblanza de \u00c1lvaro L\u00f3pez Fern\u00e1ndez<i> <\/i><\/td>\n<td valign=\"top\" width=\"153\">Miguel A. Bad\u00eda Cabrera<\/td>\n<td valign=\"top\" width=\"141\">pp. 9-12<\/td>\n<\/tr>\n<tr>\n<td valign=\"top\" width=\"152\">\u00c1lvaro L\u00f3pez Fern\u00e1ndez: Sobre la raz\u00f3n pr\u00e1ctica<\/td>\n<td valign=\"top\" width=\"153\">Carlos Rojas Osorio<\/td>\n<td valign=\"top\" width=\"141\">pp. 13-31<\/td>\n<\/tr>\n<tr>\n<td valign=\"top\" width=\"152\">Troubles with direct reference<\/td>\n<td valign=\"top\" width=\"153\">Pierre Baumann<\/td>\n<td valign=\"top\" width=\"141\">pp. 33-51<\/td>\n<\/tr>\n<tr>\n<td valign=\"top\" width=\"152\">Analog\u00eda como instrumento de investigaci\u00f3n<\/td>\n<td valign=\"top\" width=\"153\">Carla Cordua<\/td>\n<td valign=\"top\" width=\"141\">pp. 53-68<\/td>\n<\/tr>\n<tr>\n<td valign=\"top\" width=\"152\">Kant y Hegel sobre el saber de la filosof\u00eda frente a la explicaci\u00f3n cient\u00edfica tradicional<\/td>\n<td valign=\"top\" width=\"153\">Eliseo Cruz Vergara<\/td>\n<td valign=\"top\" width=\"141\">pp.69-90<\/td>\n<\/tr>\n<tr>\n<td valign=\"top\" width=\"152\">Nature and art\u00edfice in Hume\u2019s moral philosophy<\/td>\n<td valign=\"top\" width=\"153\">Livia Guimaraes<\/td>\n<td valign=\"top\" width=\"141\">pp. 91-108<\/td>\n<\/tr>\n<tr>\n<td valign=\"top\" width=\"152\">Plat\u00f3n, fil\u00f3sofo de la <i>M\u00e9tis<\/i><\/td>\n<td valign=\"top\" width=\"153\">\u00c9tinne Helmer<\/td>\n<td valign=\"top\" width=\"141\">pp. 109-118<\/td>\n<\/tr>\n<tr>\n<td valign=\"top\" width=\"152\">Idealismo trascendental y condiciones de posibilidad de la experiencia: algunas objeciones a la interpretaci\u00f3n de Kenneth Westphal del concepto Kantiano de \u201cAfinidad\u201d<\/td>\n<td valign=\"top\" width=\"153\">Claudia J\u00e1uregui<\/td>\n<td valign=\"top\" width=\"141\">pp. 119-139<\/td>\n<\/tr>\n<tr>\n<td valign=\"top\" width=\"152\">Berkeley y su inmaterialismo ontol\u00f3gico: elementos b\u00e1sicos<\/td>\n<td valign=\"top\" width=\"153\">Andr\u00e9s Lema- Hincapi\u00e9<\/td>\n<td valign=\"top\" width=\"141\">pp. 141-165<\/td>\n<\/tr>\n<tr>\n<td valign=\"top\" width=\"152\">Phenomenology as first philosophy: A prehistory<\/td>\n<td valign=\"top\" width=\"153\">Sebastian Luft<\/td>\n<td valign=\"top\" width=\"141\">pp. 167-188<\/td>\n<\/tr>\n<tr>\n<td valign=\"top\" width=\"152\">El transformismo de Lamarck y sus adversarios<\/td>\n<td valign=\"top\" width=\"153\">Roberto Torretti<\/td>\n<td valign=\"top\" width=\"141\">pp. 189-244<\/td>\n<\/tr>\n<tr>\n<td valign=\"top\" width=\"152\">Concerning that reason in hume\u2019s philosophy that is neither deductive nor inductive<\/td>\n<td valign=\"top\" width=\"153\">Stanley Tweyman<\/td>\n<td valign=\"top\" width=\"141\">pp. 245-261<\/td>\n<\/tr>\n<tr>\n<td valign=\"top\" width=\"152\">Robert Wallae y David Hume: La \u201cReligion verdadera\u201d, \u00bf Adversaria o promotora de la ignorancia y la oprecion?<\/td>\n<td valign=\"top\" width=\"153\">Miguel A. Bad\u00eda Cabrera<\/td>\n<td valign=\"top\" width=\"141\">pp. 263-299<\/td>\n<\/tr>\n<tr>\n<td valign=\"top\" width=\"152\">La concordancia semi\u00f3tica como criterio para la interpretaci\u00f3n de la historia de la matem\u00e1tica: Algunos ejemplos<\/td>\n<td valign=\"top\" width=\"153\">Omar Hern\u00e1ndez Rodr\u00edguezJorge M. L\u00f3pez Fern\u00e1ndez<\/td>\n<td valign=\"top\" width=\"141\">pp. 301-314<\/td>\n<\/tr>\n<tr>\n<td valign=\"top\" width=\"152\">Res\u00famenes sometidos de los trabajos publicados<\/td>\n<td valign=\"top\" width=\"153\"><\/td>\n<td valign=\"top\" width=\"141\">pp. 315-321<\/td>\n<\/tr>\n<tr>\n<td valign=\"top\" width=\"152\">Algunos Hitos de la obra de \u00c1lvaro L\u00f3pez Fern\u00e1ndez (1944-2010)<\/td>\n<td valign=\"top\" width=\"153\"><\/td>\n<td valign=\"top\" width=\"141\">pp. 323-326<\/td>\n<\/tr>\n<\/tbody>\n<\/table>\n","protected":false},"excerpt":{"rendered":"<p>Art\u00edculo Autor P\u00e1ginas Semblanza de \u00c1lvaro L\u00f3pez Fern\u00e1ndez Miguel A. Bad\u00eda Cabrera pp. 9-12 \u00c1lvaro L\u00f3pez Fern\u00e1ndez: Sobre la raz\u00f3n pr\u00e1ctica Carlos Rojas Osorio pp. 13-31 Troubles with direct reference Pierre Baumann pp. 33-51 Analog\u00eda como instrumento de investigaci\u00f3n Carla Cordua pp. 53-68 Kant y Hegel sobre el saber de &#8230;<\/p>\n","protected":false},"author":7,"featured_media":0,"parent":0,"menu_order":0,"comment_status":"closed","ping_status":"closed","template":"","meta":{"footnotes":""},"class_list":["post-628","page","type-page","status-publish","hentry","column","twocol"],"_links":{"self":[{"href":"https:\/\/humanidades.uprrp.edu\/filosofia\/index.php?rest_route=\/wp\/v2\/pages\/628","targetHints":{"allow":["GET"]}}],"collection":[{"href":"https:\/\/humanidades.uprrp.edu\/filosofia\/index.php?rest_route=\/wp\/v2\/pages"}],"about":[{"href":"https:\/\/humanidades.uprrp.edu\/filosofia\/index.php?rest_route=\/wp\/v2\/types\/page"}],"author":[{"embeddable":true,"href":"https:\/\/humanidades.uprrp.edu\/filosofia\/index.php?rest_route=\/wp\/v2\/users\/7"}],"replies":[{"embeddable":true,"href":"https:\/\/humanidades.uprrp.edu\/filosofia\/index.php?rest_route=%2Fwp%2Fv2%2Fcomments&post=628"}],"version-history":[{"count":4,"href":"https:\/\/humanidades.uprrp.edu\/filosofia\/index.php?rest_route=\/wp\/v2\/pages\/628\/revisions"}],"predecessor-version":[{"id":804,"href":"https:\/\/humanidades.uprrp.edu\/filosofia\/index.php?rest_route=\/wp\/v2\/pages\/628\/revisions\/804"}],"wp:attachment":[{"href":"https:\/\/humanidades.uprrp.edu\/filosofia\/index.php?rest_route=%2Fwp%2Fv2%2Fmedia&parent=628"}],"curies":[{"name":"wp","href":"https:\/\/api.w.org\/{rel}","templated":true}]}}