{"id":619,"date":"2015-03-20T14:38:06","date_gmt":"2015-03-20T18:38:06","guid":{"rendered":"https:\/\/humanidades.uprrp.edu\/filosofia\/?page_id=619"},"modified":"2021-03-30T15:34:11","modified_gmt":"2021-03-30T19:34:11","slug":"dialogos-ano-xli-numero-87-enero-2006","status":"publish","type":"page","link":"https:\/\/humanidades.uprrp.edu\/filosofia\/?page_id=619","title":{"rendered":"Di\u00e1logos     A\u00f1o XLI     N\u00famero 87    enero, 2006"},"content":{"rendered":"<table style=\"width: 392px;\" border=\"1\" cellspacing=\"0\" cellpadding=\"0\">\n<tbody>\n<tr>\n<td valign=\"top\" width=\"152\">Art\u00edculo<\/td>\n<td valign=\"top\" width=\"153\">Autor<\/td>\n<td valign=\"top\" width=\"87\">P\u00e1ginas<\/td>\n<\/tr>\n<tr>\n<td valign=\"top\" width=\"152\">Esteban Tollinchi y el virus de la asociaci\u00f3n<\/td>\n<td valign=\"top\" width=\"153\">Rub\u00e9n R\u00edos \u00c1vila<\/td>\n<td valign=\"top\" width=\"87\">pp. 9-12<\/td>\n<\/tr>\n<tr>\n<td valign=\"top\" width=\"152\">El \u201cacaso\u201d del fil\u00f3sofo es culpa de la belleza<\/td>\n<td valign=\"top\" width=\"153\">\u00c1urea Mar\u00eda Sotomayor<\/td>\n<td valign=\"top\" width=\"87\">pp. 13-20<\/td>\n<\/tr>\n<tr>\n<td valign=\"top\" width=\"152\">El gusanillo de la realidad en el Quijote<\/td>\n<td valign=\"top\" width=\"153\">Esteban Tollinchi<\/td>\n<td valign=\"top\" width=\"87\">pp. 21-30<\/td>\n<\/tr>\n<tr>\n<td valign=\"top\" width=\"152\">La fundamentaci\u00f3n filos\u00f3fica del yo y el individuo<\/td>\n<td valign=\"top\" width=\"153\">Esteban Tollinchi<\/td>\n<td valign=\"top\" width=\"87\">pp. 31-57<\/td>\n<\/tr>\n<tr>\n<td valign=\"top\" width=\"152\">Sancho Panza y la objetividad del juicio moral en hume<\/td>\n<td valign=\"top\" width=\"153\">Miguel A. Bad\u00eda Cabrera<\/td>\n<td valign=\"top\" width=\"87\">pp. 59-97<\/p>\n<p>&nbsp;<\/td>\n<\/tr>\n<tr>\n<td valign=\"top\" width=\"152\">Circunstancias morales: Tolerar y aceptar<\/td>\n<td valign=\"top\" width=\"153\">Caral Cordua<\/td>\n<td valign=\"top\" width=\"87\">pp. 99-105<\/td>\n<\/tr>\n<tr>\n<td valign=\"top\" width=\"152\">Sobre la esencia de la filosof\u00eda<\/td>\n<td valign=\"top\" width=\"153\">Eliseo Cruz Vergara<\/td>\n<td valign=\"top\" width=\"87\">pp. 107-141<\/td>\n<\/tr>\n<tr>\n<td valign=\"top\" width=\"152\">El momento-milagro de Friedrich Schiller<\/td>\n<td valign=\"top\" width=\"153\">Manfred Kerkhoff<\/td>\n<td valign=\"top\" width=\"87\">pp. 143- 156<\/td>\n<\/tr>\n<tr>\n<td valign=\"top\" width=\"152\">Discurso moral y justificaci\u00f3n transcendental en Kant<\/td>\n<td valign=\"top\" width=\"153\">A la memoria de Esteban Tollinchi<\/td>\n<td valign=\"top\" width=\"87\">pp. 157- 195<\/td>\n<\/tr>\n<tr>\n<td valign=\"top\" width=\"152\">Language and transformation in Heidegger\u2019s Beitrage Zur philosophie ( Vom Ereignis) and Wittgenstein\u2019s philosophiche untersuchungen<\/td>\n<td valign=\"top\" width=\"153\">Wanda Torres Gregory<\/td>\n<td valign=\"top\" width=\"87\">pp. 197-215<\/td>\n<\/tr>\n<tr>\n<td valign=\"top\" width=\"152\">Casualidad, intervenci\u00f3n y determinismo<\/td>\n<td valign=\"top\" width=\"153\">Robert Torreti<\/td>\n<td valign=\"top\" width=\"87\">pp. 217-222<\/td>\n<\/tr>\n<tr>\n<td valign=\"top\" width=\"152\">Una aproximaci\u00f3n a la bibliograf\u00eda de Esteban Tollinchi (1932-2005)<\/td>\n<td valign=\"top\" width=\"153\">Miguel \u00c1ngel N\u00e1ter<\/td>\n<td valign=\"top\" width=\"87\">pp. 225-230<\/td>\n<\/tr>\n<\/tbody>\n<\/table>\n","protected":false},"excerpt":{"rendered":"<p>Art\u00edculo Autor P\u00e1ginas Esteban Tollinchi y el virus de la asociaci\u00f3n Rub\u00e9n R\u00edos \u00c1vila pp. 9-12 El \u201cacaso\u201d del fil\u00f3sofo es culpa de la belleza \u00c1urea Mar\u00eda Sotomayor pp. 13-20 El gusanillo de la realidad en el Quijote Esteban Tollinchi pp. 21-30 La fundamentaci\u00f3n filos\u00f3fica del yo y el individuo &#8230;<\/p>\n","protected":false},"author":7,"featured_media":0,"parent":0,"menu_order":0,"comment_status":"closed","ping_status":"closed","template":"","meta":{"footnotes":""},"class_list":["post-619","page","type-page","status-publish","hentry","column","twocol"],"_links":{"self":[{"href":"https:\/\/humanidades.uprrp.edu\/filosofia\/index.php?rest_route=\/wp\/v2\/pages\/619","targetHints":{"allow":["GET"]}}],"collection":[{"href":"https:\/\/humanidades.uprrp.edu\/filosofia\/index.php?rest_route=\/wp\/v2\/pages"}],"about":[{"href":"https:\/\/humanidades.uprrp.edu\/filosofia\/index.php?rest_route=\/wp\/v2\/types\/page"}],"author":[{"embeddable":true,"href":"https:\/\/humanidades.uprrp.edu\/filosofia\/index.php?rest_route=\/wp\/v2\/users\/7"}],"replies":[{"embeddable":true,"href":"https:\/\/humanidades.uprrp.edu\/filosofia\/index.php?rest_route=%2Fwp%2Fv2%2Fcomments&post=619"}],"version-history":[{"count":1,"href":"https:\/\/humanidades.uprrp.edu\/filosofia\/index.php?rest_route=\/wp\/v2\/pages\/619\/revisions"}],"predecessor-version":[{"id":620,"href":"https:\/\/humanidades.uprrp.edu\/filosofia\/index.php?rest_route=\/wp\/v2\/pages\/619\/revisions\/620"}],"wp:attachment":[{"href":"https:\/\/humanidades.uprrp.edu\/filosofia\/index.php?rest_route=%2Fwp%2Fv2%2Fmedia&parent=619"}],"curies":[{"name":"wp","href":"https:\/\/api.w.org\/{rel}","templated":true}]}}